{"id":6559,"date":"2014-09-08T07:02:34","date_gmt":"2014-09-08T07:02:34","guid":{"rendered":"https:\/\/vedicpandits.org\/?page_id=6559"},"modified":"2020-07-20T15:37:17","modified_gmt":"2020-07-20T15:37:17","slug":"home","status":"publish","type":"page","link":"https:\/\/donation.vedicpandits.org\/cs\/","title":{"rendered":"Home"},"content":{"rendered":"<p><!--<img loading=\"lazy\" decoding=\"async\" src=\"\/wp-content\/uploads\/2014\/04\/ecardslidere-new1.jpg\" width=\"912\" height=\"364\" class=\"alignleft size-full wp-image-1800\" \/>\n<a class=\"ecardbutton\" href=\"https:\/\/donation.vedicpandits.org\/ecard\/\"> > NOV\u00c9! U\u017e\u00edvat si E-POHLEDNICI<\/a>\n\n<a href=\"https:\/\/donation.vedicpandits.org\/a-piece-of-peace-just-give-it\/\"><img loading=\"lazy\" decoding=\"async\" src=\"\/wp-content\/uploads\/2014\/04\/coverpic_peaceofpiece_912_4.jpg\" alt=\"coverpic_peaceofpiece_912_4\" width=\"912\" height=\"363\" class=\"alignleft size-full wp-image-1800\" srcset=\"https:\/\/donation.vedicpandits.org\/wp-content\/uploads\/2014\/04\/coverpic_peaceofpiece_912_4.jpg 912w, https:\/\/donation.vedicpandits.org\/wp-content\/uploads\/2014\/04\/coverpic_peaceofpiece_912_4-300x119.jpg 300w\" sizes=\"auto, (max-width: 912px) 100vw, 912px\" \/><\/a>--><\/p>\n<h4>V\u00c9DSK\u00c9 TECHNOLOGIE V\u011aDOM\u00cd PRO SV\u011aTOV\u00dd M\u00cdR<\/h4>\n<p>Za \u00fa\u010delem vytv\u00e1\u0159en\u00ed \u00fa\u010dinku harmonie pro cel\u00fd sv\u011bt jsou v Indii organizov\u00e1ny velk\u00e9 skupiny Mahari\u0161i V\u00e9dsk\u00fdch Pandit\u016f. T\u0159icet let v\u011bdeck\u00e9ho v\u00fdzkumu ustanovilo fakt, \u017ee skupina 9 000 bude vytv\u00e1\u0159et mocn\u00fd \u00fa\u010dinek zlep\u0161ov\u00e1n\u00ed \u017eivota v glob\u00e1ln\u00edm m\u011b\u0159\u00edtku.<br \/>\nD\u00edky p\u0159\u00edsp\u011bvk\u016fm od velkorys\u00fdch ob\u010dan\u016f z vice ne\u017e 90 zem\u00ed se na\u0161e skupina v posledn\u00edch letech rozrostla na vice ne\u017e 2 000 Pandit\u016f v are\u00e1lu Brahmasthanu (geografick\u00e9 centrum) Indie. Na\u0161\u00edm c\u00edlem je fundraising pro ro\u010dn\u00ed podporu skupiny 9 000 V\u00e9dsk\u00fdch Pandit\u016f a pot\u00e9 vybudovat  nada\u010dn\u00ed fond, kter\u00fd zabezpe\u010d\u00ed skupinu trvale a bude vytv\u00e1\u0159et sv\u011btov\u00fd m\u00edr napo\u0159\u00e1d.<\/p>\n<p>UNESCO prohl\u00e1silo V\u00e9dskou recitaci jako um\u011bleck\u00e9 d\u00edlo \u00fastn\u00ed tradice a nehmotn\u00e9 d\u011bdictv\u00ed cel\u00e9ho lidstva.<\/p>\n<div style=\"width:200px; margin-top:05px; margin-left:10px;\"  class=\"align right\">\n\t<a href=\"https:\/\/donation.vedicpandits.org\/cs\/?image_video=https%3A%2F%2Fwww.youtube.com%2Fwatch%3Fv%3DbbHKNDTdpEs%3Frel%3D0\" class=\"video-link \"><img decoding=\"async\" class=\"alignnone size-full wp-image-285\" src=\"https:\/\/donation.vedicpandits.org\/wp-content\/uploads\/2018\/03\/Tall-blue-globe-copy.jpeg\" alt=\"landscape format of blue globe with pandits\" width=\"200\" \/><\/a>\n\n\t<\/div>\n<h4 style=\"margin-top:25px;\">video<\/h4>\n<p>Sledujte 14 minutov\u00e9 video. Pod\u00edvejte se na video v \u010de\u0161tin\u011b.<\/p>\n<p><!--\n\n<h4>E POHLEDNICE<\/h4>\n\n\nV\u0161echny e-pohlednice jsou pln\u00e9 kr\u00e1sn\u00fdch obr\u00e1zk\u016f Mahari\u0161i V\u00e9dsk\u00fdch Pandit\u016f, obohacen\u00e9 o audio nahr\u00e1vky, videa a diapozitivy recitac\u00ed Mahari\u0161i V\u00e9dsk\u00fdch Pandit\u016f. Douf\u00e1me, \u017ee se v\u00e1m budou l\u00edbit tyto <a href=\"https:\/\/donation.vedicpandits.org\/ecard\/\">e-pohlednice<\/a>, je\u017e jsou ZDARMA a \u017ee je budete sd\u00edlet se sv\u00fdmi p\u0159\u00e1teli.--><\/p>\n","protected":false},"excerpt":{"rendered":"<p>V\u00c9DSK\u00c9 TECHNOLOGIE V\u011aDOM\u00cd PRO SV\u011aTOV\u00dd M\u00cdR Za \u00fa\u010delem vytv\u00e1\u0159en\u00ed \u00fa\u010dinku harmonie pro cel\u00fd sv\u011bt jsou v Indii organizov\u00e1ny velk\u00e9 skupiny Mahari\u0161i V\u00e9dsk\u00fdch Pandit\u016f. T\u0159icet let v\u011bdeck\u00e9ho v\u00fdzkumu ustanovilo fakt, \u017ee skupina 9 000 bude vytv\u00e1\u0159et mocn\u00fd \u00fa\u010dinek zlep\u0161ov\u00e1n\u00ed \u017eivota v glob\u00e1ln\u00edm m\u011b\u0159\u00edtku. D\u00edky p\u0159\u00edsp\u011bvk\u016fm od velkorys\u00fdch ob\u010dan\u016f z vice ne\u017e 90 zem\u00ed se na\u0161e skupina [&hellip;]<\/p>\n","protected":false},"author":3,"featured_media":0,"parent":0,"menu_order":0,"comment_status":"open","ping_status":"closed","template":"template-home.php","meta":{"om_disable_all_campaigns":false,"_monsterinsights_skip_tracking":false,"_monsterinsights_sitenote_active":false,"_monsterinsights_sitenote_note":"","_monsterinsights_sitenote_category":0,"footnotes":""},"class_list":["post-6559","page","type-page","status-publish","hentry"],"_links":{"self":[{"href":"https:\/\/donation.vedicpandits.org\/cs\/wp-json\/wp\/v2\/pages\/6559","targetHints":{"allow":["GET"]}}],"collection":[{"href":"https:\/\/donation.vedicpandits.org\/cs\/wp-json\/wp\/v2\/pages"}],"about":[{"href":"https:\/\/donation.vedicpandits.org\/cs\/wp-json\/wp\/v2\/types\/page"}],"author":[{"embeddable":true,"href":"https:\/\/donation.vedicpandits.org\/cs\/wp-json\/wp\/v2\/users\/3"}],"replies":[{"embeddable":true,"href":"https:\/\/donation.vedicpandits.org\/cs\/wp-json\/wp\/v2\/comments?post=6559"}],"version-history":[{"count":18,"href":"https:\/\/donation.vedicpandits.org\/cs\/wp-json\/wp\/v2\/pages\/6559\/revisions"}],"predecessor-version":[{"id":44267,"href":"https:\/\/donation.vedicpandits.org\/cs\/wp-json\/wp\/v2\/pages\/6559\/revisions\/44267"}],"wp:attachment":[{"href":"https:\/\/donation.vedicpandits.org\/cs\/wp-json\/wp\/v2\/media?parent=6559"}],"curies":[{"name":"wp","href":"https:\/\/api.w.org\/{rel}","templated":true}]}}