{"id":6563,"date":"2014-09-08T07:09:10","date_gmt":"2014-09-08T07:09:10","guid":{"rendered":"https:\/\/vedicpandits.org\/?page_id=6563"},"modified":"2016-01-01T09:41:35","modified_gmt":"2016-01-01T09:41:35","slug":"maharishi","status":"publish","type":"page","link":"https:\/\/donation.vedicpandits.org\/cs\/maharishi\/","title":{"rendered":"MAHARI\u0160I"},"content":{"rendered":"<h4>MAHARI\u0160I MAHE\u0160 JOGI <\/h4>\n<p>Mahari\u0161i Mahe\u0161 Jogi je uzn\u00e1v\u00e1n jako p\u0159edn\u00ed sv\u011btov\u00fd v\u00e9dsk\u00fd v\u011bdec modern\u00ed doby a tak\u00e9 jako p\u0159edn\u00ed V\u011bdec v oblasti v\u011bdom\u00ed. Term\u00edn \u201cv\u00e9dsk\u00fd\u201d se vztahuje k nad\u010dasov\u00e9 tradici \u010dist\u00e9ho kompletn\u00edho v\u011bd\u011bn\u00ed, je\u017e bylo ustanoveno v Indii.<br \/>\nMahari\u0161i je proslaven sv\u00fdm u\u010den\u00edm programu Transcendent\u00e1ln\u00ed Meditace, co\u017e je \u0161iroce prozkouman\u00e1 a \u00fa\u010dinn\u00e1 technika seberozv\u00edjen\u00ed (viz n\u00ed\u017ee). Nav\u00edc obnovil tot\u00e1ln\u00ed v\u011bd\u011bn\u00ed a praktick\u00e9 programy V\u00e9dsk\u00e9 tradice Indie v jejich \u010distot\u011b a celosti, aby ka\u017ed\u00fd a v\u0161ude mohl \u017e\u00edt pln\u00fd p\u0159\u00edslib v\u00e9dsk\u00e9ho \u017eivota \u2013 \u017eivot v m\u00edru, hojnosti a dobr\u00e9m zdrav\u00ed.<br \/>\nMahari\u0161i o\u017eivil n\u011bkolik zapomenut\u00fdch \u010di myln\u011b ch\u00e1pan\u00fdch aspekt\u016f V\u00e9dsk\u00e9 v\u011bdy a vyvinul programy, je\u017e vedou k napln\u011bn\u00ed smyslu a c\u00edle zdravotnictv\u00ed, vzd\u011bl\u00e1v\u00e1n\u00ed, obrany, spr\u00e1vy, architektury a dal\u0161\u00edch oblast\u00ed modern\u00edho \u017eivota.<\/p>\n<div class=\"border-line\">&nbsp;<\/div>\n<h4>SYSTEMATICK\u00dd P\u0158\u00cdSTUP K ROZVOJI OSV\u00cdCEN\u00cd<\/h4>\n<p>Meditace a cesta k osv\u00edcen\u00ed byly po cel\u00e1 stalet\u00ed myln\u011b ch\u00e1p\u00e1ny, dokonce i v Indii. V\u011bt\u0161inou se myslelo, \u017ee pat\u0159\u00ed do oblasti n\u00e1bo\u017eenstv\u00ed \u010di filosofie a \u010dasto byly spojov\u00e1ny se zp\u016fsobem \u017eivota v od\u0159\u00edk\u00e1n\u00ed. Mahari\u0161i uvedl na sv\u011btlo v\u00e9dskou pravdu, \u017ee meditace nen\u00ed zalo\u017eena na \u00fasil\u00ed a koncentraci, ale \u017ee se sp\u00ed\u0161e odehr\u00e1v\u00e1 spont\u00e1nn\u011b a p\u0159irozen\u011b, kdy\u017e se d\u00e1 mysli na za\u010d\u00e1tku spr\u00e1vn\u00e9 nasm\u011brov\u00e1n\u00ed. Vyvinul systematick\u00fd zp\u016fsob rozvoje vy\u0161\u0161\u00edch stav\u016f v\u011bdom\u00ed, v nich\u017e se jednota \u017eivota st\u00e1v\u00e1 \u017eivou realitou denn\u00edho \u017eivota. <\/p>\n<p>V\u011bdci, inspirovan\u00ed Mahari\u0161im, za\u010dali zkoumat prosp\u011b\u0161n\u00e9 \u00fa\u010dinky Transcendent\u00e1ln\u00ed Meditace pro mysl, t\u011blo a spole\u010dnost jako celek. Mnoho z t\u011bchto studi\u00ed bylo publikov\u00e1no v p\u0159edn\u00edch v\u011bdeck\u00fdch, l\u00e9ka\u0159sk\u00fdch a profesion\u00e1ln\u00edch \u010dasopisech.<\/p>\n<div class=\"border-line\">&nbsp;<\/div>\n<h4>ZKRATKA KE SV\u011aTOV\u00c9MU M\u00cdRU <\/h4>\n<p>Vyvinut\u00edm pokro\u010dil\u00fdch program\u016f TM Sidhi a obzvl\u00e1\u0161t\u011b Jog\u00ednsk\u00e9ho L\u00e9t\u00e1n\u00ed poskytl Mahari\u0161i sv\u011btu technologii na vytv\u00e1\u0159en\u00ed souladn\u00e9ho m\u00edrov\u00e9ho vlivu ve spole\u010densk\u00e9m v\u011bdom\u00ed kter\u00e9hokoliv n\u00e1roda, pouze t\u00edm, \u017ee se zapojuje jen mal\u00e1 \u010d\u00e1st jeho populace. Kdy\u017e se to aplikuje ve v\u011bt\u0161\u00edm m\u011b\u0159\u00edtku, nab\u00edz\u00ed skupina Jog\u00ednsk\u00fdch Letc\u016f prvn\u00ed v\u011bdecky ov\u011b\u0159enou metodu na vytv\u00e1\u0159en\u00ed sv\u011btov\u00e9ho m\u00edru. Nav\u00edc, v\u00fdzkum v praxi ustanovil, \u017ee se zlep\u0161uje mnoho dal\u0161\u00edch aspekt\u016f \u017eivota, jako je celkov\u00e9 zdrav\u00ed, spole\u010densk\u00e9 chov\u00e1n\u00ed a blahobyt.<\/p>\n<p>K vytvo\u0159en\u00ed a udr\u017een\u00ed trval\u00e9ho \u00fa\u010dinku Mahari\u0161i vyprojektoval Glob\u00e1ln\u00ed m\u00edrovou iniciativu, co\u017e je projekt, zam\u011b\u0159en\u00fd na vytv\u00e1\u0159en\u00ed velk\u00fdch skupin speci\u00e1ln\u011b vy\u0161kolen\u00fdch V\u00e9dsk\u00fdch Pandit\u016f. Jejich denn\u00ed praktikov\u00e1n\u00ed programu TM a TM Sidhi a tak\u00e9 jejich performance V\u00e9dsk\u00fdch Jagja bude \u0161\u00ed\u0159it do sv\u011bta podstatn\u00fd a m\u011b\u0159iteln\u00fd \u00fa\u010dinek. Aby byly nast\u0159\u00e1d\u00e1ny fondy k trval\u00e9 podpo\u0159e takov\u00e9 skupiny, zalo\u017eil Mahari\u0161i v roce 2008 trust Brahmananda Saraswati Trust. <\/p>\n<div class=\"border-line\">&nbsp;<\/div>\n<h4 id=\"audios\">AUDIO<\/h4>\n<p>Mahari\u0161i hovo\u0159\u00ed o V\u00e9dsk\u00fdch Panditech:<\/p>\n<p><em><a href=\"https:\/\/donation.vedicpandits.org\/cs\/maharishi\/?audio_link=%2Fwp-content%2Fuploads%2F2015%2F03%2F01nTraining-Vedic-Pandits-to-Create-Harmony-in-Society-pushing-the-Devatas-buttons-May-18-051.mp3\" class=\"audio-link\">&gt; Training Vedic Pandits to create harmony in society. (Audio 21:02 min)<\/a>\n<p><b><\/b><a href=\"https:\/\/donation.vedicpandits.org\/cs\/maharishi\/?audio_link=%2Fwp-content%2Fuploads%2F2015%2F03%2F04n-Specialty-of-the-Vedic-Pandits-March-16-053.mp3\" class=\"audio-link\">&gt; Specialty of Vedic Pandits. (Audio 7:18 min)<\/a><\/em><\/br><\/p>\n<p>Mahari\u0161i hovo\u0159\u00ed o moci V\u00e9dsk\u00e9 Jagja:<\/p>\n<p><em><a href=\"https:\/\/donation.vedicpandits.org\/cs\/maharishi\/?audio_link=%2Fwp-content%2Fuploads%2F2015%2F03%2F03n-Using-Collective-Yagyas-to-Prevent-the-Danger.mp3\" class=\"audio-link\">&gt; Using collective Yagyas to prevent the danger that has not yet come. (Audio 8:56 min)<\/a>\n<p><b><\/b><a href=\"https:\/\/donation.vedicpandits.org\/cs\/maharishi\/?audio_link=%2Fwp-content%2Fuploads%2F2015%2F03%2F02n-Yagyas%C3%A2%C2%80%C2%94powerful-Vedic-performances-March-23-051.mp3\" class=\"audio-link\">&gt; Yagyas \u2013 powerful Vedic performances arising from the silent level of consciousness of the Vedic Pandits. (Audio 7:26 min)<\/a>\n<p><b><\/b><a href=\"https:\/\/donation.vedicpandits.org\/cs\/maharishi\/?audio_link=%2Fwp-content%2Fuploads%2F2015%2F03%2F06n-Difference-between-practising-TM-and-listening-to-Vedic-R.mp3\" class=\"audio-link\">&gt; The difference between practicing TM and listening to Vedic recitation. (Audio 4:42 min)<\/a><\/em><\/p>\n","protected":false},"excerpt":{"rendered":"<p>MAHARI\u0160I MAHE\u0160 JOGI Mahari\u0161i Mahe\u0161 Jogi je uzn\u00e1v\u00e1n jako p\u0159edn\u00ed sv\u011btov\u00fd v\u00e9dsk\u00fd v\u011bdec modern\u00ed doby a tak\u00e9 jako p\u0159edn\u00ed V\u011bdec v oblasti v\u011bdom\u00ed. Term\u00edn \u201cv\u00e9dsk\u00fd\u201d se vztahuje k nad\u010dasov\u00e9 tradici \u010dist\u00e9ho kompletn\u00edho v\u011bd\u011bn\u00ed, je\u017e bylo ustanoveno v Indii. Mahari\u0161i je proslaven sv\u00fdm u\u010den\u00edm programu Transcendent\u00e1ln\u00ed Meditace, co\u017e je \u0161iroce prozkouman\u00e1 a \u00fa\u010dinn\u00e1 technika seberozv\u00edjen\u00ed (viz [&hellip;]<\/p>\n","protected":false},"author":3,"featured_media":149,"parent":0,"menu_order":0,"comment_status":"open","ping_status":"closed","template":"","meta":{"om_disable_all_campaigns":false,"_monsterinsights_skip_tracking":false,"_monsterinsights_sitenote_active":false,"_monsterinsights_sitenote_note":"","_monsterinsights_sitenote_category":0,"footnotes":""},"class_list":["post-6563","page","type-page","status-publish","has-post-thumbnail","hentry"],"_links":{"self":[{"href":"https:\/\/donation.vedicpandits.org\/cs\/wp-json\/wp\/v2\/pages\/6563","targetHints":{"allow":["GET"]}}],"collection":[{"href":"https:\/\/donation.vedicpandits.org\/cs\/wp-json\/wp\/v2\/pages"}],"about":[{"href":"https:\/\/donation.vedicpandits.org\/cs\/wp-json\/wp\/v2\/types\/page"}],"author":[{"embeddable":true,"href":"https:\/\/donation.vedicpandits.org\/cs\/wp-json\/wp\/v2\/users\/3"}],"replies":[{"embeddable":true,"href":"https:\/\/donation.vedicpandits.org\/cs\/wp-json\/wp\/v2\/comments?post=6563"}],"version-history":[{"count":7,"href":"https:\/\/donation.vedicpandits.org\/cs\/wp-json\/wp\/v2\/pages\/6563\/revisions"}],"predecessor-version":[{"id":7832,"href":"https:\/\/donation.vedicpandits.org\/cs\/wp-json\/wp\/v2\/pages\/6563\/revisions\/7832"}],"wp:featuredmedia":[{"embeddable":true,"href":"https:\/\/donation.vedicpandits.org\/cs\/wp-json\/wp\/v2\/media\/149"}],"wp:attachment":[{"href":"https:\/\/donation.vedicpandits.org\/cs\/wp-json\/wp\/v2\/media?parent=6563"}],"curies":[{"name":"wp","href":"https:\/\/api.w.org\/{rel}","templated":true}]}}