{"id":6568,"date":"2014-09-08T07:09:17","date_gmt":"2014-09-08T07:09:17","guid":{"rendered":"https:\/\/vedicpandits.org\/?page_id=6568"},"modified":"2015-12-27T14:35:00","modified_gmt":"2015-12-27T14:35:00","slug":"peace-creating-group","status":"publish","type":"page","link":"https:\/\/donation.vedicpandits.org\/cs\/peace-creating-group\/","title":{"rendered":"Peace-creating group"},"content":{"rendered":"<h4>9 000 MAHARI\u0160I V\u00c9DSK\u00ddCH PANDIT\u016e PRO SV\u011aTOV\u00dd M\u00cdR<\/h4>\n<p>Mahari\u0161i Mahe\u0161 Jogi vybral jako \u010dleny m\u00edrotvorn\u00e9 skupiny V\u00e9dsk\u00e9 Pandity, proto\u017ee byli od d\u00e1vn\u00fdch v\u011bk\u016f opatrovn\u00edky V\u00e9dsk\u00e9 moudrosti, je\u017e je zodpov\u011bdn\u00e1 za udr\u017eov\u00e1n\u00ed harmonie ve spole\u010dnosti a rovnov\u00e1hy v p\u0159\u00edrod\u011b. D\u00edky Mahari\u0161iho odborn\u00e9 p\u00e9\u010di o objasn\u011bn\u00ed pln\u00e9ho pochopen\u00ed V\u00e9dsk\u00e9ho v\u011bd\u011bn\u00ed byly technologie v\u011bdom\u00ed pro vytv\u00e1\u0159en\u00ed m\u00edru obnoveny do sv\u00e9 p\u016fvodn\u00ed \u00fa\u010dinnosti, kter\u00e1 byla prok\u00e1z\u00e1na v\u011bdeck\u00fdm zkoum\u00e1n\u00edm. To umo\u017enilo V\u00e9dsk\u00fdm Pandit\u016fm, aby po vy\u0161kolen\u00ed v t\u00e9to technologii v\u011bdom\u00ed byla op\u011bt napln\u011bna jejich tradi\u010dn\u00ed role vytv\u00e1\u0159en\u00ed harmonie, m\u00edru a rovnov\u00e1hy ve sv\u011bt\u011b.<\/p>\n<p>V lednu 2008 zalo\u017eil Mahari\u0161i trust Brahmananda Saraswati Trust na podporu a udr\u017eov\u00e1n\u00ed velk\u00e9 skupiny Mahari\u0161i V\u00e9dsk\u00fdch Pandit\u016f v are\u00e1lu Brahmasthanu (geografick\u00e9 centrum) Indie. C\u00edlem je podporovat 9 000 Pandit\u016f. Sm\u011brem k tomuto c\u00edli, n\u00e1\u0161 nejbli\u017e\u0161\u00ed c\u00edl je roz\u0161\u00ed\u0159it skupinu ze sou\u010dasn\u00fdch 2 000 na 3 500, co\u017e je po\u010det dosta\u010duj\u00edc\u00ed k vytvo\u0159en\u00ed p\u0159\u00edzniv\u00e9ho \u00fa\u010dinku pro celou Indii a bude pevn\u00fdm z\u00e1kladem pro dosa\u017een\u00ed c\u00edle 9 000.<\/p>\n<div class=\"border-line\">&nbsp;<\/div>\n<div class=\"grid-holder\">\n<div class=\"grid grid-desktop-50 grid-mobile-100\"><div class=\"holder\">\t<a href=\"https:\/\/donation.vedicpandits.org\/cs\/peace-creating-group\/?image_video=https%3A%2F%2Fwww.youtube.com%2Fwatch%3Fv%3DoLNxrO4z9GQ%3Frel%3D0\" class=\"video-link \"><img loading=\"lazy\" decoding=\"async\" class=\"alignnone size-full wp-image-103\" src=\"\/wp-content\/uploads\/2014\/04\/post-img-11.jpg\" alt=\"post-img-11\" width=\"432\" height=\"312\" srcset=\"https:\/\/donation.vedicpandits.org\/wp-content\/uploads\/2014\/04\/post-img-11.jpg 432w, https:\/\/donation.vedicpandits.org\/wp-content\/uploads\/2014\/04\/post-img-11-300x216.jpg 300w\" sizes=\"auto, (max-width: 432px) 100vw, 432px\" \/><\/a>\n\n\t\n\t<a href=\"https:\/\/donation.vedicpandits.org\/cs\/peace-creating-group\/?image_video=https%3A%2F%2Fwww.youtube.com%2Fwatch%3Fv%3DoLNxrO4z9GQ%3Frel%3D0\" class=\"video-link no-pointer\"><em>&gt; Pod\u00edvejte se, jak o tomto jevu hovo\u0159\u00ed Mahari\u0161i Mahe\u0161 Jogi.<\/em><\/a>\n\n\t\n<\/div><\/div>\n<div class=\"grid grid-desktop-50 grid-mobile-100\"><div class=\"holder\"><h4>P\u0158ET\u00c9KAJ\u00cdC\u00cd \u00da\u010cINEK M\u00cdRU<\/h4>\n<p>Je \u0161iroce zn\u00e1mo, \u017ee ti, kte\u0159\u00ed praktikuj\u00ed program Transcendent\u00e1ln\u00ed Meditace, za\u017e\u00edvaj\u00ed uvnit\u0159 sebe v\u011bt\u0161\u00ed klid a m\u00edr. Tento pro\u017eitek m\u00e1 v\u011bdeckou souvzta\u017enost s vy\u0161\u0161\u00ed uspo\u0159\u00e1danost\u00ed mozkov\u00fdch funkc\u00ed.<\/p>\n<p>Co v\u0161ak nen\u00ed tak \u0161iroce zn\u00e1mo je fakt, \u017ee kdy\u017e praktikuje TM jen mal\u00e1 \u010d\u00e1st obyvatel m\u011bsta nebo n\u00e1roda, \u0161\u00ed\u0159\u00ed se p\u0159et\u00e9kaj\u00edc\u00ed \u00fa\u010dinek pokoje a m\u00edru i na obyvatele kolem. Tento jev byl ov\u011b\u0159en 23 v\u011bdeck\u00fdmi studiemi a zjistilo se, \u017ee je obzvl\u00e1\u0161t\u011b mocn\u00fd, kdy\u017e se praktikuje pokro\u010dil\u00fd program TM Sidhi ve skupin\u011b. <\/p>\n<p>Vyu\u017e\u00edv\u00e1n\u00ed t\u00e9to technologie je pr\u00e1v\u011b \u00fast\u0159edn\u00edm programem Glob\u00e1ln\u00ed m\u00edrov\u00e9 iniciativy.<\/p>\n<\/div><\/div>\n<\/div>\n","protected":false},"excerpt":{"rendered":"<p>9 000 MAHARI\u0160I V\u00c9DSK\u00ddCH PANDIT\u016e PRO SV\u011aTOV\u00dd M\u00cdR Mahari\u0161i Mahe\u0161 Jogi vybral jako \u010dleny m\u00edrotvorn\u00e9 skupiny V\u00e9dsk\u00e9 Pandity, proto\u017ee byli od d\u00e1vn\u00fdch v\u011bk\u016f opatrovn\u00edky V\u00e9dsk\u00e9 moudrosti, je\u017e je zodpov\u011bdn\u00e1 za udr\u017eov\u00e1n\u00ed harmonie ve spole\u010dnosti a rovnov\u00e1hy v p\u0159\u00edrod\u011b. D\u00edky Mahari\u0161iho odborn\u00e9 p\u00e9\u010di o objasn\u011bn\u00ed pln\u00e9ho pochopen\u00ed V\u00e9dsk\u00e9ho v\u011bd\u011bn\u00ed byly technologie v\u011bdom\u00ed pro vytv\u00e1\u0159en\u00ed m\u00edru obnoveny [&hellip;]<\/p>\n","protected":false},"author":3,"featured_media":102,"parent":0,"menu_order":0,"comment_status":"open","ping_status":"closed","template":"","meta":{"om_disable_all_campaigns":false,"_monsterinsights_skip_tracking":false,"_monsterinsights_sitenote_active":false,"_monsterinsights_sitenote_note":"","_monsterinsights_sitenote_category":0,"footnotes":""},"class_list":["post-6568","page","type-page","status-publish","has-post-thumbnail","hentry"],"_links":{"self":[{"href":"https:\/\/donation.vedicpandits.org\/cs\/wp-json\/wp\/v2\/pages\/6568","targetHints":{"allow":["GET"]}}],"collection":[{"href":"https:\/\/donation.vedicpandits.org\/cs\/wp-json\/wp\/v2\/pages"}],"about":[{"href":"https:\/\/donation.vedicpandits.org\/cs\/wp-json\/wp\/v2\/types\/page"}],"author":[{"embeddable":true,"href":"https:\/\/donation.vedicpandits.org\/cs\/wp-json\/wp\/v2\/users\/3"}],"replies":[{"embeddable":true,"href":"https:\/\/donation.vedicpandits.org\/cs\/wp-json\/wp\/v2\/comments?post=6568"}],"version-history":[{"count":10,"href":"https:\/\/donation.vedicpandits.org\/cs\/wp-json\/wp\/v2\/pages\/6568\/revisions"}],"predecessor-version":[{"id":7679,"href":"https:\/\/donation.vedicpandits.org\/cs\/wp-json\/wp\/v2\/pages\/6568\/revisions\/7679"}],"wp:featuredmedia":[{"embeddable":true,"href":"https:\/\/donation.vedicpandits.org\/cs\/wp-json\/wp\/v2\/media\/102"}],"wp:attachment":[{"href":"https:\/\/donation.vedicpandits.org\/cs\/wp-json\/wp\/v2\/media?parent=6568"}],"curies":[{"name":"wp","href":"https:\/\/api.w.org\/{rel}","templated":true}]}}