{"id":6572,"date":"2014-09-08T07:09:29","date_gmt":"2014-09-08T07:09:29","guid":{"rendered":"https:\/\/vedicpandits.org\/?page_id=6572"},"modified":"2018-08-22T08:54:16","modified_gmt":"2018-08-22T08:54:16","slug":"maharishi-vedic-pandits","status":"publish","type":"page","link":"https:\/\/donation.vedicpandits.org\/cs\/peace-creating-group\/maharishi-vedic-pandits\/","title":{"rendered":"Maharishi vedic pandits"},"content":{"rendered":"<h4>SYSTEMATICK\u00c9 \u0160KOLEN\u00cd MAHARI\u0160I V\u00c9DSK\u00ddCH PANDIT\u016e<\/h4>\n<p>Ji\u017e od mlad\u00e9ho v\u011bku se \u017e\u00e1ci a studenti z tradi\u010dn\u00edch indick\u00fdch v\u00e9dsk\u00fdch rodin podrobuj\u00ed systematick\u00e9mu \u0161kolen\u00ed, aby se stali profesion\u00e1ly ve vytv\u00e1\u0159en\u00ed m\u00edru \u2013 Mahari\u0161i V\u00e9dsk\u00fdmi Pandity. Od 10 do 20 let proch\u00e1zej\u00ed speci\u00e1ln\u00edm studijn\u00edm programem, kter\u00fd vyprojektoval Mahari\u0161i. Program zahrnuje vy\u0161kolen\u00ed v Transcendent\u00e1ln\u00ed Meditaci a programu TM Sidhi a stejn\u011b tak Jog\u00ednsk\u00e9m L\u00e9t\u00e1n\u00ed. Studuj\u00ed sanskrt a z\u00edsk\u00e1vaj\u00ed odbornost na vykon\u00e1v\u00e1n\u00ed Jagja, tradi\u010dn\u00edch V\u00e9dsk\u00fdch performanc\u00ed, je\u017e ud\u00edl\u00ed dobro a m\u00edr. Denn\u00edm studiem z\u00edsk\u00e1vaj\u00ed kredity ve studijn\u00edm programu a sm\u011b\u0159uj\u00ed k titulu bakal\u00e1\u0159, magistr a Ph.D. od vzd\u011bl\u00e1vac\u00ed organizace Maharishi Mahesh Yogi Vedic Vishwavidyalaya, co\u017e je statut\u00e1rn\u00ed univerzita, zalo\u017een\u00e1 st\u00e1tn\u00ed vl\u00e1dou v Madhya Pradesh v roce 1995.<\/p>\n<div class=\"border-line\">&nbsp;<\/div>\n<div class=\"grid-holder\">\n<div class=\"grid grid-desktop-50 grid-mobile-100\"><div class=\"holder\"><p><img loading=\"lazy\" decoding=\"async\" class=\"alignnone size-full wp-image-105\" src=\"\/wp-content\/uploads\/2014\/04\/post-img-12.jpg\" alt=\"post-img-12\" width=\"432\" height=\"312\" srcset=\"https:\/\/donation.vedicpandits.org\/wp-content\/uploads\/2014\/04\/post-img-12.jpg 432w, https:\/\/donation.vedicpandits.org\/wp-content\/uploads\/2014\/04\/post-img-12-300x216.jpg 300w\" sizes=\"auto, (max-width: 432px) 100vw, 432px\" \/><\/p>\n<\/div><\/div>\n<div class=\"grid grid-desktop-50 grid-mobile-100\"><div class=\"holder\"><h4>ODBORN\u00cdCI NA J\u00d3GU \u2013 TRANSCENDENT\u00c1LN\u00cd MEDITACI A JOG\u00cdNSK\u00c9 L\u00c9T\u00c1N\u00cd<\/h4>\n<p>Mahari\u0161i V\u00e9d\u0161t\u00ed Pandit\u00e9 v Brahmasthanu praktikuj\u00ed esenci J\u00f3gy \u2013 Transcendent\u00e1ln\u00ed Meditaci a program TM Sidhi po n\u011bkolik hodin ka\u017ed\u00fd den. Program TM Sidhi v\u010detn\u011b Jog\u00ednsk\u00e9ho L\u00e9t\u00e1n\u00ed odvodil Mahari\u0161i z J\u00f3ga s\u00fater Patand\u017ealiho, co\u017e je \u00fast\u0159edn\u00ed text filosofie J\u00f3gy. Tento program rozv\u00edj\u00ed schopnost vyv\u00edjet aktivitu z\u00a0hlub\u0161\u00edch ti\u0161\u0161\u00edch a slad\u011bn\u011bj\u0161\u00edch \u00farovn\u00ed v\u011bdom\u00ed. Spolu s t\u00edm, jak roste schopnost Pandit\u016f vyv\u00edjet aktivitu z jemn\u011bj\u0161\u00edch \u00farovn\u00ed v\u011bdom\u00ed, st\u00e1vaj\u00ed se vysoce \u00fa\u010dinn\u00ed ve vykon\u00e1v\u00e1n\u00ed sv\u00fdch denn\u00edch V\u00e9dsk\u00fdch performanc\u00ed pro sv\u011btov\u00fd m\u00edr.<\/p>\n<\/div><\/div>\n<\/div>\n<div class=\"border-line\">&nbsp;<\/div>\n<div class=\"grid-holder\">\n<div class=\"grid grid-desktop-100\"><div class=\"holder\"><p>Z\u00e1kladn\u00ed v\u00e9dsk\u00fd text J\u00f3gy \u2013 J\u00f3ga s\u00fatry \u2013 popisuje potenci\u00e1l pro\u017eitku transcendov\u00e1n\u00ed na vytv\u00e1\u0159en\u00ed m\u00edru v prost\u0159ed\u00ed:<\/p>\n<div class=\"box-info\">\n<h5><em>Tat sannidhau vairatyagah<\/em><\/h5>\n<h4>\u201cV prost\u0159ed\u00ed J\u00f3gy (praxe transcendent\u00e1ln\u00edho v\u011bdom\u00ed, sjednocen\u00e9ho pole) se vytr\u00e1cej\u00ed nep\u0159\u00e1telsk\u00e9 a konfliktn\u00ed tendence\u201d. <\/h4>\n<h6>\u2013 J\u00f3ga s\u00fatra  2.35<\/h6>\n<\/div>\n<p>Kdy\u017e je prost\u0159ednictv\u00edm pokro\u010dil\u00e9ho medita\u010dn\u00edho programu a dostate\u010dn\u011b velk\u00e9 skupiny praktikant\u016f o\u017eivov\u00e1no transcendent\u00e1ln\u00ed v\u011bdom\u00ed, pak se \u201cpole J\u00f3gy\u201d roz\u0161i\u0159uje na cel\u00fd sv\u011bt. Toto je strategie Glob\u00e1ln\u00ed m\u00edrov\u00e9 iniciativy.<\/p>\n<\/div><\/div>\n<\/div>\n<div class=\"border-line\">&nbsp;<\/div>\n<div class=\"grid-holder\">\n<div class=\"grid grid-desktop-50 grid-mobile-100\"><div class=\"holder\"><h4>ODBORN\u00cdCI V OBORU JAGJA \u2013 OBS\u00c1HL\u00c9 \u0160KOLEN\u00cd VE V\u00c9DSK\u00ddCH PERFORMANC\u00cdCH<\/h4>\n<p>Maharishi vytvo\u0159ila n\u011bkolik stovek mal\u00fdch obc\u00edch soci\u00e1ln\u00ed s\u00edt\u011b \u0161kolen\u00ed pro studenty, kte\u0159\u00ed cht\u011bj\u00ed, aby se stal Maharishi Vedic Pandit. V ka\u017ed\u00e9 vesnici zapo\u010dali u\u010ditel\u00e9, zn\u00e1m\u00ed jako guru-d\u017ei \u0161kolen\u00ed student\u016f Pandit\u016f ji\u017e od v\u011bku 10 let. Ve 14 letech maj\u00ed p\u0159\u00edle\u017eitost p\u0159ipojit se k jednomu ze 46 region\u00e1ln\u00edch za\u0159\u00edzen\u00ed v r\u00e1mci cel\u00e9 Indie a z\u00edsk\u00e1vat instrukce pod dohledem zku\u0161en\u00fdch u\u010ditel\u016f (a\u010darja). Studenti se podrobuj\u00ed systematick\u00e9mu a detailn\u00edmu \u0161kol\u00edc\u00edmu programu, kter\u00fd vyprojektoval Mahari\u0161i a kter\u00fd zahrnuje studium s\u00a0videoz\u00e1znamy s pomoc\u00ed po\u010d\u00edta\u010de, aby se zabezpe\u010dilo, \u017ee ka\u017ed\u00fd Pandit z\u00edsk\u00e1v\u00e1 vysokou a standardn\u00ed \u00farove\u0148 \u0161kolen\u00ed. Kdy\u017e promuj\u00ed ve v\u011bku asi 20 let, jsou ji\u017e zdatn\u00ed v performanc\u00edch Jagja. Jagja je odv\u011bk\u00e1 technologie z V\u00e9dsk\u00e9 tradice. Jagja vykon\u00e1vaj\u00ed Pandit\u00e9 za \u00fa\u010delem, aby o\u017eivovali z\u00e1kony p\u0159\u00edrody, je\u017e spravuj\u00ed vesm\u00edr. Toto se d\u011bje specifick\u00fdmi zp\u016fsoby a pro specifick\u00e9 pot\u0159eby, aby se napomohlo dos\u00e1hnout zvolen\u00e9ho p\u0159\u00e1n\u00ed. Nap\u0159\u00edklad ka\u017ed\u00fd den se v Brahmasthanu Indie shrom\u00e1\u017ed\u00ed 1 331 Pandit\u016f pro performanci Atirudrabh\u00ed\u0161ek, co\u017e je velmi \u00fa\u010dinn\u00e1 Jagja pro sv\u011btov\u00fd m\u00edr.<br \/>\nUNESCO ofici\u00e1ln\u011b prohl\u00e1silo V\u00e9dskou recitaci jako unik\u00e1tn\u00ed nehmotn\u00e9 d\u011bdictv\u00ed cel\u00e9ho lidstva.<\/p>\n<\/div><\/div>\n<div class=\"grid grid-desktop-50 grid-mobile-100\"><div class=\"holder\"><p><img loading=\"lazy\" decoding=\"async\" class=\"alignnone size-full wp-image-107\" src=\"\/wp-content\/uploads\/2014\/04\/post-img-13.jpg\" alt=\"post-img-13\" width=\"435\" height=\"482\" srcset=\"https:\/\/donation.vedicpandits.org\/wp-content\/uploads\/2014\/04\/post-img-13.jpg 435w, https:\/\/donation.vedicpandits.org\/wp-content\/uploads\/2014\/04\/post-img-13-270x300.jpg 270w, https:\/\/donation.vedicpandits.org\/wp-content\/uploads\/2014\/04\/post-img-13-300x332.jpg 300w\" sizes=\"auto, (max-width: 435px) 100vw, 435px\" \/><\/p>\n<\/div><\/div>\n<\/div>\n<div class=\"border-line\">&nbsp;<\/div>\n<div class=\"grid-holder\">\n<div class=\"grid grid-desktop-50 grid-mobile-100\"><div class=\"holder\">\t<a href=\"https:\/\/donation.vedicpandits.org\/cs\/peace-creating-group\/maharishi-vedic-pandits\/?image_video=https%3A%2F%2Fwww.youtube.com%2Fwatch%3Fv%3DZQOxpwHk0fQ\" class=\"video-link \">\n<img loading=\"lazy\" decoding=\"async\" class=\"alignnone size-full wp-image-92\" src=\"\/wp-content\/uploads\/2014\/05\/einzelner_pandit_432bright.png\" alt=\"post-img-14\" width=\"432\" height=\"243\" \/><br \/>\n<\/a>\n\n\t\n<\/div><\/div>\n<div class=\"grid grid-desktop-50 grid-mobile-100\"><div class=\"holder\"><h4 id=\"atirudrabhishek\">POSLECH RECITACE ZVUK\u016e A POHLED NA PANDITY<\/h4>\n<p>Pro bli\u017e\u0161\u00ed p\u0159edstavu, jak vypadaj\u00ed Mahari\u0161i V\u00e9d\u0161t\u00ed Pandit\u00e9 p\u0159i performanci se m\u016f\u017eete pod\u00edvat na slide show, kde je vid\u011bt performance Jagja V\u00e9dsk\u00fdmi Pandity.<\/p>\n<\/div><\/div>\n<\/div>\n","protected":false},"excerpt":{"rendered":"<p>SYSTEMATICK\u00c9 \u0160KOLEN\u00cd MAHARI\u0160I V\u00c9DSK\u00ddCH PANDIT\u016e Ji\u017e od mlad\u00e9ho v\u011bku se \u017e\u00e1ci a studenti z tradi\u010dn\u00edch indick\u00fdch v\u00e9dsk\u00fdch rodin podrobuj\u00ed systematick\u00e9mu \u0161kolen\u00ed, aby se stali profesion\u00e1ly ve vytv\u00e1\u0159en\u00ed m\u00edru \u2013 Mahari\u0161i V\u00e9dsk\u00fdmi Pandity. Od 10 do 20 let proch\u00e1zej\u00ed speci\u00e1ln\u00edm studijn\u00edm programem, kter\u00fd vyprojektoval Mahari\u0161i. Program zahrnuje vy\u0161kolen\u00ed v Transcendent\u00e1ln\u00ed Meditaci a programu TM Sidhi a [&hellip;]<\/p>\n","protected":false},"author":3,"featured_media":202,"parent":6568,"menu_order":1,"comment_status":"open","ping_status":"closed","template":"","meta":{"om_disable_all_campaigns":false,"_monsterinsights_skip_tracking":false,"_monsterinsights_sitenote_active":false,"_monsterinsights_sitenote_note":"","_monsterinsights_sitenote_category":0,"footnotes":""},"class_list":["post-6572","page","type-page","status-publish","has-post-thumbnail","hentry"],"_links":{"self":[{"href":"https:\/\/donation.vedicpandits.org\/cs\/wp-json\/wp\/v2\/pages\/6572","targetHints":{"allow":["GET"]}}],"collection":[{"href":"https:\/\/donation.vedicpandits.org\/cs\/wp-json\/wp\/v2\/pages"}],"about":[{"href":"https:\/\/donation.vedicpandits.org\/cs\/wp-json\/wp\/v2\/types\/page"}],"author":[{"embeddable":true,"href":"https:\/\/donation.vedicpandits.org\/cs\/wp-json\/wp\/v2\/users\/3"}],"replies":[{"embeddable":true,"href":"https:\/\/donation.vedicpandits.org\/cs\/wp-json\/wp\/v2\/comments?post=6572"}],"version-history":[{"count":7,"href":"https:\/\/donation.vedicpandits.org\/cs\/wp-json\/wp\/v2\/pages\/6572\/revisions"}],"predecessor-version":[{"id":15286,"href":"https:\/\/donation.vedicpandits.org\/cs\/wp-json\/wp\/v2\/pages\/6572\/revisions\/15286"}],"up":[{"embeddable":true,"href":"https:\/\/donation.vedicpandits.org\/cs\/wp-json\/wp\/v2\/pages\/6568"}],"wp:featuredmedia":[{"embeddable":true,"href":"https:\/\/donation.vedicpandits.org\/cs\/wp-json\/wp\/v2\/media\/202"}],"wp:attachment":[{"href":"https:\/\/donation.vedicpandits.org\/cs\/wp-json\/wp\/v2\/media?parent=6572"}],"curies":[{"name":"wp","href":"https:\/\/api.w.org\/{rel}","templated":true}]}}