{"id":6576,"date":"2014-09-08T09:14:28","date_gmt":"2014-09-08T09:14:28","guid":{"rendered":"https:\/\/vedicpandits.org\/?page_id=6576"},"modified":"2019-01-07T10:41:28","modified_gmt":"2019-01-07T10:41:28","slug":"science-2","status":"publish","type":"page","link":"https:\/\/donation.vedicpandits.org\/cs\/peace-creating-group\/science-2\/","title":{"rendered":"Science"},"content":{"rendered":"<h4>V\u011aDECK\u00dd V\u00ddZKUM UKAZUJE \u00da\u010cINNOST SKUPIN PANDIT\u016e<\/h4>\n<p>Hlavn\u00edm smyslem p\u0159i ustanovov\u00e1n\u00ed velk\u00fdch skupin V\u00e9dsk\u00fdch Pandit\u016f je vytv\u00e1\u0159en\u00ed \u00fa\u010dinku souladu a harmonie ve sv\u011btov\u00e9m v\u011bdom\u00ed.<\/p>\n<p>V\u011bdeck\u00fd v\u00fdzkum uk\u00e1zal, \u017ee kdykoliv praktikuje program Transcendent\u00e1ln\u00ed Meditace a pokro\u010dil\u00fd program TM Sidhi dostate\u010dn\u00fd po\u010det odborn\u00edk\u016f, doch\u00e1z\u00ed k\u00a0poklesu negativn\u00edch trend\u016f a k\u00a0pos\u00edlen\u00ed pozitivn\u00edch.<\/p>\n<p>Tyto prosp\u011b\u0161n\u00e9 \u00fa\u010dinky byly pozorov\u00e1ny za situace, kdy\u017e:<\/p>\n<ul>\n<li>1% obyvatel se nau\u010dilo Transcendent\u00e1ln\u00ed Meditaci<\/li>\n<li>druh\u00e1 odmocnina 1% obyvatel spole\u010dn\u011b praktikovala program TM Sidhi v\u010detn\u011b Jog\u00ednsk\u00e9ho L\u00e9t\u00e1n\u00ed na jednom m\u00edst\u011b: <\/li>\n<\/ul>\n<p>Tento jev, zn\u00e1m\u00fd jako Maharishi Effect je pojmenov\u00e1n na po\u010dest Mahari\u0161iho, kter\u00fd dan\u00fd \u00fa\u010dinek p\u0159edpov\u011bd\u011bl ji\u017e v roce 1960, o patn\u00e1ct let d\u0159\u00edve, ne\u017e za\u010dal b\u00fdt empiricky potvrzov\u00e1n v\u011bdeck\u00fdmi v\u00fdzkumy.<\/p>\n<div class=\"grid-holder\">\n<div class=\"grid grid-desktop-50 grid-mobile-100 zoom-image-holder\"><div class=\"holder\"><h4>STUDIE Z WASHINGTONU<\/h4>\n<p>Ve Washingtonu, D.C. byla sn\u00ed\u017eena n\u00e1siln\u00e1 zlo\u010dinnost o t\u00e9m\u011b\u0159 25%, kdy\u017e se zde na p\u00e1r t\u00fddn\u016f shrom\u00e1\u017edila skupina 4000 Jog\u00ednsk\u00fdch Letc\u016f pro spole\u010dn\u00e9 praktikov\u00e1n\u00ed v l\u00e9t\u011b roku 1993 (viz tabulka n\u00ed\u017ee). Tento v\u00fdzkum byl publikov\u00e1n v roce 1999 ve v\u011bdeck\u00e9m odborn\u00e9m \u010dasopise Social Indicators Research.\u00a0<em>Social Indicators Research 1999 47(2):153-201.<\/em><\/p>\n<p><a href=\"\/wp-content\/uploads\/2014\/05\/washington_reduced_crime.jpg\"><img loading=\"lazy\" decoding=\"async\" class=\"alignnone size-full wp-image-83\" src=\"\/wp-content\/uploads\/2014\/05\/washington_reduced_crime.jpg\" alt=\"post-img-2\" width=\"320\" height=\"250\" \/><\/a><\/p>\n<\/div><\/div>\n<div class=\"grid grid-desktop-50 grid-mobile-100\"><div class=\"holder\"><p><img loading=\"lazy\" decoding=\"async\" class=\"alignnone size-full wp-image-85\" src=\"\/wp-content\/uploads\/2014\/04\/post-img-1.jpg\" alt=\"post-img-1\" width=\"435\" height=\"400\" srcset=\"https:\/\/donation.vedicpandits.org\/wp-content\/uploads\/2014\/04\/post-img-1.jpg 435w, https:\/\/donation.vedicpandits.org\/wp-content\/uploads\/2014\/04\/post-img-1-300x275.jpg 300w\" sizes=\"auto, (max-width: 435px) 100vw, 435px\" \/><\/p>\n<\/div><\/div>\n<\/div>\n<h4>ROZ\u0160\u00cd\u0158EN\u00cd NA CEL\u00dd SV\u011aT<\/h4>\n<p>Evidence ukazuje, \u017ee skupina Jog\u00ednsk\u00fdch Letc\u016f, kter\u00e1 se rovn\u00e1 druh\u00e9 odmocnin\u011b 1% obyvatel p\u0159in\u00e1\u0161\u00ed m\u00edr cel\u00e9 spole\u010dnosti. Jeliko\u017e ze sv\u011btov\u00e9 populace 7 miliard je druh\u00e1 odmocnina 1% 8 400, byl nastaven c\u00edl m\u00edt 9 000 skupinu V\u00e9dsk\u00fdch Pandit\u016f.<\/p>\n<div class=\"border-line\">&nbsp;<\/div>\n<h4>V\u011aDECK\u00c1 TEORIE M\u00cdROTVORN\u00ddCH SKUPIN<\/h4>\n<p>Teoretick\u00e9 vysv\u011btlen\u00ed siln\u00e9ho \u00fa\u010dinku skupinov\u00e9 meditace na sn\u00ed\u017een\u00ed zlo\u010dinnosti a spole\u010densk\u00e9ho stresu zahrnuje \u201cmodel v\u011bdom\u00ed jako pole\u201d, kde v\u011bdom\u00ed, v jeho nejhlub\u0161\u00ed \u00farovni, je pole, je\u017e le\u017e\u00ed v z\u00e1kladu a propojuje jednotlivce v cel\u00e9 spole\u010dnosti. Tato teorie je konsistentn\u00ed s nov\u00fdmi zji\u0161t\u011bn\u00edmi ve fyzice, fyziologii a neurov\u011bd\u011b.<\/p>\n<div class=\"grid-holder\">\n<div class=\"grid grid-desktop-50 grid-mobile-100\"><div class=\"holder\"><p>Nap\u0159\u00edklad modern\u00ed fyzika objevila vice sjednocen\u00e9 \u00farovn\u011b fungov\u00e1n\u00ed p\u0159\u00edrody v men\u0161\u00edm \u010dasov\u00e9m a rozsahov\u00e9m m\u011b\u0159\u00edtku, co\u017e vyvrcholilo objevem sjednocen\u00e9ho pole (pole super struny), je\u017e je v z\u00e1kladu a propojuje v\u0161echny rozmanit\u00e9 s\u00edly a \u010d\u00e1stice ve vesm\u00edru (viz obr. vpravo).<\/p>\n<p>Podobn\u011b, technika Transcendent\u00e1ln\u00ed Meditace a program TM Sidhli poskytuj\u00ed p\u0159\u00edm\u00fd pro\u017eitek a zku\u0161enost ti\u0161\u0161\u00edch, hlub\u0161\u00edch \u00farovn\u00ed my\u0161lenky, a\u017e je dosa\u017een pro\u017eitek sjednocen\u00e9ho pole v z\u00e1kladu mysli a hmoty. Skupinov\u00e9 praktikov\u00e1n\u00ed siln\u011b stimuluje toto univers\u00e1ln\u00ed sjednocen\u00e9 pole kolektivn\u00edho v\u011bdom\u00ed a vytv\u00e1\u0159\u00ed sla\u010fuj\u00edc\u00ed vliv po cel\u00e9 spole\u010dnosti.<\/p>\n<\/div><\/div>\n<div class=\"grid grid-desktop-50 grid-mobile-100 zoom-image-holder\"><div class=\"holder\"><p><a href=\"\/wp-content\/uploads\/2014\/05\/uf-chart.jpg\"><img loading=\"lazy\" decoding=\"async\" class=\"alignnone size-full wp-image-90\" src=\"\/wp-content\/uploads\/2014\/05\/uf-chart.jpg\" alt=\"post-img-3\" width=\"320\" height=\"250\" \/><\/a><\/p>\n<\/div><\/div>\n<\/div>\n<p>V\u011bdeck\u00e9 studie, m\u011b\u0159\u00edc\u00ed \u00fa\u010dinek Transcendent\u00e1ln\u00ed Meditace na spole\u010dnost zjistily, \u017ee m\u00edrotvorn\u00fd \u00fa\u010dinek, vytv\u00e1\u0159en\u00fd odborn\u00edky, praktikuj\u00edc\u00edmi TM roste v pom\u011bru s druhou mocninou podle velikosti skupiny. Je-li skupina sestavena z Jog\u00ednsk\u00fdch Letc\u016f, kte\u0159\u00ed jsou vy\u0161koleni v pokro\u010dil\u00e9m TM Sidhi programu, pak, jak ukazuj\u00ed v\u011bdeck\u00e9 studie je druh\u00e1 odmocnina z 1% obyvatel posta\u010duj\u00edc\u00ed k tomu, aby vytvo\u0159ila v\u00fdznamn\u00fd p\u0159\u00edzniv\u00fd \u00fa\u010dinek.<\/p>\n<p>To znamen\u00e1, \u017ee je pot\u0159eba jen n\u011bkolik set nebo n\u011bkolik tis\u00edc\u016f takov\u00fdch odborn\u00edk\u016f, aby byl vytvo\u0159eni velmi siln\u00fd a v\u011bdecky prokazateln\u00fd \u00fa\u010dinek m\u00edru, harmonie a prosperity v okoln\u00ed spole\u010dnosti, dokonce i v n\u00e1rodn\u00edm \u010di glob\u00e1ln\u00edm m\u011b\u0159\u00edtku. Pro cel\u00fd sv\u011bt je pot\u0159eba skupina 9 000 (co\u017e je zhruba druh\u00e1 odmocnina 1% sv\u011btov\u00e9 populace). Toto je c\u00edlov\u00fd po\u010det skupiny Mahari\u0161i V\u00e9dsk\u00fdch Pandit\u016f v Indii.<\/p>\n<div class=\"border-line\">&nbsp;<\/div>\n<h4>\u00da\u010cINEK V\u011aDOM\u00cd JAKO POLE<\/h4>\n<p>Jak je to mo\u017en\u00e9, \u017ee lid\u00e9, praktikuj\u00edc\u00ed Transcendent\u00e1ln\u00ed Meditaci sami ve sv\u00fdch domovech \u010di v\u00a0pr\u00e1ci, nebo spole\u010dn\u011b ve skupin\u011b mohou ovlivnit jin\u00e9 lidi v cel\u00e9m m\u011bst\u011b, v cel\u00e9 zemi, nebo dokonce po cel\u00e9m sv\u011bt\u011b, dokonce i ty, kte\u0159\u00ed nemedituj\u00ed?<\/p>\n<div class=\"grid-holder\">\n<div class=\"grid grid-desktop-50 grid-mobile-100\"><div class=\"holder\">\t<a href=\"https:\/\/donation.vedicpandits.org\/cs\/peace-creating-group\/science-2\/?image_video=https%3A%2F%2Fwww.youtube.com%2Fwatch%3Fv%3DyVFa6Wtuxu8\" class=\"video-link \">\n<img loading=\"lazy\" decoding=\"async\" class=\"alignnone size-full wp-image-92\" src=\"\/wp-content\/uploads\/2014\/04\/post-img-14.jpg\" alt=\"post-img-14\" width=\"433\" height=\"321\" srcset=\"https:\/\/donation.vedicpandits.org\/wp-content\/uploads\/2014\/04\/post-img-14.jpg 433w, https:\/\/donation.vedicpandits.org\/wp-content\/uploads\/2014\/04\/post-img-14-300x222.jpg 300w\" sizes=\"auto, (max-width: 433px) 100vw, 433px\" \/><br \/>\n<\/a>\n\n\t\n<\/div><\/div>\n<div class=\"grid grid-desktop-50 grid-mobile-100\"><div class=\"holder\"><p>\u00da\u010dinek medituj\u00edc\u00ed skupiny cestuje p\u0159es to pole, kter\u00e9 spo\u010d\u00edv\u00e1 v z\u00e1kladu, stejn\u00fdm zp\u016fsobem, jak\u00fdm lze sly\u0161et \u017eiv\u00e9 vys\u00edl\u00e1n\u00ed z r\u00e1dia z jin\u00e9ho konce sv\u011bta. V jednom p\u0159\u00edpad\u011b propojuje elektromagnetick\u00e9 pole r\u00e1diostanici a va\u0161e r\u00e1dio. V druh\u00e9m p\u0159\u00edpad\u011b propojuje pole v\u011bdom\u00ed medituj\u00edc\u00edho se zbytkem obyvatel. Vlny koherence z m\u00edrotvorn\u00e9 skupiny se \u0161\u00ed\u0159\u00ed po cel\u00e9m poli v\u011bdom\u00ed a vytv\u00e1\u0159ej\u00ed prosp\u011b\u0161n\u00fd a m\u011b\u0159iteln\u00fd vliv po cel\u00e9 spole\u010dnosti.<\/p>\n\t<a href=\"https:\/\/donation.vedicpandits.org\/cs\/peace-creating-group\/science-2\/?image_video=https%3A%2F%2Fwww.youtube.com%2Fwatch%3Fv%3DyVFa6Wtuxu8\" class=\"video-link no-pointer\"> Pod\u00edvejte se na video s kvantov\u00fdm fyzikem Johnem Hagelinem, jak vysv\u011btluje tento \u00fa\u010dinek pole.<\/p>\n<\/a>\n\n\t\n<\/div><\/div>\n<\/div>\n<p>&nbsp;<\/p>\n<h5>KOHERENTN\u00cd SYST\u00c9MY JSOU MOCN\u011aJ\u0160\u00cd \u2013 P\u0158\u00cdKLAD LASERU<\/h5>\n<p>Pro\u010d je zapot\u0159eb\u00ed pouze mal\u00e9 mno\u017estv\u00ed lid\u00ed v m\u00edrotvorn\u00fdch skupin\u00e1ch k vytvo\u0159en\u00ed prosp\u011b\u0161n\u00e9ho vlivu pro celou populaci? Fyzika stanovila, \u017ee syst\u00e9m, funguj\u00edc\u00ed koherentn\u011b m\u00e1 v\u011bt\u0161\u00ed s\u00edlu, ne\u017e ten, kter\u00fd funguje nekoherentn\u011b, tedy nesouladn\u011b.<\/p>\n<p>Vezm\u011bme nap\u0159. sv\u011btlo laseru, tedy sv\u011bteln\u00e9 vlny, kter\u00e9 jsou se\u0159\u00edzen\u00e9 tak, aby fungovaly koherentn\u011b, souladn\u011b, tak\u017ee vzestup a pokles ka\u017ed\u00e9 vlny je ve vz\u00e1jemn\u00e9m souladu. Sv\u011btlo laseru je mnohem siln\u011bj\u0161\u00ed, ne\u017e sv\u011btlo vyza\u0159ovan\u00e9 b\u011b\u017enou \u017e\u00e1rovkou. Efekt sv\u011btla laseru je \u00fam\u011brn\u00e9 umoc\u0148ov\u00e1n po\u010dtem vln \u2013 nap\u0159. 100 vln funguj\u00edc\u00edch koherentn\u011b vytvo\u0159\u00ed efekt, jak\u00fd m\u00e1 10 000   (100<sup>2<\/sup>) oby\u010dejn\u00fdch vln.<\/p>\n<p>Stejn\u00fdm zp\u016fsobem, velk\u00e1 skupina lid\u00ed praktikuj\u00edc\u00edch program TM Sidhi o\u017eivuje pole v\u011bdom\u00ed na tich\u00e9 a koherentn\u00ed \u00farovni a vytv\u00e1\u0159\u00ed m\u00edrov\u00fd \u00fa\u010dinek mnohem siln\u011bj\u0161\u00ed, ne\u017e by ti sam\u00ed lid\u00e9 vytvo\u0159ili skrze individu\u00e1ln\u00ed \u00fasil\u00ed.<\/p>\n","protected":false},"excerpt":{"rendered":"<p>V\u011aDECK\u00dd V\u00ddZKUM UKAZUJE \u00da\u010cINNOST SKUPIN PANDIT\u016e Hlavn\u00edm smyslem p\u0159i ustanovov\u00e1n\u00ed velk\u00fdch skupin V\u00e9dsk\u00fdch Pandit\u016f je vytv\u00e1\u0159en\u00ed \u00fa\u010dinku souladu a harmonie ve sv\u011btov\u00e9m v\u011bdom\u00ed. V\u011bdeck\u00fd v\u00fdzkum uk\u00e1zal, \u017ee kdykoliv praktikuje program Transcendent\u00e1ln\u00ed Meditace a pokro\u010dil\u00fd program TM Sidhi dostate\u010dn\u00fd po\u010det odborn\u00edk\u016f, doch\u00e1z\u00ed k\u00a0poklesu negativn\u00edch trend\u016f a k\u00a0pos\u00edlen\u00ed pozitivn\u00edch. Tyto prosp\u011b\u0161n\u00e9 \u00fa\u010dinky byly pozorov\u00e1ny za situace, kdy\u017e: [&hellip;]<\/p>\n","protected":false},"author":3,"featured_media":3087,"parent":6568,"menu_order":2,"comment_status":"open","ping_status":"closed","template":"template-science.php","meta":{"om_disable_all_campaigns":false,"_monsterinsights_skip_tracking":false,"_monsterinsights_sitenote_active":false,"_monsterinsights_sitenote_note":"","_monsterinsights_sitenote_category":0,"footnotes":""},"class_list":["post-6576","page","type-page","status-publish","has-post-thumbnail","hentry"],"_links":{"self":[{"href":"https:\/\/donation.vedicpandits.org\/cs\/wp-json\/wp\/v2\/pages\/6576","targetHints":{"allow":["GET"]}}],"collection":[{"href":"https:\/\/donation.vedicpandits.org\/cs\/wp-json\/wp\/v2\/pages"}],"about":[{"href":"https:\/\/donation.vedicpandits.org\/cs\/wp-json\/wp\/v2\/types\/page"}],"author":[{"embeddable":true,"href":"https:\/\/donation.vedicpandits.org\/cs\/wp-json\/wp\/v2\/users\/3"}],"replies":[{"embeddable":true,"href":"https:\/\/donation.vedicpandits.org\/cs\/wp-json\/wp\/v2\/comments?post=6576"}],"version-history":[{"count":7,"href":"https:\/\/donation.vedicpandits.org\/cs\/wp-json\/wp\/v2\/pages\/6576\/revisions"}],"predecessor-version":[{"id":20248,"href":"https:\/\/donation.vedicpandits.org\/cs\/wp-json\/wp\/v2\/pages\/6576\/revisions\/20248"}],"up":[{"embeddable":true,"href":"https:\/\/donation.vedicpandits.org\/cs\/wp-json\/wp\/v2\/pages\/6568"}],"wp:featuredmedia":[{"embeddable":true,"href":"https:\/\/donation.vedicpandits.org\/cs\/wp-json\/wp\/v2\/media\/3087"}],"wp:attachment":[{"href":"https:\/\/donation.vedicpandits.org\/cs\/wp-json\/wp\/v2\/media?parent=6576"}],"curies":[{"name":"wp","href":"https:\/\/api.w.org\/{rel}","templated":true}]}}