{"id":6581,"date":"2014-09-08T07:09:41","date_gmt":"2014-09-08T07:09:41","guid":{"rendered":"https:\/\/vedicpandits.org\/?page_id=6581"},"modified":"2016-01-01T10:05:14","modified_gmt":"2016-01-01T10:05:14","slug":"scope","status":"publish","type":"page","link":"https:\/\/donation.vedicpandits.org\/cs\/peace-creating-group\/scope\/","title":{"rendered":"ROZSAH"},"content":{"rendered":"<p>N\u00e1\u0161 projekt zahrnuje hlavn\u00ed skupinu a taky s\u00a0t\u00edm spojen\u00fd \u0161kolic\u00ed program, kter\u00fd buduje a obnovuje hlavn\u00ed skupinu.<\/p>\n<div class=\"border-line\">&nbsp;<\/div>\n<div class=\"grid-holder\">\n<div class=\"grid grid-desktop-50 grid-mobile-100\"><div class=\"holder\"><h4>HLAVN\u00cd SKUPINA<\/h4>\n<p>Vyb\u00edr\u00e1n\u00ed V\u00e9dsk\u00fdch Pandit\u016f k utvo\u0159en\u00ed skupiny na\u0161eho projektu v Indii je jak tradi\u010dn\u00ed tak i praktick\u00e9 rozhodov\u00e1n\u00ed. V\u00e9d\u0161t\u00ed Pandit\u00e9 byli oded\u00e1vna tradi\u010dn\u011b zodpov\u011bdn\u00ed za udr\u017eov\u00e1n\u00ed harmonie ve spole\u010dnosti a rovnov\u00e1hy v p\u0159\u00edrod\u011b. Dnes Indie nab\u00edz\u00ed ekonomicky v\u00fdhodn\u00e9 m\u00edsto, kter\u00e9 \u010din\u00ed ze \u0161kolen\u00ed V\u00e9dsk\u00fdch Pandit\u016f jako profesion\u00e1ln\u00edch m\u00edrotvorc\u016f praktickou strategii.<\/p>\n<p>C\u00edl je m\u00edt 9 000 Mahari\u0161i V\u00e9dsk\u00fdch Pandit\u016f v jedn\u00e9 skupin\u011b pro vytv\u00e1\u0159en\u00ed celosv\u011btov\u00e9ho m\u00edrov\u00e9ho \u00fa\u010dinku. Podpora t\u00e9to skupiny vy\u017eaduje poskytnut\u00ed platu a ustanoven\u00ed pln\u011b vybaven\u00e9ho kampusu s infrastrukturou, ubytov\u00e1n\u00edm, pokro\u010dil\u00fdm \u0161kolen\u00edm, stravov\u00e1n\u00edm, jako\u017e i ml\u00e9\u010dnou farmou a zeleninovou zahradou pro potravinovou sob\u011bsta\u010dnost.<br \/>\nV sou\u010dasnosti bydl\u00ed v\u00edce jak 2 000 Pandit\u016f v hlavn\u00edm kampusu v\u00a0Brahmasthanu, co\u017e je geografick\u00e9 centrum Indie pobl\u00ed\u017e Jabalpuru, Madhya Pradesh.<\/p>\n<\/div><\/div>\n<div class=\"grid grid-desktop-50 grid-mobile-100 zoom-image-holder\"><div class=\"holder\"><p><a href=\"\/wp-content\/uploads\/2014\/04\/map-of-india.jpg\"><img loading=\"lazy\" decoding=\"async\" class=\"alignleft size-full wp-image-595\" src=\"\/wp-content\/uploads\/2014\/04\/map-of-india.jpg\" alt=\"map-of-india\" width=\"550\" height=\"523\" srcset=\"https:\/\/donation.vedicpandits.org\/wp-content\/uploads\/2014\/04\/map-of-india.jpg 550w, https:\/\/donation.vedicpandits.org\/wp-content\/uploads\/2014\/04\/map-of-india-300x285.jpg 300w\" sizes=\"auto, (max-width: 550px) 100vw, 550px\" \/><\/a><\/p>\n<\/div><\/div>\n<\/div>\n<div class=\"border-line\">&nbsp;<\/div>\n<div class=\"grid-holder\">\n<div class=\"grid grid-desktop-50 grid-mobile-100 zoom-image-holder\"><div class=\"holder\"><p><a href=\"\/wp-content\/uploads\/2014\/04\/131207_training_chart_web-Kopie.jpg\"><img loading=\"lazy\" decoding=\"async\" class=\"alignnone size-medium wp-image-250\" src=\"\/wp-content\/uploads\/2014\/04\/131207_training_chart_web-Kopie.jpg\" alt=\"\" width=\"432\" height=\"211\" \/><\/a><\/p>\n<\/div><\/div>\n<div class=\"grid grid-desktop-50 grid-mobile-100\"><div class=\"holder\"><h4>\u0160KOLiC\u00cd PROGRAM PANDIT\u016e<\/h4>\n<p>Za \u00fa\u010delem vybudov\u00e1n\u00ed hlavn\u00ed skupiny a n\u00e1sledn\u00e9 kompenzace p\u0159irozen\u00e9ho \u00fabytku, byl \u0161kolic\u00ed program Pandit\u016f ustanoven Mahari\u0161im po cel\u00e9 Indii.<\/p>\n<p>Podporuje a dopl\u0148uje skupinu v Brahmasthanu a je napl\u00e1nov\u00e1n, aby p\u0159ijal:<br \/>\n\u2013 20 000 mlad\u0161\u00edch student\u016f, absolvuj\u00edc\u00edch \u0161kolen\u00ed na \u00farovni vesnice<\/p>\n<p>\u2013 10 000 star\u0161\u00edch student\u016f, \u0161kolen\u00fdch v reziden\u010dn\u00edch za\u0159\u00edzen\u00edch.<\/p>\n<p>Program je nastaven tak, aby studium ukon\u010dilo 1 200 a\u017e 1 500 Pandit\u016f ka\u017ed\u00fd rok, aby bylo zabezpe\u010den\u00e9, \u017ee hlavn\u00ed skupina bude v\u017edy z\u016fst\u00e1vat v\u00a0po\u010dtu  nad 9 000.<\/p>\n<\/div><\/div>\n<\/div>\n","protected":false},"excerpt":{"rendered":"<p>N\u00e1\u0161 projekt zahrnuje hlavn\u00ed skupinu a taky s\u00a0t\u00edm spojen\u00fd \u0161kolic\u00ed program, kter\u00fd buduje a obnovuje hlavn\u00ed skupinu.<\/p>\n","protected":false},"author":3,"featured_media":196,"parent":6568,"menu_order":4,"comment_status":"open","ping_status":"closed","template":"","meta":{"om_disable_all_campaigns":false,"_monsterinsights_skip_tracking":false,"_monsterinsights_sitenote_active":false,"_monsterinsights_sitenote_note":"","_monsterinsights_sitenote_category":0,"footnotes":""},"class_list":["post-6581","page","type-page","status-publish","has-post-thumbnail","hentry"],"_links":{"self":[{"href":"https:\/\/donation.vedicpandits.org\/cs\/wp-json\/wp\/v2\/pages\/6581","targetHints":{"allow":["GET"]}}],"collection":[{"href":"https:\/\/donation.vedicpandits.org\/cs\/wp-json\/wp\/v2\/pages"}],"about":[{"href":"https:\/\/donation.vedicpandits.org\/cs\/wp-json\/wp\/v2\/types\/page"}],"author":[{"embeddable":true,"href":"https:\/\/donation.vedicpandits.org\/cs\/wp-json\/wp\/v2\/users\/3"}],"replies":[{"embeddable":true,"href":"https:\/\/donation.vedicpandits.org\/cs\/wp-json\/wp\/v2\/comments?post=6581"}],"version-history":[{"count":7,"href":"https:\/\/donation.vedicpandits.org\/cs\/wp-json\/wp\/v2\/pages\/6581\/revisions"}],"predecessor-version":[{"id":7838,"href":"https:\/\/donation.vedicpandits.org\/cs\/wp-json\/wp\/v2\/pages\/6581\/revisions\/7838"}],"up":[{"embeddable":true,"href":"https:\/\/donation.vedicpandits.org\/cs\/wp-json\/wp\/v2\/pages\/6568"}],"wp:featuredmedia":[{"embeddable":true,"href":"https:\/\/donation.vedicpandits.org\/cs\/wp-json\/wp\/v2\/media\/196"}],"wp:attachment":[{"href":"https:\/\/donation.vedicpandits.org\/cs\/wp-json\/wp\/v2\/media?parent=6581"}],"curies":[{"name":"wp","href":"https:\/\/api.w.org\/{rel}","templated":true}]}}