{"id":6585,"date":"2014-09-08T07:09:46","date_gmt":"2014-09-08T07:09:46","guid":{"rendered":"https:\/\/vedicpandits.org\/?page_id=6585"},"modified":"2016-01-01T10:09:50","modified_gmt":"2016-01-01T10:09:50","slug":"cost","status":"publish","type":"page","link":"https:\/\/donation.vedicpandits.org\/cs\/peace-creating-group\/cost\/","title":{"rendered":"Cost"},"content":{"rendered":"<h4>TRVAL\u00dd M\u00cdR ZA ZLOMEK CENY DNE\u0160N\u00cdCH OZBROJEN\u00ddCH SIL<\/h4>\n<p>Glob\u00e1ln\u00ed sv\u011btov\u00e1 iniciativa m\u00e1 potenci\u00e1l b\u00fdt nej\u00fasp\u011b\u0161n\u011bj\u0161\u00edm a finan\u010dn\u011b nejefektivn\u011bj\u0161\u00edm m\u00edrotvorn\u00fdm programem, kter\u00fd byl proveden v r\u00e1mci modern\u00ed doby. Financ\u00ed, pot\u0159ebn\u00fdch k trval\u00e9mu zprost\u0159edkov\u00e1n\u00ed cel\u00e9ho projektu je m\u00e9n\u011b, ne\u017e, kolik sv\u011btov\u00e9 ozbrojen\u00e9 s\u00edly utrat\u00ed ka\u017ed\u00fdch \u0161est hodin, m\u00e9n\u011b ne\u017e polovina ceny jednoho B-2 bombard\u00e9ru. Ro\u010dn\u00ed podpora, pot\u0159ebn\u00e1 k pln\u00e9mu uskute\u010dn\u011bn\u00ed Glob\u00e1ln\u00ed m\u00edrov\u00e9 iniciativy je 45,5 milion\u016f americk\u00fdch dolar\u016f za rok. Tato ro\u010dn\u00ed \u010d\u00e1stka se skl\u00e1d\u00e1 ze dvou \u010d\u00e1st\u00ed:<\/p>\n<p>1. Podpora skupiny 9 000 Mahari\u0161i V\u00e9dsk\u00fdch Pandit\u016f v kampusu v centru Indie.<\/p>\n<p>2. Podpora \u0161kolic\u00edch program\u016f pro nov\u00e9 Mahari\u0161\u00ed V\u00e9dsk\u00e9 Pandity.<\/p>\n<p>Tak jako projekty centr\u00e1ln\u00edho kampusu a \u0161kolic\u00ed programy jsou nyn\u00ed ve st\u00e1diu realizace, d\u00edl\u010d\u00ed n\u00e1klady, tvo\u0159\u00edc\u00ed rozpo\u010det, jsou dob\u0159e zn\u00e1m\u00e9 a popsan\u00e9 n\u00ed\u017ee.<\/p>\n<div class=\"border-line\">&nbsp;<\/div>\n<div class=\"grid-holder grid-border-50\">\n<div class=\"grid grid-desktop-50 grid-mobile-100\"><div class=\"holder\"><p><img loading=\"lazy\" decoding=\"async\" src=\"\/wp-content\/uploads\/2014\/04\/2146-432.jpg\" alt=\"2146 - 432\" width=\"432\" height=\"253\" class=\"alignleft size-full wp-image-577\" srcset=\"https:\/\/donation.vedicpandits.org\/wp-content\/uploads\/2014\/04\/2146-432.jpg 432w, https:\/\/donation.vedicpandits.org\/wp-content\/uploads\/2014\/04\/2146-432-300x175.jpg 300w, https:\/\/donation.vedicpandits.org\/wp-content\/uploads\/2014\/04\/2146-432-430x253.jpg 430w\" sizes=\"auto, (max-width: 432px) 100vw, 432px\" \/><\/p>\n<h4>1.ZACHOV\u00c1N\u00cd HLAVN\u00cd SKUPINY \u010c\u00cdTAJ\u00cdC\u00cd 9 000<\/h4>\n<p>Ji\u017e 250 americk\u00fdch dolar\u016f m\u011bs\u00ed\u010dn\u011b posta\u010d\u00ed pro jednoho Pandita na ubytov\u00e1n\u00ed s plnou penz\u00ed, zdravotn\u00ed p\u00e9\u010di, oble\u010den\u00ed, specializovan\u00e9 dal\u0161\u00ed vzd\u011bl\u00e1n\u00ed a u\u010debn\u00ed pom\u016fcky a taky skromn\u00e9 stipendium pro jeho rodinu. Zahrnuje to tak\u00e9 udr\u017eov\u00e1n\u00ed budovy, spr\u00e1vu a dal\u0161\u00ed v\u00fddaje, vznikl\u00e9 b\u011bhem jeho pobytu v Brahmasthanu Indie. Po\u010d\u00edt\u00e1me-li skupinu 9 000 V\u00e9dsk\u00fdch Pandit\u016f, kte\u0159\u00ed se \u00fa\u010dastn\u00ed projektu v\u00a0kampusu, pak jsou celkov\u00e9 n\u00e1klady 27 milion\u016f americk\u00fdch dolar\u016f za rok.<\/p>\n<\/div><\/div>\n<div class=\"grid grid-desktop-50 grid-mobile-100\"><div class=\"holder\"><p><a href=\"\/wp-content\/uploads\/2014\/04\/9297-432.jpg\"><img loading=\"lazy\" decoding=\"async\" src=\"\/wp-content\/uploads\/2014\/04\/9297-432.jpg\" alt=\"9297 - 432\" width=\"432\" height=\"253\" class=\"alignleft size-full wp-image-579\" srcset=\"https:\/\/donation.vedicpandits.org\/wp-content\/uploads\/2014\/04\/9297-432.jpg 432w, https:\/\/donation.vedicpandits.org\/wp-content\/uploads\/2014\/04\/9297-432-300x175.jpg 300w, https:\/\/donation.vedicpandits.org\/wp-content\/uploads\/2014\/04\/9297-432-430x253.jpg 430w\" sizes=\"auto, (max-width: 432px) 100vw, 432px\" \/><\/a><\/p>\n<h4>2.\u0160KOLIC\u00cd PROGRAM PANDIT\u016e<\/h4>\n<p>K zaji\u0161t\u011bn\u00ed st\u00e1l\u00e9 dod\u00e1vky Mahari\u0161i V\u00e9dsk\u00fdch Pandit\u016f pro hlavn\u00ed skupinu v centru Indie, zahrnuje pl\u00e1n \u0161kolic\u00edho programu:<br \/>\n\u2013 20 000 mlad\u00fdch student\u016f v jejich vesnic\u00edch za cenu 12 USD m\u011bs\u00ed\u010dn\u011b na studenta,<\/p>\n<p> \u2013 10 000 star\u0161\u00edch student\u016f v ubytovac\u00edch \u0161kolic\u00edch centrech za cenu 130 USD na studenta<\/p>\n<p>Ro\u010dn\u00ed n\u00e1klady na \u0161kolic\u00ed program jsou 18,5 milion\u016f americk\u00fdch dolar\u016f.<\/p>\n<\/div><\/div>\n<\/div>\n<h4 style=\"text-align: center; margin-top: 20px;\">CELKOV\u00dd ROZPO\u010cET<\/h4>\n<p style=\"text-align: center;\">Slou\u010den\u00fd ro\u010dn\u00ed rozpo\u010det pro hlavn\u00ed skupiny a \u0161kol\u00edc\u00ed program je 46,5 milion\u016f USD.<\/p>\n<div class=\"border-line\">&nbsp;<\/div>\n<p style=\"text-align: center; color: #e07e27;\"><em>Jestli si p\u0159ejete sponzorovat Pandita, nebo podpo\u0159it fond na n\u00e1\u0161 projekt, klikn\u011bte n\u00ed\u017ee.<\/em><\/p>\n\t<p style=\"text-align: center\">\n\t\t<a href=\"https:\/\/donation.vedicpandits.org\/cs\/intermediary-donation-page\/\"   class=\"btn btn-large \" > > \n\t\t\tP\u0158ISP\u011aJTE NA N\u00c1\u0160 PROJEKT\t\t<\/a>\n\t<\/p>\n\n\t\n","protected":false},"excerpt":{"rendered":"<p>TRVAL\u00dd M\u00cdR ZA ZLOMEK CENY DNE\u0160N\u00cdCH OZBROJEN\u00ddCH SIL Glob\u00e1ln\u00ed sv\u011btov\u00e1 iniciativa m\u00e1 potenci\u00e1l b\u00fdt nej\u00fasp\u011b\u0161n\u011bj\u0161\u00edm a finan\u010dn\u011b nejefektivn\u011bj\u0161\u00edm m\u00edrotvorn\u00fdm programem, kter\u00fd byl proveden v r\u00e1mci modern\u00ed doby. Financ\u00ed, pot\u0159ebn\u00fdch k trval\u00e9mu zprost\u0159edkov\u00e1n\u00ed cel\u00e9ho projektu je m\u00e9n\u011b, ne\u017e, kolik sv\u011btov\u00e9 ozbrojen\u00e9 s\u00edly utrat\u00ed ka\u017ed\u00fdch \u0161est hodin, m\u00e9n\u011b ne\u017e polovina ceny jednoho B-2 bombard\u00e9ru. Ro\u010dn\u00ed podpora, pot\u0159ebn\u00e1 [&hellip;]<\/p>\n","protected":false},"author":3,"featured_media":192,"parent":6568,"menu_order":5,"comment_status":"open","ping_status":"closed","template":"","meta":{"om_disable_all_campaigns":false,"_monsterinsights_skip_tracking":false,"_monsterinsights_sitenote_active":false,"_monsterinsights_sitenote_note":"","_monsterinsights_sitenote_category":0,"footnotes":""},"class_list":["post-6585","page","type-page","status-publish","has-post-thumbnail","hentry"],"_links":{"self":[{"href":"https:\/\/donation.vedicpandits.org\/cs\/wp-json\/wp\/v2\/pages\/6585","targetHints":{"allow":["GET"]}}],"collection":[{"href":"https:\/\/donation.vedicpandits.org\/cs\/wp-json\/wp\/v2\/pages"}],"about":[{"href":"https:\/\/donation.vedicpandits.org\/cs\/wp-json\/wp\/v2\/types\/page"}],"author":[{"embeddable":true,"href":"https:\/\/donation.vedicpandits.org\/cs\/wp-json\/wp\/v2\/users\/3"}],"replies":[{"embeddable":true,"href":"https:\/\/donation.vedicpandits.org\/cs\/wp-json\/wp\/v2\/comments?post=6585"}],"version-history":[{"count":9,"href":"https:\/\/donation.vedicpandits.org\/cs\/wp-json\/wp\/v2\/pages\/6585\/revisions"}],"predecessor-version":[{"id":7839,"href":"https:\/\/donation.vedicpandits.org\/cs\/wp-json\/wp\/v2\/pages\/6585\/revisions\/7839"}],"up":[{"embeddable":true,"href":"https:\/\/donation.vedicpandits.org\/cs\/wp-json\/wp\/v2\/pages\/6568"}],"wp:featuredmedia":[{"embeddable":true,"href":"https:\/\/donation.vedicpandits.org\/cs\/wp-json\/wp\/v2\/media\/192"}],"wp:attachment":[{"href":"https:\/\/donation.vedicpandits.org\/cs\/wp-json\/wp\/v2\/media?parent=6585"}],"curies":[{"name":"wp","href":"https:\/\/api.w.org\/{rel}","templated":true}]}}