{"id":6590,"date":"2014-09-08T07:09:52","date_gmt":"2014-09-08T07:09:52","guid":{"rendered":"https:\/\/vedicpandits.org\/?page_id=6590"},"modified":"2016-07-27T10:07:26","modified_gmt":"2016-07-27T10:07:26","slug":"progress","status":"publish","type":"page","link":"https:\/\/donation.vedicpandits.org\/cs\/peace-creating-group\/progress\/","title":{"rendered":"Progress"},"content":{"rendered":"<h4>MILN\u00cdKY SM\u011aREM K NA\u0160EMU C\u00cdLI<\/h4>\n<ul>\n<li>Pro kampus 9 000 Mahari\u0161i V\u00e9dsk\u00fdch Pandit\u016f bylo zakoupeno 1 700 akr\u016f (688 hektar\u016f) nedaleko Jabalpuru v Madhya Padesh, Indie. (Fotografie v\u00fd\u0161e je z roku 2013).\n<\/li>\n<li>Ubytov\u00e1n\u00ed pro 2 500 Mahari\u0161i V\u00e9dsk\u00fdch Pandit\u016f ji\u017e bylo dokon\u010deno. Toto zahrnuje infrastrukturu, administrativn\u00ed budovy, stravovac\u00ed haly a haly pro Jagja a ml\u00e9\u010dnou farmu \u2013 v\u0161e vybudov\u00e1no v souladu s principy Sthapathja V\u00e9dy, V\u00e9dsk\u00e9 v\u011bdy o architektu\u0159e.\n<\/li>\n<li>P\u0159ibli\u017en\u011b 2 000 pln\u011b vy\u0161kolen\u00fdch Mahari\u0161i V\u00e9dsk\u00fdch Pandit\u016f, kte\u0159\u00ed n\u00e1sleduj\u00ed p\u0159esn\u00fd denn\u00ed program pro vytv\u00e1\u0159en\u00ed m\u00edru, je ji\u017e ubytovan\u00fdch.\n<\/li>\n<li>Ubytov\u00e1n\u00ed pro dal\u0161\u00edch 5 000 pandit\u016f bylo zapo\u010dato, ale vy\u017eaduje dal\u0161\u00ed finance na dokon\u010den\u00ed.<\/li>\n<li>Program Guru-d\u017ei pro \u0161kolen\u00ed mlad\u00fdch student\u016f Pandit\u016f v jejich m\u00edstn\u00edch vesnic\u00edch za\u010dal v\u00edce ne\u017e p\u0159ed deseti lety a pokra\u010duje.\n<\/li>\n<li>\u0160kolen\u00ed pro star\u0161\u00ed studenty prob\u00edh\u00e1 ve 46 ubytovac\u00edch \u0161kolic\u00edch centrech po cel\u00e9 Indii. V sou\u010dasn\u00e9 dob\u011b je v nich p\u0159ijat\u00fdch a ubytovan\u00fdch okolo 3 000 student\u016f<\/li>\n<li>Pro podporu Glob\u00e1ln\u00ed m\u00edrov\u00e9 iniciativy byly ustanoveny dv\u011b fundraisingov\u00e9 organizace. Nadace Brahmananda Saraswati v USA a Brahmananda Saraswati Trust v Nizozem\u00ed jsou ob\u011b registrovan\u00e9 charity ve sv\u00fdch vlastn\u00edch zem\u00edch.<\/li>\n<li>Pro podporu t\u00e9to iniciativy byla z\u0159\u00edzena s\u00ed\u0165 dobrovoln\u00edk\u016f n\u00e1rodn\u00edch koordin\u00e1tor\u016f  (<a href=\"https:\/\/donation.vedicpandits.org\/contact\/\">,,ambasador\u016f&#8220;<\/a>) v 90 zem\u00edch.<\/li>\n<li>B\u011bhem p\u00e1r let se program na podporu Pandit\u016f rozrostl na pravideln\u00e9 poskytov\u00e1n\u00ed dar\u016f ve v\u00fd\u0161i 430 000 USD m\u011bs\u00ed\u010dn\u011b.\n<\/li>\n<li>Mnoho n\u00e1rodn\u00edch organizac\u00ed v celosv\u011btov\u00e9m hnut\u00ed Transcendent\u00e1ln\u00ed Meditace tak\u00e9 sb\u00edr\u00e1 finan\u010dn\u00ed p\u0159\u00edsp\u011bvky na podporu Mahari\u0161i V\u00e9dsk\u00fdch Pandit\u016f.\n<\/li>\n<p>\t<!--\n\n<li>V Americe byla ustanovena skupina \u010d\u00edtaj\u00edc\u00ed 100 Mahari\u0161i V\u00e9dsk\u00fdch Pandit\u016f ve m\u011bst\u011b \u00a0Maharishi Vedic City v Iow\u011b, financovan\u00e1 d\u00e1rci ze Spojen\u00fdch st\u00e1t\u016f.\n\n <\/li>\n\n-->\n<\/ul>\n","protected":false},"excerpt":{"rendered":"<p>MILN\u00cdKY SM\u011aREM K NA\u0160EMU C\u00cdLI Pro kampus 9 000 Mahari\u0161i V\u00e9dsk\u00fdch Pandit\u016f bylo zakoupeno 1 700 akr\u016f (688 hektar\u016f) nedaleko Jabalpuru v Madhya Padesh, Indie. (Fotografie v\u00fd\u0161e je z roku 2013). Ubytov\u00e1n\u00ed pro 2 500 Mahari\u0161i V\u00e9dsk\u00fdch Pandit\u016f ji\u017e bylo dokon\u010deno. Toto zahrnuje infrastrukturu, administrativn\u00ed budovy, stravovac\u00ed haly a haly pro Jagja a ml\u00e9\u010dnou farmu [&hellip;]<\/p>\n","protected":false},"author":3,"featured_media":189,"parent":6568,"menu_order":6,"comment_status":"open","ping_status":"closed","template":"","meta":{"om_disable_all_campaigns":false,"_monsterinsights_skip_tracking":false,"_monsterinsights_sitenote_active":false,"_monsterinsights_sitenote_note":"","_monsterinsights_sitenote_category":0,"footnotes":""},"class_list":["post-6590","page","type-page","status-publish","has-post-thumbnail","hentry"],"_links":{"self":[{"href":"https:\/\/donation.vedicpandits.org\/cs\/wp-json\/wp\/v2\/pages\/6590","targetHints":{"allow":["GET"]}}],"collection":[{"href":"https:\/\/donation.vedicpandits.org\/cs\/wp-json\/wp\/v2\/pages"}],"about":[{"href":"https:\/\/donation.vedicpandits.org\/cs\/wp-json\/wp\/v2\/types\/page"}],"author":[{"embeddable":true,"href":"https:\/\/donation.vedicpandits.org\/cs\/wp-json\/wp\/v2\/users\/3"}],"replies":[{"embeddable":true,"href":"https:\/\/donation.vedicpandits.org\/cs\/wp-json\/wp\/v2\/comments?post=6590"}],"version-history":[{"count":5,"href":"https:\/\/donation.vedicpandits.org\/cs\/wp-json\/wp\/v2\/pages\/6590\/revisions"}],"predecessor-version":[{"id":8660,"href":"https:\/\/donation.vedicpandits.org\/cs\/wp-json\/wp\/v2\/pages\/6590\/revisions\/8660"}],"up":[{"embeddable":true,"href":"https:\/\/donation.vedicpandits.org\/cs\/wp-json\/wp\/v2\/pages\/6568"}],"wp:featuredmedia":[{"embeddable":true,"href":"https:\/\/donation.vedicpandits.org\/cs\/wp-json\/wp\/v2\/media\/189"}],"wp:attachment":[{"href":"https:\/\/donation.vedicpandits.org\/cs\/wp-json\/wp\/v2\/media?parent=6590"}],"curies":[{"name":"wp","href":"https:\/\/api.w.org\/{rel}","templated":true}]}}