{"id":6594,"date":"2014-09-08T07:10:00","date_gmt":"2014-09-08T07:10:00","guid":{"rendered":"https:\/\/vedicpandits.org\/?page_id=6594"},"modified":"2016-01-18T10:17:44","modified_gmt":"2016-01-18T10:17:44","slug":"yagya","status":"publish","type":"page","link":"https:\/\/donation.vedicpandits.org\/cs\/yagya\/","title":{"rendered":"Yagya"},"content":{"rendered":"<h4> MAHARI\u0160I JAGJA<\/h4>\n<p>P\u0159\u00edsp\u011bvky skupin\u011b V\u00e9dsk\u00fdch Pandit\u016f v Indii z\u00e1rove\u0148 p\u0159isp\u00edvaj\u00ed speci\u00e1ln\u00ed V\u00e9dsk\u00e9 performanci, kterou Pandit\u00e9 prov\u00e1d\u011bj\u00ed a kter\u00e1 se naz\u00fdv\u00e1 Jagja. Jagja zahrnuj\u00ed v\u011bdu o zvuku k vytv\u00e1\u0159en\u00ed velk\u00e9ho mno\u017estv\u00ed prosp\u011b\u0161n\u00fdch \u00fa\u010dink\u016f pro va\u0161i zemi N\u00e1rodn\u00ed Jagjaa v\u00e1s samotn\u00e9 Speci\u00e1ln\u00ed Jagja.<\/p>\n<div class=\"border-line\">&nbsp;<\/div>\n<div class=\"grid-holder\">\n<div class=\"grid grid-desktop-50 grid-mobile-100\">\n<div class=\"holder button\">\n<a class=\"btn btn-large btn-full\" href=\"https:\/\/donation.vedicpandits.org\/cs\/yagya\/national-yagya\/\"> > N\u00e1rodn\u00ed Jagjaa <\/a>\n<\/div>\n<\/div>\n<div class=\"grid grid-desktop-50 grid-mobile-100\">\n<div class=\"holder button\">\n<a class=\"btn btn-large btn-full \" href=\"https:\/\/donation.vedicpandits.org\/cs\/yagya\/special-yagya\/\"> > Speci\u00e1ln\u00ed Jagja <\/a>\n<\/div>\n<\/div>\n<\/div>\n<p><\/p>\n<div class=\"border-line\">&nbsp;<\/div>\n<h4> CO JE TO JAGJA?<\/h4>\n<p>Jagja je starov\u011bk\u00e1 a \u00fa\u010dinn\u00e1 V\u00e9dsk\u00e1 technologie pro prevenci probl\u00e9m\u016f a z\u00e1rove\u0148 pro zv\u00fd\u0161en\u00ed \u00fasp\u011bchu a \u0161t\u011bst\u00ed na ka\u017ed\u00e9 \u00farovni. Tradici V\u00e9dsk\u00e9 recitace ozna\u010dilo UNESCO za nehmotn\u00e9 d\u011bdictv\u00ed lidstva.<\/p>\n<div class=\"border-line\">&nbsp;<\/div>\n<div class=\"grid-holder\">\n<div class=\"grid grid-desktop-50 grid-mobile-100\"><div class=\"holder\"><h4> CO JE VYJ\u00cdME\u010cN\u00c9HO NA MAHARI\u0160I JAGJA?<\/h4>\n<p>Mahari\u0161i Mahe\u0161 Jogi v\u011bnoval mnoho let pe\u010dliv\u00e9mu a systematick\u00e9mu o\u017eivov\u00e1n\u00ed Jagja a obnoven\u00ed t\u00e9to starov\u011bk\u00e9 technologie v cel\u00e9 jej\u00ed s\u00edle. Mahari\u0161i obnovil kl\u00ed\u010dov\u00e9 pochopen\u00ed toho, \u017ee V\u00e9dsk\u00e9 Mantry by m\u011bly b\u00fdt projektov\u00e1ny z v\u011bdom\u00ed ustanoven\u00e9m v transcendent\u00e1ln\u00ed \u00farovni \u0159e\u010di, kde spojen\u00ed mezi zvukem a formou &#8211; mezi p\u0159\u00e1n\u00edm a napln\u011bn\u00edm p\u0159\u00e1n\u00ed &#8211; je intimn\u011b propojeno a velmi siln\u00e9. Mahari\u0161i definoval dva aspekty, kter\u00e9 jsou podstatn\u00e9 pro spr\u00e1vn\u00e9 praktikov\u00e1n\u00ed v\u00e9dsk\u00e9 Jagja.<\/p>\n<p>Za prv\u00e9, skrze denn\u00ed praktikov\u00e1n\u00ed TM a programu TM Sidhi, Mahari\u0161i V\u00e9d\u0161t\u00ed Pandit\u00e9 za\u017e\u00edvaj\u00ed hlouboce klidn\u00e9 stavy v\u011bdom\u00ed. To m\u00e1 za n\u00e1sledek o\u017eiven\u00ed transcendent\u00e1ln\u00edho zdroje \u0159e\u010di, kter\u00e9 je d\u016fle\u017eit\u00e9 pro recitaci a performanci Jagja. D\u016fsledkem toho Pandit\u00e9 vykon\u00e1vaj\u00ed Jagja z t\u00e9to velmi klidn\u00e9 \u00farovn\u011b v\u011bdom\u00ed a zapojuj\u00ed hlub\u0161\u00ed \u00farovn\u011b p\u0159\u00edrodn\u00edch z\u00e1kon\u016f.<\/p>\n<p>Za druh\u00e9, Mahari\u0161i V\u00e9d\u0161t\u00ed Pandit\u00e9 podstupuj\u00ed jedine\u010dn\u00e9 a komplexn\u00ed \u0161kolen\u00ed. Po n\u011bkolik desetilet\u00ed Mahari\u0161\u00ed \u00fazce spolupracoval s nejv\u00edce ct\u011bn\u00fdmi Mistry Pandity nap\u0159\u00edc celou Indi\u00ed za \u00fa\u010delem zjemn\u011bn\u00ed a vytvo\u0159en\u00ed dokonal\u00e9ho vzd\u011bl\u00e1n\u00ed Pandit\u016f. Skrze toto vzd\u011bl\u00e1n\u00ed se nau\u010d\u00ed \u0159\u00e1dn\u00e9 praktikov\u00e1n\u00ed a v\u00fdslovov\u00e1n\u00ed v jeho pln\u00e9 tradi\u010dn\u00ed \u00fa\u010dinnosti.<\/p>\n<p>D\u00edky tomu maj\u00ed Mahari\u0161i Jagja tak siln\u00fd a rozs\u00e1hl\u00fd \u00fa\u010dinek.<\/p>\n<\/div><\/div>\n<div class=\"grid grid-desktop-50 grid-mobile-100\"><div class=\"holder\"><p><img loading=\"lazy\" decoding=\"async\" class=\"alignright size-full wp-image-261\" src=\"\/wp-content\/uploads\/2014\/04\/CHANTING-PANDIT-EYES-CLOSED432.jpg\" alt=\"CHANTING PANDIT EYES CLOSED432\" width=\"432\" height=\"516\" srcset=\"https:\/\/donation.vedicpandits.org\/wp-content\/uploads\/2014\/04\/CHANTING-PANDIT-EYES-CLOSED432.jpg 432w, https:\/\/donation.vedicpandits.org\/wp-content\/uploads\/2014\/04\/CHANTING-PANDIT-EYES-CLOSED432-251x300.jpg 251w, https:\/\/donation.vedicpandits.org\/wp-content\/uploads\/2014\/04\/CHANTING-PANDIT-EYES-CLOSED432-300x358.jpg 300w\" sizes=\"auto, (max-width: 432px) 100vw, 432px\" \/><\/p>\n<\/div><\/div>\n<\/div>\n","protected":false},"excerpt":{"rendered":"<p>MAHARI\u0160I JAGJA P\u0159\u00edsp\u011bvky skupin\u011b V\u00e9dsk\u00fdch Pandit\u016f v Indii z\u00e1rove\u0148 p\u0159isp\u00edvaj\u00ed speci\u00e1ln\u00ed V\u00e9dsk\u00e9 performanci, kterou Pandit\u00e9 prov\u00e1d\u011bj\u00ed a kter\u00e1 se naz\u00fdv\u00e1 Jagja. Jagja zahrnuj\u00ed v\u011bdu o zvuku k vytv\u00e1\u0159en\u00ed velk\u00e9ho mno\u017estv\u00ed prosp\u011b\u0161n\u00fdch \u00fa\u010dink\u016f pro va\u0161i zemi N\u00e1rodn\u00ed Jagjaa v\u00e1s samotn\u00e9 Speci\u00e1ln\u00ed Jagja. > N\u00e1rodn\u00ed Jagjaa > Speci\u00e1ln\u00ed Jagja CO JE TO JAGJA? Jagja je starov\u011bk\u00e1 a [&hellip;]<\/p>\n","protected":false},"author":3,"featured_media":183,"parent":0,"menu_order":0,"comment_status":"open","ping_status":"closed","template":"","meta":{"om_disable_all_campaigns":false,"_monsterinsights_skip_tracking":false,"_monsterinsights_sitenote_active":false,"_monsterinsights_sitenote_note":"","_monsterinsights_sitenote_category":0,"footnotes":""},"class_list":["post-6594","page","type-page","status-publish","has-post-thumbnail","hentry"],"_links":{"self":[{"href":"https:\/\/donation.vedicpandits.org\/cs\/wp-json\/wp\/v2\/pages\/6594","targetHints":{"allow":["GET"]}}],"collection":[{"href":"https:\/\/donation.vedicpandits.org\/cs\/wp-json\/wp\/v2\/pages"}],"about":[{"href":"https:\/\/donation.vedicpandits.org\/cs\/wp-json\/wp\/v2\/types\/page"}],"author":[{"embeddable":true,"href":"https:\/\/donation.vedicpandits.org\/cs\/wp-json\/wp\/v2\/users\/3"}],"replies":[{"embeddable":true,"href":"https:\/\/donation.vedicpandits.org\/cs\/wp-json\/wp\/v2\/comments?post=6594"}],"version-history":[{"count":10,"href":"https:\/\/donation.vedicpandits.org\/cs\/wp-json\/wp\/v2\/pages\/6594\/revisions"}],"predecessor-version":[{"id":7892,"href":"https:\/\/donation.vedicpandits.org\/cs\/wp-json\/wp\/v2\/pages\/6594\/revisions\/7892"}],"wp:featuredmedia":[{"embeddable":true,"href":"https:\/\/donation.vedicpandits.org\/cs\/wp-json\/wp\/v2\/media\/183"}],"wp:attachment":[{"href":"https:\/\/donation.vedicpandits.org\/cs\/wp-json\/wp\/v2\/media?parent=6594"}],"curies":[{"name":"wp","href":"https:\/\/api.w.org\/{rel}","templated":true}]}}