{"id":6598,"date":"2014-09-10T12:56:25","date_gmt":"2014-09-10T12:56:25","guid":{"rendered":"https:\/\/vedicpandits.org\/?page_id=6598"},"modified":"2020-02-27T11:41:18","modified_gmt":"2020-02-27T11:41:18","slug":"national-yagya","status":"publish","type":"page","link":"https:\/\/donation.vedicpandits.org\/cs\/yagya\/national-yagya\/","title":{"rendered":"National  Yagya"},"content":{"rendered":"<h4>CO JSOU N\u00c1RODN\u00cd JAGJA?<\/h4>\n<p>N\u00e1rodn\u00ed Jagja je specifick\u00e1 technologie pro dobro v\u00a0n\u00e1rod\u011b a prevenci probl\u00e9m\u016f v cel\u00e9m n\u00e1rod\u011b. Tyto Jagja jsou prov\u00e1d\u011bny skupinami Mahari\u0161i V\u00e9dsk\u00fdch Pandit\u016f ,s\u00eddl\u00edc\u00edch v Brahmasthanu (geografick\u00e9m st\u0159edu) Indie.<\/p>\n<div class=\"border-line\">&nbsp;<\/div>\n<div class=\"grid-holder\">\n<div class=\"grid grid-desktop-50 grid-mobile-100\"><div class=\"holder\"><p><img loading=\"lazy\" decoding=\"async\" class=\"alignleft size-full wp-image-277\" src=\"\/wp-content\/uploads\/2014\/04\/IMG_4957_reverse_web1.jpg\" alt=\"IMG_4957_reverse_web1\" width=\"432\" height=\"288\" srcset=\"https:\/\/donation.vedicpandits.org\/wp-content\/uploads\/2014\/04\/IMG_4957_reverse_web1.jpg 432w, https:\/\/donation.vedicpandits.org\/wp-content\/uploads\/2014\/04\/IMG_4957_reverse_web1-300x200.jpg 300w, https:\/\/donation.vedicpandits.org\/wp-content\/uploads\/2014\/04\/IMG_4957_reverse_web1-430x288.jpg 430w\" sizes=\"auto, (max-width: 432px) 100vw, 432px\" \/><\/p>\n<\/div><\/div>\n<div class=\"grid grid-desktop-50 grid-mobile-100\"><div class=\"holder\"><h4>JAK JSOU PROV\u00c1D\u011aNY?<\/h4>\n<p>N\u00e1rodn\u00ed Jagja jsou vykon\u00e1v\u00e1ny b\u011bhem periody dn\u016f \u010di t\u00fddn\u016f, podle rozsahu Jagja a zam\u00fd\u0161len\u00e9m \u00fa\u010delu (zn\u00e1m\u00e9m jako Sankalpa \u010di p\u0159edsevzet\u00ed), je\u017e si vol\u00ed dan\u00e1 zem\u011b. P\u0159\u00edkladem specifick\u00e9ho \u00fa\u010delu je: zv\u00fd\u0161en\u00ed ekonomick\u00e9ho pokroku, zlep\u0161en\u00ed zdrav\u00ed, n\u00e1rodn\u00ed soulad, redukce nebo odvr\u00e1cen\u00ed probl\u00e9m\u016f, jako jsou n\u00e1rodn\u00ed katastrofy, zlo\u010dinnost nebo skom\u00edraj\u00edc\u00ed ekonomika.<\/p>\n\t\t<div class=\"hidden-video\">\t\t\t\t\t\t\t\t\t\t\t\t\n\t\t\t<div class=\"video-container\"> [videojs autoplay=&#8220;false&#8220; mp4=&#8220;\/wp-content\/uploads\/2014\/06\/5.-Kavach-Display-1.mp4&#8243; width=&#8220;400&#8243; height=&#8220;400&#8243;] <\/div>\n\t\t<\/div>\n\t\t<a href=\"https:\/\/donation.vedicpandits.org\/cs\/yagya\/national-yagya\/?image_video=%2Fwp-content%2Fuploads%2F2014%2F06%2F5.-Kavach-Display-1.mp4\" class=\"video-link no-pointer\"><em>&gt; Poslechn\u011bte si Pandity v Brahmasthanu p\u0159i vykon\u00e1v\u00e1n\u00ed Jagja pro ochranu n\u00e1roda.<\/em><\/a>\n\n\t\n<\/div><\/div>\n<\/div>\n<div class=\"border-line\">&nbsp;<\/div>\n<a id=\"scienceofyagya\" name=\"scienceofyagya\"><\/a><\/p>\n<h4>V\u011aDA, KTER\u00c1 JE V Z\u00c1KLADU PERFORMANCE JAGJA<\/h4>\n<p>Poslechn\u011bte si Dr. Johna Hagelina, sv\u011btov\u011b uzn\u00e1van\u00e9ho kvantov\u00e9ho fyzika, vzd\u011blavatele, odborn\u00edka na spole\u010densk\u00e9 v\u011bdy a vedouc\u00edho zast\u00e1nce a pr\u016fkopn\u00edka m\u00edru:<\/p>\n<div class=\"grid-holder\">\n<div class=\"grid grid-desktop-50 grid-mobile-100\"><div class=\"holder\"><p span style=\"margin-left: 15px;\">\t<a href=\"https:\/\/donation.vedicpandits.org\/cs\/yagya\/national-yagya\/?image_video=https%3A%2F%2Fvimeo.com%2F80285421\" class=\"video-link \"><img decoding=\"async\" class=\"alignnone size-full wp-image-285\" src=\"https:\/\/donation.vedicpandits.org\/wp-content\/uploads\/2020\/02\/hagelin_5_videoimage.png\" alt=\"yagya_hagelin_1web1\" width=\"362\"  \/><\/a>\n\n\t\n\t<a href=\"https:\/\/donation.vedicpandits.org\/cs\/yagya\/national-yagya\/?image_video=https%3A%2F%2Fvimeo.com%2F80285421\" class=\"video-link no-pointer\"><em>&gt; Video 1: What is Maharishi Yagya?<\/em><\/a>\n\n\t\n<\/div><\/div>\n<div class=\"grid grid-desktop-50 grid-mobile-100\"><div class=\"holder\">\t<a href=\"https:\/\/donation.vedicpandits.org\/cs\/yagya\/national-yagya\/?image_video=https%3A%2F%2Fwww.youtube.com%2Fwatch%3Fv%3DPEEbpF59O4g%3Frel%3D0\" class=\"video-link \"><img loading=\"lazy\" decoding=\"async\" class=\"alignnone size-full wp-image-285\" src=\"https:\/\/donation.vedicpandits.org\/wp-content\/uploads\/2020\/02\/hagelin_yagya_charlie2.png\" alt=\"yagya_hagelin_2web2\" width=\"432\" height=\"242\" \/><\/a>\n\n\t\n\t<a href=\"https:\/\/donation.vedicpandits.org\/cs\/yagya\/national-yagya\/?image_video=https%3A%2F%2Fwww.youtube.com%2Fwatch%3Fv%3DPEEbpF59O4g%3Frel%3D0\" class=\"video-link no-pointer\"><em>&gt; Video 2: The scientific basis of Yagya.<\/em><\/a>\n\n\t\n<\/div><\/div>\n<\/div>\n<div class=\"border-line\">&nbsp;<\/div>\n<h4 style=\"text-align: center;\">\u010cTY\u0158I D\u016eVODY, PRO\u010c PODPOROVAT MAHARI\u0160I V\u00c9DSK\u00c9 PANDITY A N\u00c1RODN\u00cd JAGJA<\/h4>\n<h4 style=\"text-align: center;\">1. PODPORA PRO VA\u0160I ZEMI<\/h4>\n<p style=\"text-align: center;\">N\u00e1rodn\u00ed Jagja siln\u011b podporuj\u00ed m\u00edr, \u00fasp\u011bch, prosperitu a n\u00e1rodn\u00ed nezdolnost, zam\u011b\u0159en\u00e9 speci\u00e1ln\u011b na prosp\u011bch va\u0161\u00ed zem\u011b.<\/p>\n<h4 style=\"text-align: center;\">2. CHR\u00c1NIT SI SV\u016eJ SV\u011aT A SVOJE PROST\u0158ED\u00cd<\/h4>\n<p style=\"text-align: center;\">Kolektivn\u00ed \u00fa\u010dinek mnoha N\u00e1rodn\u00edch Jagja m\u00e1 siln\u00fd pozitivn\u00ed vliv na cel\u00fd sv\u011bt. Nav\u00edc, va\u0161e dary zv\u011bt\u0161uj\u00ed rozsah skupiny v Brahmastanu Indie sm\u011brem k z\u00e1sadn\u00edmu po\u010dtu 9\u00a0000, pot\u0159ebn\u00e9mu k zaji\u0161t\u011bn\u00ed sv\u011btov\u00e9ho m\u00edru.<\/p>\n<h4 style=\"text-align: center;\">3. CHR\u00c1NIT SEBE A SVOU RODINU<\/h4>\n<p style=\"text-align: center;\">\tZ va\u0161\u00ed podpory t\u011b\u017e\u00ed i v\u00e1\u0161 n\u00e1rod a tento prosp\u011bch dos\u00e1hne zase zp\u011btn\u011b k v\u00e1m jako\u017eto k\u00a0ob\u010danovi t\u00e9 zem\u011b. V\u0161ichni zn\u00e1me r\u010den\u00ed: ,,Jak zaseje\u0161, tak sklid\u00ed\u0161\u201d. V odv\u011bk\u00e9 V\u00e9dsk\u00e9 tradici se v\u00ed, \u017ee ti, kdo podporuj\u00ed Jagja, maj\u00ed  z n\u00ed nejv\u011bt\u0161\u00ed u\u017eitek a prosp\u011bch. <\/p>\n<h4 style=\"text-align: center;\">4. UCHOVEJME KULTURN\u00cd V\u00c9DSK\u00c9 D\u011aDICTV\u00cd<\/h4>\n<p style=\"text-align: center;\">Mahari\u0161i kladl velk\u00fd d\u016fraz na obnoven\u00ed V\u00e9dsk\u00e9 tradice, proto\u017ee nab\u00edz\u00ed vzd\u011bl\u00e1n\u00ed a techniky k realizaci na\u0161eho pln\u00e9ho potenci\u00e1lu \u2013 individu\u00e1ln\u011b i kolektivn\u011b. V\u0161echny dary pro N\u00e1rodn\u00ed Jagja z\u00e1rove\u0148 podporuj\u00ed Pandity a zaji\u0161\u0165uj\u00ed, \u017ee toto vzd\u011bl\u00e1n\u00ed z\u016fstane dostupn\u00e9 i pro budouc\u00ed generace.<\/p>\n<div class=\"border-line\">&nbsp;<\/div>\n\t<p style=\"text-align: center\">\n\t\t<a href=\"https:\/\/donation.vedicpandits.org\/cs\/intermediary-donation-page\/\"   class=\"btn btn-large \" > > \n\t\t\tP\u0159isp\u011bjte na N\u00e1rodn\u00ed Jagja\t\t<\/a>\n\t<\/p>\n\n\t\n<div class=\"border-line\">&nbsp;<\/div>\n<h4>BU\u010eTE UVEDENI V JAGJA<\/h4>\n<p>Jednou z mo\u017enost\u00ed je sponzorovat N\u00e1rodn\u00ed Jagja v cel\u00e9 jej\u00ed \u010d\u00e1stce (za\u010d\u00edn\u00e1 ji\u017e od 1 250 americk\u00fdch dolar\u016f). V takov\u00e9m p\u0159\u00edpad\u011b bude va\u0161e jm\u00e9no uvedeno v Sankalpa (zam\u00fd\u0161len\u00fd \u00fa\u010del-p\u0159\u00e1n\u00ed \u010di p\u0159edsevzet\u00ed) na za\u010d\u00e1tku performance Jagja.<\/p>\n<p>P\u0159isp\u011bn\u00ed na N\u00e1rodn\u00ed Jagja p\u0159inese prosp\u011bch jak va\u0161\u00ed zemi tak z\u00e1rove\u0148 i v\u00e1m samotn\u00fdm.<\/p>\n","protected":false},"excerpt":{"rendered":"<p>CO JSOU N\u00c1RODN\u00cd JAGJA? N\u00e1rodn\u00ed Jagja je specifick\u00e1 technologie pro dobro v\u00a0n\u00e1rod\u011b a prevenci probl\u00e9m\u016f v cel\u00e9m n\u00e1rod\u011b. Tyto Jagja jsou prov\u00e1d\u011bny skupinami Mahari\u0161i V\u00e9dsk\u00fdch Pandit\u016f ,s\u00eddl\u00edc\u00edch v Brahmasthanu (geografick\u00e9m st\u0159edu) Indie. V\u011aDA, KTER\u00c1 JE V Z\u00c1KLADU PERFORMANCE JAGJA Poslechn\u011bte si Dr. Johna Hagelina, sv\u011btov\u011b uzn\u00e1van\u00e9ho kvantov\u00e9ho fyzika, vzd\u011blavatele, odborn\u00edka na spole\u010densk\u00e9 v\u011bdy a vedouc\u00edho [&hellip;]<\/p>\n","protected":false},"author":3,"featured_media":3256,"parent":6594,"menu_order":0,"comment_status":"open","ping_status":"closed","template":"","meta":{"om_disable_all_campaigns":false,"_monsterinsights_skip_tracking":false,"_monsterinsights_sitenote_active":false,"_monsterinsights_sitenote_note":"","_monsterinsights_sitenote_category":0,"footnotes":""},"class_list":["post-6598","page","type-page","status-publish","has-post-thumbnail","hentry"],"_links":{"self":[{"href":"https:\/\/donation.vedicpandits.org\/cs\/wp-json\/wp\/v2\/pages\/6598","targetHints":{"allow":["GET"]}}],"collection":[{"href":"https:\/\/donation.vedicpandits.org\/cs\/wp-json\/wp\/v2\/pages"}],"about":[{"href":"https:\/\/donation.vedicpandits.org\/cs\/wp-json\/wp\/v2\/types\/page"}],"author":[{"embeddable":true,"href":"https:\/\/donation.vedicpandits.org\/cs\/wp-json\/wp\/v2\/users\/3"}],"replies":[{"embeddable":true,"href":"https:\/\/donation.vedicpandits.org\/cs\/wp-json\/wp\/v2\/comments?post=6598"}],"version-history":[{"count":13,"href":"https:\/\/donation.vedicpandits.org\/cs\/wp-json\/wp\/v2\/pages\/6598\/revisions"}],"predecessor-version":[{"id":39836,"href":"https:\/\/donation.vedicpandits.org\/cs\/wp-json\/wp\/v2\/pages\/6598\/revisions\/39836"}],"up":[{"embeddable":true,"href":"https:\/\/donation.vedicpandits.org\/cs\/wp-json\/wp\/v2\/pages\/6594"}],"wp:featuredmedia":[{"embeddable":true,"href":"https:\/\/donation.vedicpandits.org\/cs\/wp-json\/wp\/v2\/media\/3256"}],"wp:attachment":[{"href":"https:\/\/donation.vedicpandits.org\/cs\/wp-json\/wp\/v2\/media?parent=6598"}],"curies":[{"name":"wp","href":"https:\/\/api.w.org\/{rel}","templated":true}]}}