{"id":6602,"date":"2014-09-10T12:57:22","date_gmt":"2014-09-10T12:57:22","guid":{"rendered":"https:\/\/vedicpandits.org\/?page_id=6602"},"modified":"2023-03-15T23:36:28","modified_gmt":"2023-03-15T23:36:28","slug":"special-yagya","status":"publish","type":"page","link":"https:\/\/donation.vedicpandits.org\/cs\/yagya\/special-yagya\/","title":{"rendered":"Special Yagya"},"content":{"rendered":"<h4>MAHARI\u0160IHO SPECI\u00c1LN\u00cd JAGJA<\/h4>\n<p>Stejn\u011b jako v\u0161echny Mahari\u0161i Jagja, speci\u00e1ln\u00ed Jagja jsou p\u0159edev\u0161\u00edm prost\u0159edkem k vytvo\u0159en\u00ed m\u00edru a prosperity pro na\u0161i sv\u011btovou rodinu. Nav\u00edc oslavuj\u00ed d\u00e1rce, kte\u0159\u00ed je sponzoruj\u00ed, o\u017eivuj\u00ed po\u017eehn\u00e1n\u00ed p\u0159\u00edrody pro n\u011b a jejich rodinu v r\u016fzn\u00fdch oblastech \u017eivota.<br \/>\nMahari\u0161i vyprojektoval unik\u00e1tn\u00ed v\u00fdb\u011br Speci\u00e1ln\u00edch performanc\u00ed Jagja, je\u017e p\u0159in\u00e1\u0161ej\u00ed celkovou podporu pro osobnostn\u00ed r\u016fst a dobro p\u0159\u00edjemc\u016f. Tyto Speci\u00e1ln\u00ed Jagja p\u0159in\u00e1\u0161ej\u00ed po\u017eehn\u00e1n\u00ed P\u0159\u00edrody jedinc\u016fm i rodin\u00e1m. Narozeninov\u00e1 a svatebn\u00ed Jagja, Jagja p\u0159i v\u00fdro\u010d\u00ed svatby a p\u0159i narozen\u00ed d\u00edt\u011bte jsou vykon\u00e1v\u00e1ny v kl\u00ed\u010dov\u00fdch obdob\u00edch zm\u011bn, kdy\u017e jsou specifick\u00e9 podporuj\u00edc\u00ed z\u00e1kony p\u0159\u00edrody obzvl\u00e1\u0161t\u011b \u017eiv\u00e9 a p\u0159\u00edstupn\u00e9.<\/p>\n<p>Ned\u00e1vno jsme zp\u0159\u00edstupnili novou Speci\u00e1ln\u00ed Jagja \u2013 Jagja blahobytu\/pohody, je\u017e m\u016f\u017ee b\u00fdt vykon\u00e1v\u00e1na t\u00e9m\u011b\u0159 v kter\u00fdkoliv den, kter\u00fd si vyberete. Jagja mohou b\u00fdt vykon\u00e1v\u00e1ny tolikr\u00e1t, kolikr\u00e1t si p\u0159ejete, b\u011bhem cel\u00e9ho roku, dokonce ka\u017ed\u00fd m\u011bs\u00edc. Kdy\u017e si vyb\u00edr\u00e1te, zvolte si datum, kter\u00e9 byste vy sami up\u0159ednostnili pro danou Jagja.<\/p>\n<p>V\u0161echny Speci\u00e1ln\u00ed Jagja si m\u016f\u017eete vy\u017e\u00e1dat pro sebe, pro rodinn\u00e9 p\u0159\u00edslu\u0161n\u00edky, nebo pro p\u0159\u00e1tele. Ka\u017ed\u00e1 z t\u011bchto d\u016fle\u017eit\u00fdch Jagja po\u0159\u00e1dn\u011b rozh\u00fdbe \u017eivot \u2013 z nejz\u00e1kladn\u011bj\u0161\u00ed \u00farovn\u011b samotn\u00e9ho sjednocen\u00e9ho pole v\u0161ech z\u00e1kon\u016f p\u0159\u00edrody. Takto Jagja nejen povznesou jedince, ale tak\u00e9 napom\u00e1haj\u00ed rozpou\u0161t\u011bt disharmonii a vytv\u00e1\u0159et m\u00edr a pokrok v cel\u00e9 spole\u010dnosti.<\/p>\n<p>&nbsp;<\/p>\n<div style=\"padding:10px; background-color:white;\">\n<div style=\"border-size:2px;border-style:solid;border-color:#e4bb4b;\">\n<div style=\"text-align: center; padding-top:10px; padding-right:5px; padding-bottom:0px; padding-left:5px;\">\n&nbsp;<\/p>\n<h4>ZVL\u00c1\u0160TN\u00cd OZN\u00c1MEN\u00cd OD RAJA HARRIS \u2013 PRODLOU\u017dEN\u00c9 DNY<\/h4>\n<\/div>\n<div style=\"text-align: left; padding-top:20px; padding-right:20px; padding-bottom:40px; padding-left:20px;\">Na z\u00e1klad\u011b sv\u00fdch pozitivn\u00edch zku\u0161enost\u00ed se speci\u00e1ln\u00edmi yagy se mnoz\u00ed ptali, zda by tyto yagy mohly b\u00fdt prodlou\u017eeny na v\u00edce ne\u017e jeden den. Po konzultaci s vedouc\u00edmi Pandit nab\u00eddneme mo\u017enosti pro druh\u00fd a t\u0159et\u00ed den Special Yagyas. Aby to bylo dostupn\u011bj\u0161\u00ed, byly denn\u00ed n\u00e1klady na tyto Yagyas sn\u00ed\u017eeny. <\/p>\n<\/div>\n<\/div>\n<\/div>\n<p>&nbsp;<br \/>\n<div class=\"grid-holder\">\n<div class=\"grid grid-desktop-50 grid-mobile-100\"><div class=\"holder\"><p><strong>Klikn\u011bte n\u00ed\u017ee a vyberte si typ Jagja:<\/strong><br \/>\nNa ka\u017ed\u00e9 Jagja se \u00fa\u010dastn\u00ed hodn\u011b Pandit\u016f a v ka\u017ed\u00e9 Jagja vy\u0161\u0161\u00ed \u00farovn\u011b je zahrnut vy\u0161\u0161\u00ed po\u010det Pandit\u016f, co\u017e m\u00e1 v d\u016fsledku v\u00fdznamn\u011b vy\u0161\u0161\u00ed \u00fa\u010dinnost.<\/p>\n<ul>\n<li>\t<a href=\"https:\/\/sponsor.specialyagyas.org\/bwb.php?site=vp&amp;bwb=birthday\" class=\"tooltipster\" title=\"Speci\u00e1ln\u00ed Jagja spravuje Brahmananda Saraswati Yagya Foundation, registrovan\u00e1 charita v USA. Klikn\u011bte zde a my v\u00e1s p\u0159esm\u011brujeme na tuto webovou str\u00e1nku.\">\n\t\tNarozeniny:  vykon\u00e1v\u00e1na v den narozenin\t<\/a>\n\t\n<p>Jednodenn\u00ed Yagya: \u00darove\u0148 p\u0159\u00edsp\u011bvku: $1,000 | $2,500<br \/>\nDvoudenn\u00ed Yagya: \u00darove\u0148 p\u0159\u00edsp\u011bvku: $1,500 | $3,000<br \/>\nT\u0159\u00eddenn\u00ed Yagya: \u00darove\u0148 p\u0159\u00edsp\u011bvku: $2,000 | $3,500<\/p>\n<li>\t<a href=\"https:\/\/sponsor.specialyagyas.org\/bwb.php?site=vp&amp;bwb=well-being\" class=\"tooltipster\" title=\"Speci\u00e1ln\u00ed Jagja spravuje Brahmananda Saraswati Yagya Foundation, registrovan\u00e1 charita v USA. Klikn\u011bte zde a my v\u00e1s p\u0159esm\u011brujeme na tuto webovou str\u00e1nku.\">\n\t\tBlahobyt\/pohoda &#8211; m\u016f\u017ee b\u00fdt vykon\u00e1na v kter\u00fdkoliv den\t<\/a>\n\t\n<p>Jednodenn\u00ed Yagya: \u00darove\u0148 p\u0159\u00edsp\u011bvku: $1,000 | $2,500<br \/>\nDvoudenn\u00ed Yagya: \u00darove\u0148 p\u0159\u00edsp\u011bvku: $1,500 | $3,000<br \/>\nT\u0159\u00eddenn\u00ed Yagya: \u00darove\u0148 p\u0159\u00edsp\u011bvku: $2,000 | $3,500<\/p>\n<li>\t<a href=\"https:\/\/sponsor.specialyagyas.org\/wedding.php?site=vp&amp;waw=w\" class=\"tooltipster\" title=\"Speci\u00e1ln\u00ed Jagja spravuje Brahmananda Saraswati Yagya Foundation, registrovan\u00e1 charita v USA. Klikn\u011bte zde a my v\u00e1s p\u0159esm\u011brujeme na tuto webovou str\u00e1nku.\">\n\t\tSvatba &#8211; vykon\u00e1v\u00e1 se v den svatby\t<\/a>\n\t\n<p>Jednodenn\u00ed Yagya: \u00darove\u0148 p\u0159\u00edsp\u011bvku: $1,500 | $3,000<br \/>\nDvoudenn\u00ed Yagya: \u00darove\u0148 p\u0159\u00edsp\u011bvku:$2,000 | $3,500<br \/>\nT\u0159\u00eddenn\u00ed Yagya: \u00darove\u0148 p\u0159\u00edsp\u011bvku:$2,500 | $4,000<\/p>\n<li>\t<a href=\"https:\/\/sponsor.specialyagyas.org\/wedding.php?site=vp&amp;waw=wa\" class=\"tooltipster\" title=\"Speci\u00e1ln\u00ed Jagja spravuje Brahmananda Saraswati Yagya Foundation, registrovan\u00e1 charita v USA. Klikn\u011bte zde a my v\u00e1s p\u0159esm\u011brujeme na tuto webovou str\u00e1nku.\">\n\t\tV\u00fdro\u010d\u00ed svatby &#8211; vykon\u00e1v\u00e1 se v den v\u00fdro\u010d\u00ed svatby\t<\/a>\n\t\n<p>Jednodenn\u00ed Yagya: \u00darove\u0148 p\u0159\u00edsp\u011bvku: $1,500 | $3,000<br \/>\nDvoudenn\u00ed Yagya: \u00darove\u0148 p\u0159\u00edsp\u011bvku:$2,000 | $3,500<br \/>\nT\u0159\u00eddenn\u00ed Yagya: \u00darove\u0148 p\u0159\u00edsp\u011bvku:$2,500 | $4,000<\/p>\n<li>\t<a href=\"https:\/\/sponsor.specialyagyas.org\/newborn.php?site=vp\" class=\"tooltipster\" title=\"Speci\u00e1ln\u00ed Jagja spravuje Brahmananda Saraswati Yagya Foundation, registrovan\u00e1 charita v USA. Klikn\u011bte zde a my v\u00e1s p\u0159esm\u011brujeme na tuto webovou str\u00e1nku.\">\n\t\tNarozen\u00ed d\u00edt\u011bte &#8211; vykon\u00e1v\u00e1 se pro d\u00edt\u011b 40 dn\u00ed po jeho narozen\u00ed\t<\/a>\n\t\n<p>Jednodenn\u00ed Yagya: \u00darove\u0148 p\u0159\u00edsp\u011bvku: $1,000 | $2,500<br \/>\nDvoudenn\u00ed Yagya: \u00darove\u0148 p\u0159\u00edsp\u011bvku: $1,500 | $3,000<br \/>\nT\u0159\u00eddenn\u00ed Yagya: \u00darove\u0148 p\u0159\u00edsp\u011bvku: $2,000 | $3,500\n<\/ul>\n<\/div><\/div>\n<div class=\"grid grid-desktop-50 grid-mobile-100\"><div class=\"holder\"><p><img loading=\"lazy\" decoding=\"async\" class=\"alignleft size-full wp-image-423\" src=\"\/wp-content\/uploads\/2014\/04\/pandits_5320.jpg\" alt=\"pandits_5320\" width=\"432\" height=\"326\" srcset=\"https:\/\/donation.vedicpandits.org\/wp-content\/uploads\/2014\/04\/pandits_5320.jpg 432w, https:\/\/donation.vedicpandits.org\/wp-content\/uploads\/2014\/04\/pandits_5320-300x226.jpg 300w\" sizes=\"auto, (max-width: 432px) 100vw, 432px\" \/><\/p>\n<\/div><\/div>\n<\/div>\n<p>Dary na Speci\u00e1ln\u00ed Jagja jdou do nadace Brahmananda Saraswati Yagya Foundation, americk\u00e1 neziskov\u00e1 organizace.<\/p>\n<div class=\"border-line\">&nbsp;<\/div>\n<h4>JAK SE P\u0158IHL\u00c1SIT<\/h4>\n<p>Objednat si Mahari\u0161i Speci\u00e1ln\u00ed Jagja je snadn\u00e9. Cel\u00e1 p\u0159ihl\u00e1\u0161ka i platba m\u016f\u017ee b\u00fdt provedena p\u0159es internet. Klikn\u011bte na oran\u017eov\u00fd punt\u00edk \u201cP\u0159ihlaste se na Speci\u00e1ln\u00ed Jagja\u201d.<\/p>\n<p><strong>Pros\u00edm ode\u0161lete svou objedn\u00e1vku alespo\u0148 t\u00fdden p\u0159edem <\/strong> Je tak\u00e9 t\u0159eba uv\u00e9st dobu (hodinu) narozen\u00ed a m\u011bsto, kde jste se narodili.<\/p>\n<p>Pro v\u00edce informac\u00ed se pros\u00edm pod\u00edvejte na \u010casto kladen\u00e9 ot\u00e1zky n\u00ed\u017ee na t\u00e9to str\u00e1nce. M\u00e1te-li n\u011bjak\u00e9 dotazy, dejte n\u00e1m pros\u00edm v\u011bd\u011bt: <a href=\"mailto:specialyagyas@vedicpandits.org\">specialyagyas@vedicpandits.org<\/a><\/p>\n<p>P\u0159ij\u00edm\u00e1me platbu p\u0159es Visa, MasterCard, American Express, and PayPal.<\/p>\n<div class=\"border-line\">&nbsp;<\/div>\n\t<p style=\"text-align: center\">\n\t\t<a href=\"https:\/\/sponsor.specialyagyas.org\/apply.php?site=vp\"   class=\"btn btn-large tooltipster\" title=\"Speci\u00e1ln\u00ed Jagja spravuje Brahmananda Saraswati Yagya Foundation, registrovan\u00e1 charita v USA. Klikn\u011bte zde a my v\u00e1s p\u0159esm\u011brujeme na tuto webovou str\u00e1nku.\"> > \n\t\t\tP\u0159ihlaste se na Speci\u00e1ln\u00ed Jagja\t\t<\/a>\n\t<\/p>\n\n\t\n<div class=\"border-line\">&nbsp;<\/div>\n<div class=\"box-quote\">\n<p><strong>C\u00edtil jsem novou s\u00edlu a jasnost v\u00a0m\u00e9m byt\u00ed\u00a0 <\/strong><br \/>\u201cU\u017e noc p\u0159ed mou Jagja pro blahobyt a pohodu jsem c\u00edtil n\u011bjakou jemnost a lehkost a radost ve vzduchu. V\u00a0ten den byl tak\u00e9 m\u016fj program Transcendent\u00e1ln\u00ed Meditace nepopsateln\u00fdm zp\u016fsobem hlub\u0161\u00ed ne\u017e kdykoliv p\u0159edt\u00edm. Ve\u010der pak a v\u00a0n\u00e1sleduj\u00edc\u00edch dnech jsem c\u00edtil n\u011bjakou novou s\u00edlu a hlubokou jasnost v\u00a0m\u00e9m byt\u00ed.\u201d<br \/>Nizozem\u00ed<\/p>\n<\/div>\n<div class=\"accordion\"><div class=\"accordion-entry\"><em><a href=\"#\">&gt; P\u0159e\u010dt\u011bte si v\u00edce z\u00e1\u017eitk\u016f ze Speci\u00e1ln\u00ed Jagja od jejich p\u0159\u00edjemc\u016f<\/a><\/em><div class=\"hidden-content\">\n<div class=\"box-quote\">\n<p><strong>V\u0161echno prob\u00edh\u00e1 bez n\u00e1mahy <\/strong><br \/>,,V den m\u00fdch narozenin jsem byl p\u0159ekvapen hloubkou pocitu, \u017ee v\u0161echno kolem m\u011b prob\u00edh\u00e1 bez n\u00e1mahy, m\u00edrumilovn\u011b a jemn\u011b. Byl to zna\u010dn\u00fd rozd\u00edl od ostatn\u00edch narozenin. D\u011bkuji t\u011bm, kte\u0159\u00ed to zorganizovali&#8220;.<br \/>Kanada<\/p>\n<p><strong>Nej\u0161\u0165astn\u011bj\u0161\u00ed, co si pamatuji <\/strong><br \/>&#8222;N\u011bkter\u00e9 situace, kter\u00e9 stagnovaly, se za\u010daly pohybovat spr\u00e1vn\u00e9m sm\u011brem. Co se t\u00fdk\u00e1 m\u00fdch narozenin, byly nej\u0161\u0165astn\u011bj\u0161\u00ed, co si pamatuji z posledn\u00edch mnoha let. Byl to cel\u00fd t\u00fdden oslav, n\u011bco, co jsem asi nem\u011bl ani v m\u00fdch super dnech ml\u00e1d\u00ed. Jsem velmi spokojen s v\u00fdsledky t\u00e9to performance. Cht\u011bl bych, aby tu u\u017e byly moje p\u0159\u00ed\u0161t\u00ed narozeniny.&#8220;<br \/>It\u00e1lie\n<\/p>\n<p><strong>C\u00edt\u00edm se po\u017eehnan\u011b <\/strong><br \/>,,Po yagya zde byla hmatateln\u00e1 zm\u011bna ve v\u011bdom\u00ed. C\u00edt\u00edm se velmi po\u017eehnan\u011b. Moc se t\u011b\u0161\u00edm na ka\u017edoro\u010dn\u00ed narozeninovou yagya.&#8220;\t\t\tD.D. \u2014 UK<br \/>UK<\/p>\n<p><strong>Kosmick\u00fd \u00fasm\u011bv<\/strong><br \/>,,Zku\u0161enost je opravdu kosmick\u00e1 a propojuje v\u0161echny \u00farovn\u011b existence v kosmu. \u00dasm\u011bv, a \u010dlov\u011bk se c\u00edt\u00ed jako by se na n\u011bj snesl zlat\u00fd prach. D\u00edky v\u0161em v\u00e9dsk\u00fdm pandit\u016fm, kte\u0159\u00ed performuj\u00ed yagya, a cel\u00e9 v\u00e9dsk\u00e9 tradici, kter\u00e1 n\u00e1m p\u0159inesla tuto \u010distou bo\u017eskou znalost&#8220;. <br \/>Srbsko<\/p>\n<p><strong>Byl to kr\u00e1sn\u00fd z\u00e1\u017eitek <\/strong><br \/>\u201cToto byla to moje prvn\u00ed Mahari\u0161i Jagja a byl to kr\u00e1sn\u00fd z\u00e1\u017eitek. U\u017e m\u00e1m v pl\u00e1nu nechat si ji ud\u011blat ka\u017ed\u00fd rok. Za\u010dalo to u\u017e noc p\u0159ed m\u00fdmi narozeninami &#8211; c\u00edtil jsem ohromn\u00e9 vlny intenzivn\u00ed bla\u017eenosti. Od t\u00e9 doby se vy\u0159e\u0161ilo hodn\u011b probl\u00e9m\u016f, kter\u00e9 mi p\u0159etrv\u00e1valy po dlouhou dobu. Byla to pro m\u011b velk\u00e1 \u00faleva. Taky c\u00edt\u00edm v\u00edce radosti a jsem spokojen\u011bj\u0161\u00ed. P\u0159ipad\u00e1 mi, \u017ee ka\u017edodenn\u00ed p\u0159ek\u00e1\u017eky, kter\u00e9 p\u0159ich\u00e1zej\u00ed, snadn\u011bji miz\u00ed a \u017ee moje aktivity jsou efektivn\u011bj\u00e1. D\u011bkuji za to, \u017ee jsou tyto Jagja umo\u017en\u011bny.\u201d<br \/>Kanada<\/p>\n<p><strong>Dopad je o\u010dividn\u00fd<\/strong><br \/>,,Ne\u010dekali jsme, \u017ee by n\u00e1s yagya ovlivnila tak p\u0159\u00edmo, ale ten dopad byl zjevn\u00fd. Vzpom\u00edn\u00e1m si na dopad v dlouhotrvaj\u00edc\u00ed m\u011b\u0159\u00edtku. Je to obt\u00ed\u017en\u00e9 popsat, ale nemo\u017en\u00e9 zapomenout.&#8220;<br \/>USA<\/p>\n<p><strong>Stalo se n\u011bco velmi mimo\u0159\u00e1dn\u00e9ho  <\/strong><br \/>\u201cJakmile jsem uhradil Jagja k v\u00fdro\u010d\u00ed svatby, stalo se v na\u0161em vztahu n\u011bco velmi mimo\u0159\u00e1dn\u00e9ho. Te\u010f je to jako kdy\u017e je v\u0161echno kr\u00e1sn\u011b \u010dist\u00e9 a transparentn\u00ed. Je to podivuhodn\u00e9, \u017ee Jagja dok\u00e1\u017ee fungovat u\u017e hned po uhrazen\u00ed poplatku.\u201d<br \/>Netherlands<\/p>\n<p><strong>Zakotven\u00ed v Absolutnu<\/strong><br \/>,,Po celou dobu jsme se c\u00edtli zakotvneni v Absolutnu, ve smyslu, \u017ee jsme byli naprosto nepohnuteln\u00ed. Net\u0159eba \u0159\u00edkat, \u017ee se t\u011b\u0161\u00edme na dal\u0161\u00ed.&#8220; <br \/>USA<\/p>\n<p><strong>Jagja odfoukla \u00fanavu a starch  <\/strong><br \/>&#8222;Bylo to velmi dobr\u00e9 rozhodnut\u00ed, kdy\u017e jsem si nechal ud\u011blat Jagja jako d\u00e1rek s\u00e1m sob\u011b k m\u00fdm \u201ckr\u00e1sn\u00fdm\u201d \u0161edes\u00e1tin\u00e1m. V tom dni, kdy se konala Jagja, jsem m\u011bl hezk\u00e9 pro\u017eitky. C\u00edtil jsem se velmi \u0161\u0165astn\u00fd, bylo mi p\u0159\u00edjemn\u011b a v\u0161echny moje aktivity prob\u00edhaly ve v\u011bt\u0161\u00edm klidu a pohod\u011b, ne\u017e obvykle. St\u00e1le je\u0161t\u011b c\u00edt\u00edm v\u00edce nad\u011bje a v\u011bt\u0161\u00ed podporu v m\u00e9m ka\u017edodenn\u00edm \u017eivot\u011b. Ale nejlep\u0161\u00ed je, \u017ee m\u00e9 srdce je otev\u0159en\u011bj\u0161\u00ed a moje meditace jsou hlub\u0161\u00ed, ne\u017e p\u0159edt\u00edm. Vypad\u00e1 to, \u017ee Jagja take odfoukla \u00fanavu a strach z minulosti, prost\u011b to zmizelo. Opravdu ka\u017ed\u00e9mu doporu\u010duji, aby si na\u0161et\u0159il na narozeninovou Jagja!.&#8220;<br \/>N\u011bmecko<\/p>\n<p><strong>\u017divot proud\u00ed v\u00edce jemn\u011b<\/strong><br \/>,,\u00da\u010dinek yagya je ohromn\u00fd, spousta lid\u00ed se kter\u00fdmi jsem se bavil, zaznamenali stejn\u011b kvalitn\u00ed zku\u0161enosti, jako jsou ty moje. \u017divot plyne mnohem v\u00edce jemn\u011b, podpora p\u0159\u00edrody je trval\u00e1 mal\u00fdmi v velk\u00fdmi zp\u016fsoby, p\u0159ek\u00e1\u017eky se rozptyluj\u00ed. C\u00edt\u00edm se v m\u00edru se v\u0161\u00edm.&#8220;<br \/>USA<\/p>\n<\/div>\n<a href=\"#\" class=\"close\">Close Section<\/a><\/div><\/div>\n<\/div>\n<div class=\"border-line\">&nbsp;<\/div>\n<div class=\"grid-holder\">\n<div class=\"grid grid-desktop-50 grid-mobile-100\"><div class=\"holder\">\t<a href=\"https:\/\/donation.vedicpandits.org\/cs\/yagya\/special-yagya\/?image_video=https%3A%2F%2Fvimeo.com%2F80285421\" class=\"video-link \"><img loading=\"lazy\" decoding=\"async\" class=\"alignnone size-full wp-image-285\" src=\"https:\/\/donation.vedicpandits.org\/wp-content\/uploads\/2023\/02\/J_Hagelin_what-is-Yagya_video-600x321-1.png\" alt=\"yagya_hagelin_1web1\" width=\"432\" height=\"242\" \/><\/a>\n\n\t\n\t<a href=\"https:\/\/donation.vedicpandits.org\/cs\/yagya\/special-yagya\/?image_video=https%3A%2F%2Fvimeo.com%2F80285421\" class=\"video-link no-pointer\"><em>&gt; Video 1: CO JE MAHARISHI JAGJA?<\/em><\/a>\n\n\t\n<\/div><\/div>\n<div class=\"grid grid-desktop-50 grid-mobile-100\"><div class=\"holder\"><h4>CO JE MAHARI\u0160I JAGJA?<\/h4>\n<p>Mahari\u0161I obnovil kl\u00ed\u010dov\u00e9 pochopen\u00ed V\u00e9dsk\u00fdch performanc\u00ed a rekonstruoval jejich spr\u00e1vn\u00e9 praktikov\u00e1n\u00ed, aby V\u00e9dsk\u00e9 Mantry byly projektov\u00e1ny z\u00a0v\u011bdom\u00ed, ukotven\u00e9ho v\u00a0 Para (transcendent\u00e1ln\u00ed) \u00farovni \u0159e\u010di, kde spojen\u00ed mezi zvukem a formou \u2013 mezi p\u0159\u00e1n\u00edm a vypln\u011bn\u00edm p\u0159\u00e1n\u00ed \u2013 je intimn\u011b propojeno a nesm\u00edrn\u011b siln\u00e9.<\/p>\n<p>Tato dovednost z\u00a0nutnosti zahrnuje praktikov\u00e1n\u00ed J\u00f3gy \u2013 Transcendent\u00e1ln\u00ed Meditace a programu TM Sidhi, v\u010detn\u011b Jog\u00ednsk\u00e9ho L\u00e9t\u00e1n\u00ed \u2013 co\u017e v\u00a0d\u016fsledku o\u017eivuje transcendent\u00e1ln\u00ed zdroj \u0159e\u010di, p\u0159edt\u00edm, ne\u017e za\u010dnou Pandit\u00e9 prov\u00e1d\u011bt recitaci a performance Jagja. Jedin\u011b Mahari\u0161i V\u00e9d\u0161t\u00ed Pandit\u00e9 maj\u00ed toto kl\u00ed\u010dov\u00e9 \u0161kolen\u00ed a dovednost. Pro \u00fapln\u011bj\u0161\u00ed vysv\u011btlen\u00ed si poslechn\u011bte Dr. Johna Hagelina, sv\u011btov\u011b uzn\u00e1van\u00e9ho kvantov\u00e9ho fyzika, vzd\u011blavatele, odborn\u00edka ve spole\u010densk\u00fdch v\u011bd\u00e1ch a p\u0159edn\u00edho pr\u016fkopn\u00edka m\u00edru.<\/p>\n<\/div><\/div>\n<\/div>\n<div class=\"border-line\">&nbsp;<\/div>\n<div class=\"accordion\"><div class=\"accordion-entry\"><em><a href=\"#\">&gt; \u010cASTO KLADEN\u00c9 OT\u00c1ZKY O SPECI\u00c1LN\u00cdCH JAGJA<\/a><\/em><div class=\"hidden-content\">\n<p>JAK JSOU \u0160KOLENI MAHARI\u0160I V\u00c9D\u0160T\u00cd PANDITI?<br \/>\n\u0160kolen\u00ed za\u010d\u00edn\u00e1 od \u00fatl\u00e9ho v\u011bku, kdy\u017e se d\u011bti za\u010d\u00ednaj\u00ed u\u010dit od sv\u00fdch rodi\u010d\u016f. Mlad\u00ed ho\u0161i z\u00a0rodin Pandit\u016f se zapoj\u00ed do Mahari\u0161iho form\u00e1ln\u00edho programu \u0161kolen\u00ed ve\u00a0sv\u00fdch lok\u00e1ln\u00edch oblastech okolo v\u011bku 10 let v\u00a0jednom z\u00a0mnoha \u201eGuru D\u017ei\u201c \u0161kolic\u00edm st\u0159edisku. Kdy\u017e je jim okolo 14 let, st\u011bhuj\u00ed se mlad\u00ed Panditi do n\u011bkter\u00e9ho z\u00a0hlavn\u00edch reziden\u010dn\u00edch kampus\u016f, je\u017e jsou v r\u016fzn\u00fdch m\u00edstech zem\u011b. Odtud obvykle postoup\u00ed do n\u011bkter\u00e9ho z\u00a0hlavn\u00edch kampus\u016f Mahari\u0161i V\u00e9dsk\u00fdch Pandit\u016f. V\u0161ichni Panditi jsou zaregistrov\u00e1ni v akreditovan\u00e9 univerzit\u011b\u00a0\u201eMaharishi Mahesh Yogi Vedic Vishwavidyalaya\u201c.  Jejich systematick\u00e9 \u0161kolen\u00ed pokra\u010duje a\u017e do doktorsk\u00e9 \u00farovn\u011b PhD. V\u0161ichni na\u0161i Panditi praktikuj\u00ed Transcendent\u00e1ln\u00ed Meditaci\u00ae a TM-Sidhi\u00ae program.<\/p>\n<p>CO KDY\u017d NEM\u00c1M P\u0158ESN\u00dd \u010cAS NAROZEN\u00cd?<br \/>\nPokuste se pros\u00edm ur\u010dit sv\u016fj \u010das narozen\u00ed tak p\u0159esn\u011b, jak nejv\u00edce to lze. Pokud ten p\u0159esn\u00fd \u010das nem\u00e1te, pak je p\u0159ijateln\u00fd v\u00e1\u0161 nejp\u0159esn\u011bj\u0161\u00ed p\u0159ibli\u017en\u00fd odhad.<\/p>\n<p>JE LEP\u0160\u00cd SPONZOROVAT SPECI\u00c1LN\u00cd JAGJA NEBO P\u0158ISP\u011aT NA N\u00c1RODN\u00cd JAGJA?<br \/>\nOb\u011b mo\u017enosti jsou skv\u011bl\u00e9 a ob\u011b p\u0159\u00edmo podporuj\u00ed tyto velk\u00e9 skupiny Mahari\u0161i V\u00e9dsk\u00fdch Pandit\u016f. Z\u00e1le\u017e\u00ed to na p\u0159\u00e1n\u00ed d\u00e1rce. V\u00a0p\u0159\u00edpad\u011b N\u00e1rodn\u00ed Jagja podpo\u0159\u00ed d\u00e1rce svou zemi a prost\u0159ednictv\u00edm tohoto \u00famyslu tak\u00e9 sebe. U Speci\u00e1ln\u00ed Jagja je hlavn\u00edm smyslem p\u0159\u00ednos \u00fa\u010dastn\u00edk\u016f. Ide\u00e1ln\u011b m\u016f\u017ee d\u00e1rce uva\u017eovat nechat si ud\u011blat Speci\u00e1ln\u00ed Jagja jednou nebo dvakr\u00e1t do roka, ale tak\u00e9 laskav\u011b pomoci ka\u017ed\u00fd m\u011bs\u00edc s\u00a0N\u00e1rodn\u00edmi Jagja, v\u00a0z\u00e1vislosti na sv\u00e9m rozpo\u010dtu.<\/p>\n<p>KAM JDOU TYTO DARY?<\/p>\n<p>Dary na program Speci\u00e1ln\u00ed Jagja jsou pos\u00edl\u00e1ny do nadace Brahmananda Saraswati Yagya Foundation, neziskov\u00e9 vzd\u011bl\u00e1vac\u00ed organizace pod sekc\u00ed 501(c)(3) U.S. Internal Revenue Code.<\/p>\n<p>Fondy darovan\u00e9 na Speci\u00e1ln\u00ed Jagja jdou p\u0159\u00edmo na podporu Mahari\u0161i V\u00e9dsk\u00fdch Pandit\u016f. <\/p>\n<p> Dary jsou uznateln\u00e9 pro pl\u00e1tce dan\u011b v\u00a0USA. Za ka\u017ed\u00fd dar v\u00e1m bude zasl\u00e1na faktura.<\/p>\n<p>U ostatn\u00edch zem\u00ed se pros\u00edm obra\u0165te s\u00a0t\u00edmto dotazem da\u0148ov\u00e9ho p\u0159izn\u00e1n\u00ed na sv\u00e9ho da\u0148ov\u00e9ho poradce. Pokud byste m\u011bli jin\u00e9 ot\u00e1zky, v\u00e1\u0161 n\u00e1rodn\u00ed ambasador se v\u00e1m bude r\u00e1d v\u011bnovat. Kontakt najdete na >O n\u00e1s\/Na\u0161e mezin\u00e1rodn\u00ed s\u00ed\u0165 ambasador\u016f.<\/p>\n<a href=\"#\" class=\"close\">Close Section<\/a><\/div><\/div>\n<\/div>\n","protected":false},"excerpt":{"rendered":"<p>MAHARI\u0160IHO SPECI\u00c1LN\u00cd JAGJA Stejn\u011b jako v\u0161echny Mahari\u0161i Jagja, speci\u00e1ln\u00ed Jagja jsou p\u0159edev\u0161\u00edm prost\u0159edkem k vytvo\u0159en\u00ed m\u00edru a prosperity pro na\u0161i sv\u011btovou rodinu. Nav\u00edc oslavuj\u00ed d\u00e1rce, kte\u0159\u00ed je sponzoruj\u00ed, o\u017eivuj\u00ed po\u017eehn\u00e1n\u00ed p\u0159\u00edrody pro n\u011b a jejich rodinu v r\u016fzn\u00fdch oblastech \u017eivota. Mahari\u0161i vyprojektoval unik\u00e1tn\u00ed v\u00fdb\u011br Speci\u00e1ln\u00edch performanc\u00ed Jagja, je\u017e p\u0159in\u00e1\u0161ej\u00ed celkovou podporu pro osobnostn\u00ed r\u016fst a [&hellip;]<\/p>\n","protected":false},"author":3,"featured_media":75951,"parent":6594,"menu_order":2,"comment_status":"open","ping_status":"closed","template":"","meta":{"om_disable_all_campaigns":false,"_monsterinsights_skip_tracking":false,"_monsterinsights_sitenote_active":false,"_monsterinsights_sitenote_note":"","_monsterinsights_sitenote_category":0,"footnotes":""},"class_list":["post-6602","page","type-page","status-publish","has-post-thumbnail","hentry"],"_links":{"self":[{"href":"https:\/\/donation.vedicpandits.org\/cs\/wp-json\/wp\/v2\/pages\/6602","targetHints":{"allow":["GET"]}}],"collection":[{"href":"https:\/\/donation.vedicpandits.org\/cs\/wp-json\/wp\/v2\/pages"}],"about":[{"href":"https:\/\/donation.vedicpandits.org\/cs\/wp-json\/wp\/v2\/types\/page"}],"author":[{"embeddable":true,"href":"https:\/\/donation.vedicpandits.org\/cs\/wp-json\/wp\/v2\/users\/3"}],"replies":[{"embeddable":true,"href":"https:\/\/donation.vedicpandits.org\/cs\/wp-json\/wp\/v2\/comments?post=6602"}],"version-history":[{"count":22,"href":"https:\/\/donation.vedicpandits.org\/cs\/wp-json\/wp\/v2\/pages\/6602\/revisions"}],"predecessor-version":[{"id":76021,"href":"https:\/\/donation.vedicpandits.org\/cs\/wp-json\/wp\/v2\/pages\/6602\/revisions\/76021"}],"up":[{"embeddable":true,"href":"https:\/\/donation.vedicpandits.org\/cs\/wp-json\/wp\/v2\/pages\/6594"}],"wp:featuredmedia":[{"embeddable":true,"href":"https:\/\/donation.vedicpandits.org\/cs\/wp-json\/wp\/v2\/media\/75951"}],"wp:attachment":[{"href":"https:\/\/donation.vedicpandits.org\/cs\/wp-json\/wp\/v2\/media?parent=6602"}],"curies":[{"name":"wp","href":"https:\/\/api.w.org\/{rel}","templated":true}]}}