{"id":6607,"date":"2014-09-08T07:10:05","date_gmt":"2014-09-08T07:10:05","guid":{"rendered":"https:\/\/vedicpandits.org\/?page_id=6607"},"modified":"2024-06-09T20:21:09","modified_gmt":"2024-06-09T20:21:09","slug":"about-us","status":"publish","type":"page","link":"https:\/\/donation.vedicpandits.org\/cs\/about-us\/","title":{"rendered":"About Us"},"content":{"rendered":"<h4> TRUST A NADACE<\/h4>\n<p>Financov\u00e1n\u00ed skupiny Mahari\u0161i V\u00e9dsk\u00fdch Pandit\u016f je organizov\u00e1no a spravov\u00e1no trustem Brahmananda Saraswati Trust v Nizozem\u00ed a nadac\u00ed Brahmananda Saraswati Foundatation v USA.<\/p>\n<p>Posl\u00e1n\u00ed trustu a nadace zahrnuje dohled nad celosv\u011btov\u00fdm fundraisingov\u00fdm programem, p\u0159\u00edjem dar\u016f a \u0159\u00edzen\u00ed investic z darovan\u00fdch financ\u00ed. Spole\u010dn\u011b \u0159\u00edd\u00ed a monitoruj\u00ed v\u0161echny platby sv\u00fdm \u0159\u00edd\u00edc\u00edm partner\u016fm v Indii a zaji\u0161\u0165uj\u00ed, \u017ee je dosa\u017eeno c\u00edle projektu. Na trust a nadaci dohl\u00ed\u017e\u00ed \u0159ada v\u011bdc\u016f, akademik\u016f a podnikatelsk\u00fdch l\u00eddr\u016f z cel\u00e9ho sv\u011bta.<br \/>\nTyto organizace byly zalo\u017eeny Mahari\u0161i Mahe\u0161em Jogi a pojmenov\u00e1ny na po\u010dest Mahari\u0161iho u\u010ditele, Guru D\u00e9va, Brahmananda Saraswati, kter\u00fd pat\u0159il mezi p\u0159edn\u00ed indick\u00e9 duchovn\u00ed v\u016fdce a byl hlavn\u00ed reprezentant V\u00e9dsk\u00e9 tradice v\u011bd\u011bn\u00ed.  <\/p>\n<div class=\"border-line\">&nbsp;<\/div>\n<div class=\"grid-holder grid-border-50\">\n<div class=\"grid grid-desktop-50 grid-mobile-100\"><div class=\"holder\"><h4>Brahmananda Saraswati Trust<\/h4>\n<p>Trust byl ustanoven v Nizozem\u00ed v roce 2008 jako neziskov\u00e1 organizace. Trust Brahmananda Saraswati Trust (Stichting) se zam\u011b\u0159uje na Evropu, zem\u011b St\u0159edn\u00edho v\u00fdchodu, Afriky a Asie. Dary jsou pro n\u011bkter\u00e9 evropsk\u00e9 zem\u011b da\u0148ov\u011b ode\u010ditateln\u00e9, pros\u00edm konzultujte ve sv\u00e9 zemi s da\u0148ov\u00fdm poradcem.<\/p>\n<\/div><\/div>\n<div class=\"grid grid-desktop-50 grid-mobile-100\"><div class=\"holder\"><h4> BRAHMANANDA SARASWATI FOUNDATION (USA)<\/h4>\n<p>Nadace byla ustanoven\u00e1 v USA v roce 2008 jako neziskov\u00e1 organizace. Nadace Brahmananda Saraswati Foundation je neziskov\u00e1 organizace typu 501(c)(3). Dary jsou da\u0148ov\u011b ode\u010ditateln\u00e9 pro americk\u00e9 da\u0148ov\u00e9 poplatn\u00edky.<\/p>\n<\/div><\/div>\n<\/div>\n<div class=\"border-line\">&nbsp;<\/div>\n<strong>Prezident Brahmananda Saraswati Foundation<\/strong><\/p>\n<p><img loading=\"lazy\" decoding=\"async\" src=\"https:\/\/globalpeaceproject.net\/wp-content\/uploads\/2020\/08\/Dr._Tony_Nader4.png\" alt=\"\" width=\"125\" height=\"164\" class=\"alignleft size-full wp-image-359\" \/><\/p>\n<p><strong>Tony Nader, MD PhD MARR <\/strong><\/p>\n<p style=\"margin-bottom:20px;\">Dr. Nader je l\u00e9ka\u0159, vy\u0161kolen\u00fd v Massachusetts Institute of Technology (Ph.D. v oboru neurov\u011bdy) a Harvard University, a celosv\u011btov\u011b uzn\u00e1van\u00fd v\u00e9dsk\u00fd v\u011bdec. Jako n\u00e1stupce Mahari\u0161i Mahe\u0161e Jogiho je Dr. Nader vedouc\u00edm mezin\u00e1rodn\u00edch organizac\u00ed Transcendental Meditation\u00ae je ve v\u00edce ne\u017e 100 zem\u00edch. Dr. Nader vede program Transcendent\u00e1ln\u00ed Meditace a jeho pokro\u010dil\u00e9 praktiky, pro vypln\u011bn\u00ed nejvy\u0161\u0161\u00edch aspirac\u00ed spole\u010dnosti ve v\u0161ech oblastech n\u00e1rodn\u00edho \u017eivota.<\/p>\n<div class=\"border-line\">&nbsp;<\/div>\n<p><strong> P\u0159edseda spr\u00e1vn\u00ed rady Nadace Brahmananda Saraswati<\/strong><\/p>\n<p><img loading=\"lazy\" decoding=\"async\" src=\"https:\/\/donation.vedicpandits.org\/wp-content\/uploads\/2020\/10\/DrMorris.jpg\" alt=\"\" width=\"125\" height=\"164\" class=\"alignleft size-full wp-image-359\" \/><\/p>\n<p><strong>Dr. Bevan Morris, D.S.C.I<\/strong><\/p>\n<p style=\"margin-bottom:0px;\">Dr. Morris vystudoval Cambridge University v Cambridge v Anglii. Byl v\u016fbec prvn\u00edm na sv\u011bt\u011b, kdo obdr\u017eel doktor\u00e1t v\u011bd v oboru Science of Creative Intelligence od Mahari\u0161iho. Po dobu 36 let byl prezidentem Maharishi University of Management ve Fairfieldu v Iow\u011b v USA a nyn\u00ed je emeritn\u00edm prezidentem a mezin\u00e1rodn\u00edm prezidentem Maharishi University of Management. Dr. Morris je nejv\u011bt\u0161\u00edm sv\u011btov\u00fdm odborn\u00edkem na Mahari\u0161iho vzd\u011bl\u00e1v\u00e1n\u00ed, zalo\u017een\u00e9 na v\u011bdom\u00ed Consciousness Based Education. Prezentoval Mahari\u0161iho programy ve v\u00edce ne\u017e 120 zem\u00edch, ve\u0159ejnosti a vl\u00e1dn\u00edm, vzd\u011bl\u00e1vac\u00edm a obchodn\u00edm l\u00eddr\u016fm.<\/p>\n<div class=\"border-line\">&nbsp;<\/div>\n<strong> P\u0159edseda p\u0159edstavenstva Brahmananda Saraswati Trust a CEO Brahmananda Saraswati Foundation and Trust<\/strong><\/p>\n<p><img loading=\"lazy\" decoding=\"async\" src=\"https:\/\/donation.vedicpandits.org\/wp-content\/uploads\/2020\/10\/harris_kaplan_4.jpg\" alt=\"\" width=\"125\" height=\"164\" class=\"alignleft size-full wp-image-359\" \/><\/p>\n<p><strong>Dr. Harris Kaplan, D.S.C.I <\/strong><\/p>\n<p style=\"margin-bottom:0px;\">Pot\u00e9, co v roce 1999 ode\u0161el z \u00fasp\u011b\u0161n\u00e9 kari\u00e9ry mana\u017eera investi\u010dn\u00edch fond\u016f, v\u011bnoval Dr. Kaplan sv\u016fj \u010das podpo\u0159e program, veden\u00fdch organizacemi Transcendent\u00e1ln\u00ed Meditace po cel\u00e9m sv\u011bt\u011b. Od roku 2006 je hlavn\u00edm spr\u00e1vcem projekt\u016f organizace Transcendent\u00e1ln\u00ed Meditace v Indii, v\u010detn\u011b \u0161kolen\u00ed a podpory tis\u00edc\u016f Mahari\u0161i Vedsk\u00fdch Pandit\u016f. Byl gener\u00e1ln\u00edm \u0159editelem BSF od jej\u00edho zalo\u017een\u00ed a tak\u00e9 pracuje v jej\u00edm finan\u010dn\u00edm v\u00fdboru a pom\u00e1h\u00e1 dohl\u00ed\u017eet na nadaci. <\/p>\n<div class=\"border-line\">&nbsp;<\/div>\n<div class=\"grid-holder\">\n<div class=\"grid grid-desktop-50 grid-mobile-100\"><div class=\"holder\"><p><strong>V\u00fdkonn\u00fd v\u00fdbor BSF BST<\/strong><\/p>\n<ul>\n<li>Dr. Bevan Morris &#8211; pedagog<br \/>\n    Maharishi Vedic City, Iowa<\/p>\n<li>Harris Kaplan DSCI &#8211; mana\u017eer investi\u010dn\u00edho fondu ve v\u00fdslu\u017eb\u011b<br \/>\n     Vlodrop, Nizozemsko<\/p>\n<li>John Hagelin. Ph.D. \u2013 Kvantov\u00fd fyzik: Prezident, Global Union of Scientists for Peace; Prezident Maharishi International University, Fairfield, IA, USA\n<li> Robert LoPinto &#8211; podnikatel a administr\u00e1tor<br \/>\n     Rockville, MD, USA<\/p>\n<li>Steve Rubin \u2013 podnikatel a administr\u00e1tor<br \/>\n    Sebastian, FL, USA\n<\/ul>\n<\/div><\/div>\n<div class=\"grid grid-desktop-50 grid-mobile-100\"><div class=\"holder\"><p><strong>BSF Board Members<\/strong><\/p>\n<ul>\n<li>Jose Luis Alvares \u2013 administr\u00e1tor<br \/>\n    Barcelona, \u0160pan\u011blsko<\/p>\n<li>Antonio Bartolom\u00e9 \u2013 Businessman<br \/>\n    Banast\u00e1s, Huesca, Spain<\/p>\n<li>Dr. Leslie Brooks, M.A. \u2013 administr\u00e1tor<br \/>\n    Lincoln, MA, USA<\/p>\n<li>Howard Martin Chandler, Ph.D. \u2013 vzd\u011blavatel<br \/>\n    Boston, MA , USA<\/p>\n<li>Rafael David &#8211; podnikatel<br \/>\nVero Beach, FL, USA<\/p>\n<li>Dr. Arlene Kaplan \u2013 administr\u00e1torka<br \/>\n    Vlodrop, The Netherlands<\/p>\n<li>Dr. Neil Paterson  &#8211; administr\u00e1torka<br \/>\n    Salt Spring Island, Canada<\/p>\n<li>Rainer Picha, M.D. \u2013 kardiolog a v\u011bdeck\u00fd pracovn\u00edk<br \/>\n    V\u00edde\u0148, Rakousko<\/p>\n<li>Dr. Susie Swan  &#8211; administr\u00e1torka a um\u011bleck\u00e1 grafi\u010dka<br \/>\n    Nizozemsko a Kapsk\u00e9 M\u011bsto, Ji\u017en\u00ed Afrika<\/p>\n<li>Maureen Wynne, J.D. \u2013 pr\u00e1vni\u010dka<br \/>\n    Maharishi Vedic City, IA, USA\n<\/ul>\n<\/div><\/div>\n<\/div>\n<div class=\"border-line\">&nbsp;<\/div>\n<p id=\"csinvestment\">\n<p><strong>Finan\u010dn\u00ed v\u00fdbor BSF a BST<\/strong><br \/>\n<div class=\"grid-holder\">\n<div class=\"grid grid-desktop-50 grid-mobile-100\"><div class=\"holder\"><ul>\n<li>Harris Kaplan, D.S.C.I<br \/>\nSpr\u00e1vce investi\u010dn\u00edho fondu ve v\u00fdslu\u017eb\u011b Zakladatel a b\u00fdval\u00fd gener\u00e1ln\u00ed \u0159editel spole\u010dnosti Eastgate Financial Services Ltd., USA<\/p>\n<li>Robert LoPinto<br \/>\nPodnikatel, ve v\u00fdslu\u017eb\u011b<br \/>\nRockville, MD, USA<\/p>\n<li>Jeffrey S. Abramson<br \/>\nDeveloper nemovitost\u00ed<br \/>\nPartner, Tower Companies, USA<\/p>\n<li>Steve Rubin<br \/>\nV\u00fdkonn\u00fd mana\u017eer, ve v\u00fdslu\u017eb\u011b<br \/>\nB\u00fdval\u00fd p\u0159edseda p\u0159edstavenstva a gener\u00e1ln\u00ed \u0159editel spole\u010dnosti United Fuels International Inc., USA<\/p>\n<\/ul>\n<\/div><\/div>\n<div class=\"grid grid-desktop-50 grid-mobile-100\"><div class=\"holder\"><ul>\n<li>Eric Schwartz<br \/>\nInvestment Advisor<br \/>\nFounder and CEO, Cambridge Investment Research, USA<\/p>\n<li>Michael Dreben<br \/>\nCorporate Finance and Business Development Executive<br \/>\nCEO, Grenadier Management, LLC<\/p>\n<li>Ted Hirsch<br \/>\nEconomist and portfolio manager<br \/>\nVanderbilt Financial Group, New York, USA\n<\/ul>\n<\/div><\/div>\n<\/div>\n","protected":false},"excerpt":{"rendered":"<p>TRUST A NADACE Financov\u00e1n\u00ed skupiny Mahari\u0161i V\u00e9dsk\u00fdch Pandit\u016f je organizov\u00e1no a spravov\u00e1no trustem Brahmananda Saraswati Trust v Nizozem\u00ed a nadac\u00ed Brahmananda Saraswati Foundatation v USA. Posl\u00e1n\u00ed trustu a nadace zahrnuje dohled nad celosv\u011btov\u00fdm fundraisingov\u00fdm programem, p\u0159\u00edjem dar\u016f a \u0159\u00edzen\u00ed investic z darovan\u00fdch financ\u00ed. Spole\u010dn\u011b \u0159\u00edd\u00ed a monitoruj\u00ed v\u0161echny platby sv\u00fdm \u0159\u00edd\u00edc\u00edm partner\u016fm v Indii a [&hellip;]<\/p>\n","protected":false},"author":3,"featured_media":49386,"parent":0,"menu_order":0,"comment_status":"open","ping_status":"closed","template":"template-about.php","meta":{"om_disable_all_campaigns":false,"_monsterinsights_skip_tracking":false,"_monsterinsights_sitenote_active":false,"_monsterinsights_sitenote_note":"","_monsterinsights_sitenote_category":0,"footnotes":""},"class_list":["post-6607","page","type-page","status-publish","has-post-thumbnail","hentry"],"_links":{"self":[{"href":"https:\/\/donation.vedicpandits.org\/cs\/wp-json\/wp\/v2\/pages\/6607","targetHints":{"allow":["GET"]}}],"collection":[{"href":"https:\/\/donation.vedicpandits.org\/cs\/wp-json\/wp\/v2\/pages"}],"about":[{"href":"https:\/\/donation.vedicpandits.org\/cs\/wp-json\/wp\/v2\/types\/page"}],"author":[{"embeddable":true,"href":"https:\/\/donation.vedicpandits.org\/cs\/wp-json\/wp\/v2\/users\/3"}],"replies":[{"embeddable":true,"href":"https:\/\/donation.vedicpandits.org\/cs\/wp-json\/wp\/v2\/comments?post=6607"}],"version-history":[{"count":8,"href":"https:\/\/donation.vedicpandits.org\/cs\/wp-json\/wp\/v2\/pages\/6607\/revisions"}],"predecessor-version":[{"id":78190,"href":"https:\/\/donation.vedicpandits.org\/cs\/wp-json\/wp\/v2\/pages\/6607\/revisions\/78190"}],"wp:featuredmedia":[{"embeddable":true,"href":"https:\/\/donation.vedicpandits.org\/cs\/wp-json\/wp\/v2\/media\/49386"}],"wp:attachment":[{"href":"https:\/\/donation.vedicpandits.org\/cs\/wp-json\/wp\/v2\/media?parent=6607"}],"curies":[{"name":"wp","href":"https:\/\/api.w.org\/{rel}","templated":true}]}}