{"id":6613,"date":"2014-09-08T07:40:21","date_gmt":"2014-09-08T07:40:21","guid":{"rendered":"https:\/\/vedicpandits.org\/?page_id=6613"},"modified":"2015-12-31T09:46:24","modified_gmt":"2015-12-31T09:46:24","slug":"events","status":"publish","type":"page","link":"https:\/\/donation.vedicpandits.org\/cs\/contact\/events\/","title":{"rendered":"UD\u00c1LOSTI"},"content":{"rendered":"<h4>NA\u0160E KAMPUSY V\u00cdTAJ\u00cd HOSTY ZE V\u0160ECH kout\u016f SV\u011aTA<\/h4>\n<p>Mo\u017enosti \u00fa\u010dastnit se n\u011bjak\u00e9 ud\u00e1losti, kurzu a prohl\u00eddek ve t\u0159ech hlavn\u00edch are\u00e1lech vyu\u017eilo ji\u017e n\u011bkolik tis\u00edc lid\u00ed.<br \/>\nR\u00e1di p\u0159iv\u00edt\u00e1me i v\u00e1s v jednom \u010di v\u00edce z na\u0161ich t\u0159\u00ed center, kde m\u016f\u017eete zakusit siln\u00fd pro\u017eitek hlubok\u00e9ho ticha v\u00a0t\u011bsn\u00e9 bl\u00edzkosti velk\u00e9 m\u00edrotvorn\u00e9 skupiny a za\u017e\u00edt recitaci Mahari\u0161i V\u00e9dsk\u00fdch Pandit\u016f \u017eiv\u011b.<\/p>\n","protected":false},"excerpt":{"rendered":"<p>NA\u0160E KAMPUSY V\u00cdTAJ\u00cd HOSTY ZE V\u0160ECH kout\u016f SV\u011aTA Mo\u017enosti \u00fa\u010dastnit se n\u011bjak\u00e9 ud\u00e1losti, kurzu a prohl\u00eddek ve t\u0159ech hlavn\u00edch are\u00e1lech vyu\u017eilo ji\u017e n\u011bkolik tis\u00edc lid\u00ed. R\u00e1di p\u0159iv\u00edt\u00e1me i v\u00e1s v jednom \u010di v\u00edce z na\u0161ich t\u0159\u00ed center, kde m\u016f\u017eete zakusit siln\u00fd pro\u017eitek hlubok\u00e9ho ticha v\u00a0t\u011bsn\u00e9 bl\u00edzkosti velk\u00e9 m\u00edrotvorn\u00e9 skupiny a za\u017e\u00edt recitaci Mahari\u0161i V\u00e9dsk\u00fdch Pandit\u016f [&hellip;]<\/p>\n","protected":false},"author":3,"featured_media":57,"parent":6611,"menu_order":0,"comment_status":"open","ping_status":"closed","template":"template-events.php","meta":{"om_disable_all_campaigns":false,"_monsterinsights_skip_tracking":false,"_monsterinsights_sitenote_active":false,"_monsterinsights_sitenote_note":"","_monsterinsights_sitenote_category":0,"footnotes":""},"class_list":["post-6613","page","type-page","status-publish","has-post-thumbnail","hentry"],"_links":{"self":[{"href":"https:\/\/donation.vedicpandits.org\/cs\/wp-json\/wp\/v2\/pages\/6613","targetHints":{"allow":["GET"]}}],"collection":[{"href":"https:\/\/donation.vedicpandits.org\/cs\/wp-json\/wp\/v2\/pages"}],"about":[{"href":"https:\/\/donation.vedicpandits.org\/cs\/wp-json\/wp\/v2\/types\/page"}],"author":[{"embeddable":true,"href":"https:\/\/donation.vedicpandits.org\/cs\/wp-json\/wp\/v2\/users\/3"}],"replies":[{"embeddable":true,"href":"https:\/\/donation.vedicpandits.org\/cs\/wp-json\/wp\/v2\/comments?post=6613"}],"version-history":[{"count":4,"href":"https:\/\/donation.vedicpandits.org\/cs\/wp-json\/wp\/v2\/pages\/6613\/revisions"}],"predecessor-version":[{"id":7815,"href":"https:\/\/donation.vedicpandits.org\/cs\/wp-json\/wp\/v2\/pages\/6613\/revisions\/7815"}],"up":[{"embeddable":true,"href":"https:\/\/donation.vedicpandits.org\/cs\/wp-json\/wp\/v2\/pages\/6611"}],"wp:featuredmedia":[{"embeddable":true,"href":"https:\/\/donation.vedicpandits.org\/cs\/wp-json\/wp\/v2\/media\/57"}],"wp:attachment":[{"href":"https:\/\/donation.vedicpandits.org\/cs\/wp-json\/wp\/v2\/media?parent=6613"}],"curies":[{"name":"wp","href":"https:\/\/api.w.org\/{rel}","templated":true}]}}