{"id":6622,"date":"2014-09-10T12:36:56","date_gmt":"2014-09-10T12:36:56","guid":{"rendered":"https:\/\/vedicpandits.org\/?page_id=6622"},"modified":"2023-06-30T13:12:19","modified_gmt":"2023-06-30T13:12:19","slug":"faq","status":"publish","type":"page","link":"https:\/\/donation.vedicpandits.org\/cs\/contact\/faq\/","title":{"rendered":"\u010cAST\u00c9 OT\u00c1ZKY"},"content":{"rendered":"<h5>OT\u00c1ZKY OHLEDN\u011a MAHARI\u0160I V\u00c9DSK\u00ddCH PANDIT\u016e<\/h5>\n<div class=\"faqstyle\"><em>PRO\u010c JE SKUPINA SLO\u017dEN\u00c1 JEN Z MAHARI\u0160I V\u00c9DSK\u00ddCH PANDIT\u016e?<br \/>\n<\/em><\/p>\n<p>V\u011bdeck\u00fd v\u00fdzkum uk\u00e1zal, \u017ee skupina lid\u00ed, kter\u00e1 je t\u0159eba z\u00a0r\u016fzn\u00e9ho prost\u0159ed\u00ed a zp\u016fsobu \u017eivota, praktikuje-li pospolu Jog\u00ednsk\u00e9 L\u00e9tan\u00ed, dok\u00e1\u017ee vytvo\u0159it siln\u00fd m\u00edrov\u00fd \u00fa\u010dinek, av\u0161ak udr\u017eov\u00e1n\u00ed harmonie a m\u00edru ve spole\u010dnosti je tradi\u010dn\u00ed povol\u00e1n\u00ed Mahari\u0161i V\u00e9dsk\u00fdch Pandit\u016f. \u010cin\u00ed tak nejen svou \u00fa\u010dast\u00ed na dlouhotrvaj\u00edc\u00edch medita\u010dn\u00edch shrom\u00e1\u017ed\u011bn\u00edch s\u00a0Jog\u00ednsk\u00fdm L\u00e9t\u00e1n\u00edm, ale vykon\u00e1vaj\u00ed tak\u00e9 specifick\u00e9 Jagja pro m\u00edr. Denn\u00ed recitace a \u00fakony (performance) t\u011bchto Jagja vytv\u00e1\u0159\u00ed st\u00e1l\u00fd a siln\u00fd vliv m\u00edru, co\u017e je unik\u00e1tn\u00ed pro Mahari\u0161i V\u00e9dick\u00e9 Pandity.<\/p>\n<\/div>\n<div class=\"faqstyle\"><em>JAK\u00dd JE ROZD\u00cdL MEZI V\u00c9DSK\u00ddMI PANDITY A MAHARI\u0160I V\u00c9DSK\u00ddMI PANDITY?<\/em><br \/>\nZa prv\u00e9, Mahari\u0161i V\u00e9d\u0161t\u00ed Pandit\u00e9 praktikuj\u00ed Transcendent\u00e1ln\u00ed Meditaci a program TM Sidhi, v\u010detn\u011b Jog\u00ednsk\u00e9ho L\u00e9t\u00e1n\u00ed. Tyto techniky p\u0159in\u00e1\u0161\u00ed p\u0159\u00edm\u00fd pro\u017eitek a zku\u0161enost \u010dist\u00e9ho transcendent\u00e1ln\u00edho v\u011bdom\u00ed, kter\u00e9 je z\u00e1kladnou ve\u0161ker\u00e9 V\u00e9dsk\u00e9 v\u011bdy.<\/p>\n<p>D\u00edky jejich denn\u00ed meditaci vykon\u00e1vaj\u00ed Mahari\u0161i V\u00e9d\u0161t\u00ed Pandit\u00e9 Jagja z\u00a0klidn\u011bj\u0161\u00ed \u00farovn\u011b v\u011bdom\u00ed. Zapojuj\u00ed p\u0159itom hlub\u0161\u00ed \u00farovn\u011b p\u0159\u00edrodn\u00edho z\u00e1kona, tak\u017ee jejich Jagja maj\u00ed mnohem siln\u011bj\u0161\u00ed \u00fa\u010dinek.<\/p>\n<p>Nav\u00edc, Mahari\u0161i \u00fazce spolupracoval po des\u00edtky let s\u00a0nejuzn\u00e1van\u011bj\u0161\u00edmi a nejct\u011bn\u011bj\u0161\u00edmi Mistry Pandity na obnoven\u00ed v\u00fduky V\u00e9dsk\u00fdch Pandit\u016f do p\u016fvodn\u00ed podoby, aby se nau\u010dili spr\u00e1vn\u00e9 praktikov\u00e1n\u00ed a vyslovov\u00e1n\u00ed v jeho pln\u00e9 tradi\u010dn\u00ed \u00fa\u010dinnosti. N\u00e1v\u0161t\u011bvn\u00edci \u010dasto poznamen\u00e1vaj\u00ed a oce\u0148uj\u00ed, jak Mahari\u0161i V\u00e9d\u0161t\u00ed Pandit\u00e9 recituj\u00ed dostate\u010dn\u011b pomalu a jemn\u011b. To d\u00e1v\u00e1 V\u00e9dsk\u00fdm zvuk\u016fm, p\u0159itom co rezonuj\u00ed po cel\u00e9m prost\u0159ed\u00ed, \u017eivouc\u00ed integritu.<\/p>\n<\/div>\n<div class=\"faqstyle\">\n<em>KOLIK M\u00c1ME MAHARI\u0160I V\u00c9DSK\u00ddCH PANDIT\u016e NYN\u00cd?\u00a0 <\/em><br \/>\nNyn\u00ed je ve skupin\u011b okolo 2 000 Mahari\u0161i V\u00e9dsk\u00fdch Pandit\u016f v kampusu v Brahmasthanu Indie. P\u0159es 3 000 studuj\u00edc\u00edch Pandit\u016f \u017eije ve 26 reziden\u010dn\u00edch \u0161kolic\u00edch centrech po cel\u00e9 Indii. <\/p>\n<\/div>\n<div class=\"faqstyle\">\n<em>CO JE TO V\u00c9DA?<\/em><br \/>\nV\u00e9da znamen\u00e1 v\u011bd\u011bn\u00ed. Je to mnohem v\u00edce, ne\u017e jen starov\u011bk\u00e9 knihy, Mahari\u0161i vysv\u011btluje, \u017ee V\u00e9da je v\u011bd\u011bn\u00ed a organizuj\u00edc\u00ed s\u00edla v\u011bd\u011bn\u00ed, kter\u00e1 je v\u00a0z\u00e1kladu ve\u0161ker\u00e9ho stvo\u0159en\u00ed a \u0159\u00edd\u00ed ho. V\u00e9da obsahuje v\u011bd\u011bn\u00ed, jak v\u00e9st lidsk\u00fd \u017eivot k dosa\u017een\u00ed jeho nejvy\u0161\u0161\u00edho a napl\u0148uj\u00edc\u00edho stavu osv\u00edcen\u00ed.<\/p>\n<\/div>\n<div class=\"faqstyle\">\n<em>CO JE JOG\u00cdNSK\u00c9 L\u00c9T\u00c1N\u00cd?<\/em><br \/>\nJog\u00ednsk\u00e9 L\u00e9tan\u00ed je sou\u010d\u00e1st pokro\u010dil\u00e9ho programu TM Sidhi. Pro jedince, Jog\u00ednsk\u00e9 L\u00e9t\u00e1n\u00ed integruje a sla\u010fuje mozkovou \u010dinnost, k \u010demu\u017e doch\u00e1z\u00ed b\u011bhem hlubok\u00e9 meditace s dynamickou aktivitou, co\u017e napom\u00e1h\u00e1 rozv\u00edjet vy\u0161\u0161\u00ed stavy v\u011bdom\u00ed. Pro spole\u010dnost dosahuje skupina spole\u010dn\u011b praktikuj\u00edc\u00edch Jog\u00ednsk\u00fdch Letc\u016f vliv koherence a harmonie, je\u017e se \u0161\u00ed\u0159\u00ed k\u00a0obyvatel\u016fm, \u017eij\u00edc\u00edm v okol\u00ed skupiny. Tento spole\u010densk\u00fd \u00fa\u010dinek vytv\u00e1\u0159\u00ed z\u00e1klad Glob\u00e1ln\u00ed m\u00edrov\u00e9 iniciativy.<\/p>\n<\/div>\n<div class=\"faqstyle\">\n<em>JAK\u00c9 JSOU AKTIVITY MAHARI\u0160I V\u00c9DSK\u00ddCH PANDIT\u016e?<\/em><br \/>\nJejich denn\u00ed program, navr\u017een\u00fd Mahari\u0161im, zahrnuje brzk\u00e9 vst\u00e1v\u00e1n\u00ed, n\u011bkolikahodinovou spole\u010dnou meditaci a Jog\u00ednsk\u00e9 L\u00e9t\u00e1n\u00ed, n\u011bkolikahodinovou performanci Mahari\u0161i Jagja, taky spole\u010dn\u00e9 stravov\u00e1n\u00ed a n\u011bjak\u00fd \u010das na rekreaci a sport.<\/p>\n<\/div>\n<div class=\"faqstyle\">\n<em>PRO\u010c BYL VYBR\u00c1N BRAHMASTHAN INDIE?<\/em><br \/>\nBrahmasthan je ozna\u010den\u00ed pro centr\u00e1ln\u00ed bod obydlen\u00e9ho m\u00edsta, jako je d\u016fm, m\u011bsto nebo zem\u011b. Mahari\u0161i vysv\u011btluje, \u017ee pro co nejv\u011bt\u0161\u00ed m\u00edrov\u00fd \u00fa\u010dinek, skupina Jog\u00ednsk\u00fdch Letc\u016f by m\u011bla b\u00fdt um\u00edst\u011bna v Brahmasthanu zem\u011b. Z toho d\u016fvodu byl hlavn\u00ed kampus Mahari\u0161i V\u00e9dsk\u00fdch Pandit\u016f um\u00edst\u011bn v Brahmasthanu Indie, pobl\u00ed\u017e Jabalpuru v oblasti Madhya Pradesh.<\/p>\n<\/div>\n<div class=\"faqstyle\">\n<em>CO SE STANE A\u017d BUDE DOSA\u017dENO C\u00cdLOV\u00ddCH 9 000 MAHARI\u0160I V\u00c9DSK\u00ddCH PANDIT\u016e?<\/em><br \/>\nBudeme slavit. Vyvstane nov\u00e1 \u00e9ra m\u00edrupln\u00e9ho sv\u011bta. Proto\u017ee je st\u00e1le m\u00edsto pro dal\u0161\u00ed pokrok, Trust a Nadace budou pokra\u010dovat v navy\u0161ov\u00e1n\u00ed po\u010dtu Pandit\u016f v Indii, kte\u0159\u00ed budou praktikovat Jog\u00ednsk\u00e9 L\u00e9t\u00e1n\u00ed ve skupin\u00e1ch a vykon\u00e1vat Jagja, tak\u017ee bude vytv\u00e1\u0159en je\u0161t\u011b v\u011bt\u0161\u00ed vliv m\u00edru a koherence.<\/p>\n<\/div>\n<div class=\"faqstyle\">\n<em>JAK M\u016e\u017dU Z\u00cdSKAT AKTU\u00c1LN\u00cd INFORMACE O POKROKU SKUPINY PANDIT\u016e?<\/em><br \/>\nNejlep\u0161\u00ed cesta je jednodu\u0161e se zapsat k\u00a0odb\u011bru novinek, co\u017e je zcela bez poplatku. Ka\u017ed\u00fd m\u011bs\u00edc Dr. Harris Kaplan, vedouc\u00ed managementu z trustu Brahmananda Saraswati Trust zas\u00edl\u00e1 jednostr\u00e1nkov\u00fd email v\u0161em zapsan\u00fdm. Pokud se stanete d\u00e1rce na na\u0161\u00ed webov\u00e9 str\u00e1nce, budete dost\u00e1vat novinky automaticky.<\/p>\n<p>M\u016f\u017eete tak\u00e9 kontaktovat va\u0161eho n\u00e1rodn\u00edho Ambasadora Brahmananda Saraswati Trustu a po\u017e\u00e1dat o zas\u00edl\u00e1n\u00ed aktu\u00e1ln\u00edch informac\u00ed a b\u00fdt p\u0159itom informov\u00e1n o iniciativ\u00e1ch ve va\u0161\u00ed zemi.<\/p>\n<\/div>\n<div class=\"faqstyle\">\n<em>M\u016e\u017dU PODPO\u0158IT JEDNOHO MAHARI\u0160I V\u00c9DSK\u00c9HO PANDITA?<\/em><br \/>\nAno, doporu\u010dujeme ka\u017ed\u00e9mu, aby podpo\u0159il Pandity sv\u00fdm m\u011bs\u00ed\u010dn\u00edm p\u0159\u00edsp\u011bvkem. M\u016f\u017eete si vybrat plnou podporu pro jednoho Pandita, nebo n\u011bjak\u00fd zlomek t\u00e9to \u010d\u00e1stky. Jeden Mahari\u0161i V\u00e9dsk\u00fd Pandit m\u016f\u017ee b\u00fdt pln\u011b sponzorov\u00e1n \u010d\u00e1stkou 250 americk\u00fdch dolar\u016f za m\u011bs\u00edc. To zahrnuje ubytov\u00e1n\u00ed a stravu, plat, administrativn\u00ed poplatky, v\u00fddaje na Jagja a vedlej\u0161\u00ed v\u00fddaje. Abychom umo\u017enili Pandit\u016fm soust\u0159edit pln\u011b svou pozornost na denn\u00ed povinnosti, nejsou zde navazov\u00e1ny vztahy na vz\u00e1jemn\u00e9 individu\u00e1ln\u00ed \u00farovni mezi d\u00e1rcem a Panditem.<\/p>\n<\/div>\n<h5 style=\"margin-top:30px;\">OT\u00c1ZKY OHLEDN\u011a DAR\u016e A FINANC\u00cd <\/h5>\n<div class=\"faqstyle\">\n<em>JAK\u00dd JE ROZD\u00cdL MEZI P\u0158\u00cdSP\u011aVKEM NA MAHARI\u0160I N\u00c1RODN\u00cd JAGJA A P\u0158\u00cdSP\u011aVKEM NA MAHARI\u0160I V\u00c9DSK\u00c9 PANDITY?<\/em><br \/>\nV\u0161echny p\u0159\u00edsp\u011bvky na podporu Mahari\u0161i V\u00e9dsk\u00fdch Pandit\u016f se automaticky p\u0159i\u010d\u00edtaj\u00ed k\u00a0programu N\u00e1rodn\u00ed Jagja.<\/p>\n<\/div>\n<div class=\"faqstyle\">\n<em>JE M\u016eJ P\u0158\u00cdSP\u011aVEK ODE\u010cITELN\u00dd Z DAN\u00cd?<\/em><br \/>\nPro d\u00e1rce z Evropsk\u00e9 unie: Stichting Brahmananda Saraswati Trust (Nizozemsko) m\u00e1 status ANBI (Institution Aimed at the Common Good \u2013 Instituce zam\u011b\u0159en\u00e1 na obecn\u00e9 dobro), tak\u017ee p\u0159\u00edsp\u011bvky Trustu jsou odepsateln\u00e9 pro holandsk\u00e9 obyvatele a nyn\u00ed tak\u00e9 pro obyvatele ostatn\u00edch zem\u00ed EU. Av\u0161ak ne v\u0161echny zem\u011b zavedly toto jako da\u0148ovou odepsatelnou polo\u017eku, t\u00fdkaj\u00edc\u00ed se p\u0159\u00edsp\u011bvk\u016f zahrani\u010dn\u00edm instituc\u00edm. Tak\u017ee pro jin\u00e9 zem\u011b EU, ne\u017e je Nizozemsko se pros\u00edm zeptejte sv\u00e9ho Ambasadora. Pro d\u00e1rce ze Spojen\u00fdch st\u00e1t\u016f: Nadace Brahmananda Saraswati (USA) je organizace typu 501 (c) (3) a p\u0159\u00edsp\u011bvky jsou odepsateln\u00e9 pro da\u0148ov\u00e9 poplatn\u00edky ve Spojen\u00fdch st\u00e1tech.<\/p>\n<p>Pro ostatn\u00ed zem\u011b: N\u011bkter\u00e9 n\u00e1rodn\u00ed charitativn\u00ed organizace nab\u00edz\u00ed da\u0148ov\u011b odepsateln\u00fd status pro p\u0159\u00edsp\u011bvky Mahari\u0161i V\u00e9dsk\u00fdm Pandit\u016fm. Ty jsou ve Spojen\u00e9m kr\u00e1lovstv\u00ed, Kanad\u011b a na Nov\u00e9m Z\u00e9landu. Klikn\u011bte na jm\u00e9no sv\u00e9 zem\u011b, abyste zjistili v\u00edce o tom, jak p\u0159isp\u011bt prost\u0159ednictv\u00edm sv\u00e9 n\u00e1rodn\u00ed organizace. I kdy\u017e t\u0159eba dan\u00e1 zem\u011b nen\u00ed uvedena v\u00fd\u0161e mezi t\u011bmi, kter\u00e9 \u010derpaj\u00ed da\u0148ov\u00e9 \u00falevy, i tak m\u016f\u017eete podpo\u0159it Mahari\u0161i V\u00e9dsk\u00e9 Pandity z jak\u00e9koliv zem\u011b na sv\u011bt\u011b s pou\u017eit\u00edm online p\u0159\u00edsp\u011bvk\u016f Brahmanandha Saraswati Trustu nebo Nadace.<\/p>\n<\/div>\n<div class=\"faqstyle\">\n<em>PRO\u010c JE TAK D\u016eLE\u017dIT\u00c9 PRAVIDELN\u00c9 M\u011aS\u00cd\u010cN\u00cd P\u0158ISP\u00cdV\u00c1N\u00cd?<\/em><br \/>\nJednor\u00e1zov\u00e9 p\u0159\u00edsp\u011bvky jsou v\u0159ele v\u00edt\u00e1ny, v\u017edy se hod\u00ed a jsou u\u017eite\u010dn\u00e9. Nicm\u00e9n\u011b Mahari\u0161i V\u00e9d\u0161t\u00ed Pandit\u00e9 jsou naj\u00edm\u00e1n\u00ed pro toto posl\u00e1n\u00ed v\u00a0kampusu v\u00a0Brahmasthanu, a kdy\u017e se tak stane, je t\u0159eba, aby m\u011bli jistotu, \u017ee budou m\u00edt spolehlivou podporu na trval\u00e9 b\u00e1zi. Tak\u017ee doporu\u010dujeme na\u0161im d\u00e1rc\u016fm, aby p\u0159isp\u00edvali pravideln\u00fdm m\u011bs\u00ed\u010dn\u00edm p\u0159\u00edsp\u011bvkem a vytvo\u0159ili tak st\u00e1lou d\u00e1rcovskou z\u00e1kladnu, d\u00edky kter\u00e9 bude mo\u017en\u00e9 vybudovat skupinu 9\u00a0000.<\/p>\n<\/div>\n<div class=\"faqstyle\">\n<em>JAK\u00c9 PROCENTO M\u00ddCH P\u0158\u00cdSP\u011aVK\u016e JDE NA PODPORU V\u00c9DSK\u00ddCH PANDIT\u016e?<\/em><br \/>\nNa podporu Mahari\u0161i V\u00e9dsk\u00fdch Pandit\u016f jde do Indie p\u0159es 90% pravideln\u00fdch p\u0159\u00edsp\u011bvk\u016f . Necel\u00fdch 10% je pou\u017eito na pokryt\u00ed poplatk\u016f za kreditn\u00ed karty, bankovn\u00ed p\u0159evody a administrativu. Mezi fundraisingov\u00fdmi organizacemi je t\u011bchto m\u00e9n\u011b jak 10% pova\u017eov\u00e1no za n\u00edzk\u00e9 procento.<\/p>\n<\/div>\n<div class=\"faqstyle\">\n<em>KOLIK ZEM\u00cd P\u0158ISP\u00cdV\u00c1 NA MAHARI\u0160I V\u00c9DSK\u00c9 PANDITY?<\/em><br \/>\nD\u00e1rci z v\u00edce ne\u017e 100 zem\u00ed podporuj\u00ed Mahari\u0161iho V\u00e9dsk\u00e9 Pandity.\n<\/div>\n<div class=\"faqstyle\">\n<em>JAK JE SPRAVOV\u00c1N NADA\u010cN\u00cd FOND?<\/em><br \/>\nP\u0159\u00edsp\u011bvky Nada\u010dn\u00edmu fondu nejdou do Indie, ale jsou investov\u00e1ny. Pouze p\u0159\u00edjem z investic je pou\u017eit na podporu Pandit\u016f, tak\u017ee nada\u010dn\u00ed fond nen\u00ed nikdy vy\u010derp\u00e1n. BSF a BST Investment Committee je \u0159\u00edzena skupinou zku\u0161en\u00fdch administr\u00e1tor\u016f z r\u016fzn\u00fdch podnik\u016f a finan\u010dn\u00edch instituc\u00ed. <a href=\"https:\/\/donation.vedicpandits.org\/cs\/about-us\/#csinvestment\" rel=\"noopener\" target=\"_blank\">Kliknut\u00edm sem<\/a> zobraz\u00edte investi\u010dn\u00ed v\u00fdbor.<br \/>\n\u00a0<\/p>\n<\/div>\n","protected":false},"excerpt":{"rendered":"<p>OT\u00c1ZKY OHLEDN\u011a MAHARI\u0160I V\u00c9DSK\u00ddCH PANDIT\u016e PRO\u010c JE SKUPINA SLO\u017dEN\u00c1 JEN Z MAHARI\u0160I V\u00c9DSK\u00ddCH PANDIT\u016e? V\u011bdeck\u00fd v\u00fdzkum uk\u00e1zal, \u017ee skupina lid\u00ed, kter\u00e1 je t\u0159eba z\u00a0r\u016fzn\u00e9ho prost\u0159ed\u00ed a zp\u016fsobu \u017eivota, praktikuje-li pospolu Jog\u00ednsk\u00e9 L\u00e9tan\u00ed, dok\u00e1\u017ee vytvo\u0159it siln\u00fd m\u00edrov\u00fd \u00fa\u010dinek, av\u0161ak udr\u017eov\u00e1n\u00ed harmonie a m\u00edru ve spole\u010dnosti je tradi\u010dn\u00ed povol\u00e1n\u00ed Mahari\u0161i V\u00e9dsk\u00fdch Pandit\u016f. \u010cin\u00ed tak nejen svou \u00fa\u010dast\u00ed [&hellip;]<\/p>\n","protected":false},"author":3,"featured_media":165,"parent":6611,"menu_order":0,"comment_status":"open","ping_status":"closed","template":"","meta":{"om_disable_all_campaigns":false,"_monsterinsights_skip_tracking":false,"_monsterinsights_sitenote_active":false,"_monsterinsights_sitenote_note":"","_monsterinsights_sitenote_category":0,"footnotes":""},"class_list":["post-6622","page","type-page","status-publish","has-post-thumbnail","hentry"],"_links":{"self":[{"href":"https:\/\/donation.vedicpandits.org\/cs\/wp-json\/wp\/v2\/pages\/6622","targetHints":{"allow":["GET"]}}],"collection":[{"href":"https:\/\/donation.vedicpandits.org\/cs\/wp-json\/wp\/v2\/pages"}],"about":[{"href":"https:\/\/donation.vedicpandits.org\/cs\/wp-json\/wp\/v2\/types\/page"}],"author":[{"embeddable":true,"href":"https:\/\/donation.vedicpandits.org\/cs\/wp-json\/wp\/v2\/users\/3"}],"replies":[{"embeddable":true,"href":"https:\/\/donation.vedicpandits.org\/cs\/wp-json\/wp\/v2\/comments?post=6622"}],"version-history":[{"count":12,"href":"https:\/\/donation.vedicpandits.org\/cs\/wp-json\/wp\/v2\/pages\/6622\/revisions"}],"predecessor-version":[{"id":78191,"href":"https:\/\/donation.vedicpandits.org\/cs\/wp-json\/wp\/v2\/pages\/6622\/revisions\/78191"}],"up":[{"embeddable":true,"href":"https:\/\/donation.vedicpandits.org\/cs\/wp-json\/wp\/v2\/pages\/6611"}],"wp:featuredmedia":[{"embeddable":true,"href":"https:\/\/donation.vedicpandits.org\/cs\/wp-json\/wp\/v2\/media\/165"}],"wp:attachment":[{"href":"https:\/\/donation.vedicpandits.org\/cs\/wp-json\/wp\/v2\/media?parent=6622"}],"curies":[{"name":"wp","href":"https:\/\/api.w.org\/{rel}","templated":true}]}}