{"id":6626,"date":"2014-04-08T11:28:21","date_gmt":"2014-04-08T11:28:21","guid":{"rendered":"https:\/\/vedicpandits.org\/?page_id=6626"},"modified":"2023-02-17T16:16:09","modified_gmt":"2023-02-17T16:16:09","slug":"newsletter","status":"publish","type":"page","link":"https:\/\/donation.vedicpandits.org\/cs\/contact\/newsletter\/","title":{"rendered":"Newsletter"},"content":{"rendered":"<h4>DOST\u00c1VEJTE PRAVIDELN\u00c9 AKTU\u00c1LN\u00cd INFORMACE<\/h4>\n<p>R\u00e1di V\u00e1m budeme m\u011bs\u00ed\u010dn\u011b zas\u00edlat informace o pokroku projektu Mahari\u0161i V\u00e9dsk\u00fdch Pandit\u016f v Brahmasthanu Indie. Bu\u010fte informov\u00e1ni o posledn\u00edch novink\u00e1ch a v\u00fdvoji d\u00edky zpravodaji od Raja Harris Kaplana, CEO Brahmananda Saraswati Trustu.<\/p>\n<blockquote><p>Respektujeme elektronick\u00e9 soukrom\u00ed a za \u017e\u00e1dn\u00fdch okolnosti neposkytujeme informace o v\u00e1s t\u0159et\u00ed stran\u011b.\u00a0Klikn\u011bte pro v\u00edce informac\u00ed.<br \/>\n <a  href=\"https:\/\/donation.vedicpandits.org\/privacy\/\"> Klikn\u011bte pro v\u00edce informac\u00ed.<\/a><\/p>\n<\/blockquote>\n<p style=\"text-align: center\"><a href=\"#form-newsletter\" class=\"btn btn-large btn-pop-up\">&gt; ODEB\u00cdRAT<\/a><\/p>\n<h4><\/h4>\n","protected":false},"excerpt":{"rendered":"<p>DOST\u00c1VEJTE PRAVIDELN\u00c9 AKTU\u00c1LN\u00cd INFORMACE R\u00e1di V\u00e1m budeme m\u011bs\u00ed\u010dn\u011b zas\u00edlat informace o pokroku projektu Mahari\u0161i V\u00e9dsk\u00fdch Pandit\u016f v Brahmasthanu Indie. Bu\u010fte informov\u00e1ni o posledn\u00edch novink\u00e1ch a v\u00fdvoji d\u00edky zpravodaji od Raja Harris Kaplana, CEO Brahmananda Saraswati Trustu. Respektujeme elektronick\u00e9 soukrom\u00ed a za \u017e\u00e1dn\u00fdch okolnosti neposkytujeme informace o v\u00e1s t\u0159et\u00ed stran\u011b.\u00a0Klikn\u011bte pro v\u00edce informac\u00ed. Klikn\u011bte pro v\u00edce [&hellip;]<\/p>\n","protected":false},"author":3,"featured_media":17469,"parent":6611,"menu_order":1,"comment_status":"open","ping_status":"closed","template":"template-newsletter.php","meta":{"om_disable_all_campaigns":false,"_monsterinsights_skip_tracking":false,"_monsterinsights_sitenote_active":false,"_monsterinsights_sitenote_note":"","_monsterinsights_sitenote_category":0,"footnotes":""},"class_list":["post-6626","page","type-page","status-publish","has-post-thumbnail","hentry"],"_links":{"self":[{"href":"https:\/\/donation.vedicpandits.org\/cs\/wp-json\/wp\/v2\/pages\/6626","targetHints":{"allow":["GET"]}}],"collection":[{"href":"https:\/\/donation.vedicpandits.org\/cs\/wp-json\/wp\/v2\/pages"}],"about":[{"href":"https:\/\/donation.vedicpandits.org\/cs\/wp-json\/wp\/v2\/types\/page"}],"author":[{"embeddable":true,"href":"https:\/\/donation.vedicpandits.org\/cs\/wp-json\/wp\/v2\/users\/3"}],"replies":[{"embeddable":true,"href":"https:\/\/donation.vedicpandits.org\/cs\/wp-json\/wp\/v2\/comments?post=6626"}],"version-history":[{"count":52,"href":"https:\/\/donation.vedicpandits.org\/cs\/wp-json\/wp\/v2\/pages\/6626\/revisions"}],"predecessor-version":[{"id":54209,"href":"https:\/\/donation.vedicpandits.org\/cs\/wp-json\/wp\/v2\/pages\/6626\/revisions\/54209"}],"up":[{"embeddable":true,"href":"https:\/\/donation.vedicpandits.org\/cs\/wp-json\/wp\/v2\/pages\/6611"}],"wp:featuredmedia":[{"embeddable":true,"href":"https:\/\/donation.vedicpandits.org\/cs\/wp-json\/wp\/v2\/media\/17469"}],"wp:attachment":[{"href":"https:\/\/donation.vedicpandits.org\/cs\/wp-json\/wp\/v2\/media?parent=6626"}],"curies":[{"name":"wp","href":"https:\/\/api.w.org\/{rel}","templated":true}]}}