{"id":7588,"date":"2015-03-11T10:43:55","date_gmt":"2015-03-11T10:43:55","guid":{"rendered":"https:\/\/vedicpandits.org\/cs\/intermediary-donation-page\/"},"modified":"2018-08-17T08:22:31","modified_gmt":"2018-08-17T08:22:31","slug":"intermediary-donation-page","status":"publish","type":"page","link":"https:\/\/donation.vedicpandits.org\/cs\/intermediary-donation-page\/","title":{"rendered":"Intermediary Donation Page"},"content":{"rendered":"<h2 style=\"margin-bottom: 30px; color: white; background: none repeat scroll 0 0 #e37d22; font-size: 17px; text-align: center; padding-top: 10px;\">VA\u0160E PODPORA SKUPIN MAHARI\u0160I V\u00c9DSK\u00ddCH PANDIT\u016e<br \/>\nM\u00c1 VELK\u00dd P\u0158\u00cdNOS A VYTV\u00c1\u0158\u00cd MOCN\u00dd VLIV NA M\u00cdR VE SV\u011aT\u011a<\/h2>\n<div class=\"grid grid-desktop-30 grid-mobile-100\">\n<div class=\"holder\"><img loading=\"lazy\" decoding=\"async\" class=\"alignleft size-full wp-image-2490\" src=\"\/wp-content\/uploads\/2015\/03\/photo_pandit_donatepage1.jpg\" alt=\"photo_pandit_donatepage\" width=\"234\" height=\"284\" \/><\/div>\n<\/div>\n<div class=\"grid grid-desktop-70 grid-mobile-100\">\n<div class=\"holder\">\nV\u00e1\u0161 finan\u010dn\u00ed dar m\u016f\u017ee b\u00fdt v K\u010d, v dolaru nebo v eurech.<\/p>\n<p>N\u00ed\u017ee m\u016f\u017eete pokra\u010dovat ke str\u00e1nce na dary, kde m\u016f\u017eete p\u0159isp\u011bt p\u0159es internet. Zde se p\u0159isp\u00edv\u00e1 v dolarech na fond BDF. K p\u0159evodu m\u016f\u017eete pou\u017e\u00edt svou kreditn\u00ed kartu, nebo m\u016f\u017eete pou\u017e\u00edt PayPal. Tato str\u00e1nka je cel\u00e1 v angli\u010dtin\u011b. <\/p>\n<p style=\"text-align: center;\"><a class=\"btn btn-large\" href=\"https:\/\/aro.vedicpandits.org\/donate\">&gt; POKRA\u010cUJTE KE STR\u00c1NCE FINAN\u010cN\u00cd DAR<\/a><\/p>\n<p>&nbsp;<br \/>\n&nbsp;<br \/>\n&nbsp;<br \/>\n&nbsp;<br \/>\n&nbsp;<\/p>\n<h4>P\u0158ISP\u011aJTE V EURECH<\/h4>\n<p>M\u016f\u017eete p\u0159isp\u011bt v Eurech na fond Brahmananda Saraswati Trust (Holandsko) bankovn\u00edm p\u0159evodem, trval\u00fdm platebn\u00edm p\u0159\u00edkazem nebo p\u0159es PayPal.<\/p>\n<p>Jestli si p\u0159ejete p\u0159isp\u011bt v Eurech p\u0159es PayPal, sm\u011b\u0159ujte pros\u00edm platbu na:<br \/>\nBST108@maharishi.net<\/p>\n<p>Pro bankovn\u00ed p\u0159evod na fond BST pou\u017eijte pros\u00edm n\u00e1sleduj\u00edc\u00ed informaci.<\/p>\n<div class=\"grid-holder\">\n<div class=\"grid grid-desktop-50 grid-mobile-100\"><div class=\"holder\"><p>Informace o bankovn\u00edm \u00fa\u010dtu:<\/p>\n<p>ING Bank, Roermond, The Netherlands<br \/>\nSwift Code\/BIC: INGBNL2A<br \/>\nAccount Name: BST<br \/>\nIBAN: NL74 INGB 0659 6208 04<br \/>\nAccount Number: 65.96.20.804<\/p>\n<\/div><\/div>\n<div class=\"grid grid-desktop-50 grid-mobile-100\"><div class=\"holder\"><p>Adresa p\u0159\u00edjemce:<\/p>\n<p>Station 24<br \/>\n6063NP Vlodrop<br \/>\nThe Netherlands<\/p>\n<\/div><\/div>\n<\/div>\n<p>&nbsp;<\/p>\n<\/div>\n<\/div>\n","protected":false},"excerpt":{"rendered":"<p>VA\u0160E PODPORA SKUPIN MAHARI\u0160I V\u00c9DSK\u00ddCH PANDIT\u016e M\u00c1 VELK\u00dd P\u0158\u00cdNOS A VYTV\u00c1\u0158\u00cd MOCN\u00dd VLIV NA M\u00cdR VE SV\u011aT\u011a V\u00e1\u0161 finan\u010dn\u00ed dar m\u016f\u017ee b\u00fdt v K\u010d, v dolaru nebo v eurech. N\u00ed\u017ee m\u016f\u017eete pokra\u010dovat ke str\u00e1nce na dary, kde m\u016f\u017eete p\u0159isp\u011bt p\u0159es internet. Zde se p\u0159isp\u00edv\u00e1 v dolarech na fond BDF. K p\u0159evodu m\u016f\u017eete pou\u017e\u00edt svou kreditn\u00ed [&hellip;]<\/p>\n","protected":false},"author":3,"featured_media":0,"parent":0,"menu_order":0,"comment_status":"closed","ping_status":"closed","template":"","meta":{"om_disable_all_campaigns":false,"_monsterinsights_skip_tracking":false,"_monsterinsights_sitenote_active":false,"_monsterinsights_sitenote_note":"","_monsterinsights_sitenote_category":0,"footnotes":""},"class_list":["post-7588","page","type-page","status-publish","hentry"],"_links":{"self":[{"href":"https:\/\/donation.vedicpandits.org\/cs\/wp-json\/wp\/v2\/pages\/7588","targetHints":{"allow":["GET"]}}],"collection":[{"href":"https:\/\/donation.vedicpandits.org\/cs\/wp-json\/wp\/v2\/pages"}],"about":[{"href":"https:\/\/donation.vedicpandits.org\/cs\/wp-json\/wp\/v2\/types\/page"}],"author":[{"embeddable":true,"href":"https:\/\/donation.vedicpandits.org\/cs\/wp-json\/wp\/v2\/users\/3"}],"replies":[{"embeddable":true,"href":"https:\/\/donation.vedicpandits.org\/cs\/wp-json\/wp\/v2\/comments?post=7588"}],"version-history":[{"count":5,"href":"https:\/\/donation.vedicpandits.org\/cs\/wp-json\/wp\/v2\/pages\/7588\/revisions"}],"predecessor-version":[{"id":15104,"href":"https:\/\/donation.vedicpandits.org\/cs\/wp-json\/wp\/v2\/pages\/7588\/revisions\/15104"}],"wp:attachment":[{"href":"https:\/\/donation.vedicpandits.org\/cs\/wp-json\/wp\/v2\/media?parent=7588"}],"curies":[{"name":"wp","href":"https:\/\/api.w.org\/{rel}","templated":true}]}}