{"id":13495,"date":"2017-10-30T18:04:03","date_gmt":"2017-10-30T18:04:03","guid":{"rendered":"https:\/\/vedicpandits.org\/letters-for-newcomers\/"},"modified":"2018-06-25T10:04:00","modified_gmt":"2018-06-25T10:04:00","slug":"letters-for-newcomers","status":"publish","type":"page","link":"https:\/\/donation.vedicpandits.org\/da\/letters-for-newcomers\/","title":{"rendered":"Letters for Newcomers"},"content":{"rendered":"<div class=\"grid-holder\">\n<div class=\"grid grid-desktop-50 grid-mobile-100\"><div class=\"holder\"><h4>GF INTRODUCERER EN NY VIDEO<\/h4>\n<p>Velkommen til det Globale Fredsinitiativ. Vores serie af breve til nyankomne er en serie breve fra 1 til 8. Lad os starte med det indledende brev, der etablerer grundlaget for GF-introduktionsvideoen p\u00e5 14 minutter. V\u00e6r venlig at l\u00e6se brevet og se videoen ved hj\u00e6lp af linkene til h\u00f8jre.<\/p>\n<p>Denne 14-minutters video begynder med den individuelle oplevelse af koh\u00e6rent hjernefunktion, der finder sted under Transcendental Meditation, g\u00e5r videre til gruppe-effekten og forklarer derefter, hvordan denne er et grundlag for det Globale Fredsinitiativ. Da den er baseret p\u00e5 videnskab, er denne video ideel for enhver, der ud\u00f8ver Transcendental Meditation, fra nyankomne til langtidsmediterende.<\/p>\n<\/div><\/div>\n<div class=\"grid grid-desktop-50 grid-mobile-100\"><div class=\"holder\">\t<a href=\"https:\/\/donation.vedicpandits.org\/da\/letters-for-newcomers\/?image_video=https%3A%2F%2Fwww.youtube.com%2Fwatch%3Fv%3D9LWemL_wR-4%3Frel%3D0\" class=\"video-link \"><img loading=\"lazy\" decoding=\"async\" class=\"alignnone size-full wp-image-285\" src=\"https:\/\/donation.vedicpandits.org\/wp-content\/uploads\/2017\/07\/header-danish-01.png\" alt=\"yagya_hagelin_1web1\" width=\"912\" height=\"363\" \/><\/a>\n\n\t\n<p>GF-videoen blev fremstillet for at give et resum\u00e9 eller \u00f8jebliksbillede af fredsprojektet.<\/p>\n<p><a href=\"https:\/\/us7.campaign-archive.com\/?e=&#038;u=0cc687d83ddcd228ddb1e46aa&#038;id=e3ea1941f4\" rel=\"noopener\" target=\"_blank\">Se brevet her.<\/a><br \/>\n\t<a href=\"https:\/\/donation.vedicpandits.org\/da\/letters-for-newcomers\/?image_video=https%3A%2F%2Fwww.youtube.com%2Fwatch%3Fv%3D9LWemL_wR-4%3Frel%3D0\" class=\"video-link no-pointer\"><em> Se videoen her.<\/em><\/a>\n\n\t\n<\/div><\/div>\n<\/div>\n<div class=\"border-line\">&nbsp;<\/div>\n<div class=\"grid-holder\">\n<div class=\"grid grid-desktop-50 grid-mobile-100\"><div class=\"holder\"><p><img loading=\"lazy\" decoding=\"async\" src=\"https:\/\/donation.vedicpandits.org\/wp-content\/uploads\/2017\/11\/group_meditation.png\" width=\"290\" height=\"290\"\/><\/p>\n<p><img loading=\"lazy\" decoding=\"async\" src=\"https:\/\/donation.vedicpandits.org\/wp-content\/uploads\/2017\/10\/individuals_creating_world_peace.png\" width=\"290\" height=\"290\"\/><\/p>\n<p><img loading=\"lazy\" decoding=\"async\" src=\"https:\/\/donation.vedicpandits.org\/wp-content\/uploads\/2017\/11\/8_pandits.png\" width=\"290\" height=\"290\"\/><\/p>\n<p><!--<img loading=\"lazy\" decoding=\"async\" src=\"https:\/\/donation.vedicpandits.org\/wp-content\/uploads\/2017\/11\/brahmasthan_india.png\" width=\"290\" height=\"290\"\/>\n\n<img loading=\"lazy\" decoding=\"async\" src=\"https:\/\/donation.vedicpandits.org\/wp-content\/uploads\/2017\/11\/pandit_group_with_embedded_world_map.png\" width=\"290\"  height=\"290\"\/>\n--><\/p>\n<\/div><\/div>\n<div class=\"grid grid-desktop-50 grid-mobile-100\"><div class=\"holder\"><h4>VIDENSKABEN OG VERDENSFRED<\/h4>\n<p>Denne serie af fortl\u00f8bende introduktionsbreve giver et omrids af en effektiv og videnskabeligt bekr\u00e6ftet metode til at \u00f8ge harmoni i verden og til at skabe fred. L\u00e6r, hvordan den enkelte, der ud\u00f8ver Transcendental Meditation, kan p\u00e5virke samfundet, og hvordan det avancerede TM-program, ud\u00f8vet i store grupper af Maharishi Vediske Pandits, kan skabe varig fred. <\/p>\n<\/p>\n<h4>BREVE TIL NYANKOMNE<\/h4>\n<ol>\n<li>ET EFFEKTIVT PROGRAM TIL AT SKABE INDRE OG YDRE FRED <br \/><a href=\"https:\/\/us7.campaign-archive.com\/?e=&#038;u=0cc687d83ddcd228ddb1e46aa&#038;id=ac69ed1955\" rel=\"noopener\" target=\"_blank\">Se brevet her.<\/a><\/li>\n<li>9.000 MEDITERENDE ER TILSTR\u00c6KKELIGT TIL AT OPN\u00c5 VERDENSFRED<br \/> <a href=\"https:\/\/us7.campaign-archive.com\/?e=&#038;u=0cc687d83ddcd228ddb1e46aa&#038;id=f2d92b2f1f\" rel=\"noopener\" target=\"_blank\">Se brevet her.<\/a><\/li>\n<li>H\u00d8JTUDDANNEDE EKSPERTER ANVENDER DEN \u00c6LDGAMLE VIDENSKAB OG BEVIDSTHEDSTEKNOLOGI TIL AT SKABE FRED<br \/><a href=\"https:\/\/us7.campaign-archive.com\/?e=&#038;u=0cc687d83ddcd228ddb1e46aa&#038;id=0aa59417f1\" rel=\"noopener\" target=\"_blank\">Se brevet her<\/a><\/li>\n<p><!-- \n\n\n\n<li>THE WINDS OF THE COLD WAR HAVE CHANGED TO WINDS OF HOPE <br \/><a href=\"http:\/\/mailchi.mp\/maharishi\/our-wish-for-you-today-bright-delight-usenm3l8fz-1355645\" rel=\"noopener\" target=\"_blank\">Se brevet her<\/a><\/li>\n\n\n\n\n\n\n\n\n\n<li>9,000 PEACE-CREATING EXPERTS WILL RESIDE IN THIS WORLD CAPITAL <br \/><a href=\"https:\/\/us7.campaign-archive.com\/?e=&u=0cc687d83ddcd228ddb1e46aa&id=e10c993571\" rel=\"noopener\" target=\"_blank\">Se brevet her<\/a><\/li>\n\n\n\n\n\n\n\n\n\n<li>HOW TO ACHIEVE THE INVINCIBILITY NUMBER FOR WORLD PEACE <br \/><a href=\"http:\/\/mailchi.mp\/maharishi\/our-wish-for-you-today-bright-delight-usenm3l8fz-1355645\" rel=\"noopener\" target=\"_blank\">Se brevet her<\/a><\/li\n\n<\/ol>\n\n\n\n\n--><\/p>\n<\/div><\/div>\n<\/div>\n","protected":false},"excerpt":{"rendered":"","protected":false},"author":3,"featured_media":0,"parent":0,"menu_order":0,"comment_status":"closed","ping_status":"closed","template":"","meta":{"om_disable_all_campaigns":false,"_monsterinsights_skip_tracking":false,"_monsterinsights_sitenote_active":false,"_monsterinsights_sitenote_note":"","_monsterinsights_sitenote_category":0,"footnotes":""},"class_list":["post-13495","page","type-page","status-publish","hentry"],"_links":{"self":[{"href":"https:\/\/donation.vedicpandits.org\/da\/wp-json\/wp\/v2\/pages\/13495","targetHints":{"allow":["GET"]}}],"collection":[{"href":"https:\/\/donation.vedicpandits.org\/da\/wp-json\/wp\/v2\/pages"}],"about":[{"href":"https:\/\/donation.vedicpandits.org\/da\/wp-json\/wp\/v2\/types\/page"}],"author":[{"embeddable":true,"href":"https:\/\/donation.vedicpandits.org\/da\/wp-json\/wp\/v2\/users\/3"}],"replies":[{"embeddable":true,"href":"https:\/\/donation.vedicpandits.org\/da\/wp-json\/wp\/v2\/comments?post=13495"}],"version-history":[{"count":10,"href":"https:\/\/donation.vedicpandits.org\/da\/wp-json\/wp\/v2\/pages\/13495\/revisions"}],"predecessor-version":[{"id":14250,"href":"https:\/\/donation.vedicpandits.org\/da\/wp-json\/wp\/v2\/pages\/13495\/revisions\/14250"}],"wp:attachment":[{"href":"https:\/\/donation.vedicpandits.org\/da\/wp-json\/wp\/v2\/media?parent=13495"}],"curies":[{"name":"wp","href":"https:\/\/api.w.org\/{rel}","templated":true}]}}