{"id":6065,"date":"2014-04-08T07:02:34","date_gmt":"2014-04-08T07:02:34","guid":{"rendered":"https:\/\/vedicpandits.org\/?page_id=6065"},"modified":"2020-07-02T14:51:59","modified_gmt":"2020-07-02T14:51:59","slug":"home","status":"publish","type":"page","link":"https:\/\/donation.vedicpandits.org\/da\/","title":{"rendered":"Home"},"content":{"rendered":"<p><!--<img loading=\"lazy\" decoding=\"async\" src=\"\/wp-content\/uploads\/2014\/04\/ecardslidere-new1.jpg\" width=\"912\" height=\"364\" class=\"alignleft size-full wp-image-1800\" \/>\n<a class=\"ecardbutton\" href=\"https:\/\/donation.vedicpandits.org\/ecard\/\"> > Nyhed! gratis eCards, som du kan nyde<\/a>--><\/p>\n<h4>VEDISKE BEVIDSTHEDSTEKNOLOGIER FOR VERDENSFRED<\/h4>\n<p>En stor gruppe Maharishi Vediske Pandits er ved at blive etableret i Indien for at skabe en indflydelse af harmoni for hele verden. Fyrre \u00e5rs videnskabelige unders\u00f8gelser har fastsl\u00e5et, at en gruppe p\u00e5 9.000 vil skabe en kraftfuld virkning, der forbedrer livet i global m\u00e5lestok. Takket v\u00e6re donationer fra gavmilde st\u00f8tter fra mere end 90 lande er gruppen de seneste \u00e5r vokset til mere end 2.000 Pandits i Indiens Brahmasthan (det geografiske centrum). Det er vores m\u00e5l at opn\u00e5 fuldst\u00e6ndig \u00e5rlig underst\u00f8ttelse for hele gruppen p\u00e5 9.000 vediske pandits og derefter opbygge en fond, der skal sikre gruppen fremover, s\u00e5 der skabes permanent verdensfred.<\/p>\n<p>UNESCO har udr\u00e5bt vedisk recitation til at v\u00e6re et mesterv\u00e6rk i menneskehedens mundtlige og uh\u00e5ndgribelige kulturarv.<\/p>\n<div class=\"align right\" style=\"width: 200px; margin-top: 40px; margin-left: 10px;\">\t<a href=\"https:\/\/donation.vedicpandits.org\/da\/?image_video=https%3A%2F%2Fwww.youtube.com%2Fwatch%3Fv%3D9LWemL_wR-4%3Frel%3D0\" class=\"video-link \"><img decoding=\"async\" class=\"alignnone size-full wp-image-285\" src=\"https:\/\/donation.vedicpandits.org\/wp-content\/uploads\/2018\/03\/Tall-blue-globe-copy.jpeg\" alt=\"landscape format of blue globe with pandits\" width=\"200\" \/><\/a>\n\n\t<\/div>\n<h4 style=\"margin-top: 25px;\">En kort og livlig video<\/h4>\n<p>P\u00e5 kun fjorten minutter kan du l\u00e6re, hvordan <em>Transcendental Meditation<\/em> og dens videreg\u00e5ende teknikker effektivt kan skabe fred. En kort og livlig video forklarer enkelt og klart ved hj\u00e6lp af animationer og eksempler, inklusive de videnskabelige unders\u00f8gelser, de n\u00f8dvendige trin til at opn\u00e5 verdensfred. \t<a href=\"https:\/\/donation.vedicpandits.org\/da\/?image_video=https%3A%2F%2Fwww.youtube.com%2Fwatch%3Fv%3D9LWemL_wR-4%3Frel%3D0\" class=\"video-link no-pointer\">Se videoen<\/a>\n\n\t p\u00e5 dit eget sprog.<\/p>\n<p><!--\n\n\n<h4>ECARDS<\/h4>\n\n\nAlle eCards er fyldt med smukke billeder af Maharishi Vediske Pandits, suppleret med audio og\/eller slideshows af recitationer med Maharishi Vediske Pandits. Vi h\u00e5ber, du vil synes godt om disse <a href=\"https:\/\/donation.vedicpandits.org\/ecard\/\">GRATIS forbedrede eCards<\/a>, og at du vil dele dem med dine venner.--><\/p>\n","protected":false},"excerpt":{"rendered":"<p>VEDISKE BEVIDSTHEDSTEKNOLOGIER FOR VERDENSFRED En stor gruppe Maharishi Vediske Pandits er ved at blive etableret i Indien for at skabe en indflydelse af harmoni for hele verden. Fyrre \u00e5rs videnskabelige unders\u00f8gelser har fastsl\u00e5et, at en gruppe p\u00e5 9.000 vil skabe en kraftfuld virkning, der forbedrer livet i global m\u00e5lestok. Takket v\u00e6re donationer fra gavmilde st\u00f8tter [&hellip;]<\/p>\n","protected":false},"author":3,"featured_media":0,"parent":0,"menu_order":0,"comment_status":"open","ping_status":"closed","template":"template-home.php","meta":{"om_disable_all_campaigns":false,"_monsterinsights_skip_tracking":false,"_monsterinsights_sitenote_active":false,"_monsterinsights_sitenote_note":"","_monsterinsights_sitenote_category":0,"footnotes":""},"class_list":["post-6065","page","type-page","status-publish","hentry"],"_links":{"self":[{"href":"https:\/\/donation.vedicpandits.org\/da\/wp-json\/wp\/v2\/pages\/6065","targetHints":{"allow":["GET"]}}],"collection":[{"href":"https:\/\/donation.vedicpandits.org\/da\/wp-json\/wp\/v2\/pages"}],"about":[{"href":"https:\/\/donation.vedicpandits.org\/da\/wp-json\/wp\/v2\/types\/page"}],"author":[{"embeddable":true,"href":"https:\/\/donation.vedicpandits.org\/da\/wp-json\/wp\/v2\/users\/3"}],"replies":[{"embeddable":true,"href":"https:\/\/donation.vedicpandits.org\/da\/wp-json\/wp\/v2\/comments?post=6065"}],"version-history":[{"count":28,"href":"https:\/\/donation.vedicpandits.org\/da\/wp-json\/wp\/v2\/pages\/6065\/revisions"}],"predecessor-version":[{"id":38741,"href":"https:\/\/donation.vedicpandits.org\/da\/wp-json\/wp\/v2\/pages\/6065\/revisions\/38741"}],"wp:attachment":[{"href":"https:\/\/donation.vedicpandits.org\/da\/wp-json\/wp\/v2\/media?parent=6065"}],"curies":[{"name":"wp","href":"https:\/\/api.w.org\/{rel}","templated":true}]}}