{"id":6107,"date":"2014-09-08T07:09:10","date_gmt":"2014-09-08T07:09:10","guid":{"rendered":"https:\/\/vedicpandits.org\/?page_id=6107"},"modified":"2015-12-28T10:48:19","modified_gmt":"2015-12-28T10:48:19","slug":"maharishi","status":"publish","type":"page","link":"https:\/\/donation.vedicpandits.org\/da\/maharishi\/","title":{"rendered":"Maharishi"},"content":{"rendered":"<h4>MAHARISHI MAHESH YOGI<\/h4>\n<p>Maharishi Mahesh Yogi anses i vide kredse for at v\u00e6re vor tids f\u00f8rende vediske videnskabsmand og forsker i bevidsthed. Ordet \u201dvediske\u201d henviser til den tidl\u00f8se tradition af ren og fuldst\u00e6ndig viden, der er blevet grundlagt i Indien.<\/p>\n<p>Maharishi er ber\u00f8mt for at undervise i Transcendental Meditation, den mest grundigt udforskede og effektive teknik til selvudvikling (se nedenfor). Desuden genoprettede han Indiens vediske traditions fuldst\u00e6ndige viden og dens praktiske programmer i deres rene form og fuldst\u00e6ndighed, s\u00e5 enhver overalt kan leve det vediske liv i dets fulde udfoldelse \u2013 et liv i fred, velstand og sundhed.  <\/p>\n<div class=\"border-line\">&nbsp;<\/div>\n<h4>EN SYSTEMATISK TILGANG TIL AT OPN\u00c5 OPLYSNING<\/h4>\n<p>Meditation og vejen til oplysning er i \u00e5rhundreder blevet misforst\u00e5et, selv i Indien. De blev for det meste anset for at tilh\u00f8re religionens og filosofiens dom\u00e6ner og blev ofte sat i forbindelse med forsagelse. Maharishi afd\u00e6kkede den vediske sandhed, at meditation ikke er baseret p\u00e5 anstrengelse og koncentration, men finder spontant og naturligt sted, n\u00e5r sindet gives det rette udgangspunkt. Han fremlagde en systematisk fremgangsm\u00e5de til udvikling af h\u00f8jere bevidsthedstilstande, hvor livets enhed bliver en levende realitet i dagligdagen. <\/p>\n<p>Inspireret af Maharishi begyndte videnskabsm\u00e6nd at unders\u00f8ge Transcendental Meditations gavnlige virkninger. Siden 1970, da den f\u00f8rste unders\u00f8gelse blev offentliggjort, har mere end 600 videnskabelige unders\u00f8gelser, udf\u00f8rt ved mere end 200 uafh\u00e6ngige forskningsinstitutioner i 35 lande, p\u00e5vist Transcendental Meditations gavnlige virkninger p\u00e5 sind, krop og samfundet som helhed. Mange af disse unders\u00f8gelser er blevet offentliggjort i f\u00f8rende videnskabelige, medicinske og andre fagtidsskrifter.<br \/>\n<div class=\"border-line\">&nbsp;<\/div>\n<h4>EN GENVEJ TIL VERDENSFRED<\/h4>\n<p>Gennem sin udvikling af det avancerede TM-Sidhi-program og is\u00e6r ud\u00f8velsen af Yogisk Flyvning i grupper gav Maharishi verden en teknologi til at skabe en koh\u00e6rent og fredelig indflydelse p\u00e5 den kollektive bevidsthed i enhver nation ved hj\u00e6lp af kun en meget lille del af befolkningen. Anvendt i stor m\u00e5lestok udg\u00f8r gruppeud\u00f8velsen af Yogisk Flyvning den f\u00f8rste videnskabeligt underbyggede metode til at skabe verdensfred. Desuden har unders\u00f8gelser p\u00e5vist, at mange af livets aspekter \u2013 som det generelle helbred, social adf\u00e6rd og velstand \u2013 forbedres. <\/p>\n<p>For at skabe og opretholde denne kraftfulde virkning permanent formulerede Maharishi &#8216;Det Globale Fredsinitiativ&#8217; \u2013 et projekt med det form\u00e5l at skabe en stor gruppe af specialuddannede vediske pandits. Deres daglige ud\u00f8velse af TM og TM-Sidhi-programmet udover deres udf\u00f8relse af vediske yagya\u2019er vil sprede en dybtg\u00e5ende og m\u00e5lbar gavnlig indvirkning p\u00e5 hele verden. For at skaffe midlerne til permanent underst\u00f8ttelse af denne gruppe grundlagde han Brahmananda Saraswati Trust i 2008.<br \/>\n<div class=\"border-line\">&nbsp;<\/div>\n<h4 id=\"audios\">AUDIO<\/h4>\n<p>Maharishi taler om de Vediske Pandits: :<\/p>\n<p><em><a href=\"https:\/\/donation.vedicpandits.org\/da\/maharishi\/?audio_link=%2Fwp-content%2Fuploads%2F2015%2F03%2F01nTraining-Vedic-Pandits-to-Create-Harmony-in-Society-pushing-the-Devatas-buttons-May-18-051.mp3\" class=\"audio-link\">&gt; Training Vedic Pandits to create harmony in society. (Audio 21:02 min)<\/a>\n<p><b><\/b><a href=\"https:\/\/donation.vedicpandits.org\/da\/maharishi\/?audio_link=%2Fwp-content%2Fuploads%2F2015%2F03%2F04n-Specialty-of-the-Vedic-Pandits-March-16-053.mp3\" class=\"audio-link\">&gt; Specialty of Vedic Pandits. (Audio 7:18 min)<\/a><\/em><\/br><\/p>\n<p>Maharishi taler om yagya\u2019er:<\/p>\n<p><em><a href=\"https:\/\/donation.vedicpandits.org\/da\/maharishi\/?audio_link=%2Fwp-content%2Fuploads%2F2015%2F03%2F03n-Using-Collective-Yagyas-to-Prevent-the-Danger.mp3\" class=\"audio-link\">&gt; Using collective Yagyas to prevent the danger that has not yet come. (Audio 8:56 min)<\/a>\n<p><b><\/b><a href=\"https:\/\/donation.vedicpandits.org\/da\/maharishi\/?audio_link=%2Fwp-content%2Fuploads%2F2015%2F03%2F02n-Yagyas%C3%A2%C2%80%C2%94powerful-Vedic-performances-March-23-051.mp3\" class=\"audio-link\">&gt; Yagyas \u2013 powerful Vedic performances arising from the silent level of consciousness of the Vedic Pandits. (Audio 7:26 min)<\/a>\n<p><b><\/b><a href=\"https:\/\/donation.vedicpandits.org\/da\/maharishi\/?audio_link=%2Fwp-content%2Fuploads%2F2015%2F03%2F06n-Difference-between-practising-TM-and-listening-to-Vedic-R.mp3\" class=\"audio-link\">&gt; The difference between practicing TM and listening to Vedic recitation. (Audio 4:42 min)<\/a><\/em><\/p>\n","protected":false},"excerpt":{"rendered":"<p>MAHARISHI MAHESH YOGI Maharishi Mahesh Yogi anses i vide kredse for at v\u00e6re vor tids f\u00f8rende vediske videnskabsmand og forsker i bevidsthed. Ordet \u201dvediske\u201d henviser til den tidl\u00f8se tradition af ren og fuldst\u00e6ndig viden, der er blevet grundlagt i Indien. Maharishi er ber\u00f8mt for at undervise i Transcendental Meditation, den mest grundigt udforskede og effektive [&hellip;]<\/p>\n","protected":false},"author":3,"featured_media":149,"parent":0,"menu_order":0,"comment_status":"open","ping_status":"closed","template":"","meta":{"om_disable_all_campaigns":false,"_monsterinsights_skip_tracking":false,"_monsterinsights_sitenote_active":false,"_monsterinsights_sitenote_note":"","_monsterinsights_sitenote_category":0,"footnotes":""},"class_list":["post-6107","page","type-page","status-publish","has-post-thumbnail","hentry"],"_links":{"self":[{"href":"https:\/\/donation.vedicpandits.org\/da\/wp-json\/wp\/v2\/pages\/6107","targetHints":{"allow":["GET"]}}],"collection":[{"href":"https:\/\/donation.vedicpandits.org\/da\/wp-json\/wp\/v2\/pages"}],"about":[{"href":"https:\/\/donation.vedicpandits.org\/da\/wp-json\/wp\/v2\/types\/page"}],"author":[{"embeddable":true,"href":"https:\/\/donation.vedicpandits.org\/da\/wp-json\/wp\/v2\/users\/3"}],"replies":[{"embeddable":true,"href":"https:\/\/donation.vedicpandits.org\/da\/wp-json\/wp\/v2\/comments?post=6107"}],"version-history":[{"count":4,"href":"https:\/\/donation.vedicpandits.org\/da\/wp-json\/wp\/v2\/pages\/6107\/revisions"}],"predecessor-version":[{"id":7680,"href":"https:\/\/donation.vedicpandits.org\/da\/wp-json\/wp\/v2\/pages\/6107\/revisions\/7680"}],"wp:featuredmedia":[{"embeddable":true,"href":"https:\/\/donation.vedicpandits.org\/da\/wp-json\/wp\/v2\/media\/149"}],"wp:attachment":[{"href":"https:\/\/donation.vedicpandits.org\/da\/wp-json\/wp\/v2\/media?parent=6107"}],"curies":[{"name":"wp","href":"https:\/\/api.w.org\/{rel}","templated":true}]}}