{"id":6111,"date":"2014-09-08T07:09:17","date_gmt":"2014-09-08T07:09:17","guid":{"rendered":"https:\/\/vedicpandits.org\/?page_id=6111"},"modified":"2015-12-28T10:51:40","modified_gmt":"2015-12-28T10:51:40","slug":"peace-creating-group","status":"publish","type":"page","link":"https:\/\/donation.vedicpandits.org\/da\/peace-creating-group\/","title":{"rendered":"Peace-creating group"},"content":{"rendered":"<h4>9.000 MAHARISHI VEDISKE PANDITS FOR VERDENSFRED<\/h4>\n<p>Maharishi Mahesh Yogi valgte vediske pandits til at v\u00e6re medlemmer af den fredsskabende gruppe, fordi de fra gammel tid har v\u00e6ret de traditionelle vogtere af den vediske visdom, der er ansvarlig for opretholdelse af harmoni i samfundet og balance i naturen. Gennem Maharishis fokus p\u00e5 at afd\u00e6kke den fulde betydning af den vediske viden er bevidsthedsteknologierne til skabelse af verdensfred blevet genoprettet i deres oprindelige effektivitet og er blevet bekr\u00e6ftet gennem videnskabelige unders\u00f8gelser. Dette har tilladt de vediske pandits, efter at v\u00e6re uddannet i disse bevidsthedsteknologier, igen at udfylde deres traditionelle rolle \u2013 at skabe harmoni, fred og balance i verden. <\/p>\n<p>I januar 2008 etablerede Maharishi &#8216;Brahmananda Saraswati trust&#8217; til at underst\u00f8tte og finansiere den store gruppe af vediske pandits i Indiens Brahmasthan (det geografiske center). M\u00e5let er at underst\u00f8tte 9.000 pandits. Som det f\u00f8rste skridt er m\u00e5let her og nu at udvide gruppen fra de nuv\u00e6rende 2.000 til 3.500 \u2013 et antal tilstr\u00e6kkeligt til at skabe en gavnlig virkning for hele Indien og et godt grundlag for at n\u00e5 m\u00e5let p\u00e5 9.000.<\/p>\n<div class=\"border-line\">&nbsp;<\/div>\n<div class=\"grid-holder\">\n<div class=\"grid grid-desktop-50 grid-mobile-100\"><div class=\"holder\">\t<a href=\"https:\/\/donation.vedicpandits.org\/da\/peace-creating-group\/?image_video=https%3A%2F%2Fwww.youtube.com%2Fwatch%3Fv%3DoLNxrO4z9GQ%3Frel%3D0\" class=\"video-link \"><img loading=\"lazy\" decoding=\"async\" class=\"alignnone size-full wp-image-103\" src=\"\/wp-content\/uploads\/2014\/04\/post-img-11.jpg\" alt=\"post-img-11\" width=\"432\" height=\"312\" srcset=\"https:\/\/donation.vedicpandits.org\/wp-content\/uploads\/2014\/04\/post-img-11.jpg 432w, https:\/\/donation.vedicpandits.org\/wp-content\/uploads\/2014\/04\/post-img-11-300x216.jpg 300w\" sizes=\"auto, (max-width: 432px) 100vw, 432px\" \/><\/a>\n\n\t\n\t<a href=\"https:\/\/donation.vedicpandits.org\/da\/peace-creating-group\/?image_video=https%3A%2F%2Fwww.youtube.com%2Fwatch%3Fv%3DoLNxrO4z9GQ%3Frel%3D0\" class=\"video-link no-pointer\"><em>&gt; Se Maharishi Mahesh Yogi tale om dette f\u00e6nomen.<\/em><\/a>\n\n\t\n<\/div><\/div>\n<div class=\"grid grid-desktop-50 grid-mobile-100\"><div class=\"holder\"><h4>BIVIRKNINGEN VED FRED<\/h4>\n<p>Det er almindeligt anerkendt, at de, der ud\u00f8ver Transcendental Meditation, oplever st\u00f8rre fred i sig selv. Denne oplevelse er videnskabeligt blevet sat i forbindelse med en mere ordnet hjernefunktion.<\/p>\n<p>Mindre kendt er, at n\u00e5r en relativt lille del af en by eller en nation ud\u00f8ver TM, spredes en indflydelse af fred til den omgivende befolkning. Dette f\u00e6nomen er blevet bekr\u00e6ftet i 23 videnskabelige unders\u00f8gelser og fundet s\u00e6rligt kraftfuldt, n\u00e5r det avancerede TM-Sidhi-program ud\u00f8ves i gruppe. <\/p>\n<p>At g\u00f8re brug af denne teknologi er kernen i &#8216;Det Globale Fredsinitiativ&#8217;.<\/p>\n<\/div><\/div>\n<\/div>\n","protected":false},"excerpt":{"rendered":"<p>9.000 MAHARISHI VEDISKE PANDITS FOR VERDENSFRED Maharishi Mahesh Yogi valgte vediske pandits til at v\u00e6re medlemmer af den fredsskabende gruppe, fordi de fra gammel tid har v\u00e6ret de traditionelle vogtere af den vediske visdom, der er ansvarlig for opretholdelse af harmoni i samfundet og balance i naturen. Gennem Maharishis fokus p\u00e5 at afd\u00e6kke den fulde [&hellip;]<\/p>\n","protected":false},"author":3,"featured_media":102,"parent":0,"menu_order":0,"comment_status":"open","ping_status":"closed","template":"","meta":{"om_disable_all_campaigns":false,"_monsterinsights_skip_tracking":false,"_monsterinsights_sitenote_active":false,"_monsterinsights_sitenote_note":"","_monsterinsights_sitenote_category":0,"footnotes":""},"class_list":["post-6111","page","type-page","status-publish","has-post-thumbnail","hentry"],"_links":{"self":[{"href":"https:\/\/donation.vedicpandits.org\/da\/wp-json\/wp\/v2\/pages\/6111","targetHints":{"allow":["GET"]}}],"collection":[{"href":"https:\/\/donation.vedicpandits.org\/da\/wp-json\/wp\/v2\/pages"}],"about":[{"href":"https:\/\/donation.vedicpandits.org\/da\/wp-json\/wp\/v2\/types\/page"}],"author":[{"embeddable":true,"href":"https:\/\/donation.vedicpandits.org\/da\/wp-json\/wp\/v2\/users\/3"}],"replies":[{"embeddable":true,"href":"https:\/\/donation.vedicpandits.org\/da\/wp-json\/wp\/v2\/comments?post=6111"}],"version-history":[{"count":4,"href":"https:\/\/donation.vedicpandits.org\/da\/wp-json\/wp\/v2\/pages\/6111\/revisions"}],"predecessor-version":[{"id":7681,"href":"https:\/\/donation.vedicpandits.org\/da\/wp-json\/wp\/v2\/pages\/6111\/revisions\/7681"}],"wp:featuredmedia":[{"embeddable":true,"href":"https:\/\/donation.vedicpandits.org\/da\/wp-json\/wp\/v2\/media\/102"}],"wp:attachment":[{"href":"https:\/\/donation.vedicpandits.org\/da\/wp-json\/wp\/v2\/media?parent=6111"}],"curies":[{"name":"wp","href":"https:\/\/api.w.org\/{rel}","templated":true}]}}