{"id":6115,"date":"2014-09-08T07:09:29","date_gmt":"2014-09-08T07:09:29","guid":{"rendered":"https:\/\/vedicpandits.org\/?page_id=6115"},"modified":"2018-08-22T08:53:46","modified_gmt":"2018-08-22T08:53:46","slug":"maharishi-vedic-pandits","status":"publish","type":"page","link":"https:\/\/donation.vedicpandits.org\/da\/peace-creating-group\/maharishi-vedic-pandits\/","title":{"rendered":"Maharishi vedic pandits"},"content":{"rendered":"<h4>SYSTEMATISK UDDANNELSE AF MAHARISHI VEDISKE PANDITS<\/h4>\n<p>Fra en tidlig alder f\u00f8lger elever fra Indiens traditionelle familier en systematisk uddannelse for at blive fredsskabere \u2013 Maharishi Vediske Pandits.<\/p>\n<p>Fra alderen 10-20 f\u00f8lger de et specielt studieprogram designet af Maharishi. Det indbefatter at l\u00e6re Transcendental Meditation og TM-Sidhi-programmet s\u00e5vel som Yogisk Flyvning, studier i sanskrit, og at opn\u00e5 f\u00e6rdighed i at udf\u00f8re yagya\u2019er, de traditionelle vediske recitationer, der giver medgang og fred. Gennem deres daglige studier opn\u00e5r de kredit til bachelor-, master- og ph.d.-programmer givet af Maharishi Mahesh Yogi Vedic Vishwavidyalaya, et universitet grundlagt af regeringen i staten Madhya Pradesh i 1995.<\/p>\n<div class=\"border-line\">&nbsp;<\/div>\n<div class=\"grid-holder\">\n<div class=\"grid grid-desktop-50 grid-mobile-100\"><div class=\"holder\"><p><img loading=\"lazy\" decoding=\"async\" class=\"alignnone size-full wp-image-105\" src=\"\/wp-content\/uploads\/2014\/04\/post-img-12.jpg\" alt=\"post-img-12\" width=\"432\" height=\"312\" srcset=\"https:\/\/donation.vedicpandits.org\/wp-content\/uploads\/2014\/04\/post-img-12.jpg 432w, https:\/\/donation.vedicpandits.org\/wp-content\/uploads\/2014\/04\/post-img-12-300x216.jpg 300w\" sizes=\"auto, (max-width: 432px) 100vw, 432px\" \/><\/p>\n<\/div><\/div>\n<div class=\"grid grid-desktop-50 grid-mobile-100\"><div class=\"holder\"><h4>EKSPERTER I YOGA \u2013 TRANSCENDENTAL MEDITATION OG YOGISK FLYVNING<\/h4>\n<p>I adskillige timer hver dag ud\u00f8ver Maharishi Vediske Pandits i Brahmasthan essensen af yoga \u2013 Transcendental Meditation og TM-Sidhi-programmet. TM-Sidhi-programmet inklusive Yogisk Flyvning er af Maharishi udledt fra Patanjalis Yoga Sutras, yoga-filosofiens centrale tekst. Dette program udvikler evnen til at handle fra mere stille og koh\u00e6rente planer af bevidsthed. N\u00e5r pandit\u2019ernes evne til at handle fra mere subtile planer af bevidsthed vokser, bliver de yderst effektive til at udf\u00f8re deres daglige vediske recitationer for at skabe verdensfred. <\/p>\n<\/div><\/div>\n<\/div>\n<div class=\"border-line\">&nbsp;<\/div>\n<div class=\"grid-holder\">\n<div class=\"grid grid-desktop-100\"><div class=\"holder\"><p>Den vigtigste tekst om yoga \u2013 yoga sutra\u2019erne \u2013 beskriver oplevelsen af at transcendere og hvordan d\u00e9t skaber fred i omgivelserne: <\/p>\n<div class=\"box-info\">\n<h5><em>Tat sannidhau vairatyagah<\/em><\/h5>\n<h4>&#8220;I yogas n\u00e6rhed (oplevelsen af Transcendental Bevidsthed, det forenede felt) elimineres fjendtlige og konfliktfyldte tendenser.&#8221;<\/h4>\n<h6>\u2013 Yoga sutra 2.35<\/h6>\n<\/div>\n<p>N\u00e5r Transcendental Bevidsthed gennem avanceret meditation levendeg\u00f8res af en tilstr\u00e6kkeligt stor gruppe, udvides \u2018yogas n\u00e6rhed\u2019 til at omfatte hele verden. Dette er &#8216;Det Globale Fredsinitiativs&#8217; strategi.<\/p>\n<\/div><\/div>\n<\/div>\n<div class=\"border-line\">&nbsp;<\/div>\n<div class=\"grid-holder\">\n<div class=\"grid grid-desktop-50 grid-mobile-100\"><div class=\"holder\"><h4>EKSPERTER I YAGYA \u2013 OMFATTENDE UDDANNELSE I VEDISKE RECITATIONER<\/h4>\n<p>I hundredvis af sm\u00e5 landsbyer over hele Indien skabte Maharishi et netv\u00e6rk til vejledning af elever, der \u00f8nsker at blive Maharishi Vediske Pandits. I hver landsby begynder l\u00e6rere, kaldet guru ji, at uddanne pandit-elever fra de er 10 \u00e5r. N\u00e5r de er 14, har de muligheden for ar blive optaget p\u00e5 en af de 46 regionale institutioner rundt omkring i Indien og modtage undervisning under vejledning af erfarne acharyas (l\u00e6rere). Eleverne f\u00f8lger et systematisk og detaljeret program udf\u00e6rdiget af Maharishi, der indbefatter videob\u00e5nd og computer-underst\u00f8ttet undervisning for at sikre, at hver enkelt pandit modtager et h\u00f8jt og standardiseret niveau af uddannelse. N\u00e5r de best\u00e5r eksamen i en alder af ca. 20 \u00e5r, er de mestre i at udf\u00f8re yagya\u2019er.<br \/>\nYagya er en tidl\u00f8s teknologi fra den vediske tradition. Yagya\u2019er udf\u00f8res af pandits for at levendeg\u00f8re de naturlove, der administrerer universet p\u00e5 specifikke m\u00e5der og for at tilfredsstille specifikke behov med det form\u00e5l at hj\u00e6lpe med at opfylde et specifikt \u00f8nske. For eksempel samles 1.331 pandits hver dag i Indiens Brahmasthan for at udf\u00f8re Atirudrabhishek, den kraftfulde yagya for verdensfred.<br \/>\nUNESCO har officielt beskrevet vedisk recitation som en uh\u00e5ndgribelig kulturarv for menneskeheden.  <\/p>\n<\/div><\/div>\n<div class=\"grid grid-desktop-50 grid-mobile-100\"><div class=\"holder\"><p><img loading=\"lazy\" decoding=\"async\" class=\"alignnone size-full wp-image-107\" src=\"\/wp-content\/uploads\/2014\/04\/post-img-13.jpg\" alt=\"post-img-13\" width=\"435\" height=\"482\" srcset=\"https:\/\/donation.vedicpandits.org\/wp-content\/uploads\/2014\/04\/post-img-13.jpg 435w, https:\/\/donation.vedicpandits.org\/wp-content\/uploads\/2014\/04\/post-img-13-270x300.jpg 270w, https:\/\/donation.vedicpandits.org\/wp-content\/uploads\/2014\/04\/post-img-13-300x332.jpg 300w\" sizes=\"auto, (max-width: 435px) 100vw, 435px\" \/><\/p>\n<\/div><\/div>\n<\/div>\n<div class=\"border-line\">&nbsp;<\/div>\n<div class=\"grid-holder\">\n<div class=\"grid grid-desktop-50 grid-mobile-100\"><div class=\"holder\">\t<a href=\"https:\/\/donation.vedicpandits.org\/da\/peace-creating-group\/maharishi-vedic-pandits\/?image_video=https%3A%2F%2Fwww.youtube.com%2Fwatch%3Fv%3DZQOxpwHk0fQ\" class=\"video-link \">\n<img loading=\"lazy\" decoding=\"async\" class=\"alignnone size-full wp-image-92\" src=\"\/wp-content\/uploads\/2014\/05\/einzelner_pandit_432bright.png\" alt=\"post-img-14\" width=\"432\" height=\"243\" \/><br \/>\n<\/a>\n\n\t\n<\/div><\/div>\n<div class=\"grid grid-desktop-50 grid-mobile-100\"><div class=\"holder\"><h4 id=\"atirudrabhishek\">SYN OG LYD<\/h4>\n<p>For at f\u00e5 et indtryk af Maharishi Vediske Pandits i aktion er her et slideshow med audiospor af pandits, der udf\u00f8rer yagya\u2019er.<\/p>\n<\/div><\/div>\n<\/div>\n","protected":false},"excerpt":{"rendered":"<p>SYSTEMATISK UDDANNELSE AF MAHARISHI VEDISKE PANDITS Fra en tidlig alder f\u00f8lger elever fra Indiens traditionelle familier en systematisk uddannelse for at blive fredsskabere \u2013 Maharishi Vediske Pandits. Fra alderen 10-20 f\u00f8lger de et specielt studieprogram designet af Maharishi. Det indbefatter at l\u00e6re Transcendental Meditation og TM-Sidhi-programmet s\u00e5vel som Yogisk Flyvning, studier i sanskrit, og at [&hellip;]<\/p>\n","protected":false},"author":3,"featured_media":202,"parent":6111,"menu_order":1,"comment_status":"open","ping_status":"closed","template":"","meta":{"om_disable_all_campaigns":false,"_monsterinsights_skip_tracking":false,"_monsterinsights_sitenote_active":false,"_monsterinsights_sitenote_note":"","_monsterinsights_sitenote_category":0,"footnotes":""},"class_list":["post-6115","page","type-page","status-publish","has-post-thumbnail","hentry"],"_links":{"self":[{"href":"https:\/\/donation.vedicpandits.org\/da\/wp-json\/wp\/v2\/pages\/6115","targetHints":{"allow":["GET"]}}],"collection":[{"href":"https:\/\/donation.vedicpandits.org\/da\/wp-json\/wp\/v2\/pages"}],"about":[{"href":"https:\/\/donation.vedicpandits.org\/da\/wp-json\/wp\/v2\/types\/page"}],"author":[{"embeddable":true,"href":"https:\/\/donation.vedicpandits.org\/da\/wp-json\/wp\/v2\/users\/3"}],"replies":[{"embeddable":true,"href":"https:\/\/donation.vedicpandits.org\/da\/wp-json\/wp\/v2\/comments?post=6115"}],"version-history":[{"count":7,"href":"https:\/\/donation.vedicpandits.org\/da\/wp-json\/wp\/v2\/pages\/6115\/revisions"}],"predecessor-version":[{"id":15285,"href":"https:\/\/donation.vedicpandits.org\/da\/wp-json\/wp\/v2\/pages\/6115\/revisions\/15285"}],"up":[{"embeddable":true,"href":"https:\/\/donation.vedicpandits.org\/da\/wp-json\/wp\/v2\/pages\/6111"}],"wp:featuredmedia":[{"embeddable":true,"href":"https:\/\/donation.vedicpandits.org\/da\/wp-json\/wp\/v2\/media\/202"}],"wp:attachment":[{"href":"https:\/\/donation.vedicpandits.org\/da\/wp-json\/wp\/v2\/media?parent=6115"}],"curies":[{"name":"wp","href":"https:\/\/api.w.org\/{rel}","templated":true}]}}