{"id":6119,"date":"2014-09-08T09:14:28","date_gmt":"2014-09-08T09:14:28","guid":{"rendered":"https:\/\/vedicpandits.org\/?page_id=6119"},"modified":"2019-01-07T10:43:00","modified_gmt":"2019-01-07T10:43:00","slug":"science-2","status":"publish","type":"page","link":"https:\/\/donation.vedicpandits.org\/da\/peace-creating-group\/science-2\/","title":{"rendered":"Science"},"content":{"rendered":"<h4>VIDENSKABELIGE UNDERS\u00d8GELSER UNDERST\u00d8TTER PANDIT GRUPPENS EFFEKTIVITET<\/h4>\n<p>Hovedform\u00e5let med at etablere en stor gruppe vediske pandits er at skabe en virkning af koh\u00e6rens og harmoni i verdens bevidsthed.<\/p>\n<p>Videnskabelige unders\u00f8gelser har p\u00e5vist, at negative tendenser mindskes og positive tendenser \u00f8ges, n\u00e5r et tilstr\u00e6kkeligt antal mennesker ud\u00f8ver Transcendental Meditation og det avancerede TM-Sidhi-program.<\/p>\n<p>Disse gavnlige virkninger er blevet iagttaget, n\u00e5r<\/p>\n<ul>\n<li>1% af befolkningen har l\u00e6rt Transcendental Meditation, eller<\/li>\n<li>kvadratroden af 1% af befolkningen ud\u00f8ver TM-Sidhi-programmet, inklusive Yogisk Flyvning, p\u00e5 \u00e9t sted.<\/li>\n<\/ul>\n<p>Dette f\u00e6nomen kaldes Maharishi-effekten til \u00e6re for Maharishi, der forudsagde den i 1960, femten \u00e5r f\u00f8r den begyndte at blive bekr\u00e6ftet erfaringsm\u00e6ssigt gennem videnskabelige unders\u00f8gelser.<br \/>\n<div class=\"grid-holder\">\n<div class=\"grid grid-desktop-50 grid-mobile-100 zoom-image-holder\"><div class=\"holder\"><h4>WASHINGTON-STUDIET<\/h4>\n<p>Voldsforbrydelser blev reduceret med n\u00e6sten 25% i Washington, D.C., da en gruppe p\u00e5 4.000 yogiske flyvere var samlet i adskillige uger i sommeren 1993 (se planchen nedenfor). Denne forskning blev i 1999 offentliggjort i fagtidsskriftet Social Indicators Research. <em>Social Indicators Research 1999 47(2):153-201.<\/em><\/p>\n<p><a href=\"\/wp-content\/uploads\/2014\/05\/washington_reduced_crime.jpg\"><img loading=\"lazy\" decoding=\"async\" class=\"alignnone size-full wp-image-83\" src=\"\/wp-content\/uploads\/2014\/05\/washington_reduced_crime.jpg\" alt=\"post-img-2\" width=\"320\" height=\"250\" \/><\/a><\/p>\n<\/div><\/div>\n<div class=\"grid grid-desktop-50 grid-mobile-100\"><div class=\"holder\"><p><img loading=\"lazy\" decoding=\"async\" class=\"alignnone size-full wp-image-85\" src=\"\/wp-content\/uploads\/2014\/04\/post-img-1.jpg\" alt=\"post-img-1\" width=\"435\" height=\"400\" srcset=\"https:\/\/donation.vedicpandits.org\/wp-content\/uploads\/2014\/04\/post-img-1.jpg 435w, https:\/\/donation.vedicpandits.org\/wp-content\/uploads\/2014\/04\/post-img-1-300x275.jpg 300w\" sizes=\"auto, (max-width: 435px) 100vw, 435px\" \/><\/p>\n<\/div><\/div>\n<\/div>\n<h4>V\u00c6KST FOR VERDEN<\/h4>\n<p>Beviserne godtg\u00f8r, at en gruppe yogiske flyvere svarende til kvadratroden af 1% af verdens befolkning vil bringe fred til verdenssamfundet. Da kvadratroden af 1% af verdens befolkning p\u00e5 7 milliarder er 8.400, er m\u00e5let for gruppen af vediske pandits sat til 9.000.<\/p>\n<div class=\"border-line\">&nbsp;<\/div>\n<h4>DEN VIDENSKABELIGE TEORI ANG\u00c5ENDE FREDSSKABENDE GRUPPER <\/h4>\n<p>Teoretiske forklaringer p\u00e5 den kraftfulde virkning af gruppemeditation p\u00e5 kriminalitet og social stress indbefatter en \u201cbevidsthedens feltmodel\u201d, hvor bevidsthed p\u00e5 sit dybeste plan er et omr\u00e5de, der ligger til grund for og forbinder enkeltindivider i hele samfundet. En s\u00e5dan teori er i overensstemmelse med de seneste konklusioner i fysik, fysiologi og neuro-videnskab.<\/p>\n<div class=\"grid-holder\">\n<div class=\"grid grid-desktop-50 grid-mobile-100\"><div class=\"holder\"><p>For eksempel har den moderne fysik lokaliseret adskillige forenede felter for naturens funktionsm\u00e5de i sm\u00e5 rum- og tidsm\u00e5lestokke, kulminerende med opdagelsen af det forenede felt (\u201csuperstrengsfeltet\u201d), der ligger til grund for og forbinder alle de forskellige kr\u00e6fter og partikler i universet (se planchen til h\u00f8jre). <\/p>\n<p>Tilsvarende giver Transcendental Meditation og TM-Sidhi-programmet direkte oplevelse af stille, mere dybe planer af t\u00e6nkning \u2013 kulminerende med oplevelsen af det forenede felt ved grundlaget for sind og materie. Gruppeud\u00f8velse stimulerer kraftigt dette universelle, forenede felt af kollektiv bevidsthed og har en koh\u00e6rent indvirkning p\u00e5 hele samfundet.<\/p>\n<\/div><\/div>\n<div class=\"grid grid-desktop-50 grid-mobile-100 zoom-image-holder\"><div class=\"holder\"><p><a href=\"\/wp-content\/uploads\/2014\/05\/uf-chart.jpg\"><img loading=\"lazy\" decoding=\"async\" class=\"alignnone size-full wp-image-90\" src=\"\/wp-content\/uploads\/2014\/05\/uf-chart.jpg\" alt=\"post-img-3\" width=\"320\" height=\"250\" \/><\/a><\/p>\n<\/div><\/div>\n<\/div>\n<p>Videnskabelige unders\u00f8gelser, der m\u00e5ler virkningen af Transcendental Meditation p\u00e5 samfundet, har fastsl\u00e5et, at den fredsskabende indflydelse skabt af en gruppe mennesker, der ud\u00f8ver TM, vokser proportionelt med kvadratroden af gruppens st\u00f8rrelse. Hvis gruppen best\u00e5r af yogiske flyvere \u2013 de, der er uddannet i det avancerede TM-Sidhi-program \u2013 viser unders\u00f8gelser, at kvadratroden af 1% af befolkningen er tilstr\u00e6kkelig til at skabe en betydelig gavnlig indvirkning.<\/p>\n<p>Det betyder, at blot nogle f\u00e5 hundrede personer er n\u00f8dvendige for at frembringe en yderst kraftfuld og videnskabeligt verificerbar virkning af fred, harmoni og velstand i det omkringliggende samfund \u2013 selv i national eller global m\u00e5lestok. For hele verden beh\u00f8ves en gruppe p\u00e5 9.000 (groft taget kvadratroden af 1% af verdens befolkning). Dette er den tilsigtede st\u00f8rrelse p\u00e5 vores gruppe af Maharishi Vediske Pandits i Indien.<\/p>\n<div class=\"border-line\">&nbsp;<\/div>\n<h4>EN FELTVIRKNING AF BEVIDSTHED<\/h4>\n<p>Hvordan er det muligt, at personer, der ud\u00f8ver Transcendental Meditation alene i deres hjem eller kontorer, eller sammen i en gruppe, kan p\u00e5virke andre personer, der ikke engang mediterer, i den anden ende af byen, i hele landet eller endda rundt omkring i verden?<\/p>\n<div class=\"grid-holder\">\n<div class=\"grid grid-desktop-50 grid-mobile-100\"><div class=\"holder\">\t<a href=\"https:\/\/donation.vedicpandits.org\/da\/peace-creating-group\/science-2\/?image_video=https%3A%2F%2Fwww.youtube.com%2Fwatch%3Fv%3DyVFa6Wtuxu8\" class=\"video-link \">\n<img loading=\"lazy\" decoding=\"async\" class=\"alignnone size-full wp-image-92\" src=\"\/wp-content\/uploads\/2014\/04\/post-img-14.jpg\" alt=\"post-img-14\" width=\"433\" height=\"321\" srcset=\"https:\/\/donation.vedicpandits.org\/wp-content\/uploads\/2014\/04\/post-img-14.jpg 433w, https:\/\/donation.vedicpandits.org\/wp-content\/uploads\/2014\/04\/post-img-14-300x222.jpg 300w\" sizes=\"auto, (max-width: 433px) 100vw, 433px\" \/><br \/>\n<\/a>\n\n\t\n<\/div><\/div>\n<div class=\"grid grid-desktop-50 grid-mobile-100\"><div class=\"holder\"><p>Indflydelsen af de mediterende grupper bev\u00e6ger sig gennem et underliggende felt \u2013 p\u00e5 same m\u00e5de som du kan h\u00f8re en direkte radioudsendelse fra den anden ende af verden. I det ene tilf\u00e6lde forbinder det elektromagnetiske felt radiostationen og din radio. I det andet eksempel forbinder feltet af bevidsthed den mediterende med resten af befolkningen. B\u00f8lger af koh\u00e6rens fra den fredsskabende gruppe spredes gennem hele bevidsthedens felt og frembringer en gavnlig og m\u00e5lbar indflydelse gennem hele samfundet.  <\/p>\n\t<a href=\"https:\/\/donation.vedicpandits.org\/da\/peace-creating-group\/science-2\/?image_video=https%3A%2F%2Fwww.youtube.com%2Fwatch%3Fv%3DyVFa6Wtuxu8\" class=\"video-link no-pointer\"> Se en video med kvantefysikeren John Hagelin, der forklarer feltvirkningen. <\/a>\n\n\t\n<\/div><\/div>\n<\/div>\n<p>&nbsp;<\/p>\n<h5>KOH\u00c6RENTE SYSTEMER ER MERE KRAFTFULDE \u2013 LASEREN SOM EKSEMPEL<\/h5>\n<p>Hvorfor beh\u00f8ves kun et relativt lille antal personer i den fredsskabende gruppe for at skabe en gavnlig indflydelse p\u00e5 hele befolkningen? Fysikken har sl\u00e5et fast, at et system, der fungerer koh\u00e6rent, er mere kraftfuldt end et, der fungerer ikke-koh\u00e6rent. <\/p>\n<p>Tag for eksempel laseren, det vil sige lysb\u00f8lger, der er blevet justeret til at fungere koh\u00e6rent, s\u00e5 toppe og dale af hver b\u00f8lge er i trit med alle andre b\u00f8lger. Laserlys er langt mere kraftfuldt end lys, der udsendes fra en almindelig lysp\u00e6re. Faktisk er virkningen af laserlys proportionalt med kvadratroden af antallet af b\u00f8lger, dvs. at 100 b\u00f8lger, der fungerer koh\u00e6rent, vil have den samme virkning som 10.000  (100<sup>2<\/sup>) almindelige b\u00f8lger.<\/p>\n<p>P\u00e5 samme m\u00e5de vil en stor gruppe personer, der ud\u00f8ver TM-Sidhi-programmet, levendeg\u00f8re bevidsthedens felt p\u00e5 et stille og koh\u00e6rent plan og skabe en fredelig virkning, der er langt mere kraftfuld end den, de samme personer kunne frembringe gennem individuel indsats. <\/p>\n","protected":false},"excerpt":{"rendered":"<p>VIDENSKABELIGE UNDERS\u00d8GELSER UNDERST\u00d8TTER PANDIT GRUPPENS EFFEKTIVITET Hovedform\u00e5let med at etablere en stor gruppe vediske pandits er at skabe en virkning af koh\u00e6rens og harmoni i verdens bevidsthed. Videnskabelige unders\u00f8gelser har p\u00e5vist, at negative tendenser mindskes og positive tendenser \u00f8ges, n\u00e5r et tilstr\u00e6kkeligt antal mennesker ud\u00f8ver Transcendental Meditation og det avancerede TM-Sidhi-program. Disse gavnlige virkninger er [&hellip;]<\/p>\n","protected":false},"author":3,"featured_media":3087,"parent":6111,"menu_order":2,"comment_status":"open","ping_status":"closed","template":"template-science.php","meta":{"om_disable_all_campaigns":false,"_monsterinsights_skip_tracking":false,"_monsterinsights_sitenote_active":false,"_monsterinsights_sitenote_note":"","_monsterinsights_sitenote_category":0,"footnotes":""},"class_list":["post-6119","page","type-page","status-publish","has-post-thumbnail","hentry"],"_links":{"self":[{"href":"https:\/\/donation.vedicpandits.org\/da\/wp-json\/wp\/v2\/pages\/6119","targetHints":{"allow":["GET"]}}],"collection":[{"href":"https:\/\/donation.vedicpandits.org\/da\/wp-json\/wp\/v2\/pages"}],"about":[{"href":"https:\/\/donation.vedicpandits.org\/da\/wp-json\/wp\/v2\/types\/page"}],"author":[{"embeddable":true,"href":"https:\/\/donation.vedicpandits.org\/da\/wp-json\/wp\/v2\/users\/3"}],"replies":[{"embeddable":true,"href":"https:\/\/donation.vedicpandits.org\/da\/wp-json\/wp\/v2\/comments?post=6119"}],"version-history":[{"count":5,"href":"https:\/\/donation.vedicpandits.org\/da\/wp-json\/wp\/v2\/pages\/6119\/revisions"}],"predecessor-version":[{"id":20249,"href":"https:\/\/donation.vedicpandits.org\/da\/wp-json\/wp\/v2\/pages\/6119\/revisions\/20249"}],"up":[{"embeddable":true,"href":"https:\/\/donation.vedicpandits.org\/da\/wp-json\/wp\/v2\/pages\/6111"}],"wp:featuredmedia":[{"embeddable":true,"href":"https:\/\/donation.vedicpandits.org\/da\/wp-json\/wp\/v2\/media\/3087"}],"wp:attachment":[{"href":"https:\/\/donation.vedicpandits.org\/da\/wp-json\/wp\/v2\/media?parent=6119"}],"curies":[{"name":"wp","href":"https:\/\/api.w.org\/{rel}","templated":true}]}}