{"id":6123,"date":"2014-09-08T07:09:41","date_gmt":"2014-09-08T07:09:41","guid":{"rendered":"https:\/\/vedicpandits.org\/?page_id=6123"},"modified":"2015-12-29T10:38:59","modified_gmt":"2015-12-29T10:38:59","slug":"scope","status":"publish","type":"page","link":"https:\/\/donation.vedicpandits.org\/da\/peace-creating-group\/scope\/","title":{"rendered":"Scope"},"content":{"rendered":"<p>Vores projekt indbefatter en stor gruppe og et dermed forbundet uddannelsesprogram, der opbygger og fornyr den.<br \/>\n<div class=\"border-line\">&nbsp;<\/div>\n<div class=\"grid-holder\">\n<div class=\"grid grid-desktop-50 grid-mobile-100\"><div class=\"holder\"><h4>HOVEDGRUPPEN<\/h4>\n<p>Valget af vediske pandits til at udg\u00f8re vort projekts gruppe i Indien er b\u00e5de et traditionelt og et praktisk valg. Fra gammel tid var vediske pandits traditionelt ansvarlige for at opretholde harmoni i samfundet og balance i naturen. Og i dag udg\u00f8r Indien et \u00f8konomisk sted at uddanne vediske pandits til at v\u00e6re professionelle fredsskabere.<\/p>\n<p>M\u00e5let er at have 9.000 Maharishi Vediske Pandits i \u00e9n gruppe for at skabe en verdensomsp\u00e6ndende virkning af fred. For at underst\u00f8tte denne gruppe kr\u00e6ves det, at man kan betale l\u00f8nninger og etablere et komplet uddannelsesomr\u00e5de med infrastruktur, boliger, avanceret uddannelse og m\u00e5ltider, foruden et mejeri og en k\u00f8kkenhave.<\/p>\n<p>For tiden bor mere end 2.000 pandits p\u00e5 campus i Brahmasthan \u2013 Indiens geografiske center \u2013 n\u00e6r Jabalpur, Madhya Pradesh.<\/p>\n<\/div><\/div>\n<div class=\"grid grid-desktop-50 grid-mobile-100 zoom-image-holder\"><div class=\"holder\"><p><a href=\"\/wp-content\/uploads\/2014\/04\/map-of-india.jpg\"><img loading=\"lazy\" decoding=\"async\" class=\"alignleft size-full wp-image-595\" src=\"\/wp-content\/uploads\/2014\/04\/map-of-india.jpg\" alt=\"map-of-india\" width=\"550\" height=\"523\" srcset=\"https:\/\/donation.vedicpandits.org\/wp-content\/uploads\/2014\/04\/map-of-india.jpg 550w, https:\/\/donation.vedicpandits.org\/wp-content\/uploads\/2014\/04\/map-of-india-300x285.jpg 300w\" sizes=\"auto, (max-width: 550px) 100vw, 550px\" \/><\/a><\/p>\n<\/div><\/div>\n<\/div>\n<div class=\"border-line\">&nbsp;<\/div>\n<div class=\"grid-holder\">\n<div class=\"grid grid-desktop-50 grid-mobile-100 zoom-image-holder\"><div class=\"holder\"><p><a href=\"\/wp-content\/uploads\/2014\/04\/131207_training_chart_web-Kopie.jpg\"><img loading=\"lazy\" decoding=\"async\" class=\"alignnone size-medium wp-image-250\" src=\"\/wp-content\/uploads\/2014\/04\/131207_training_chart_web-Kopie.jpg\" alt=\"\" width=\"432\" height=\"211\" \/><\/a><\/p>\n<\/div><\/div>\n<div class=\"grid grid-desktop-50 grid-mobile-100\"><div class=\"holder\"><h4>PANDIT-UDDANNELSESPROGRAMMET <\/h4>\n<p>For at opbygge den store gruppe og tage h\u00f8jde for naturlig afgang er et pandit-tr\u00e6ningsprogram blevet etableret over hele Indien af Maharishi.<br \/>\nDet underst\u00f8tter og fornyr gruppen i Brahmasthan og er designet til at have tilmeldt:<br \/>\n\u2013 20.000 yngre elever, der modtager uddannelse p\u00e5 landsbyniveau.<br \/>\n\u2013 10.000 elever, der uddannes p\u00e5 opholdsinstitutioner.<br \/>\nProgrammet er indrettet til at f\u00e6rdiguddanne 1.200\u20131.500 pandits hvert \u00e5r for at sikre, at den store gruppe altid er st\u00f8rre end 9.000.<\/p>\n<\/div><\/div>\n<\/div>\n","protected":false},"excerpt":{"rendered":"<p>Vores projekt indbefatter en stor gruppe og et dermed forbundet uddannelsesprogram, der opbygger og fornyr den.<\/p>\n","protected":false},"author":3,"featured_media":196,"parent":6111,"menu_order":4,"comment_status":"open","ping_status":"closed","template":"","meta":{"om_disable_all_campaigns":false,"_monsterinsights_skip_tracking":false,"_monsterinsights_sitenote_active":false,"_monsterinsights_sitenote_note":"","_monsterinsights_sitenote_category":0,"footnotes":""},"class_list":["post-6123","page","type-page","status-publish","has-post-thumbnail","hentry"],"_links":{"self":[{"href":"https:\/\/donation.vedicpandits.org\/da\/wp-json\/wp\/v2\/pages\/6123","targetHints":{"allow":["GET"]}}],"collection":[{"href":"https:\/\/donation.vedicpandits.org\/da\/wp-json\/wp\/v2\/pages"}],"about":[{"href":"https:\/\/donation.vedicpandits.org\/da\/wp-json\/wp\/v2\/types\/page"}],"author":[{"embeddable":true,"href":"https:\/\/donation.vedicpandits.org\/da\/wp-json\/wp\/v2\/users\/3"}],"replies":[{"embeddable":true,"href":"https:\/\/donation.vedicpandits.org\/da\/wp-json\/wp\/v2\/comments?post=6123"}],"version-history":[{"count":6,"href":"https:\/\/donation.vedicpandits.org\/da\/wp-json\/wp\/v2\/pages\/6123\/revisions"}],"predecessor-version":[{"id":7756,"href":"https:\/\/donation.vedicpandits.org\/da\/wp-json\/wp\/v2\/pages\/6123\/revisions\/7756"}],"up":[{"embeddable":true,"href":"https:\/\/donation.vedicpandits.org\/da\/wp-json\/wp\/v2\/pages\/6111"}],"wp:featuredmedia":[{"embeddable":true,"href":"https:\/\/donation.vedicpandits.org\/da\/wp-json\/wp\/v2\/media\/196"}],"wp:attachment":[{"href":"https:\/\/donation.vedicpandits.org\/da\/wp-json\/wp\/v2\/media?parent=6123"}],"curies":[{"name":"wp","href":"https:\/\/api.w.org\/{rel}","templated":true}]}}