{"id":6127,"date":"2014-09-08T07:09:46","date_gmt":"2014-09-08T07:09:46","guid":{"rendered":"https:\/\/vedicpandits.org\/?page_id=6127"},"modified":"2015-12-28T18:59:23","modified_gmt":"2015-12-28T18:59:23","slug":"cost","status":"publish","type":"page","link":"https:\/\/donation.vedicpandits.org\/da\/peace-creating-group\/cost\/","title":{"rendered":"Cost"},"content":{"rendered":"<h4>PERMANENT FRED TIL EN BR\u00d8KDEL AF OMKOSTNINGERNE VED NUTIDENS MILIT\u00c6RE STYRKER <\/h4>\n<p>&#8216;Det Globale Fredsinitiativ&#8217;  har potentialet til at blive det mest omkostningseffektive og succesfulde fredsskabende program i nyere tid. Financieringen, der er n\u00f8dvendig for permanent at underst\u00f8tte hele projektet, er mindre end hvad verdens milit\u00e6re styrker kollektivt giver ud hver sjette time og mindre end halvdelen af prisen p\u00e5 \u00e9t B-2 bombefly. <\/p>\n<p>1. Underst\u00f8ttelse af en gruppe p\u00e5 9.000 Maharishi Vediske Pandits p\u00e5 campus i det centrale Indien<br \/>\n2. Underst\u00f8ttelse af uddannelsesprogrammet for nye Maharishi Vediske Pandits. <\/p>\n<p>Da de centrale campusfunktioner og uddannelsesprogrammerne er godt i gang med at blive virkeliggjort, er de enkelte udgifter i budgettet nu velkendte og opregnet nedenfor. <\/p>\n<div class=\"border-line\">&nbsp;<\/div>\n<div class=\"grid-holder grid-border-50\">\n<div class=\"grid grid-desktop-50 grid-mobile-100\"><div class=\"holder\"><p><img loading=\"lazy\" decoding=\"async\" src=\"\/wp-content\/uploads\/2014\/04\/2146-432.jpg\" alt=\"2146 - 432\" width=\"432\" height=\"253\" class=\"alignleft size-full wp-image-577\" srcset=\"https:\/\/donation.vedicpandits.org\/wp-content\/uploads\/2014\/04\/2146-432.jpg 432w, https:\/\/donation.vedicpandits.org\/wp-content\/uploads\/2014\/04\/2146-432-300x175.jpg 300w, https:\/\/donation.vedicpandits.org\/wp-content\/uploads\/2014\/04\/2146-432-430x253.jpg 430w\" sizes=\"auto, (max-width: 432px) 100vw, 432px\" \/><\/p>\n<h4>1. OPRETHOLDELSE AF DEN STORE GRUPPE P\u00c5 9.000 <\/h4>\n<p>$ 250 om m\u00e5neden er tilstr\u00e6kkeligt til at give hver pandit kost og logi, sygesikring, bekl\u00e6dning og specialiseret videreg\u00e5ende uddannelse, foruden et beskedent bel\u00f8b til hans familie. Der er ogs\u00e5 indbefattet vedligeholdelse, administration og andre udgifter i forbindelse med hans ophold i Indiens Brahmasthan.<br \/>\nMed deltagelse af 9.000 Vediske Pandits i projektet er de samlede omkostninger $ 27 millioner om \u00e5ret. <\/p>\n<\/div><\/div>\n<div class=\"grid grid-desktop-50 grid-mobile-100\"><div class=\"holder\"><p><a href=\"\/wp-content\/uploads\/2014\/04\/9297-432.jpg\"><img loading=\"lazy\" decoding=\"async\" src=\"\/wp-content\/uploads\/2014\/04\/9297-432.jpg\" alt=\"9297 - 432\" width=\"432\" height=\"253\" class=\"alignleft size-full wp-image-579\" srcset=\"https:\/\/donation.vedicpandits.org\/wp-content\/uploads\/2014\/04\/9297-432.jpg 432w, https:\/\/donation.vedicpandits.org\/wp-content\/uploads\/2014\/04\/9297-432-300x175.jpg 300w, https:\/\/donation.vedicpandits.org\/wp-content\/uploads\/2014\/04\/9297-432-430x253.jpg 430w\" sizes=\"auto, (max-width: 432px) 100vw, 432px\" \/><\/a><\/p>\n<h4>2. PANDIT-UDDANNELSESPROGRAMMET <\/h4>\n<p>For at sikre en konstant tilf\u00f8rsel af Maharishi Vediske Pandits til den store gruppe i det centrale Indien er uddannelsesprogrammet designet til at indbefatte: \t\u2013 20.000 yngre elever i deres egne landsbyer for $ 12 om m\u00e5neden per elev  \t\u2013 10.000 \u00e6ldre elever p\u00e5 ophold i tr\u00e6ningescentre for $ 130 om m\u00e5neden per elev. De \u00e5rlige omkostninger for uddannelsesprogrammet er $ 18,5 millioner.<\/p>\n<\/div><\/div>\n<\/div>\n<h4 style=\"text-align: center; margin-top: 20px;\">DET SAMLEDE BUDGET <\/h4>\n<p style=\"text-align: center;\">Det kombinerede \u00e5rlige budget for den store gruppe og uddannelsesprogrammet er $ 45,5 millioner.<\/p>\n<div class=\"border-line\">&nbsp;<\/div>\n<p style=\"text-align: center; color: #e07e27;\"><em>Hvis du kunne t\u00e6nke dig at sponsorere en pandit eller st\u00f8tte financieringen af vores projekt, klik nedenfor<\/em><\/p>\n\t<p style=\"text-align: center\">\n\t\t<a href=\"https:\/\/donation.vedicpandits.org\/da\/intermediary-donation-page\/\"   class=\"btn btn-large \" > > \n\t\t\tBIDRAG TIL VORES PROJEKT\t\t<\/a>\n\t<\/p>\n\n\t\n","protected":false},"excerpt":{"rendered":"<p>PERMANENT FRED TIL EN BR\u00d8KDEL AF OMKOSTNINGERNE VED NUTIDENS MILIT\u00c6RE STYRKER &#8216;Det Globale Fredsinitiativ&#8217; har potentialet til at blive det mest omkostningseffektive og succesfulde fredsskabende program i nyere tid. Financieringen, der er n\u00f8dvendig for permanent at underst\u00f8tte hele projektet, er mindre end hvad verdens milit\u00e6re styrker kollektivt giver ud hver sjette time og mindre end [&hellip;]<\/p>\n","protected":false},"author":3,"featured_media":192,"parent":6111,"menu_order":5,"comment_status":"open","ping_status":"closed","template":"","meta":{"om_disable_all_campaigns":false,"_monsterinsights_skip_tracking":false,"_monsterinsights_sitenote_active":false,"_monsterinsights_sitenote_note":"","_monsterinsights_sitenote_category":0,"footnotes":""},"class_list":["post-6127","page","type-page","status-publish","has-post-thumbnail","hentry"],"_links":{"self":[{"href":"https:\/\/donation.vedicpandits.org\/da\/wp-json\/wp\/v2\/pages\/6127","targetHints":{"allow":["GET"]}}],"collection":[{"href":"https:\/\/donation.vedicpandits.org\/da\/wp-json\/wp\/v2\/pages"}],"about":[{"href":"https:\/\/donation.vedicpandits.org\/da\/wp-json\/wp\/v2\/types\/page"}],"author":[{"embeddable":true,"href":"https:\/\/donation.vedicpandits.org\/da\/wp-json\/wp\/v2\/users\/3"}],"replies":[{"embeddable":true,"href":"https:\/\/donation.vedicpandits.org\/da\/wp-json\/wp\/v2\/comments?post=6127"}],"version-history":[{"count":6,"href":"https:\/\/donation.vedicpandits.org\/da\/wp-json\/wp\/v2\/pages\/6127\/revisions"}],"predecessor-version":[{"id":7686,"href":"https:\/\/donation.vedicpandits.org\/da\/wp-json\/wp\/v2\/pages\/6127\/revisions\/7686"}],"up":[{"embeddable":true,"href":"https:\/\/donation.vedicpandits.org\/da\/wp-json\/wp\/v2\/pages\/6111"}],"wp:featuredmedia":[{"embeddable":true,"href":"https:\/\/donation.vedicpandits.org\/da\/wp-json\/wp\/v2\/media\/192"}],"wp:attachment":[{"href":"https:\/\/donation.vedicpandits.org\/da\/wp-json\/wp\/v2\/media?parent=6127"}],"curies":[{"name":"wp","href":"https:\/\/api.w.org\/{rel}","templated":true}]}}