{"id":6132,"date":"2014-09-08T07:09:52","date_gmt":"2014-09-08T07:09:52","guid":{"rendered":"https:\/\/vedicpandits.org\/?page_id=6132"},"modified":"2016-07-27T10:02:23","modified_gmt":"2016-07-27T10:02:23","slug":"progress","status":"publish","type":"page","link":"https:\/\/donation.vedicpandits.org\/da\/peace-creating-group\/progress\/","title":{"rendered":"Progress"},"content":{"rendered":"<h4>MILEP\u00c6LE P\u00c5 VEJEN MOD VORES M\u00c5L<\/h4>\n<ul>\n<li>Til uddannelsesstedet for 9.000 Maharishi Vediske Pandits er 688 hektar jord blevet k\u00f8bt, ikke langt fra Jabalpur i Madhya Pradesh, Indien, (fotoet ovenfor blev taget i 2013).<\/li>\n<li>Beboelse for 2.500 Maharishi Vediske Pandits er allerede blevet f\u00e6rdiggjort. Dette indbefatter infrastruktur, administrationsbygninger, spise- og yagyasale samt et mejeri \u2013 alt bygget i overensstemmelse med principperne for Sthapatya Veda, den vediske videnskab om arkitektur.<\/li>\n<li>Over 2.000 fuldt uddannede Maharishi Vediske Pandits er allerede bosat og f\u00f8lger det daglige program til at skabe fred.<\/li>\n<li>Beboelse for yderligere 5.000 Pandits er blevet p\u00e5begyndt, men kr\u00e6ver yderligere financiering for at blive f\u00e6rdiggjort.<\/li>\n<li>Guru Ji-programmet til uddannelse af yngre pandit-elever i deres lokale landsbyer blev p\u00e5begyndt for mere end et \u00e5rti siden og forts\u00e6ttes.<\/li>\n<li>Uddannelse af \u00e6ldre elever forts\u00e6tter ved 46 tr\u00e6ningscentre over hele Indien. For tiden er omkring 3.000 fastboende elever indskrevet.<\/li>\n<li>To fundraising-organisationer til st\u00f8tte for &#8216;Det Global Fredsinitiativ&#8217; er blevet oprettet. Brahmananda Saraswati Foundation i USA og Brahmananda Saraswati Trust i Holland er begge registreret som velg\u00f8rende institutioner i deres respektive lande.  <\/li>\n<li>Et frivilligt netv\u00e6rk af nationale koordinatorer (<a href=\"https:\/\/donation.vedicpandits.org\/contact\/\">\u2018ambassad\u00f8rer\u2019<\/a>) er blevet etableret i 90 lande for at st\u00f8tte dette initiativ.<\/li>\n<li>P\u00e5 blot nogle f\u00e5 \u00e5r er programmet til fremme af regelm\u00e6ssige m\u00e5nedlige donationer vokset, s\u00e5 det nu tilvejebringer USD 430.000 om m\u00e5neden til st\u00f8tte for projektet.<\/li>\n<li>Mange nationale organisationer indenfor den verdensomsp\u00e6ndende Transcendental Meditation-bev\u00e6gelse indsamler ogs\u00e5 midler for at st\u00f8tte Maharishi Vediske Pandits.<\/li>\n<p>\t<!--\n\n<li> I USA er en gruppe Maharishi Vediske Pandits blevet etableret i Maharishi Vedic City, Iowa, underst\u00f8ttet af amerikanske donorer.<\/li>\n\n-->\n<\/ul>\n","protected":false},"excerpt":{"rendered":"<p>MILEP\u00c6LE P\u00c5 VEJEN MOD VORES M\u00c5L Til uddannelsesstedet for 9.000 Maharishi Vediske Pandits er 688 hektar jord blevet k\u00f8bt, ikke langt fra Jabalpur i Madhya Pradesh, Indien, (fotoet ovenfor blev taget i 2013). Beboelse for 2.500 Maharishi Vediske Pandits er allerede blevet f\u00e6rdiggjort. Dette indbefatter infrastruktur, administrationsbygninger, spise- og yagyasale samt et mejeri \u2013 alt [&hellip;]<\/p>\n","protected":false},"author":3,"featured_media":189,"parent":6111,"menu_order":6,"comment_status":"open","ping_status":"closed","template":"","meta":{"om_disable_all_campaigns":false,"_monsterinsights_skip_tracking":false,"_monsterinsights_sitenote_active":false,"_monsterinsights_sitenote_note":"","_monsterinsights_sitenote_category":0,"footnotes":""},"class_list":["post-6132","page","type-page","status-publish","has-post-thumbnail","hentry"],"_links":{"self":[{"href":"https:\/\/donation.vedicpandits.org\/da\/wp-json\/wp\/v2\/pages\/6132","targetHints":{"allow":["GET"]}}],"collection":[{"href":"https:\/\/donation.vedicpandits.org\/da\/wp-json\/wp\/v2\/pages"}],"about":[{"href":"https:\/\/donation.vedicpandits.org\/da\/wp-json\/wp\/v2\/types\/page"}],"author":[{"embeddable":true,"href":"https:\/\/donation.vedicpandits.org\/da\/wp-json\/wp\/v2\/users\/3"}],"replies":[{"embeddable":true,"href":"https:\/\/donation.vedicpandits.org\/da\/wp-json\/wp\/v2\/comments?post=6132"}],"version-history":[{"count":5,"href":"https:\/\/donation.vedicpandits.org\/da\/wp-json\/wp\/v2\/pages\/6132\/revisions"}],"predecessor-version":[{"id":8651,"href":"https:\/\/donation.vedicpandits.org\/da\/wp-json\/wp\/v2\/pages\/6132\/revisions\/8651"}],"up":[{"embeddable":true,"href":"https:\/\/donation.vedicpandits.org\/da\/wp-json\/wp\/v2\/pages\/6111"}],"wp:featuredmedia":[{"embeddable":true,"href":"https:\/\/donation.vedicpandits.org\/da\/wp-json\/wp\/v2\/media\/189"}],"wp:attachment":[{"href":"https:\/\/donation.vedicpandits.org\/da\/wp-json\/wp\/v2\/media?parent=6132"}],"curies":[{"name":"wp","href":"https:\/\/api.w.org\/{rel}","templated":true}]}}