{"id":6136,"date":"2014-09-08T07:10:00","date_gmt":"2014-09-08T07:10:00","guid":{"rendered":"https:\/\/vedicpandits.org\/?page_id=6136"},"modified":"2016-01-16T16:42:56","modified_gmt":"2016-01-16T16:42:56","slug":"yagya","status":"publish","type":"page","link":"https:\/\/donation.vedicpandits.org\/da\/yagya\/","title":{"rendered":"Yagya"},"content":{"rendered":"<h4>Maharishi YAGYA?<\/h4>\n<p>Donationer til gruppen af Maharishi Vediske Pandits i Indien bidrager samtidig til specielle vediske ceremonier kaldet yagya\u2019er, der udf\u00f8res af pandit\u2019er. Disse yagya\u2019er anvender videnskaben om lyd til at skabe en mangfoldighed af gavnlige virkninger for dit land National Yagya og dig selv Special Yagya.<\/p>\n<div class=\"border-line\">&nbsp;<\/div>\n<div class=\"grid-holder\">\n<div class=\"grid grid-desktop-50 grid-mobile-100\">\n<div class=\"holder button\">\n<a class=\"btn btn-large btn-full\" href=\"https:\/\/donation.vedicpandits.org\/da\/yagya\/national-yagya\/\"> > National Yagya <\/a>\n<\/div>\n<\/div>\n<div class=\"grid grid-desktop-50 grid-mobile-100\">\n<div class=\"holder button\">\n<a class=\"btn btn-large btn-full \" href=\"https:\/\/donation.vedicpandits.org\/da\/yagya\/special-yagya\/\"> > Special Yagya <\/a>\n<\/div>\n<\/div>\n<\/div>\n<p><\/p>\n<div class=\"border-line\">&nbsp;<\/div>\n<h4>HVAD ER YAGYA?<\/h4>\n<p>Yagya er en h\u00e6vdvunden og effektiv teknologi til at forebygge problemer, samt \u00f8ge succes og lykke p\u00e5 alle planer. De traditionelle vediske recitationer er af UNESCO blevet udn\u00e6vnt til at v\u00e6re en uh\u00e5ndgribelig kulturarv for menneskeheden. <\/p>\n<div class=\"border-line\">&nbsp;<\/div>\n<div class=\"grid-holder\">\n<div class=\"grid grid-desktop-50 grid-mobile-100\"><div class=\"holder\"><h4>HVAD ER SPECIELT VED MAHARISHI YAGYA? <\/h4>\n<p>Maharishi Mahesh Yogi viede mange \u00e5r til en omhyggelig og systematisk genoplivelse af yagya og genetablerede denne \u00e6ldgamle teknologis fulde kraft. Han genoplivede den afg\u00f8rende forst\u00e5else, at vediske mantra\u2019er b\u00f8r fremsiges fra en bevidsthed, der er grundf\u00e6stet i \u2018para\u2019-planet (det transcendentale plan) af tale, hvor forbindelsen mellem lyd og form \u2013 mellem \u00f8nske og opfyldelse af \u00f8nsket \u2013 er intimt forbundet og enormt kraftfuldt. Maharishi definerede to aspekter som v\u00e6rende afg\u00f8rende for den korrekte udf\u00f8relse af vedisk yagya:<\/p>\n<p>For det f\u00f8rste oplever Maharishi Vediske Pandits gennem deres daglige ud\u00f8velse af TM og TM-Sidhi-pro\u00acgrammet en dyb og stille bevidsthedstilstand. Resultatet er levendeg\u00f8relse af den transcendente kilde til tale, f\u00f8r de fremsiger og udf\u00f8rer en yagya. Som en f\u00f8lge deraf udf\u00f8rer pandit\u2019erne yagya\u2019er fra dette stille bevidsthedsplan og aktiverer dybere planer af naturens love. <\/p>\n<p>For det andet gennemg\u00e5r Maharishi Vediske Pandits en enest\u00e5ende og omfattende uddannelse. I adskillige \u00e5rtier arbejdede Maharishi t\u00e6t sammen med de mest \u00e6rv\u00e6rdige pandit-mestre fra hele Indien for at forfine og indf\u00f8re den perfekte uddannelse af vediske pandits. Denne uddannelse sikrer, at de l\u00e6rer den korrekte udf\u00f8relse og udtale i dens fulde traditionelle effektivitet. <\/p>\n<p>Det er derfor, Maharishi Yagyas har en s\u00e5 kraftfuld og omfattende virkning.<\/p>\n<\/div><\/div>\n<div class=\"grid grid-desktop-50 grid-mobile-100\"><div class=\"holder\"><p><img loading=\"lazy\" decoding=\"async\" class=\"alignright size-full wp-image-261\" src=\"\/wp-content\/uploads\/2014\/04\/CHANTING-PANDIT-EYES-CLOSED432.jpg\" alt=\"CHANTING PANDIT EYES CLOSED432\" width=\"432\" height=\"516\" srcset=\"https:\/\/donation.vedicpandits.org\/wp-content\/uploads\/2014\/04\/CHANTING-PANDIT-EYES-CLOSED432.jpg 432w, https:\/\/donation.vedicpandits.org\/wp-content\/uploads\/2014\/04\/CHANTING-PANDIT-EYES-CLOSED432-251x300.jpg 251w, https:\/\/donation.vedicpandits.org\/wp-content\/uploads\/2014\/04\/CHANTING-PANDIT-EYES-CLOSED432-300x358.jpg 300w\" sizes=\"auto, (max-width: 432px) 100vw, 432px\" \/><\/p>\n<\/div><\/div>\n<\/div>\n","protected":false},"excerpt":{"rendered":"<p>Maharishi YAGYA? Donationer til gruppen af Maharishi Vediske Pandits i Indien bidrager samtidig til specielle vediske ceremonier kaldet yagya\u2019er, der udf\u00f8res af pandit\u2019er. Disse yagya\u2019er anvender videnskaben om lyd til at skabe en mangfoldighed af gavnlige virkninger for dit land National Yagya og dig selv Special Yagya. > National Yagya > Special Yagya HVAD ER [&hellip;]<\/p>\n","protected":false},"author":3,"featured_media":183,"parent":0,"menu_order":0,"comment_status":"open","ping_status":"closed","template":"","meta":{"om_disable_all_campaigns":false,"_monsterinsights_skip_tracking":false,"_monsterinsights_sitenote_active":false,"_monsterinsights_sitenote_note":"","_monsterinsights_sitenote_category":0,"footnotes":""},"class_list":["post-6136","page","type-page","status-publish","has-post-thumbnail","hentry"],"_links":{"self":[{"href":"https:\/\/donation.vedicpandits.org\/da\/wp-json\/wp\/v2\/pages\/6136","targetHints":{"allow":["GET"]}}],"collection":[{"href":"https:\/\/donation.vedicpandits.org\/da\/wp-json\/wp\/v2\/pages"}],"about":[{"href":"https:\/\/donation.vedicpandits.org\/da\/wp-json\/wp\/v2\/types\/page"}],"author":[{"embeddable":true,"href":"https:\/\/donation.vedicpandits.org\/da\/wp-json\/wp\/v2\/users\/3"}],"replies":[{"embeddable":true,"href":"https:\/\/donation.vedicpandits.org\/da\/wp-json\/wp\/v2\/comments?post=6136"}],"version-history":[{"count":7,"href":"https:\/\/donation.vedicpandits.org\/da\/wp-json\/wp\/v2\/pages\/6136\/revisions"}],"predecessor-version":[{"id":7876,"href":"https:\/\/donation.vedicpandits.org\/da\/wp-json\/wp\/v2\/pages\/6136\/revisions\/7876"}],"wp:featuredmedia":[{"embeddable":true,"href":"https:\/\/donation.vedicpandits.org\/da\/wp-json\/wp\/v2\/media\/183"}],"wp:attachment":[{"href":"https:\/\/donation.vedicpandits.org\/da\/wp-json\/wp\/v2\/media?parent=6136"}],"curies":[{"name":"wp","href":"https:\/\/api.w.org\/{rel}","templated":true}]}}