{"id":6140,"date":"2014-09-10T12:56:25","date_gmt":"2014-09-10T12:56:25","guid":{"rendered":"https:\/\/vedicpandits.org\/?page_id=6140"},"modified":"2020-02-27T03:14:00","modified_gmt":"2020-02-27T03:14:00","slug":"national-yagya","status":"publish","type":"page","link":"https:\/\/donation.vedicpandits.org\/da\/yagya\/national-yagya\/","title":{"rendered":"National  Yagya"},"content":{"rendered":"<h4>HVAD ER NATIONALE YAGYA\u2019ER? <\/h4>\n<p>Nationale yagya\u2019er er en specifik teknologi til at \u00f8ge lykke og held samt forhindre problemer for en hel nation.  Disse yagya\u2019er udf\u00f8res af store grupper af Maharishi Vediske Pandits i Indiens Brahmasthan (det geografiske center).<\/p>\n<div class=\"border-line\">&nbsp;<\/div>\n<div class=\"grid-holder\">\n<div class=\"grid grid-desktop-50 grid-mobile-100\"><div class=\"holder\"><p><img loading=\"lazy\" decoding=\"async\" class=\"alignleft size-full wp-image-277\" src=\"\/wp-content\/uploads\/2014\/04\/IMG_4957_reverse_web1.jpg\" alt=\"IMG_4957_reverse_web1\" width=\"432\" height=\"288\" srcset=\"https:\/\/donation.vedicpandits.org\/wp-content\/uploads\/2014\/04\/IMG_4957_reverse_web1.jpg 432w, https:\/\/donation.vedicpandits.org\/wp-content\/uploads\/2014\/04\/IMG_4957_reverse_web1-300x200.jpg 300w, https:\/\/donation.vedicpandits.org\/wp-content\/uploads\/2014\/04\/IMG_4957_reverse_web1-430x288.jpg 430w\" sizes=\"auto, (max-width: 432px) 100vw, 432px\" \/><\/p>\n<\/div><\/div>\n<div class=\"grid grid-desktop-50 grid-mobile-100\"><div class=\"holder\"><h4>HVORDAN UDF\u00d8RES DE? <\/h4>\n<p>Nationale Yagya\u2019er udf\u00f8res over en periode p\u00e5 dage eller uger, afh\u00e6ngig af yagya\u2019ens omfang og det \u00f8nskede form\u00e5l (kaldet \u2018Sankalpa\u2019), der er valgt af landet. Eksempler p\u00e5 specifikke form\u00e5l er st\u00f8rre \u00f8konomisk fremgang, forbedret sundhed, national harmoni, samt mindskelse eller undg\u00e5else af problemer som naturkatastrofer, vold eller en skrantende \u00f8konomi. <\/p>\n\t\t<div class=\"hidden-video\">\t\t\t\t\t\t\t\t\t\t\t\t\n\t\t\t<div class=\"video-container\"> [videojs autoplay=&#8221;false&#8221; mp4=&#8221;\/wp-content\/uploads\/2014\/06\/5.-Kavach-Display-1.mp4&#8243; width=&#8221;400&#8243; height=&#8221;400&#8243;] <\/div>\n\t\t<\/div>\n\t\t<a href=\"https:\/\/donation.vedicpandits.org\/da\/yagya\/national-yagya\/?image_video=%2Fwp-content%2Fuploads%2F2014%2F06%2F5.-Kavach-Display-1.mp4\" class=\"video-link no-pointer\"><em>&gt; Lyt til Panditterne i Brahmasthan, der udf\u00f8rer en Yagya med det form\u00e5l at beskytte nationen.<\/em><\/a>\n\n\t\n<\/div><\/div>\n<\/div>\n<div class=\"border-line\">&nbsp;<\/div>\n<a id=\"scienceofyagya\" name=\"scienceofyagya\"><\/a><\/p>\n<h4>VIDENSKABEN BAG UDF\u00d8RELSE AF YAGYA\u2019ER<\/h4>\n<p>Lyt til John Hagelin, ph.d., en verdensber\u00f8mt kvantefysiker, underviser, ekspert i offentlig politik og f\u00f8rende fortaler for fred: <\/p>\n<div class=\"grid-holder\">\n<div class=\"grid grid-desktop-50 grid-mobile-100\"><div class=\"holder\"><p span style=\"margin-left: 15px;\">\t<a href=\"https:\/\/donation.vedicpandits.org\/da\/yagya\/national-yagya\/?image_video=https%3A%2F%2Fvimeo.com%2F80285421\" class=\"video-link \"><img decoding=\"async\" class=\"alignnone size-full wp-image-285\" src=\"https:\/\/donation.vedicpandits.org\/wp-content\/uploads\/2020\/02\/hagelin_5_videoimage.png\" alt=\"yagya_hagelin_1web1\" width=\"362\"  \/><\/a>\n\n\t\n\t<a href=\"https:\/\/donation.vedicpandits.org\/da\/yagya\/national-yagya\/?image_video=https%3A%2F%2Fvimeo.com%2F80285421\" class=\"video-link no-pointer\"><em>&gt; Video 1: Hvad er Maharishi Yagya?<\/em><\/a>\n\n\t\n<\/div><\/div>\n<div class=\"grid grid-desktop-50 grid-mobile-100\"><div class=\"holder\">\t<a href=\"https:\/\/donation.vedicpandits.org\/da\/yagya\/national-yagya\/?image_video=https%3A%2F%2Fwww.youtube.com%2Fwatch%3Fv%3DPEEbpF59O4g%3Frel%3D0\" class=\"video-link \"><img decoding=\"async\" class=\"alignnone size-full wp-image-285\" src=\"https:\/\/donation.vedicpandits.org\/wp-content\/uploads\/2020\/02\/hagelin_yagya_charlie2.png\" alt=\"yagya_hagelin_2web2\" width=\"432\"  \/><\/a>\n\n\t\n\t<a href=\"https:\/\/donation.vedicpandits.org\/da\/yagya\/national-yagya\/?image_video=https%3A%2F%2Fwww.youtube.com%2Fwatch%3Fv%3DPEEbpF59O4g%3Frel%3D0\" class=\"video-link no-pointer\"><em>&gt; Video 2: Det videnskabelige grundlag for Yagya.<\/em><\/a>\n\n\t\n<\/div><\/div>\n<\/div>\n<div class=\"border-line\">&nbsp;<\/div>\n<h4 style=\"text-align: center;\">FIRE GRUNDE TIL AT ST\u00d8TTE MAHARISHI VEDISKE PANDITS OG NATIONALE YAGYA\u2019ER <\/h4>\n<h4 style=\"text-align: center;\">1. ST\u00d8T DIT LAND <\/h4>\n<p style=\"text-align: center;\">Nationale Yagya\u2019er fremmer med stor kraft fred, succes, velstand og national uovervindelighed, specifikt med henblik p\u00e5 at gavne dit land. <\/p>\n<h4 style=\"text-align: center;\">2. BESKYT DIN VERDEN, DIT MILJ\u00d8 <\/h4>\n<p style=\"text-align: center;\">Den kollektive virkning af mange nationale yagya\u2019er har en kraftfuld og positiv indflydelse p\u00e5 hele verden. Desuden hj\u00e6lper dine bidrag med til at \u00f8ge st\u00f8rrelsen af gruppen i Indiens Brahmasthan til det kritiske niveau p\u00e5 9.000, der er n\u00f8dvendigt for at sikre verdensfred. <\/p>\n<h4 style=\"text-align: center;\">3. BESKYT DIG SELV OG DIN FAMILIE <\/h4>\n<p style=\"text-align: center;\">Din nation har gavn af din st\u00f8tte, s\u00e5 din st\u00f8tte gavner dig ogs\u00e5 som borger. Vi kender alle sandheden i ordene: \u201dSom du s\u00e5r, s\u00e5 skal du h\u00f8ste\u201d. I den \u00e6ldgamle vediske tradition siges de, der st\u00f8tter yagya\u2019er, at v\u00e6re de mest begunstigede. <\/p>\n<h4 style=\"text-align: center;\">4. BEVAR DEN VEDISKE KULTURARV <\/h4>\n<p style=\"text-align: center;\">Maharishi lagde stor v\u00e6gt p\u00e5 at genoprette den vediske tradition, da den giver viden og teknikkerne til at realisere vores fulde potentiale \u2013 individuelt og kollektivt. Alle donationer til en national yagya underst\u00f8tter samtidig pandit\u2019erne og sikrer, at denne viden forbliver til r\u00e5dighed for fremtidige generationer.<\/p>\n<div class=\"border-line\">&nbsp;<\/div>\n\t<p style=\"text-align: center\">\n\t\t<a href=\"https:\/\/donation.vedicpandits.org\/da\/intermediary-donation-page\/\"   class=\"btn btn-large \" > > \n\t\t\tBidrage til et national Yagya\t\t<\/a>\n\t<\/p>\n\n\t\n<div class=\"border-line\">&nbsp;<\/div>\n<h4>BLIV N\u00c6VNT I EN YAGYA <\/h4>\n<p>Du kan bidrage alle omkostningerne ved en national yagya (begyndende ved $1,250 US). I det tilf\u00e6lde vil du blive n\u00e6vnt \u2013 ved navn \u2013 i den Sankalpa (form\u00e5let), der udtrykkes af de vediske pandit\u2019er ved begyndelsen af yagya\u2019ens udf\u00f8relse.<br \/>\nAt bidrage til en national yagya medf\u00f8rer ikke blot mangfoldige positive indflydelser for dit land. Ogs\u00e5 du som individuel donor vil drage fordel deraf.<\/p>\n","protected":false},"excerpt":{"rendered":"<p>HVAD ER NATIONALE YAGYA\u2019ER? Nationale yagya\u2019er er en specifik teknologi til at \u00f8ge lykke og held samt forhindre problemer for en hel nation. Disse yagya\u2019er udf\u00f8res af store grupper af Maharishi Vediske Pandits i Indiens Brahmasthan (det geografiske center). VIDENSKABEN BAG UDF\u00d8RELSE AF YAGYA\u2019ER Lyt til John Hagelin, ph.d., en verdensber\u00f8mt kvantefysiker, underviser, ekspert i [&hellip;]<\/p>\n","protected":false},"author":3,"featured_media":3256,"parent":6136,"menu_order":0,"comment_status":"open","ping_status":"closed","template":"","meta":{"om_disable_all_campaigns":false,"_monsterinsights_skip_tracking":false,"_monsterinsights_sitenote_active":false,"_monsterinsights_sitenote_note":"","_monsterinsights_sitenote_category":0,"footnotes":""},"class_list":["post-6140","page","type-page","status-publish","has-post-thumbnail","hentry"],"_links":{"self":[{"href":"https:\/\/donation.vedicpandits.org\/da\/wp-json\/wp\/v2\/pages\/6140","targetHints":{"allow":["GET"]}}],"collection":[{"href":"https:\/\/donation.vedicpandits.org\/da\/wp-json\/wp\/v2\/pages"}],"about":[{"href":"https:\/\/donation.vedicpandits.org\/da\/wp-json\/wp\/v2\/types\/page"}],"author":[{"embeddable":true,"href":"https:\/\/donation.vedicpandits.org\/da\/wp-json\/wp\/v2\/users\/3"}],"replies":[{"embeddable":true,"href":"https:\/\/donation.vedicpandits.org\/da\/wp-json\/wp\/v2\/comments?post=6140"}],"version-history":[{"count":12,"href":"https:\/\/donation.vedicpandits.org\/da\/wp-json\/wp\/v2\/pages\/6140\/revisions"}],"predecessor-version":[{"id":39829,"href":"https:\/\/donation.vedicpandits.org\/da\/wp-json\/wp\/v2\/pages\/6140\/revisions\/39829"}],"up":[{"embeddable":true,"href":"https:\/\/donation.vedicpandits.org\/da\/wp-json\/wp\/v2\/pages\/6136"}],"wp:featuredmedia":[{"embeddable":true,"href":"https:\/\/donation.vedicpandits.org\/da\/wp-json\/wp\/v2\/media\/3256"}],"wp:attachment":[{"href":"https:\/\/donation.vedicpandits.org\/da\/wp-json\/wp\/v2\/media?parent=6140"}],"curies":[{"name":"wp","href":"https:\/\/api.w.org\/{rel}","templated":true}]}}