{"id":6145,"date":"2014-09-10T12:57:22","date_gmt":"2014-09-10T12:57:22","guid":{"rendered":"https:\/\/vedicpandits.org\/?page_id=6145"},"modified":"2023-03-15T14:59:51","modified_gmt":"2023-03-15T14:59:51","slug":"special-yagya","status":"publish","type":"page","link":"https:\/\/donation.vedicpandits.org\/da\/yagya\/special-yagya\/","title":{"rendered":"Special Yagya"},"content":{"rendered":"<h4>Maharishi Specielle Yagyaer<\/h4>\n<p>Som alle Maharishi Yagyaer er Specielle Yagyaer hovedsagelig et middel til at skabe fred og velstand for vores verdensfamilie.Desuden udf\u00f8res de ogs\u00e5 til \u00e6re for dem, der sponsorerer Yagyaerne, for at oplive naturens st\u00f8tte til dem og deres familier p\u00e5 forskellige omr\u00e5der i tilv\u00e6relsen.<br \/>\nMaharishi designede en serie af specielle Yagyaer, som kan nydes p\u00e5 vigtige tidspunkter i ens liv. Disse specielle Yagyaer giver naturens velsignelser til \u00e9n personligt eller til familien, p\u00e5 vigtige tidspunkter i ens liv, hvor bestemte naturlove er mest levende og tilg\u00e6ngelige. Maharishi specielle Yagyaer er til f\u00f8dselsdage, bryllupper, jubil\u00e6er og i forbindelse med et barns f\u00f8dsel. Disse fire vigtige specielle Yagyaer p\u00e5virker ens liv meget dybt fra det mest grundl\u00e6ggende niveau i selve det forenede felt. Derved sker der ikke bare en forbedring p\u00e5 et individuelt plan, men Yagyaerne hj\u00e6lper ogs\u00e5 med at opl\u00f8se disharmoni og fremmer fred og fremskridt i hele samfundet. Specielle Yagyaer kan bestilles til en selv, til familiemedlemmer eller til venner.<\/p>\n<p>&nbsp;<\/p>\n<div style=\"padding:10px; background-color:white;\">\n<div style=\"border-size:2px;border-style:solid;border-color:#e4bb4b;\">\n<div style=\"text-align: center; padding-top:10px; padding-right:5px; padding-bottom:0px; padding-left:5px;\">\n&nbsp;<\/p>\n<h4>S\u00c6RLIG MEDDELELSE FRA RAJA HARRIS &#8211; FLERE DAGE<\/h4>\n<\/div>\n<div style=\"text-align: left; padding-top:20px; padding-right:20px; padding-bottom:40px; padding-left:20px;\">P\u00e5 baggrund af de positive oplevelser med specielle Yagyas har mange spurgt, om disse Yagyaer kunne forl\u00e6nges med mere end \u00e9n dag.Efter at have r\u00e5df\u00f8rt os med Pandit-ledere vil vi tilbyde muligheden for en anden og tredje dag med specielle Yagyas. For at g\u00f8re dette mere tilg\u00e6ngeligt er prisen pr. dag for disse Yagyas blevet reduceret.  <\/p>\n<\/div>\n<\/div>\n<\/div>\n<p>&nbsp;<\/p>\n<div class=\"grid-holder\">\n<div class=\"grid grid-desktop-50 grid-mobile-100\"><div class=\"holder\"><p><strong>Klik herunder for at v\u00e6lge type af Yagya:<\/strong><br \/>\nForskellen mellem de forskellige yagya-niveauer er, at flere pandit\u2019er deltager, jo h\u00f8jere det donerede bel\u00f8b er, hvilket g\u00f8r dem betydeligt mere kraftfulde.<br \/>\nOnline ans\u00f8gningsskemaerne til &#8216;Specielle Yagyaer&#8217; er p\u00e5 engelsk.<\/p>\n<ul>\n<li>\t<a href=\"https:\/\/sponsor.specialyagyas.org\/bwb.php?site=vp&amp;bwb=birthday\" class=\"tooltipster\" title=\"Specielle Yagyaer administreres af Brahmananda Saraswati Yagya Foundation, en godkendt velg\u00f8rende institution hjemmeh\u00f8rende i USA. Klik her, for at komme til deres hjemmeside.\">\n\t\tF\u00f8dselsdag: Udf\u00f8rt p\u00e5 f\u00f8dselsdagen\t<\/a>\n\t\n<p>Endags Yagya: Donation levels: $1,000 | $2,500<br \/>\nTodages Yagya: Donation levels: $1,500 | $3,000<br \/>\nTredages Yagya: Donation levels: $2,000 | $3,500<\/p>\n<li>\t<a href=\"https:\/\/sponsor.specialyagyas.org\/bwb.php?site=vp&amp;bwb=well-being\" class=\"tooltipster\" title=\"Specielle Yagyaer administreres af Brahmananda Saraswati Yagya Foundation, en godkendt velg\u00f8rende institution hjemmeh\u00f8rende i USA. Klik her, for at komme til deres hjemmeside.\">\n\t\tVelv\u00e6re: Kan udf\u00f8res n\u00e5r som helst\t<\/a>\n\t\n<p>Endags Yagya: Donation levels: $1,000 | $2,500<br \/>\nTodages Yagya: Donation levels: $1,500 | $3,000<br \/>\nTredages Yagya: Donation levels: $2,000 | $3,500<\/p>\n<li>\t<a href=\"https:\/\/sponsor.specialyagyas.org\/wedding.php?site=vp&amp;waw=w\" class=\"tooltipster\" title=\"Specielle Yagyaer administreres af Brahmananda Saraswati Yagya Foundation, en godkendt velg\u00f8rende institution hjemmeh\u00f8rende i USA. Klik her, for at komme til deres hjemmeside.\">\n\t\tBryllup: Udf\u00f8rt p\u00e5 dagen for brylluppet\t<\/a>\n\t\n<p>Endags Yagya: Donation levels:  $1,500 | $3,000<br \/>\nTodages Yagya: Donation levels: $2,000 | $3,500<br \/>\nTredages Yagya:Donation levels: $2,500 | $4,000<\/p>\n<li>\t<a href=\"https:\/\/sponsor.specialyagyas.org\/wedding.php?site=vp&amp;waw=wa\" class=\"tooltipster\" title=\"Specielle Yagyaer administreres af Brahmananda Saraswati Yagya Foundation, en godkendt velg\u00f8rende institution hjemmeh\u00f8rende i USA. Klik her, for at komme til deres hjemmeside.\">\n\t\tBryllupsdag: Udf\u00f8rt p\u00e5 bryllupsdagen\t<\/a>\n\t\n<p>Endags Yagya: Donation levels:  $1,500 | $3,000<br \/>\nTodages Yagya: Donation levels: $2,000 | $3,500<br \/>\nTredages Yagya:Donation levels: $2,500 | $4,000<\/p>\n<li>\t<a href=\"https:\/\/sponsor.specialyagyas.org\/newborn.php?site=vp\" class=\"tooltipster\" title=\"Specielle Yagyaer administreres af Brahmananda Saraswati Yagya Foundation, en godkendt velg\u00f8rende institution hjemmeh\u00f8rende i USA. Klik her, for at komme til deres hjemmeside.\">\n\t\tNyf\u00f8dt barn: Udf\u00f8rt for sp\u00e6dbarnet 40 dage efter f\u00f8dslen\t<\/a>\n\t\n<p>Endags Yagya: Donation levels: $1,000 | $2,500<br \/>\nTodages Yagya: Donation levels: $1,500 | $3,000<br \/>\nTredages Yagya: Donation levels: $2,000 | $3,500\n<\/ul>\n<\/div><\/div>\n<div class=\"grid grid-desktop-50 grid-mobile-100\"><div class=\"holder\"><p><img loading=\"lazy\" decoding=\"async\" class=\"alignleft size-full wp-image-423\" src=\"\/wp-content\/uploads\/2014\/04\/pandits_5320.jpg\" alt=\"pandits_5320\" width=\"432\" height=\"326\" srcset=\"https:\/\/donation.vedicpandits.org\/wp-content\/uploads\/2014\/04\/pandits_5320.jpg 432w, https:\/\/donation.vedicpandits.org\/wp-content\/uploads\/2014\/04\/pandits_5320-300x226.jpg 300w\" sizes=\"auto, (max-width: 432px) 100vw, 432px\" \/><\/p>\n<\/div><\/div>\n<\/div>\n<p>Donationer for de specielle yagya\u2019er g\u00e5r til Brahmananda Saraswati Yagya Foundation en ikke-kommerciel amerikansk organisation.<\/p>\n<div class=\"border-line\">&nbsp;<\/div>\n<h4>HVORDAN KAN JEG ANS\u00d8GE OM SPECIELLE YAGAER<\/h4>\n<p>Det er meget nemt at ans\u00f8ge om en &#8216;Maharishi speciel Yagya&#8217;. Hele ans\u00f8gningen og betalingen kan foretages online. Klik p\u00e5 den orange knap herunder, hvor der st\u00e5r: &#8216;Ans\u00f8g om en speciel Yagya&#8217;.<\/p>\n<p><strong>Indsend venligst din ans\u00f8gning mindst en uge i forvejen.<\/strong> Du skal bruge dit f\u00f8dselstidspunkt og f\u00f8deby.<\/p>\n<p>For yderligere information se venligst FAQ-sektionen forneden p\u00e5 denne side. Lad os vide, hvis du har nogen sp\u00f8rgsm\u00e5l:  <a href=\"mailto:specialyagyas@vedicpandits.org\">specialyagyas@vedicpandits.org<\/a><\/p>\n<p>Vi accepterer betaling med  Visa, MasterCard, American Express og PayPal.<\/p>\n<p>Online ans\u00f8gningsskemaerne til &#8216;Specielle Yagyaer&#8217; er p\u00e5 engelsk.<\/p>\n<div class=\"border-line\">&nbsp;<\/div>\n\t<p style=\"text-align: center\">\n\t\t<a href=\"https:\/\/sponsor.specialyagyas.org\/apply.php?site=vp\"   class=\"btn btn-large tooltipster\" title=\"Specielle Yagyaer administreres af Brahmananda Saraswati Yagya Foundation, en godkendt velg\u00f8rende institution hjemmeh\u00f8rende i USA. Klik her, for at komme til deres hjemmeside.\"> > \n\t\t\tAns\u00f8g om en speciel Yagya\t\t<\/a>\n\t<\/p>\n\n\t\n<div class=\"border-line\">&nbsp;<\/div>\n<div class=\"box-quote\">\n<p><strong>Det var en vidunderlig oplevelse<\/strong><br \/>\u201cDet var min f\u00f8rste Maharishi Yagya og det var en vidunderlig oplevelse. Jeg planl\u00e6gger at have en hvert \u00e5r. Allerede om aftenen f\u00f8r min f\u00f8dselsdag f\u00f8lte jeg intense b\u00f8lger af lyksalighed. I tiden efter blev mange sp\u00f8rgsm\u00e5l, som jeg havde haft i lang tid, l\u00f8st (hvilket var stor en lettelse) og jeg har ogs\u00e5 f\u00f8lt mig mere glad og afslappet. Hvis der opst\u00e5r forhindringer i dagligdagen synes de at opl\u00f8ses lettere og mine handlinger synes mere effektive. Tak for at g\u00f8re disse yagyaer tilg\u00e6ngelige.\u201d<br \/>Canada<\/p>\n<\/div>\n<div class=\"accordion\"><div class=\"accordion-entry\"><em><a href=\"#\">&gt; L\u00e6s flere oplevelser efter en speciel Yagya<\/a><\/em><div class=\"hidden-content\">\n<div class=\"box-quote\">\n<p><strong>Alt fungerede uanstrengt <\/strong><br \/>\u201cJeg var forbavset over dybden af f\u00f8lelsen af, at alt omkring mig fungerede uanstrengt, fredfyldt og blidt p\u00e5 min f\u00f8dselsdag. Det var m\u00e6rkbart forskelligt fra andre f\u00f8dselsdage. Tak til dem, der organiserede det.\u201d<br \/>Canada<\/p>\n<p><strong>Den lykkeligste, jeg husker <\/strong><br \/>&#8220;Nogle situationer, der var g\u00e5et i st\u00e5, begyndte at bev\u00e6ge sig i den rigtige retning. Hvad min f\u00f8dselsdag ang\u00e5r, var det den lykkeligste, jeg kan huske i mange \u00e5r. Det var en hel uge fyldt med festligheder, noget jeg vist ikke har haft selv i mine teenage\u00e5r. Jeg er meget tilfreds med resultatet af denne udf\u00f8relse. Jeg ville \u00f8nske, jeg snart havde f\u00f8dselsdag igen.&#8221;<br \/>Italy<\/p>\n<p><strong>Jeg f\u00f8ler mig velsignet  <\/strong><br \/>\u201cDer var en klar bevidstheds\u00e6ndring p\u00e5 grund af yagya\u2019en. Jeg f\u00f8ler mig virkelig velsignet. Jeg ser bestemt frem til at f\u00e5 en f\u00f8dselsdags-yagya hvert \u00e5r.\u201d<br \/>UK<\/p>\n<p><strong>Det Kosmiske Smil<\/strong><br \/>\u201cOplevelsen er virkelig kosmisk og forener alle planer af menneskelig eksistens i Det Kosmiske Smil, og man f\u00f8ler det, som om gyldent pulver bliver h\u00e6ldt ud over \u00e9n. Tak til alle de vediske pandits, der udf\u00f8rer yagya\u2019er, og til hele den vediske tradition, der har bragt os denne guddommelige, rene viden.\u201d<br \/>Serbia<\/p>\n<p><strong>Det var en vidunderlig oplevelse<\/strong><br \/>\u201cDet var min f\u00f8rste Maharishi Yagya og det var en vidunderlig oplevelse. Jeg planl\u00e6gger at have en hvert \u00e5r. Allerede om aftenen f\u00f8r min f\u00f8dselsdag f\u00f8lte jeg intense b\u00f8lger af lyksalighed. I tiden efter blev mange sp\u00f8rgsm\u00e5l, som jeg havde haft i lang tid, l\u00f8st (hvilket var stor en lettelse) og jeg har ogs\u00e5 f\u00f8lt mig mere glad og afslappet. Hvis der opst\u00e5r forhindringer i dagligdagen synes de at opl\u00f8ses lettere og mine handlinger synes mere effektive. Tak for at g\u00f8re disse yagyaer tilg\u00e6ngelige.\u201d<br \/>Canada<\/p>\n<p><strong>Virkningen var indlysende<\/strong><br \/>\u201cVi havde ikke forventet, at yagya\u2019en skulle p\u00e5virke os s\u00e5 direkte, men virkningen var indlysende. Det mindede mig om virkningen af et langt rundekursus. Sv\u00e6r at beskrive, men umulig at overse.\u201d<br \/>USA<\/p>\n<p><strong>Noget meget specielt skete<\/strong><br \/>\u201cS\u00e5 snart jeg betalte for bryllupsdags-yagya\u2019en, skete der noget meget specielt i vores forhold. Nu er det, som om alt er meget rent, gennemsigtigt. Det er et under, at en yagya kan virke blot ved at betale for den.\u201d<br \/>Holland<\/p>\n<p><strong>Forankret i det Absolutte <\/strong><br \/>\u201cVi f\u00f8ler os begge forankrede i det Absolutte hele tiden \u2013 virkelig en f\u00f8lelse af, at vi er urokkelige. Det siger sig selv, at vi ser frem til den n\u00e6ste.\u201d<br \/>USA<\/p>\n<p><strong>Yagya\u2019en bl\u00e6ste tr\u00e6thed og frygt bort <\/strong><br \/>&#8220;Jeg havde en behagelig oplevelse i l\u00f8bet af den dag. Jeg f\u00f8lte mig meget lykkelig og rolig, og alle mine aktiviteter foregik mere stille og afslappet end s\u00e6dvanligt. Jeg f\u00f8ler mig stadig optimistisk, og hele min dagligdag synes at v\u00e6re underst\u00f8ttet af en \u2019anden\u2019 kraft. Men det bedste er, at mit hjerte er blevet mere \u00e5bent, og mine meditationer er dybere end f\u00f8r. Det virker, som om yagya\u2019en bl\u00e6ste tr\u00e6thed og frygt fra fortiden bort!.&#8221;<br \/>Tyskland<\/p>\n<p><strong>Livet flyder mere bl\u00f8dt<\/strong><br \/>\u201cVirkningen af yagya\u2019erne er forbl\u00f8ffende \u2013 mange, jeg har talt med, har bem\u00e6rket den same kvalitet af erfaringer, som jeg har. Livet flyder meget mere blidt, st\u00f8tte fra naturen er konstant i det store som i det sm\u00e5, forhindringer fjernes. Jeg f\u00f8ler mig i fred med alt.\u201d<br \/>USA<\/p>\n<a href=\"#\" class=\"close\">Close Section<\/a><\/div><\/div>\n<\/div><\/div>\n<div class=\"border-line\">&nbsp;<\/div>\n<a id=\"jhagelin\"><\/a><br \/>\n<div class=\"grid-holder\">\n<div class=\"grid grid-desktop-50 grid-mobile-100\"><div class=\"holder\">\t<a href=\"https:\/\/donation.vedicpandits.org\/da\/yagya\/special-yagya\/?image_video=https%3A%2F%2Fplayer.vimeo.com%2Fvideo%2F802094787%3Fh%3D67dcf85f0f\" class=\"video-link \"><img loading=\"lazy\" decoding=\"async\" class=\"alignnone size-full wp-image-285\" src=\"https:\/\/donation.vedicpandits.org\/wp-content\/uploads\/2023\/02\/J_Hagelin_what-is-Yagya_video-600x321-1.png\" alt=\"yagya_hagelin_1web1\" width=\"432\" height=\"242\" \/><\/a>\n\n\t\n\t<a href=\"https:\/\/donation.vedicpandits.org\/da\/yagya\/special-yagya\/?image_video=https%3A%2F%2Fvimeo.com%2F555896870%2F8dd5626d13\" class=\"video-link no-pointer\"><em>&gt; Video 1: Hvad er Maharishi Yagya?<\/em><\/a>\n\n\t\n<\/div><\/div>\n<div class=\"grid grid-desktop-50 grid-mobile-100\"><div class=\"holder\"><h4>Hvad er Maharishi Yagya?<\/h4>\n<p>Maharishi Mahesh Yogi viede mange \u00e5r til en omhyggelig og systematisk genoplivelse af yagya og genetablerede denne \u00e6ldgamle teknologis fulde kraft. Han genoplivede den afg\u00f8rende forst\u00e5else, at vediske mantra\u2019er b\u00f8r fremsiges fra en bevidsthed, der er grundf\u00e6stet i \u2018para\u2019-planet (det transcendentale plan) af tale, hvor forbindelsen mellem lyd og form \u2013 mellem \u00f8nske og opfyldelse af \u00f8nsket \u2013 er intimt forbundet og enormt kraftfuldt.<br \/>\nMaharishi Vediske Pandits gennem deres daglige ud\u00f8velse af TM og TM-Sidhi-pro\u00acgrammet en dyb og stille bevidsthedstilstand. Resultatet er levendeg\u00f8relse af den transcendente kilde til tale, f\u00f8r de fremsiger og udf\u00f8rer en yagya. Som en f\u00f8lge deraf udf\u00f8rer pandit\u2019erne yagya\u2019er fra dette stille bevidsthedsplan og aktiverer dybere planer af naturens love. I adskillige \u00e5rtier arbejdede Maharishi t\u00e6t sammen med de mest \u00e6rv\u00e6rdige pandit-mestre fra hele Indien for at forfine og indf\u00f8re den perfekte uddannelse af vediske pandits. Denne uddannelse sikrer, at de l\u00e6rer den korrekte udf\u00f8relse og udtale i dens fulde traditionelle effektivitet<br \/>\nLyt til John Hagelin, ph.d., en verdensber\u00f8mt kvantefysiker, underviser, ekspert i offentlig politik og f\u00f8rende fortaler for fred:<\/p>\n<\/div><\/div>\n<\/div>\n<div class=\"border-line\">&nbsp;<\/div>\n<div class=\"accordion\"><div class=\"accordion-entry\"><em><a href=\"#\">&gt; L\u00c6R MERE OM SPECIELLE YAGYA\u2019ER<\/a><\/em><div class=\"hidden-content\">\n<p>HVORDAN UDDANNES MAHARISHI VEDISKE PANDITS?<br \/>\nUddannelsen begynder i en ung alder, n\u00e5r b\u00f8rn begynder at l\u00e6re af deres for\u00e6ldre. Unge drenge fra pandit-familier deltager ved ca. 10-\u00e5rsalderen i Maharishis officielle uddannelsesprogram i deres n\u00e6romr\u00e5de, i et af de mange \u201dGuru Ji\u201d-uddannelsescentre. I en alder af ca. 14 \u00e5r flytter de unge pandit-elever til et af de uddannelsessteder, hvor man bor p\u00e5 stedet, i forskellige dele af landet. Som regel flytter de senere derfra til et af de store uddannelsessteder for Maharishi Vediske Pandits. De bliver alle optaget p\u00e5 Maharishi Mahesh Yogi Vedic Vishwavidyaleya, et anerkendt universitet. Deres systematiske uddannelse forts\u00e6ttes til ph.d.-niveau. Vores pandit\u2019er ud\u00f8ver alle Transcendental Meditation\u00ae og TM-Sidhi\u00ae-programmet.<\/p>\n<p>HVAD HVIS JEG IKKE HAR DET N\u00d8JAGTIGE F\u00d8DSELSTIDSPUNKT?<br \/>\nPr\u00f8v at bestemme f\u00f8dselstidspunktet s\u00e5 n\u00f8jagtigt som muligt. Hvis du ikke har det n\u00f8jagtige tidspunkt, er en god tiln\u00e6rmelse acceptabel.<\/p>\n<p>ER DET BEDRE AT SPONSORERE EN SPECIEL YAGYA ELLER AT BIDRAGE TIL EN NATIONAL YAGYA?<br \/>\nBegge er vidunderlige muligheder, og begge underst\u00f8tter direkte de store grupper af Maharishi Vediske Pandits. Det afh\u00e6nger af giverens \u00f8nske. Ved nationale yagya\u2019er st\u00f8tter giveren sit land og derigennem ogs\u00e5 sig selv. Ved en speciel yagya er hovedform\u00e5let gavnlige virkninger for deltagerne. Ideelt set kan man overveje at f\u00e5 foretaget en speciel yagya \u00e9n eller to gange om \u00e5ret, men man kan ogs\u00e5 samtidig hj\u00e6lpe med til de nationale yagya\u2019er hver m\u00e5ned, afh\u00e6ngig af ens budget.<\/p>\n<p>HVORTIL ANVENDES DONATIONERNE?<br \/>\nDonationer til programmet for specielle yagya\u2019er g\u00e5r til Brahmananda Saraswati Yagya Foundation, en ikke-kommerciel uddannelsesorganisation under afsnit 501(c)(3) i U.S. Internal Revenue Code.<\/p>\n<p>Midlerne doneret til de specielle yagya\u2019er anvendes direkte til st\u00f8tte for Maharishi Vediske Pandits.<\/p>\n<p>Donationer er fradragsberettigede for amerikanske skatteydere. En kvittering vil blive sendt for hver donation. <\/p>\n<p>For andre lande b\u00f8r man konsultere sin egen skatter\u00e5dgiver ang\u00e5ende fradragsberettigelse.<br \/>\nHvis du har yderligere sp\u00f8rgsm\u00e5l, vil din Nationale Am\u00acbassad\u00f8r med gl\u00e6de hj\u00e6lpe dig. For kontaktinformation se > About Us \/ Our International Network of Ambassadors. <\/p>\n<a href=\"#\" class=\"close\">Close Section<\/a><\/div><\/div>\n<\/div>\n","protected":false},"excerpt":{"rendered":"<p>Maharishi Specielle Yagyaer Som alle Maharishi Yagyaer er Specielle Yagyaer hovedsagelig et middel til at skabe fred og velstand for vores verdensfamilie.Desuden udf\u00f8res de ogs\u00e5 til \u00e6re for dem, der sponsorerer Yagyaerne, for at oplive naturens st\u00f8tte til dem og deres familier p\u00e5 forskellige omr\u00e5der i tilv\u00e6relsen. Maharishi designede en serie af specielle Yagyaer, som [&hellip;]<\/p>\n","protected":false},"author":3,"featured_media":75952,"parent":6136,"menu_order":2,"comment_status":"open","ping_status":"closed","template":"","meta":{"om_disable_all_campaigns":false,"_monsterinsights_skip_tracking":false,"_monsterinsights_sitenote_active":false,"_monsterinsights_sitenote_note":"","_monsterinsights_sitenote_category":0,"footnotes":""},"class_list":["post-6145","page","type-page","status-publish","has-post-thumbnail","hentry"],"_links":{"self":[{"href":"https:\/\/donation.vedicpandits.org\/da\/wp-json\/wp\/v2\/pages\/6145","targetHints":{"allow":["GET"]}}],"collection":[{"href":"https:\/\/donation.vedicpandits.org\/da\/wp-json\/wp\/v2\/pages"}],"about":[{"href":"https:\/\/donation.vedicpandits.org\/da\/wp-json\/wp\/v2\/types\/page"}],"author":[{"embeddable":true,"href":"https:\/\/donation.vedicpandits.org\/da\/wp-json\/wp\/v2\/users\/3"}],"replies":[{"embeddable":true,"href":"https:\/\/donation.vedicpandits.org\/da\/wp-json\/wp\/v2\/comments?post=6145"}],"version-history":[{"count":30,"href":"https:\/\/donation.vedicpandits.org\/da\/wp-json\/wp\/v2\/pages\/6145\/revisions"}],"predecessor-version":[{"id":75999,"href":"https:\/\/donation.vedicpandits.org\/da\/wp-json\/wp\/v2\/pages\/6145\/revisions\/75999"}],"up":[{"embeddable":true,"href":"https:\/\/donation.vedicpandits.org\/da\/wp-json\/wp\/v2\/pages\/6136"}],"wp:featuredmedia":[{"embeddable":true,"href":"https:\/\/donation.vedicpandits.org\/da\/wp-json\/wp\/v2\/media\/75952"}],"wp:attachment":[{"href":"https:\/\/donation.vedicpandits.org\/da\/wp-json\/wp\/v2\/media?parent=6145"}],"curies":[{"name":"wp","href":"https:\/\/api.w.org\/{rel}","templated":true}]}}