{"id":6152,"date":"2015-09-15T14:34:07","date_gmt":"2015-09-15T14:34:07","guid":{"rendered":"https:\/\/vedicpandits.org\/?page_id=6152"},"modified":"2015-12-28T19:13:51","modified_gmt":"2015-12-28T19:13:51","slug":"testimonials","status":"publish","type":"page","link":"https:\/\/donation.vedicpandits.org\/da\/testimonials\/","title":{"rendered":"Testimonials"},"content":{"rendered":"<h4 id=\"testimonials\">F\u00d8RSTEH\u00c5NDSBERETNING OM VIRKNINGERNE AF NATIONALE YAGYA&#8217;ER<\/h4>\n<p style=\"text-align: left;\"> Under en national yagya nyder dit land godt af din st\u00f8tte i overensstemmelse med princippet om gensidighed \u2013 \u201dsom man s\u00e5r, s\u00e5ledes h\u00f8ster man\u201d \u2013  og du vil muligvis m\u00e6rke gavnlige virkninger for dig selv. If\u00f8lge den \u00e6ldgamle vediske tradition bliver den, der underst\u00f8tter en yagya, begunstiget.\n<\/p>\n<div class=\"box-quote\">\n<p><strong>Jeg oplevede mindre modstand og mere bliss<\/strong><br \/> \u201c Da jeg fik en national Yagya f\u00f8lte jeg, at mine foredrag fik kvaliteten af at flyde uden modstand. Jeg oplevede mindre modstand og mere lyksalighed, n\u00e5r jeg underviste. P\u00e5 det personlige plan f\u00f8lte jeg, at mine relationer blev rigere i denne periode. Jeg kan varmt anbefale at f\u00e5 udf\u00f8rt nationale Yagyaer for at fremme alle aktiviteter i livet.\u201d<br \/> \u2014 Norge<\/p>\n<p><strong>Jeg f\u00f8ler mig beskyttet <\/strong><br \/> \u201cJeg har oplevelsen af at v\u00e6re dybt forbundet med gruppen af Maharishi Vediske Pandits i Brahmasthan. Jeg f\u00f8ler mig ogs\u00e5 beskyttet, jeg f\u00f8ler, at jeg ikke er som et blad i vinden under de h\u00e5rde tider, jeg har gennemg\u00e5et. Gennem mig g\u00e5r denne beskyttelse og velsignelse til min familie og til n\u00e6re venner og deres familier. Jeg oplever mit Selv som den direkte begunstigede af dette projekt og som en del af en k\u00e6mpestor global familie, og det f\u00e5r mig til at indse de store gavnlige virkninger af gruppen af Maharishi Vediske Pandits for hele verden\u201d<br \/> \u2014 Serbien<\/p>\n<p><strong>Tre uger senere fik jeg l\u00f8nforh\u00f8jelse <\/strong><br \/> \u201cJeg fik i begyndelsen af januar en yagya udf\u00f8rt for velstand til alle medarbejderne i det firma, jeg arbejder for. Tre uger senere fik jeg en l\u00f8nforh\u00f8jelse p\u00e5 12% brutto! Nu om dage! Den yagya, der blev udf\u00f8rt for firmaet, blev hurtigt tjent ind igen!\u201d<br \/> \u2014 Netherlands<\/p>\n<\/div>\n<div class=\"accordion\"><div class=\"accordion-entry\"><em><a href=\"#\">&gt; L\u00e6s flere f\u00f8rsteh\u00e5nds indtryk af effekten af nationale Yagyaer<\/a><\/em><div class=\"hidden-content\">\n<div class=\"box-quote\">\n<p><strong>Jeg f\u00f8ler mere st\u00f8tte <\/strong><br \/>\u201cHver gang jeg st\u00f8tter de vediske pandit\u2019er med donationer fra min familie, oplever jeg mere st\u00f8tte i de forskellige omr\u00e5der i mit liv, og det er som en snebold. Denne st\u00f8tte flyder ogs\u00e5 til mennesker, jeg holder af, og p\u00e5 den m\u00e5de er vi mere og mere som en lille, lyksalig flod, der bidrager til at hj\u00e6lpe lyksalighed omkring os til at vokse. Tak igen for at hj\u00e6lpe os med at deltage i denne fuldbyrdelse\u201d<br \/>\u2014 France<\/p>\n<p><strong>Min familie er velsignet <\/strong><br \/>&#8220;Det er sandelig en forn\u00f8jelse at have muligheden for at deltage i indsatsen for at fjerne negativitet og g\u00f8re verden til et bedre sted at leve. Jeg kan forsikre jer om, at jeg i dag f\u00f8ler mig \u2018magisk\u2019 og \u2018oplyst\u2019 i betragtning af, at jeg endelig har fundet, hvad jeg har s\u00f8gt. Det er i sandhed en dejlig f\u00f8lelse, som jeg ikke kan forklare, men som udsender vedvarende positiv energi. Min familie er velsignet og h\u00f8ster virkningerne af et bedre liv gennem nye karrierer og st\u00f8rre talent. Guds st\u00f8rste velsignelser for vores Maharishi Vediske Pandits, og mange tak for de nationale yagya\u2019er.&#8221;<br \/>\u2014 Trinidad and Tobago<\/p>\n<p><strong>Nye muligheder opstod <\/strong><br \/>\u201cMine bidrag til de f\u00f8rste nationale yagya\u2019er var beskedne, og alligevel bem\u00e6rkede jeg mere st\u00f8tte fra naturen hver m\u00e5ned. Problemer og tilbageslag begyndte at blive l\u00f8st til min fordel. Nye muligheder opstod. Min indkomst begyndte langsomt at stige og er i de seneste tre m\u00e5neder blevet fordoblet hver m\u00e5ned. Sidste m\u00e5ned kunne jeg donere $1,250 \u2013 og hvilken forskel med mit navn i yagya\u2019en. Det er et anderledes liv\u201d<br \/>\u2014 USA<\/p>\n<p><strong>Siden denne yagya har vores forretning v\u00e6ret p\u00e5 himmelflugt <\/strong><br \/>\u201cJeg bestilte en national yagya for New Zealand med mit land, min familie og vores forretnings behov i tankerne. Recessionen har h\u00e9r, is\u00e6r i 2011, v\u00e6ret meget h\u00e5rd ved alle, inklusive vores egen forretning. Siden denne yagya har vores forretning v\u00e6ret p\u00e5 himmelflugt! Vi har endda m\u00e5ttet sige nej til arbejde \u2013 det er ALDRIG sket f\u00f8r.\u201d <br \/>\u2014 New Zealand<\/p>\n<p><strong>En afg\u00f8rende del af vores forretning  <\/strong><br \/>\u201cVi har haft st\u00f8rre succes med vores forretning og f\u00f8lt en virkelig forbundethed med Naturens Lov. Det er endnu en stor gave og mulighed fra Maharishi, som vi nu anser for en afg\u00f8rende del af vores forretning.\u201d \u2014 USA<\/p>\n<p><strong>Livet har v\u00e6ret godt mod mig <\/strong><br \/> \u201cMange, mange tak til nationale yagya\u2019er. Vi har nydt den mest fredfyldte august i Taiwan siden 1947. Der var ingen tyfoner i august 2014. Det er simpelthen utroligt for en meteorolog!  Livet har v\u00e6ret godt mod mig, og jeg nyder alt, jeg foretager mig. Og jeg mener, at det skyldes de nationale yagya\u2019er, vi har ladet udf\u00f8re for Taiwan. Alt bliver s\u00e5 uanstrengt for mig, og jeg f\u00f8lger blot min dharmas str\u00f8mmen og opn\u00e5r alt, jeg \u00f8nsker, det ene efter det andet i perfekt orden. Nye muligheder dukker hele tiden op, og min indkomst bliver st\u00f8rre og st\u00f8rre.\u201d<br \/> \u2014 Taiwan<\/p>\n<p><strong>Livet, som det er meningen, det skal v\u00e6re<\/strong><br \/>\u201cMin krop, f\u00f8lelser og daglige aktiviteter synes at v\u00e6re mere flydende og lette under yagya\u2019erne. Selv de mest udfordrende situationer, hvad enten personlige eller arbejds- eller familierelaterede, synes at l\u00f8se sig selv uden anstrengelse.  Dette er livet, som det er meningen, det skal v\u00e6re.\u201d <br \/>\u2014 USA<\/p>\n<p><strong>Alt forbliver gnidningsl\u00f8st <\/strong><br \/>\u201cDet er is\u00e6r i mine programmer i kuplen jeg indser, at siden p\u00e5begyndelsen af de nationale Maharishi yagya\u2019er forbliver alt gnidningsl\u00f8st, uden for mange omv\u00e6ltninger, selv om dramatiske begivenheder finder sted i vores liv. Virkningen er meget mere dybtg\u00e5ende, end vi indser, og den forst\u00e5else g\u00f8r mig meget taknemmelig og fuld af gl\u00e6de!\u201d<br \/>\u2014 Netherlands<\/p>\n<\/div>\n<a href=\"#\" class=\"close\">Close Section<\/a><\/div><\/div>\n<\/div>\n<div class=\"border-line\">&nbsp;<\/div>\n<div class=\"grid-holder\">\n<div class=\"grid grid-desktop-50 grid-mobile-100\"><div class=\"holder\"><h4 id=\"testimonials\">FORANDRINGER I ET LAND<\/h4>\n<p>Efterf\u00f8lgende kan du l\u00e6se om forandringer i et lands \u00f8konomiske og politiske situation efter udf\u00f8relsen af en national yagya. Nationale yagya&#8217;er udf\u00f8res med det tilsigtede form\u00e5l, der er udvalgt for landet. Eksempler p\u00e5 specifikke form\u00e5l kan v\u00e6re: mere \u00f8konomisk fremskridt, forbedret helbred, national harmoni, eller f\u00e6rre problemer som f.eks. naturkatastrofer, vold eller en skrantende \u00f8konomi. Du kan v\u00e6lge at sponsorere hele udgiften ved en national yagya. I det tilf\u00e6lde vil du eller dit firma blive n\u00e6vnt i yagya&#8217;en, og du kan v\u00e6lge det \u00f8nskede form\u00e5l med yagya&#8217;en. Her f\u00f8lger erfaringer hos dem, der har underst\u00f8ttet en national yagya.<\/p>\n<\/div><\/div>\n<div class=\"grid grid-desktop-50 grid-mobile-100\"><div class=\"holder\"><p><img loading=\"lazy\" decoding=\"async\" class=\"alignright wp-image-2189\" src=\"\/wp-content\/uploads\/2015\/01\/testimonial_sized_small-300x226.jpg\" alt=\"testimonial_sized_small\" width=\"376\" height=\"284\" srcset=\"https:\/\/donation.vedicpandits.org\/wp-content\/uploads\/2015\/01\/testimonial_sized_small-300x226.jpg 300w, https:\/\/donation.vedicpandits.org\/wp-content\/uploads\/2015\/01\/testimonial_sized_small.jpg 408w\" sizes=\"auto, (max-width: 376px) 100vw, 376px\" \/><\/p>\n<\/div><\/div>\n<\/div>\n<div class=\"box-quote\">\nTAIWAN 2015<br \/>\n&#8220;De igangv\u00e6rende nationale Yagyaer har givet en meget kraftfuld effekt! To tyfoner (CNN beskrev nummer to som en &#8220;monster tyfon&#8221;) passerede lige forbi og var ude af stand til at ramme Taiwan! Vi havde kun nogle bl\u00e6sende dage, og lige nok regn til at fylde reservoirerne, som havde haft mangel p\u00e5 vand. Takket v\u00e6re de nationale Yagyaer er alt og alle mere sikre her. Det v\u00e6rste der skete var, at nogle fly og tog blev aflyst, og nogle folks rejseplaner blev afbrudt.&#8221;<br \/><em> Chin-Fen Lee &#8211; Ambassad\u00f8r for Taiwan<\/em><\/p>\n<p>LIBANON 2014<br \/>\n\u201cJeg tror, alle har h\u00f8rt om terroristerne i Syrien og fornylig i Irak. De bekendtg\u00f8r, at de vil angribe nogle byer i Libanon. I l\u00f8bet af de seneste 10 dage blev tre angreb forberedt, men de mislykkedes alle, fordi de blev opdaget i tide af h\u00e6ren og politiet. Nyhederne overalt l\u00f8d: Libanon blev reddet fra et tredje terroristangreb; det er uforklarligt, det er guddommeligt forsyn. Vi har oplevet mange lignende situationer tidligere. Dette er ikke den f\u00f8rste gang. Denne beskyttelse af Libanon skyldes helt klart den samlede virkning af Maharishi nationale yagya\u2019er i de seneste tre \u00e5r. Vi har nationale yagya\u2019er i hver yagya-cyklus \u2013 to gange om m\u00e5neden. Det vil vi forts\u00e6tte med for altid at holde Libanon beskyttet. Al taknemmelighed til Maharishis programmer og til Maharishi Vediske Pandits i Indiens Brahmasthan.\u201d<br \/><em>Salim Haddad &#8211; Ambassador for Lebanon<\/em><\/p>\n<p>COLOMBIA 2013<br \/>\n&#8220;Maharishi nationale yagya\u2019er for vores land er en af de st\u00f8rste velsignelser, vi har modtaget. Vi er forbavsede over, at under og efter udf\u00f8relsen af vores nationale yagya\u2019er har vores mediterendes og sidha\u2019ers erfaringer v\u00e6ret fremragende, is\u00e6r donorernes, mens hele landet nyder en st\u00e6rkt forbedret koh\u00e6rens og st\u00f8tte p\u00e5 forskellige omr\u00e5der i dets liv. Vi oplever gennem nyhederne, at den nationale yagya\u2019s specifikke sankalpa (form\u00e5l) afspejles i landets lederes passende beslutninger. Vi f\u00f8ler, at Maharishi National Yagya Programme er en kraftfuld teknik til at g\u00f8re brug af naturens uendelige organiserende kraft p\u00e5 det nationale plan, s\u00e5vel som p\u00e5 specifikke omr\u00e5der. Vi er yderst taknemmelige overfor Maharishi, Guru Dev, for at stille denne kraftfulde teknik til r\u00e5dighed til at p\u00e5virke tidens tendenser.&#8221;<br \/><em>Paul Fabre &#8211; Ambassador for Colombia<\/em>\n<\/div>\n<div class=\"accordion\"><div class=\"accordion-entry\"><em><a href=\"#\">&gt; L\u00e6se flere rapporter om de gode virkninger fra lande, der har sponsoreret nationale yagyaer<\/a><\/em><div class=\"hidden-content\">\n<div class=\"box-quote\">\nUKRAINE 2014<br \/>\n\u201cMANGE TAK til hele Maharishis verdensomsp\u00e6ndende familie og de lande, der st\u00f8tter Ukraine med nationale yagya\u2019er! Hver gang ser vi klart deres virkning \u2013 mindre vold og f\u00e6rre d\u00f8dsfald, flere forhandlinger om fred. I redder vores liv, bogstaveligt talt.\u201d Natalia Lukyanenko \u2013 Ambassad\u00f8r og National Sekret\u00e6r for Ukraine National Office<\/p>\n<p>ENGLAND, 2013<br \/>\nDen engelske \u00f8konomis udm\u00e6rkede resultater har fuldst\u00e6ndig gjort bankfolks og \u00f8konomers forudsigelser til skamme.<\/p>\n<p>PORTUGAL, 2012<br \/>\nDer var massiv opstand mod en ny og barsk lov om beskatning. Efter udf\u00f8relse af en national yagya blev dette fuldst\u00e6ndig l\u00f8st p\u00e5 en bem\u00e6rkelsesv\u00e6rdigt ikke-voldelig og fredelig m\u00e5de, der forenede nationen.<\/p>\n<p>LIBANON, 2012<br \/>\n&#8220;Regelm\u00e6ssige nationale yagya\u2019er begyndte i januar 2011. Sp\u00e6ndinger og interne konflikter blev betydeligt reducerede, mange politiske mordattentater slog fejl, terrorist-planer blev opdaget og forhindret, og v\u00e6bnede konflikter undg\u00e5et. Yagya-donorer meldte om vidunderlige personlige gavnlige virkninger. Selv Libanons pr\u00e6sident udtalte: \u201cLibanon har levet i en tilstand af uventet stabilitet fra januar 2011 indtil nu\u201d.<\/p>\n<p>USA, 2012<br \/>\nNationale yagya\u2019er, der er specielt designede til at bringe regn, gik forud for regn i t\u00f8rkeplagede omr\u00e5der over hele landet. Der var en konstant forbedring af \u00f8konomisk v\u00e6kst til nu 3,1%, lavere arbejdsl\u00f8shed, \u00f8get industriel produktion, stigning i forbrugertilliden, et problemfrit og koh\u00e6rent valg, og selv den frygtede 21. december passerede forbi med enorm positivitet. <\/p>\n<p>SERBIEN 2014<br \/>\n&#8220;Serbien led under alt\u00f8del\u00e6ggende oversv\u00f8mmelser for nogle f\u00e5 m\u00e5neder siden. Venlige donorer og uventet st\u00f8tte for nationale yagya\u2019er kom lige f\u00f8r de n\u00e6ste forudsagte oversv\u00f8mmelser. P\u00e5 den tid udtalte politikerne med forbl\u00f8ffelse, hvor heldige vi var, fordi den anden b\u00f8lge af oversv\u00f8mmelser ikke kom. Vi er de eneste, der ved, at dette held blev underst\u00f8ttet af, at vi havde Maharishi nationale yagya\u2019er.&#8221;<br \/><em>Voja Trajkovic &#8211; Ambassad\u00f8r for Serbien<\/p>\n<p><\/em><\/p>\n<p>GHANA 2012<br \/>\n\u201cJeg sender jer denne nyhed om Ghanas seneste valg, der fandt sted efter vores sidste yagya for nationen. Det beskrives som det mest fredelige i landets historie. Eftersom nyheden kommer fra Afrika, taler det for sig selv. Vi er taknemmelige for, at vores Maharishi-Ji har givet os denne storartede viden. Vi h\u00e5ber ogs\u00e5, at vi p\u00e5 vores egen m\u00e5de kan bidrage til fred.\u201d The National Director of the Transcendental Meditation Programme in Ghana.\n<\/div>\n<a href=\"#\" class=\"close\">Close Section<\/a><\/div><\/div>\n<\/div>\n<div class=\"border-line\">&nbsp;<\/div>\n<div class=\"grid-holder\">\n<div class=\"grid grid-desktop-50 grid-mobile-100\"><div class=\"holder\"><h4 id=\"testimonials\">F\u00d8RSTEH\u00c5NDSBERETNINGER \u2013 SPECIELLE YAGYA&#8217;ER<\/h4>\n<p>Specielle yagya&#8217;er adskiller sig fra nationale yagya&#8217;er. Maharishi udformede en r\u00e6kke specielle yagya&#8217;er til at blive udf\u00f8rt p\u00e5 vigtige og skels\u00e6ttende tidspunkter i en persons liv. <a title=\"Special Yagya page\" href=\"https:\/\/donation.vedicpandits.org\/da\/yagya\/special-yagya\/\">SPECIELLE YAGYA<\/a>:<\/p>\n<ul>\n<li>F\u00f8dselsdag: \u2013 Udf\u00f8rt p\u00e5 f\u00f8dselsdagen <\/li>\n<li>Velv\u00e6re: \u2013 Kan udf\u00f8res n\u00e5r som helst <\/li>\n<li>Bryllup: Udf\u00f8rt p\u00e5 dagen for brylluppet <\/li>\n<li>Bryllupsdag: Udf\u00f8rt p\u00e5 bryllupsdagen<\/li>\n<li>Nyf\u00f8dt barn: Udf\u00f8rt for sp\u00e6dbarnet 40 dage efter f\u00f8dslen <\/li>\n<\/ul>\n<p>Oplevelser efter en speciel Yagya.<\/p>\n<\/div><\/div>\n<div class=\"grid grid-desktop-50 grid-mobile-100\"><div class=\"holder\"><p><img loading=\"lazy\" decoding=\"async\" class=\"alignright size-full wp-image-2345\" src=\"\/wp-content\/uploads\/2015\/01\/testimonials_specialyagya.jpg\" alt=\"testimonials_specialyagya\" width=\"408\" height=\"308\" srcset=\"https:\/\/donation.vedicpandits.org\/wp-content\/uploads\/2015\/01\/testimonials_specialyagya.jpg 408w, https:\/\/donation.vedicpandits.org\/wp-content\/uploads\/2015\/01\/testimonials_specialyagya-300x226.jpg 300w\" sizes=\"auto, (max-width: 408px) 100vw, 408px\" \/><\/p>\n<\/div><\/div>\n<\/div>\n<div class=\"box-quote\">\n<p><strong>Alt fungerede uanstrengt <\/strong><br \/>\u201cJeg var forbavset over dybden af f\u00f8lelsen af, at alt omkring mig fungerede uanstrengt, fredfyldt og blidt p\u00e5 min f\u00f8dselsdag. Det var m\u00e6rkbart forskelligt fra andre f\u00f8dselsdage. Tak til dem, der organiserede det.\u201d<br \/>Canada<\/p>\n<p><strong>Den lykkeligste, jeg husker <\/strong><br \/>&#8220;Nogle situationer, der var g\u00e5et i st\u00e5, begyndte at bev\u00e6ge sig i den rigtige retning. Hvad min f\u00f8dselsdag ang\u00e5r, var det den lykkeligste, jeg kan huske i mange \u00e5r. Det var en hel uge fyldt med festligheder, noget jeg vist ikke har haft selv i mine teenage\u00e5r. Jeg er meget tilfreds med resultatet af denne udf\u00f8relse. Jeg ville \u00f8nske, jeg snart havde f\u00f8dselsdag igen.&#8221;<br \/>Italy<\/p>\n<p><strong>Jeg f\u00f8ler mig velsignet  <\/strong><br \/>\u201cDer var en klar bevidstheds\u00e6ndring p\u00e5 grund af yagya\u2019en. Jeg f\u00f8ler mig virkelig velsignet. Jeg ser bestemt frem til at f\u00e5 en f\u00f8dselsdags-yagya hvert \u00e5r.\u201d<br \/>UK<\/p>\n<p><strong>Det Kosmiske Smil<\/strong><br \/>\u201cOplevelsen er virkelig kosmisk og forener alle planer af menneskelig eksistens i Det Kosmiske Smil, og man f\u00f8ler det, som om gyldent pulver bliver h\u00e6ldt ud over \u00e9n. Tak til alle de vediske pandits, der udf\u00f8rer yagya\u2019er, og til hele den vediske tradition, der har bragt os denne guddommelige, rene viden.\u201d<br \/>Serbia<\/p>\n<\/div>\n<div class=\"accordion\"><div class=\"accordion-entry\"><em><a href=\"#\">&gt; L\u00e6s flere oplevelser efter en speciel Yagya<\/a><\/em><div class=\"hidden-content\">\n<div class=\"box-quote\">\n<p><strong>Det var en vidunderlig oplevelse<\/strong><br \/>\u201cDet var min f\u00f8rste Maharishi Yagya og det var en vidunderlig oplevelse. Jeg planl\u00e6gger at have en hvert \u00e5r. Allerede om aftenen f\u00f8r min f\u00f8dselsdag f\u00f8lte jeg intense b\u00f8lger af lyksalighed. I tiden efter blev mange sp\u00f8rgsm\u00e5l, som jeg havde haft i lang tid, l\u00f8st (hvilket var stor en lettelse) og jeg har ogs\u00e5 f\u00f8lt mig mere glad og afslappet. Hvis der opst\u00e5r forhindringer i dagligdagen synes de at opl\u00f8ses lettere og mine handlinger synes mere effektive. Tak for at g\u00f8re disse yagyaer tilg\u00e6ngelige.\u201d<br \/>Canada<\/p>\n<p><strong>Virkningen var indlysende<\/strong><br \/>\u201cVi havde ikke forventet, at yagya\u2019en skulle p\u00e5virke os s\u00e5 direkte, men virkningen var indlysende. Det mindede mig om virkningen af et langt rundekursus. Sv\u00e6r at beskrive, men umulig at overse.\u201d<br \/>USA<\/p>\n<p><strong>Noget meget specielt skete<\/strong><br \/>\u201cS\u00e5 snart jeg betalte for bryllupsdags-yagya\u2019en, skete der noget meget specielt i vores forhold. Nu er det, som om alt er meget rent, gennemsigtigt. Det er et under, at en yagya kan virke blot ved at betale for den.\u201d<br \/>Holland<\/p>\n<p><strong>Forankret i det Absolutte <\/strong><br \/>\u201cVi f\u00f8ler os begge forankrede i det Absolutte hele tiden \u2013 virkelig en f\u00f8lelse af, at vi er urokkelige. Det siger sig selv, at vi ser frem til den n\u00e6ste.\u201d<br \/>USA<\/p>\n<p><strong>Yagya\u2019en bl\u00e6ste tr\u00e6thed og frygt bort <\/strong><br \/>&#8220;Jeg havde en behagelig oplevelse i l\u00f8bet af den dag. Jeg f\u00f8lte mig meget lykkelig og rolig, og alle mine aktiviteter foregik mere stille og afslappet end s\u00e6dvanligt. Jeg f\u00f8ler mig stadig optimistisk, og hele min dagligdag synes at v\u00e6re underst\u00f8ttet af en \u2019anden\u2019 kraft. Men det bedste er, at mit hjerte er blevet mere \u00e5bent, og mine meditationer er dybere end f\u00f8r. Det virker, som om yagya\u2019en bl\u00e6ste tr\u00e6thed og frygt fra fortiden bort!.&#8221;<br \/>Tyskland<\/p>\n<p><strong>Livet flyder mere bl\u00f8dt<\/strong><br \/>\u201cVirkningen af yagya\u2019erne er forbl\u00f8ffende \u2013 mange, jeg har talt med, har bem\u00e6rket den same kvalitet af erfaringer, som jeg har. Livet flyder meget mere blidt, st\u00f8tte fra naturen er konstant i det store som i det sm\u00e5, forhindringer fjernes. Jeg f\u00f8ler mig i fred med alt.\u201d<br \/>USA<\/p>\n<a href=\"#\" class=\"close\">Close Section<\/a><\/div><\/div>\n<\/div>\n","protected":false},"excerpt":{"rendered":"<p>F\u00d8RSTEH\u00c5NDSBERETNING OM VIRKNINGERNE AF NATIONALE YAGYA&#8217;ER Under en national yagya nyder dit land godt af din st\u00f8tte i overensstemmelse med princippet om gensidighed \u2013 \u201dsom man s\u00e5r, s\u00e5ledes h\u00f8ster man\u201d \u2013 og du vil muligvis m\u00e6rke gavnlige virkninger for dig selv. If\u00f8lge den \u00e6ldgamle vediske tradition bliver den, der underst\u00f8tter en yagya, begunstiget. Jeg oplevede [&hellip;]<\/p>\n","protected":false},"author":3,"featured_media":2394,"parent":0,"menu_order":0,"comment_status":"closed","ping_status":"closed","template":"","meta":{"om_disable_all_campaigns":false,"_monsterinsights_skip_tracking":false,"_monsterinsights_sitenote_active":false,"_monsterinsights_sitenote_note":"","_monsterinsights_sitenote_category":0,"footnotes":""},"class_list":["post-6152","page","type-page","status-publish","has-post-thumbnail","hentry"],"_links":{"self":[{"href":"https:\/\/donation.vedicpandits.org\/da\/wp-json\/wp\/v2\/pages\/6152","targetHints":{"allow":["GET"]}}],"collection":[{"href":"https:\/\/donation.vedicpandits.org\/da\/wp-json\/wp\/v2\/pages"}],"about":[{"href":"https:\/\/donation.vedicpandits.org\/da\/wp-json\/wp\/v2\/types\/page"}],"author":[{"embeddable":true,"href":"https:\/\/donation.vedicpandits.org\/da\/wp-json\/wp\/v2\/users\/3"}],"replies":[{"embeddable":true,"href":"https:\/\/donation.vedicpandits.org\/da\/wp-json\/wp\/v2\/comments?post=6152"}],"version-history":[{"count":8,"href":"https:\/\/donation.vedicpandits.org\/da\/wp-json\/wp\/v2\/pages\/6152\/revisions"}],"predecessor-version":[{"id":7691,"href":"https:\/\/donation.vedicpandits.org\/da\/wp-json\/wp\/v2\/pages\/6152\/revisions\/7691"}],"wp:featuredmedia":[{"embeddable":true,"href":"https:\/\/donation.vedicpandits.org\/da\/wp-json\/wp\/v2\/media\/2394"}],"wp:attachment":[{"href":"https:\/\/donation.vedicpandits.org\/da\/wp-json\/wp\/v2\/media?parent=6152"}],"curies":[{"name":"wp","href":"https:\/\/api.w.org\/{rel}","templated":true}]}}