{"id":6269,"date":"2014-09-08T07:40:21","date_gmt":"2014-09-08T07:40:21","guid":{"rendered":"https:\/\/vedicpandits.org\/?page_id=6269"},"modified":"2015-09-12T12:55:24","modified_gmt":"2015-09-12T12:55:24","slug":"events","status":"publish","type":"page","link":"https:\/\/donation.vedicpandits.org\/da\/contact\/events\/","title":{"rendered":"Events"},"content":{"rendered":"<h4>VORE CAMPUS\u2019ER HAR V\u00c6RET V\u00c6RT FOR G\u00c6STER FRA ALLE DELE AF VERDEN.<\/h4>\n<p>Tusindvis af mennesker har allerede gjort brug af denne mulighed for at deltage i begivenheder, kurser og rundvisninger p\u00e5 tre hovedlokaliteter.<br \/>\nVi ser frem til at byde dig velkommen i \u00e9t eller flere af disse centre, hvor du kan f\u00e5 oplevelsen af dyb stilhed i n\u00e6rheden af en stor fredsskabende gruppe og nyde Maharishi Vediske Pandits\u2019 recitationer.<\/p>\n","protected":false},"excerpt":{"rendered":"<p>VORE CAMPUS\u2019ER HAR V\u00c6RET V\u00c6RT FOR G\u00c6STER FRA ALLE DELE AF VERDEN. Tusindvis af mennesker har allerede gjort brug af denne mulighed for at deltage i begivenheder, kurser og rundvisninger p\u00e5 tre hovedlokaliteter. Vi ser frem til at byde dig velkommen i \u00e9t eller flere af disse centre, hvor du kan f\u00e5 oplevelsen af dyb [&hellip;]<\/p>\n","protected":false},"author":3,"featured_media":57,"parent":6264,"menu_order":0,"comment_status":"open","ping_status":"closed","template":"template-events.php","meta":{"om_disable_all_campaigns":false,"_monsterinsights_skip_tracking":false,"_monsterinsights_sitenote_active":false,"_monsterinsights_sitenote_note":"","_monsterinsights_sitenote_category":0,"footnotes":""},"class_list":["post-6269","page","type-page","status-publish","has-post-thumbnail","hentry"],"_links":{"self":[{"href":"https:\/\/donation.vedicpandits.org\/da\/wp-json\/wp\/v2\/pages\/6269","targetHints":{"allow":["GET"]}}],"collection":[{"href":"https:\/\/donation.vedicpandits.org\/da\/wp-json\/wp\/v2\/pages"}],"about":[{"href":"https:\/\/donation.vedicpandits.org\/da\/wp-json\/wp\/v2\/types\/page"}],"author":[{"embeddable":true,"href":"https:\/\/donation.vedicpandits.org\/da\/wp-json\/wp\/v2\/users\/3"}],"replies":[{"embeddable":true,"href":"https:\/\/donation.vedicpandits.org\/da\/wp-json\/wp\/v2\/comments?post=6269"}],"version-history":[{"count":3,"href":"https:\/\/donation.vedicpandits.org\/da\/wp-json\/wp\/v2\/pages\/6269\/revisions"}],"predecessor-version":[{"id":6272,"href":"https:\/\/donation.vedicpandits.org\/da\/wp-json\/wp\/v2\/pages\/6269\/revisions\/6272"}],"up":[{"embeddable":true,"href":"https:\/\/donation.vedicpandits.org\/da\/wp-json\/wp\/v2\/pages\/6264"}],"wp:featuredmedia":[{"embeddable":true,"href":"https:\/\/donation.vedicpandits.org\/da\/wp-json\/wp\/v2\/media\/57"}],"wp:attachment":[{"href":"https:\/\/donation.vedicpandits.org\/da\/wp-json\/wp\/v2\/media?parent=6269"}],"curies":[{"name":"wp","href":"https:\/\/api.w.org\/{rel}","templated":true}]}}