{"id":6279,"date":"2014-09-10T12:36:56","date_gmt":"2014-09-10T12:36:56","guid":{"rendered":"https:\/\/vedicpandits.org\/?page_id=6279"},"modified":"2023-06-14T18:31:59","modified_gmt":"2023-06-14T18:31:59","slug":"faq","status":"publish","type":"page","link":"https:\/\/donation.vedicpandits.org\/da\/contact\/faq\/","title":{"rendered":"FAQ"},"content":{"rendered":"<h5>ANG\u00c5ENDE MAHARISHI VEDISKE PANDITS<\/h5>\n<div class=\"faqstyle\"><em>HVORFOR UDG\u00d8RES DENNE GRUPPE UDELUKKENDE AF MAHARISHI VEDISKE PANDITS? <\/em><br \/>\nVidenskabelige unders\u00f8gelser har vist, at grupper af mennesker fra alle samfundslag, der ud\u00f8ver Yogisk Flyvning sammen, kan frembringe en kraftfuld indflydelse af fred, men at opretholde harmoni i samfundet er Maharishi Vediske Pandits\u2019 traditionelle besk\u00e6ftigelse. De g\u00f8r dette ikke blot ved at deltage i lange perioder af meditation og Yogisk Flyvning, de udf\u00f8rer ogs\u00e5 specifikke yagya\u2019er for fred. Den daglige udf\u00f8relse af disse yagya\u2019er skaber en stabil og kraftfuld indflydelse af fred, der er unik for Maharishi Vediske Pandits.\n<\/div>\n<div class=\"faqstyle\"><em>HVAD ER FORSKELLEN MELLEM VEDISKE PANDITS OG MAHARISHI VEDISKE PANDITS? <\/em><br \/>\nFor det f\u00f8rste ud\u00f8ver Maharishi Vediske Pandits Transcendental Meditation og TM-Sidhi-programmet inklusive Yogisk Flyvning. Disse teknikker giver direkte erfaring af transcendental ren bevidsthed, der er grundlaget for al vedisk viden.  <\/p>\n<p>Som et resultat af deres daglige meditation udf\u00f8rer Maharishi Vediske Pandits yagya\u2019er fra et mere stille bevidsthedsplan. De kontakter dybere planer af Naturens Lov, s\u00e5 yagya\u2019erne har en mere kraftfuld virkning. <\/p>\n<p>Desuden arbejdede Maharishi i \u00e5rtier n\u00e6rt sammen med de mest \u00e6rv\u00e6rdige pandit-mestre for at genetablere uddannelsen af vediske pandits, s\u00e5 de l\u00e6rte den korrekte udf\u00f8relse og udtale i dens fulde traditionelle virkningsfuldhed. Bes\u00f8gende bem\u00e6rker ofte, hvordan Maharishi Vediske Pandits reciterer langsomt og blidt. Dette giver vital integritet til de vediske lyde, n\u00e5r de vibrerer gennem omgivelserne.\n<\/p><\/div>\n<div class=\"faqstyle\">\n<em>HVOR MANGE MAHARISHI VEDISKE PANDITS ER DER NU? <\/em><br \/>\nDer er omkring 2.000 Maharish Vediske Pandits i gruppen p\u00e5 campus i Indiens Brahmasthan. Over 3.000 viderekomne pandit-elever bor i 26 uddannelsescentre over hele Indien.\n<\/div>\n<div class=\"faqstyle\">\n<em>HVAD ER VEDA?<\/em><br \/>\nVeda betyder viden. Maharishi har forklaret, at Veda\u2019en, meget mere end \u00e6ldgamle b\u00f8ger, er den viden og organiserende kraft, der ligger til grund for og styrer hele skabelsen. Veda\u2019en indeholder viden om, hvordan mennesket kan f\u00f8res til at opn\u00e5 dets mest oph\u00f8jede og fuldbyrdede tilstand \u2013 tilstanden af oplysning.\n<\/div>\n<div class=\"faqstyle\">\n<em>HVAD ER YOGISK FLYVNING?<\/em><br \/>\nYogisk Flyvning er en del af det avancerede TM-Sidhi-program. For den enkelte integrerer Yogisk Flyvning den stille koh\u00e6rens i hjernen, der opleves under dyb meditation, med dynamisk aktivitet og hj\u00e6lper derved med at udvikle h\u00f8jere bevidsthedstilstande. For samfundet er det blevet p\u00e5vist, at grupper af yogiske flyvere, der ud\u00f8ver sammen, spreder en indflydelse af koh\u00e6rens og harmoni til den omgivende befolkning. Denne virkning udg\u00f8r grundlaget for Det Globale Fredsinitiativ.\n<\/div>\n<div class=\"faqstyle\">\n<em>HVILKE ER MAHARISHI VEDISKE PANDITS\u2019 AKTIVITETER? <\/em><br \/>\nDeres daglige program, designet af Maharishi, indbefatter at st\u00e5 tidligt op, meditation og gruppeflyvning, ud\u00f8velse af Maharishi yagya, spisning i gruppe og en vis tid til adspredelse.\n<\/div>\n<div class=\"faqstyle\">\n<em>HVORFOR INDIENS BRAHMASTHAN? <\/em><br \/>\nBrahmasthan henviser til det centrale punkt i et boligomr\u00e5de, som for eksempel et hus, en by eller et land. Maharishi har sagt, at for at f\u00e5 den st\u00f8rste fredskabende virkning b\u00f8r en gruppe af yogiske flyvere etableres i et lands Brahmasthan. Af denne grund er hovedcampus for Maharishi Vediske Pandits blevet placeret i Indiens Brahmasthan, n\u00e6r Jabalpur i Madhya Pradesh.\n<\/div>\n<div class=\"faqstyle\">\n<em>HVAD VIL DER SKE, N\u00c5R M\u00c5LET 9.000 MAHARISHI VEDISKE PANDITS ER N\u00c5ET? <\/em><br \/>\nVi vil fejre. En ny \u00e6ra af fred i verden vil v\u00e6re ankommet. Fordi der altid er plads til mere fremskridt, vil fonden og stiftelsen forts\u00e6tte med at \u00f8ge antallet af indiske pandits, der ud\u00f8ver Yogisk Flyvning i grupper og udf\u00f8rer yagya\u2019er, s\u00e5 en endnu st\u00f8rre indflydelse af fred og koh\u00e6rens skabes i hele verden.\n<\/div>\n<div class=\"faqstyle\">\n<em>HVORDAN KAN JEG FORBLIVE OPDATERET OM PANDIT-GRUPPENS FREMSKRIDT? <\/em><br \/>\nDen bedste m\u00e5de er simpelt hen at abonnere p\u00e5 nyhedsbrevet, der er gratis. Hver m\u00e5ned sender dr. Harris Kaplan, administrerende direkt\u00f8r for Brahmananda Saraswati Trust, en e-mail til alle abonnenter. Hvis du bliver en donor fra denne hjemmeside, vil du automatisk modtage disse nyhedsbreve. <\/p>\n<p>Du kan ogs\u00e5 kontakte din nationale \u2018Ambassad\u00f8r for Brahmananda Saraswati Trust\u2019 og bede om at blive holdt informeret om eventuelle initiativer i dit eget land. <\/p>\n<\/div>\n<div class=\"faqstyle\">\n<em>KAN JEG ST\u00d8TTE EN ENKELT MAHARISHI VEDISK PANDIT? <\/em><br \/>\nVi opfordrer alle til at bidrage til pandit-st\u00f8tte p\u00e5 m\u00e5nedlig basis. Du kan v\u00e6lge at give fuld st\u00f8tte til en pandit eller en del af det bel\u00f8b. En Maharishi Vedisk Pandit kan blive fuldst\u00e6ndig underst\u00f8ttet for US $250 om m\u00e5neden. Dette indbefatter kost og logi, afl\u00f8nning, administrationsudgifter, yagya-udstyr og diverse. Men for at tillade pandit\u2019erne at bevare fokus p\u00e5 deres daglige forpligtelser, vil der ikke v\u00e6re en direkte forbindelse mellem donorer og individuelle pandit\u2019er.\n<\/div>\n<h5 style=\"margin-top:30px;\">ANG\u00c5ENDE DONATIONER OG \u00d8KONOMI <\/h5>\n<div class=\"faqstyle\">\n<em>HVAD ER FORSKELLEN MELLEM AT DONERE FOR EN MAHARISHI NATIONAL YAGYA OG AT DONERE FOR MAHARI\u00acSHI VEDISKE PANDITS? <\/em><br \/>\nAlle donationer til st\u00f8tte for Maharishi Vediske Pandits t\u00e6ller automatisk med til det nationale yagya-program.\n<\/div>\n<div class=\"faqstyle\">\n<em>KAN MIN DONATION TR\u00c6KKES FRA I SKAT? <\/em><br \/>\nFor donorer fra EU: Stichting Brahmananda Saraswati Trust (The Netherlands) har status som ANBI (Institution Aimed at the Com\u00acmon Good), s\u00e5 donationer til den kan tr\u00e6kkes fra i skat af hollandske borgere og nu ogs\u00e5 af borgere i andre EU-lande. Imidlertid har ikke alle EU-lande implementeret skattefradragsberettigelse for donationer til institutioner i udlandet. S\u00e5 for EU-lande, bortset fra Holland, b\u00f8r du sp\u00f8rge din ambassad\u00f8r. <\/p>\n<p>For donorer fra USA: Brahmananda Saraswati Foundation (US) er en organisation under 501 (c) (3), og donationer til den er fradragsberettigede for amerikanske skatteydere.  <\/p>\n<p>For andre lande: Nogle nationale velg\u00f8rende institutioner tilbyder skattefrihed for donationer til Maharishi Vediske Pandits. Disse indbefatter United Kingdom, Canada og New Zealand. Klik p\u00e5 landets navn for at finde ud af mere om, hvordan man donerer gennem den nationale organisation. Selv om dit land ikke er p\u00e5 listen ovenfor blandt dem, der tilbyder skattefordele, kan du stadig st\u00f8tte Maharishi Vediske Pandits fra et hvilket som helst land i verden ved at donere online til Brahmanandha Saraswati Trust eller Foundation.\n<\/p><\/div>\n<div class=\"faqstyle\">\n<em>HVORFOR ER DET S\u00c5 VIGTIGT AT GIVE P\u00c5 EN REGELM\u00c6SSIG, M\u00c5NEDLIG BASIS? <\/em><br \/>\nEngangsdonationer er hjerteligt velkomne og altid nyttige. Men da Maharishi Vediske Pandits er ansat til en karriere p\u00e5 Brahmasthans campus, \u00f8nsker vi, at de skal v\u00e6re sikre p\u00e5, at de med sikkerhed vil blive underst\u00f8ttet permanent, n\u00e5r vi \u00e9n gang ans\u00e6tter dem. S\u00e5 vi opmuntrer donorer til at give regelm\u00e6ssigt hver m\u00e5ned og skabe et stabilt grundlag, hvorp\u00e5 9.000-gruppen kan opbygges.\n<\/div>\n<div class=\"faqstyle\">\n<em>HVOR MANGE PROCENT AF MIN DONATION G\u00c5R TIL AT ST\u00d8TTE DE VEDISKE PANDITS? <\/em><br \/>\nOver 90% af de regelm\u00e6ssige donationer g\u00e5r til Indien for at st\u00f8tte Maharishi Vediske Pandits. Mindre end 10% bruges til at d\u00e6kke omkostninger for kreditkort-, bankoverf\u00f8rsels- og administrationsomkostninger. Blandt fundraising-organisationer anses 10% for at v\u00e6re en lav andel.\n<\/div>\n<div class=\"faqstyle\">\n<em>HVOR MANGE LANDE DONERER TIL MAHARISHI VEDISKE PANDITS? <\/em><br \/>\nDonorer fra mere end 100 lande underst\u00f8tter Maharishi Vediske Pandits.\n<\/div>\n<div class=\"faqstyle\">\n<em>HVORDAN FORVALTES FONDEN? <\/em><br \/>\nDonationer til fonden overf\u00f8res ikke til Indien, men bliver investeret. Kun investeringernes afkast anvendes til at st\u00f8tte pandit\u2019erne, s\u00e5 fonden bliver aldrig opbrugt. BSF og BST Investment Committee ledes af en gruppe erfarne administratorer fra forskellige virksomheder og finansielle institutioner. <a href=\"https:\/\/donation.vedicpandits.org\/da\/about-us\/#dainvestmentcommittee\" rel=\"noopener\" target=\"_blank\">Klik her<\/a> for at se investeringsudvalget.\n<\/div>\n","protected":false},"excerpt":{"rendered":"<p>ANG\u00c5ENDE MAHARISHI VEDISKE PANDITS HVORFOR UDG\u00d8RES DENNE GRUPPE UDELUKKENDE AF MAHARISHI VEDISKE PANDITS? Videnskabelige unders\u00f8gelser har vist, at grupper af mennesker fra alle samfundslag, der ud\u00f8ver Yogisk Flyvning sammen, kan frembringe en kraftfuld indflydelse af fred, men at opretholde harmoni i samfundet er Maharishi Vediske Pandits\u2019 traditionelle besk\u00e6ftigelse. De g\u00f8r dette ikke blot ved at [&hellip;]<\/p>\n","protected":false},"author":3,"featured_media":165,"parent":6264,"menu_order":0,"comment_status":"open","ping_status":"closed","template":"","meta":{"om_disable_all_campaigns":false,"_monsterinsights_skip_tracking":false,"_monsterinsights_sitenote_active":false,"_monsterinsights_sitenote_note":"","_monsterinsights_sitenote_category":0,"footnotes":""},"class_list":["post-6279","page","type-page","status-publish","has-post-thumbnail","hentry"],"_links":{"self":[{"href":"https:\/\/donation.vedicpandits.org\/da\/wp-json\/wp\/v2\/pages\/6279","targetHints":{"allow":["GET"]}}],"collection":[{"href":"https:\/\/donation.vedicpandits.org\/da\/wp-json\/wp\/v2\/pages"}],"about":[{"href":"https:\/\/donation.vedicpandits.org\/da\/wp-json\/wp\/v2\/types\/page"}],"author":[{"embeddable":true,"href":"https:\/\/donation.vedicpandits.org\/da\/wp-json\/wp\/v2\/users\/3"}],"replies":[{"embeddable":true,"href":"https:\/\/donation.vedicpandits.org\/da\/wp-json\/wp\/v2\/comments?post=6279"}],"version-history":[{"count":9,"href":"https:\/\/donation.vedicpandits.org\/da\/wp-json\/wp\/v2\/pages\/6279\/revisions"}],"predecessor-version":[{"id":78052,"href":"https:\/\/donation.vedicpandits.org\/da\/wp-json\/wp\/v2\/pages\/6279\/revisions\/78052"}],"up":[{"embeddable":true,"href":"https:\/\/donation.vedicpandits.org\/da\/wp-json\/wp\/v2\/pages\/6264"}],"wp:featuredmedia":[{"embeddable":true,"href":"https:\/\/donation.vedicpandits.org\/da\/wp-json\/wp\/v2\/media\/165"}],"wp:attachment":[{"href":"https:\/\/donation.vedicpandits.org\/da\/wp-json\/wp\/v2\/media?parent=6279"}],"curies":[{"name":"wp","href":"https:\/\/api.w.org\/{rel}","templated":true}]}}