{"id":6341,"date":"2014-09-08T07:10:05","date_gmt":"2014-09-08T07:10:05","guid":{"rendered":"https:\/\/vedicpandits.org\/?page_id=6341"},"modified":"2024-06-09T20:13:42","modified_gmt":"2024-06-09T20:13:42","slug":"about-us","status":"publish","type":"page","link":"https:\/\/donation.vedicpandits.org\/da\/about-us\/","title":{"rendered":"About Us"},"content":{"rendered":"<h4>FONDEN OG STIFTELSEN <\/h4>\n<p>Finansiering af gruppen af Maharishi Vediske Pandits er organiseret og administreret af Brahmananda Saraswati Trust i Holland og af Brahmananda Saraswati Foundation i USA. <\/p>\n<p>Trustens og stiftelsens opgave indbefatter tilsyn med et verdensomsp\u00e6ndende fundraising-program, modtagelse af donationer og administrering af fondens midler. De h\u00e5ndterer og kontrollerer sammen alle udbetalinger til deres partnere i Indien for at sikre, at projektets m\u00e5l opfyldes. En bestyrelse best\u00e5ende af videnskabsm\u00e6nd, p\u00e6dagoger og ledende forretningsm\u00e6nd fra hele verden f\u00f8rer tilsyn med fonden og stiftelsen.  <\/p>\n<p>Disse organisationer blev etableret af Maharishi Mahesh Yogi og navngivet til \u00e6re for Maharishis l\u00e6rer, Guru Dev, Brah\u00acmananda Saraswati, en af Indiens mest respekterede spirituelle ledere, der tjente som Shankaracharya af Jyotir Math, Indien \u2013 den \u00f8verste repr\u00e6sentant for den vediske videnstradition.<\/p>\n<div class=\"border-line\">&nbsp;<\/div>\n<div class=\"grid-holder grid-border-50\">\n<div class=\"grid grid-desktop-50 grid-mobile-100\"><div class=\"holder\"><h4>Brahmananda Saraswati Trust<\/h4>\n<p>Brahmananda Saraswati Trust (Stichting), oprettet i Holland i 2008 som en ikke-kommerciel organisation, har fokus p\u00e5 landene i Europa, Mellem\u00f8sten, Afrika og Asien. Donationer kan tr\u00e6kkes fra i skat i adskillige europ\u00e6iske lande \u2013 check venligst med din skatter\u00e5dgiver.<\/p>\n<\/div><\/div>\n<div class=\"grid grid-desktop-50 grid-mobile-100\"><div class=\"holder\"><h4>Brahmananda Saraswati Foundation<\/h4>\n<p>Brahmananda Saraswati Foundation, oprettet i USA i 2008, er en ikke-kommerciel organisation I USA (501(c)(3)). Donationer er fradragsberettigede for amerikanske skatteydere.<\/p>\n<\/div><\/div>\n<\/div>\n<div class=\"border-line\">&nbsp;<\/div>\n<strong>Pr\u00e6sident for Brahmananda Saraswati Foundation<\/strong><\/p>\n<p><img loading=\"lazy\" decoding=\"async\" src=\"https:\/\/globalpeaceproject.net\/wp-content\/uploads\/2020\/08\/Dr._Tony_Nader4.png\" alt=\"\" width=\"125\" height=\"164\" class=\"alignleft size-full wp-image-359\" \/><\/p>\n<p><strong>Tony Nader, MD PhD MARR <\/strong><\/p>\n<p style=\"margin-bottom:20px;\">Dr. Nader er l\u00e6ge, uddannet ved Massachusetts Institute of Technology (Ph.D. i neurologi) og Harvard University og er en globalt anerkendt vedisk forsker. Som Maharishi Mahesh Yogis efterf\u00f8lger er dr. Nader leder af de internationale organisationer for Transcendental Meditation\u00ae i over 100 lande. Dr. Nader leder Transcendental Meditation-programmet og dets videreg\u00e5ende programmer for at realisere samfundets h\u00f8jeste aspirationer p\u00e5 alle omr\u00e5der i nationens liv.<\/p>\n<div class=\"border-line\">&nbsp;<\/div>\n<p><strong> Formand for bestyrelsen i Brahmananda Saraswati Foundation<\/strong><\/p>\n<p><img loading=\"lazy\" decoding=\"async\" src=\"https:\/\/donation.vedicpandits.org\/wp-content\/uploads\/2020\/10\/DrMorris.jpg\" alt=\"\" width=\"125\" height=\"164\" class=\"alignleft size-full wp-image-359\" \/><\/p>\n<p><strong>Dr. Bevan Morris, D.S.C.I<\/strong><\/p>\n<p style=\"margin-bottom:0px;\">Dr. Morris dimitterede fra Cambridge University, Cambridge, England. Han modtog doktorgraden i Videnskaben om Kreativ Intelligens fra Maharishi som den f\u00f8rste i verden. Han var i 36 \u00e5r pr\u00e6sident for Maharishi University of Management i Fairfield, Iowa, USA, og er nu Pr\u00e6sident Emeritus samt pr\u00e6sident for Maharishi Universities of Management. Dr.Morris er verdens st\u00f8rste ekspert i \u2019Maharishi\u2019s Consciousness Based Education\u2019 og har presenteret Maharishis programmer i over 120 lande, b\u00e5de til offentligheden, regeringer, uddannelse og virksomhedsledere<\/p>\n<div class=\"border-line\">&nbsp;<\/div>\n<strong> Formand for bestyrelsen i Brahmananda Saraswati Trust og administrerende direkt\u00f8r for Brahmananda Saraswati Foundation and Trust<\/strong><\/p>\n<p><img loading=\"lazy\" decoding=\"async\" src=\"https:\/\/donation.vedicpandits.org\/wp-content\/uploads\/2020\/10\/harris_kaplan_4.jpg\" alt=\"\" width=\"125\" height=\"164\" class=\"alignleft size-full wp-image-359\" \/><\/p>\n<p><strong>Dr. Harris Kaplan, D.S.C.I <\/strong><\/p>\n<p style=\"margin-bottom:0px;\">Efter i 1999 at have trukket sig tilbage fra en succesfuld karriere som bestyrer for en investeringsfond har dr. Kaplan brugt al sin tid p\u00e5 at st\u00f8tte Transcendental Meditation &#8211; organisationens programmer over hele verden. Siden 2006 har han v\u00e6ret den ledende administrator for TM &#8211; organisationens projekter i Indien, inklusive uddannelse af og st\u00f8tte for tusindvis af Vediske Pandits. Han har v\u00e6ret administrerende direkt\u00f8r for BSF siden dens oprettelse og er ogs\u00e5 medlem af dens \u00f8konomiudvalg, idet han hj\u00e6lper med at f\u00f8re tilsyn med dens legatfond. <\/p>\n<div class=\"border-line\">&nbsp;<\/div>\n<div class=\"grid-holder\">\n<div class=\"grid grid-desktop-50 grid-mobile-100\"><div class=\"holder\"><p><strong>BSF &amp; BST eksekutivkomite<\/strong><\/p>\n<ul>\n<li>Dr. Bevan Morris &#8211; underviser<br \/>\n    Maharishi Vedic City, Iowa<\/p>\n<li>Harris Kaplan DSCI &#8211; pensioneret manager af investeringsfond<br \/>\n    Vlodrop, Netherlands<\/p>\n<li>John Hagelin. Ph.D. \u2013 kvantefysiker;<br \/>\npr\u00e6sident for Global Union for Peace; pr\u00e6sident for Maharishi International University, Fairfield, IA, USA <\/p>\n<li> Robert LoPinto \u2013 forretningsmand og administrator<br \/>\n     Rockville, MD, USA<\/p>\n<li>Steve Rubin \u2013 forretningsmand og administrator<br \/>\n    Sebastian, FL, USA\n<\/ul>\n<\/div><\/div>\n<div class=\"grid grid-desktop-50 grid-mobile-100\"><div class=\"holder\"><p><strong>BSF bestyrelsesmedlemmer<\/strong><\/p>\n<ul>\n<li>Jos\u00e9 Luis Alvares \u2013 Administrator<br \/>\n    Barcelona, Spain<\/p>\n<li>Antonio Bartolom\u00e9 \u2013 forretningsmand<br \/>\n    Banast\u00e1s, Huesca, Spanien<\/p>\n<li>Dr. Leslie Brooks, M.A. \u2013 administrator<br \/>\n    Lincoln, MA, USA<\/p>\n<li>Howard Martin Chandler, Ph.D. \u2013 educator<br \/>\n    Boston, MA , USA<\/p>\n<li>Rafael David &#8211; iv\u00e6rks\u00e6tter<br \/>\nVero Beach, FL, USA<\/p>\n<li>Dr. Arlene Kaplan \u2013 administrator<br \/>\n    Vlodrop, The Netherlands<\/p>\n<li>Dr. Neil Paterson  &#8211; administrator<br \/>\n    Salt Spring Island, Canada<\/p>\n<li>Rainer Picha, M.D. \u2013 kardiolog og forsker<br \/>\n    Wien, \u00d8strig<\/p>\n<li>Dr. Susie Swan  &#8211; administrator og grafisk kunstner<br \/>\n    Holland og Cape Town, Sydafrika<\/p>\n<li>Maureen Wynne, J.D. \u2013 advokat<br \/>\n    Maharishi Vedic City, IA, USA\n<\/ul>\n<\/div><\/div>\n<\/div>\n<div class=\"border-line\">&nbsp;<\/div>\n<p id=\"dainvestmentcommittee\">\n<p><strong>BSF &#038; BST Investeringsudvalget<\/strong><\/p>\n<div class=\"grid-holder\">\n<div class=\"grid grid-desktop-50 grid-mobile-100\"><div class=\"holder\"><ul>\n<li>Harris Kaplan, D.S.C.I<br \/>\nPensioneret investeringsfond manager Grundl\u00e6gger og fhv. CEO for Eastgate<br \/>\nFinancial Services Ltd., USA<\/p>\n<li>Robert LoPinto<br \/>\nPensioneret forretningsmand<br \/>\nRockville, MD, USA<\/p>\n<li>Jeffrey S. Abramson<br \/>\nEjendomsudvikler<br \/>\nPartner, Tower Companies, USA<\/p>\n<li>Steve Rubin<br \/>\nPensioneret forretningsmand<br \/>\nFhv. formand og CEO, United Fuels International Inc., USA\n<\/ul>\n<\/div><\/div>\n<div class=\"grid grid-desktop-50 grid-mobile-100\"><div class=\"holder\"><ul>\n<li>Eric Schwartz<br \/>\nInvestment Advisor<br \/>\nFormand og CEO, Cambridge Investment Research<\/p>\n<li>Ted Hirsch<br \/>\n\u00d8konom og portef\u00f8ljeforvalter<br \/>\nVanderbilt Financial Group, New York, USA<\/p>\n<li>Michael Dreben<br \/>\nCorporate Finance og Business Development Executive<br \/>\nCEO, Grenadier Management, LLC\n<\/ul>\n<\/div><\/div>\n<\/div>\n","protected":false},"excerpt":{"rendered":"<p>FONDEN OG STIFTELSEN Finansiering af gruppen af Maharishi Vediske Pandits er organiseret og administreret af Brahmananda Saraswati Trust i Holland og af Brahmananda Saraswati Foundation i USA. Trustens og stiftelsens opgave indbefatter tilsyn med et verdensomsp\u00e6ndende fundraising-program, modtagelse af donationer og administrering af fondens midler. De h\u00e5ndterer og kontrollerer sammen alle udbetalinger til deres partnere [&hellip;]<\/p>\n","protected":false},"author":3,"featured_media":68361,"parent":0,"menu_order":0,"comment_status":"open","ping_status":"closed","template":"template-about.php","meta":{"om_disable_all_campaigns":false,"_monsterinsights_skip_tracking":false,"_monsterinsights_sitenote_active":false,"_monsterinsights_sitenote_note":"","_monsterinsights_sitenote_category":0,"footnotes":""},"class_list":["post-6341","page","type-page","status-publish","has-post-thumbnail","hentry"],"_links":{"self":[{"href":"https:\/\/donation.vedicpandits.org\/da\/wp-json\/wp\/v2\/pages\/6341","targetHints":{"allow":["GET"]}}],"collection":[{"href":"https:\/\/donation.vedicpandits.org\/da\/wp-json\/wp\/v2\/pages"}],"about":[{"href":"https:\/\/donation.vedicpandits.org\/da\/wp-json\/wp\/v2\/types\/page"}],"author":[{"embeddable":true,"href":"https:\/\/donation.vedicpandits.org\/da\/wp-json\/wp\/v2\/users\/3"}],"replies":[{"embeddable":true,"href":"https:\/\/donation.vedicpandits.org\/da\/wp-json\/wp\/v2\/comments?post=6341"}],"version-history":[{"count":9,"href":"https:\/\/donation.vedicpandits.org\/da\/wp-json\/wp\/v2\/pages\/6341\/revisions"}],"predecessor-version":[{"id":78051,"href":"https:\/\/donation.vedicpandits.org\/da\/wp-json\/wp\/v2\/pages\/6341\/revisions\/78051"}],"wp:featuredmedia":[{"embeddable":true,"href":"https:\/\/donation.vedicpandits.org\/da\/wp-json\/wp\/v2\/media\/68361"}],"wp:attachment":[{"href":"https:\/\/donation.vedicpandits.org\/da\/wp-json\/wp\/v2\/media?parent=6341"}],"curies":[{"name":"wp","href":"https:\/\/api.w.org\/{rel}","templated":true}]}}