{"id":6346,"date":"2015-03-11T10:43:55","date_gmt":"2015-03-11T10:43:55","guid":{"rendered":"https:\/\/vedicpandits.org\/?page_id=6346"},"modified":"2023-09-10T16:59:52","modified_gmt":"2023-09-10T16:59:52","slug":"intermediary-donation-page","status":"publish","type":"page","link":"https:\/\/donation.vedicpandits.org\/da\/intermediary-donation-page\/","title":{"rendered":"Intermediary Donation Page"},"content":{"rendered":"<h2 style=\"margin-bottom: 30px; color: white; background: none repeat scroll 0 0 #e37d22; font-size: 17px; text-align: center; padding-top: 10px;\">DIN ST\u00d8TTE TIL MAHARISHI VEDISKE PANDITTER<br \/>\nSKABER EN KRAFTFULD VIRKNING AF FRED FOR HELE VERDEN<\/h2>\n<div class=\"grid grid-desktop-30 grid-mobile-100\">\n<div class=\"holder\"><img loading=\"lazy\" decoding=\"async\" class=\"alignleft size-full wp-image-2490\" src=\"\/wp-content\/uploads\/2015\/03\/photo_pandit_donatepage1.jpg\" alt=\"photo_pandit_donatepage\" width=\"234\" height=\"284\" \/><\/div>\n<\/div>\n<div class=\"grid grid-desktop-70 grid-mobile-100\">\n<div class=\"holder\">\n<p>Dit bidrag er med til at opretholde og udvide gruppen af Panditter, samtidig med at du st\u00f8tter dit land, da der for hver $1.250, der indsamles, vil blive udf\u00f8rt en national Yagya for landet.<br \/>\nDu kan st\u00f8tte p\u00e5 to m\u00e5der: enten ved at st\u00f8tte direkte til BST ved brug af almindelige betalingskort eller via Den Danske TM-forening.<\/p>\n<p>Det er en stor fordel at give et fast m\u00e5nedligt bel\u00f8b, s\u00e5 vi kan d\u00e6kke de faste udgifter til Panditernes ophold, kost, bygninger, energi, osv.<\/p>\n<p>Hvis du st\u00f8tter direkte via linket til betalingssiden, vil dit bidrag blive anvendt hurtigst muligt.<\/p>\n<p>&nbsp;&nbsp;&nbsp;<\/p>\n<p style=\"text-align: center;\"><a class=\"btn btn-large\" href=\"https:\/\/aro.vedicpandits.org\/donate\">&gt; Klik her for direkte bidrag til Pandit-projektet (Anbefales)<\/a><\/p>\n<p>&nbsp;&nbsp;&nbsp;<\/p>\n<p>Har du sp\u00f8rgsm\u00e5l kan du kontakte ARO ambassad\u00f8rerne for Danmark:<br \/>\nKadri og Bj\u00f8rn Henriksen p\u00e5 E-mail: denmarkgpi@vedicpandits.org<\/p>\n<p>Du kan ogs\u00e5 v\u00e6lge at st\u00f8tte gennem Den Danske TM-forening. Dette giver dig mulighed for at opn\u00e5 skattefradrag i henhold til loven om velg\u00f8rende foreninger. Der vil blive trukket et administrationsgebyr p\u00e5 5% af dit bidrag. Der kan forekomme en vis ekspeditionstid, f\u00f8r bel\u00f8bet n\u00e5r Pandit-projektet.<\/p>\n<p>Du kan overf\u00f8re din bel\u00f8bet til:<br \/>\nDanske Bank<br \/>\nReg.nr: 3208 Konto: 1173057<br \/>\nVenligst angiv &#8220;Pandits&#8221; og dit navn i tekstfeltet.<\/p>\n<p>&nbsp;<\/p>\n<\/div>\n<\/div>\n","protected":false},"excerpt":{"rendered":"<p>DIN ST\u00d8TTE TIL MAHARISHI VEDISKE PANDITTER SKABER EN KRAFTFULD VIRKNING AF FRED FOR HELE VERDEN Dit bidrag er med til at opretholde og udvide gruppen af Panditter, samtidig med at du st\u00f8tter dit land, da der for hver $1.250, der indsamles, vil blive udf\u00f8rt en national Yagya for landet. Du kan st\u00f8tte p\u00e5 to m\u00e5der: [&hellip;]<\/p>\n","protected":false},"author":3,"featured_media":0,"parent":0,"menu_order":0,"comment_status":"closed","ping_status":"closed","template":"","meta":{"om_disable_all_campaigns":false,"_monsterinsights_skip_tracking":false,"_monsterinsights_sitenote_active":false,"_monsterinsights_sitenote_note":"","_monsterinsights_sitenote_category":0,"footnotes":""},"class_list":["post-6346","page","type-page","status-publish","hentry"],"_links":{"self":[{"href":"https:\/\/donation.vedicpandits.org\/da\/wp-json\/wp\/v2\/pages\/6346","targetHints":{"allow":["GET"]}}],"collection":[{"href":"https:\/\/donation.vedicpandits.org\/da\/wp-json\/wp\/v2\/pages"}],"about":[{"href":"https:\/\/donation.vedicpandits.org\/da\/wp-json\/wp\/v2\/types\/page"}],"author":[{"embeddable":true,"href":"https:\/\/donation.vedicpandits.org\/da\/wp-json\/wp\/v2\/users\/3"}],"replies":[{"embeddable":true,"href":"https:\/\/donation.vedicpandits.org\/da\/wp-json\/wp\/v2\/comments?post=6346"}],"version-history":[{"count":8,"href":"https:\/\/donation.vedicpandits.org\/da\/wp-json\/wp\/v2\/pages\/6346\/revisions"}],"predecessor-version":[{"id":80367,"href":"https:\/\/donation.vedicpandits.org\/da\/wp-json\/wp\/v2\/pages\/6346\/revisions\/80367"}],"wp:attachment":[{"href":"https:\/\/donation.vedicpandits.org\/da\/wp-json\/wp\/v2\/media?parent=6346"}],"curies":[{"name":"wp","href":"https:\/\/api.w.org\/{rel}","templated":true}]}}