{"id":1092,"date":"2014-09-08T07:09:10","date_gmt":"2014-09-08T07:09:10","guid":{"rendered":"https:\/\/vedicpandits.org\/?page_id=1092"},"modified":"2018-02-20T10:26:26","modified_gmt":"2018-02-20T10:26:26","slug":"maharishi","status":"publish","type":"page","link":"https:\/\/donation.vedicpandits.org\/de\/maharishi\/","title":{"rendered":"Maharishi"},"content":{"rendered":"<h4>MAHARISHI MAHESH YOGI<\/h4>\n<p>Maharishi Mahesh Yogi wird als der weltweit f\u00fchrende Vedische Gelehrte der modernen Zeit angesehen und gilt zudem als f\u00fchrender Wissenschaftler auf dem Gebiet des Bewusstseins. Der Begriff \u201cVedisch\u201d bezieht sich auf die zeitlose Tradition reinen, vollst\u00e4ndigen Wissens, die in Indien ihren Ursprung hat.<\/p>\n<p>Maharishi ist weltbekannt f\u00fcr das Lehren der Transzendentalen Mediation, der am eingehendsten untersuchten und effektivsten Technik zur Verwirklichung des Selbst (siehe unten). Dar\u00fcber hinaus stellte er das vollst\u00e4ndige Wissen und die praktischen Programme der Vedischen Tradition Indiens in ihrer Reinheit und Vollst\u00e4ndigkeit wieder her, so dass weltweit jeder die M\u00f6glichkeit hat, nach Vedischen Prinzipien zu leben \u2013 ein Leben in Frieden, Wohlstand, guter Gesundheit und unendlicher Freude.<\/p>\n<p>Maharishi hat etliche in Vergessenheit geratene oder missverstandene Aspekte der Vedischen Wissenschaft nicht nur wiederbelebt, sondern sie auch in die von ihm f\u00fcr verschiedene Bereiche des modernen Lebens entwickelten Programme integriert. Auf vielen Gebieten, wie z.B. dem Gesundheitswesen, der Erziehung, der Verteidigung, der Verwaltung und der Architektur, kann dadurch mehr Potential nutzbar gemacht werden, was zu mehr Erf\u00fcllung im Leben der einzelnen Individuen unserer Gesellschaft beitr\u00e4gt.<\/p>\n<div class=\"border-line\">&nbsp;<\/div>\n<h4>EIN SYSTEMATISCHER ANSATZ UM ERLEUCHTUNG ZU ERLANGEN<\/h4>\n<p>Meditation und der Weg zur Erleuchtung wurden jahrhundertelang missverstanden, selbst in Indien. Sie wurden weitgehend als zu Religion oder Philosophie geh\u00f6rend angesehen und oft mit Entsagung in Verbindung gebracht. Maharishi brachte die Vedische Wahrheit ans Licht, dass Meditation nicht auf Anstrengung oder Konzentration beruht, sondern spontan und nat\u00fcrlich abl\u00e4uft, sobald dem Geist die Technik gegeben wird, mit der er\u00a0richtig beginnt. Er zeigte einen systematischen Weg auf zur Entwicklung h\u00f6herer Bewusstseinszust\u00e4nde, durch den die Erfahrung der Einheit des Lebens zu einer lebendigen Wirklichkeit im Alltag des Einzelnen wird.<\/p>\n<p>Von Maharishi inspiriert, begannen Wissenschaftler die positiven Auswirkungen der Transzendentalen Meditation zu untersuchen. Seit 1970, als die erste Forschungsarbeit ver\u00f6ffentlicht wurde, sind mehr als 600 wissenschaftliche Studien an mehr als 200 unabh\u00e4ngigen Forschungsinstituten in 35 L\u00e4ndern durchgef\u00fchrt worden und belegen die positiven Auswirkungen der Transzendentalen Meditation auf Geist, K\u00f6rper und die gesamte Gesellschaft. Viele dieser Studien wurden in f\u00fchrenden wissenschaftlichen, medizinischen und akademischen Fachzeitschriften ver\u00f6ffentlicht.<\/p>\n<div class=\"border-line\">&nbsp;<\/div>\n<h4>EINE ABK\u00dcRZUNG RICHTUNG WELTFRIEDEN<\/h4>\n<p>Durch seine Entwicklung des fortgeschrittenen TM-Sidhi-Programms, insbesondere der Gruppenpraxis des Yogischen Fliegens, hat Maharishi der Welt eine Technologie zur Verf\u00fcgung gestellt, durch die im kollektiven Bewusstsein einer jeden Nation ein Einfluss von Koh\u00e4renz und Frieden erzeugt werden kann. Die Gruppenpraxis des Yogischen Fliegens stellt, wenn sie in gro\u00dfem Ma\u00dfstab angewendet wird, die erste wissenschaftlich gepr\u00fcfte Methode zur Erschaffung des Weltfriedens dar. Erste Feldstudien haben gezeigt, dass auch viele andere Bereiche des Lebens verbessert werden \u2013 wie allgemeine Gesundheit, soziales Verhalten und Wohlstand.<\/p>\n<p>Maharishi entwickelte die Globale Friedensinitiative, die darauf ausgerichtet ist, eine gro\u00dfe Gruppe speziell ausgebildeter Vedischer Pandits aufzubauen, um diesen kraftvollen Effekt dauerhaft zu erschaffen und zu bewahren. Ihre t\u00e4gliche Praxis der TM und des TM-Sidhi-Programms sowie das Durchf\u00fchren von Vedischen Yagyas werden einen tiefgreifenden und messbar positiven Effekt in der Welt erzeugen. Maharishi gr\u00fcndete 2008 den Brahmananda Saraswati Trust, um die n\u00f6tigen Mittel f\u00fcr die dauerhafte Unterst\u00fctzung dieser Gruppe bereitzustellen.<\/p>\n<div class=\"border-line\">&nbsp;<\/div>\n<h4 id=\"audios\">AUDIO<\/h4>\n<p>Maharishi spricht \u00fcber\u00a0Vedische Pandits:<\/p>\n<p><em><a href=\"https:\/\/donation.vedicpandits.org\/de\/maharishi\/?audio_link=%2Fwp-content%2Fuploads%2F2015%2F03%2F01nTraining-Vedic-Pandits-to-Create-Harmony-in-Society-pushing-the-Devatas-buttons-May-18-051.mp3\" class=\"audio-link\">&gt; Training Vedic Pandits to create harmony in society. (Audio 21:02 Min)<\/a><\/em><\/p>\n<p><b><\/b><em><a href=\"https:\/\/donation.vedicpandits.org\/de\/maharishi\/?audio_link=%2Fwp-content%2Fuploads%2F2015%2F03%2F04n-Specialty-of-the-Vedic-Pandits-March-16-053.mp3\" class=\"audio-link\">&gt; Specialty of Vedic Pandits. (Audio 7:18 Min)<\/a><\/em><\/p>\n<p>Maharishi spricht \u00fcber die Kraft\u00a0der Yagyas:<\/p>\n<p><em><a href=\"https:\/\/donation.vedicpandits.org\/de\/maharishi\/?audio_link=%2Fwp-content%2Fuploads%2F2015%2F03%2F03n-Using-Collective-Yagyas-to-Prevent-the-Danger.mp3\" class=\"audio-link\">&gt; Using collective Yagyas to prevent the danger that has not yet come. (Audio 8:56 Min)<\/a><\/em><\/p>\n<p><b><\/b><em><a href=\"https:\/\/donation.vedicpandits.org\/de\/maharishi\/?audio_link=%2Fwp-content%2Fuploads%2F2015%2F03%2F02n-Yagyas%C3%A2%C2%80%C2%94powerful-Vedic-performances-March-23-051.mp3\" class=\"audio-link\">&gt; Yagyas \u2013 powerful Vedic performances arising from the silent level of consciousness of the Vedic Pandits. (Audio 7:26 Min)<\/a><\/em><\/p>\n<p><b><\/b><em><a href=\"https:\/\/donation.vedicpandits.org\/de\/maharishi\/?audio_link=%2Fwp-content%2Fuploads%2F2015%2F03%2F06n-Difference-between-practising-TM-and-listening-to-Vedic-R.mp3\" class=\"audio-link\">&gt; The difference between practicing TM and listening to Vedic recitation. (Audio 4:42 Min)<\/a><\/em><\/p>\n","protected":false},"excerpt":{"rendered":"<p>MAHARISHI MAHESH YOGI Maharishi Mahesh Yogi wird als der weltweit f\u00fchrende Vedische Gelehrte der modernen Zeit angesehen und gilt zudem als f\u00fchrender Wissenschaftler auf dem Gebiet des Bewusstseins. Der Begriff \u201cVedisch\u201d bezieht sich auf die zeitlose Tradition reinen, vollst\u00e4ndigen Wissens, die in Indien ihren Ursprung hat. Maharishi ist weltbekannt f\u00fcr das Lehren der Transzendentalen Mediation, [&hellip;]<\/p>\n","protected":false},"author":3,"featured_media":149,"parent":0,"menu_order":0,"comment_status":"open","ping_status":"closed","template":"","meta":{"om_disable_all_campaigns":false,"_monsterinsights_skip_tracking":false,"_monsterinsights_sitenote_active":false,"_monsterinsights_sitenote_note":"","_monsterinsights_sitenote_category":0,"footnotes":""},"class_list":["post-1092","page","type-page","status-publish","has-post-thumbnail","hentry"],"_links":{"self":[{"href":"https:\/\/donation.vedicpandits.org\/de\/wp-json\/wp\/v2\/pages\/1092","targetHints":{"allow":["GET"]}}],"collection":[{"href":"https:\/\/donation.vedicpandits.org\/de\/wp-json\/wp\/v2\/pages"}],"about":[{"href":"https:\/\/donation.vedicpandits.org\/de\/wp-json\/wp\/v2\/types\/page"}],"author":[{"embeddable":true,"href":"https:\/\/donation.vedicpandits.org\/de\/wp-json\/wp\/v2\/users\/3"}],"replies":[{"embeddable":true,"href":"https:\/\/donation.vedicpandits.org\/de\/wp-json\/wp\/v2\/comments?post=1092"}],"version-history":[{"count":22,"href":"https:\/\/donation.vedicpandits.org\/de\/wp-json\/wp\/v2\/pages\/1092\/revisions"}],"predecessor-version":[{"id":13143,"href":"https:\/\/donation.vedicpandits.org\/de\/wp-json\/wp\/v2\/pages\/1092\/revisions\/13143"}],"wp:featuredmedia":[{"embeddable":true,"href":"https:\/\/donation.vedicpandits.org\/de\/wp-json\/wp\/v2\/media\/149"}],"wp:attachment":[{"href":"https:\/\/donation.vedicpandits.org\/de\/wp-json\/wp\/v2\/media?parent=1092"}],"curies":[{"name":"wp","href":"https:\/\/api.w.org\/{rel}","templated":true}]}}