{"id":1099,"date":"2014-09-08T07:09:17","date_gmt":"2014-09-08T07:09:17","guid":{"rendered":"https:\/\/vedicpandits.org\/?page_id=1099"},"modified":"2018-02-20T10:33:33","modified_gmt":"2018-02-20T10:33:33","slug":"peace-creating-group","status":"publish","type":"page","link":"https:\/\/donation.vedicpandits.org\/de\/peace-creating-group\/","title":{"rendered":"Eine Frieden schaffende Gruppe"},"content":{"rendered":"<h4>9000 MAHARISHI VEDISCHE PANDITS F\u00dcR DEN WELTFRIEDEN<\/h4>\n<p>Maharishi Mahesh Yogi entschied sich daf\u00fcr, Vedische Pandits als Frieden schaffende Gruppe einzusetzen, da sie von alters her die traditionellen H\u00fcter des Vedischen Wissens sind und es somit zu ihren Aufgaben geh\u00f6rt, Harmonie in der Gesellschaft und Gleichgewicht in der Natur zu bewahren. Da Maharishi das vollst\u00e4ndige Verst\u00e4ndnis des Vedischen Wissens wieder f\u00fcr jeden zug\u00e4nglich machen wollte, wurden auch die Bewusstseinstechnologien zum Herbeif\u00fchren von Frieden, in ihrer urspr\u00fcnglichen Wirksamkeit wieder hergestellt und durch genaue wissenschaftliche \u00dcberpr\u00fcfung best\u00e4tigt. Durch das Erlernen der Bewusstseinstechnologien, ist es den Vedischen Pandits wieder m\u00f6glich, ihre traditionelle Rolle zur Erschaffung von Harmonie, Frieden und Ausgeglichenheit f\u00fcr die Welt zu erf\u00fcllen.<\/p>\n<p>Im Januar 2008 gr\u00fcndete Maharishi den Brahmananda Saraswati Trust, um eine gro\u00dfe Gruppe von Vedischen Pandits am Brahmasthan (geographischer Mittelpunkt) von Indien aufzubauen und langfristig zu unterst\u00fctzen. Das unmittelbare Ziel ist, 9000 Pandits zu f\u00f6rdern. Als erster Schritt soll die Gruppe von ihrer jetzigen Gr\u00f6\u00dfe von ca. 2000 auf 3500 vergr\u00f6\u00dfert werden \u2013 die Anzahl, die ausreicht, um in ganz Indien eine positive Wirkung zu erzeugen, was eine gute Grundlage ist, um den Aufbau einer Gruppe von 9000 effektiv voranzubringen.<\/p>\n<div class=\"border-line\">&nbsp;<\/div>\n<div class=\"grid-holder\">\n<div class=\"grid grid-desktop-50 grid-mobile-100\"><div class=\"holder\">\t<a href=\"https:\/\/donation.vedicpandits.org\/de\/peace-creating-group\/?image_video=https%3A%2F%2Fwww.youtube.com%2Fwatch%3Fv%3DT3Y4_--9s6g\" class=\"video-link \"><img loading=\"lazy\" decoding=\"async\" class=\"alignnone size-full wp-image-103\" src=\"\/wp-content\/uploads\/2014\/04\/post-img-11.jpg\" alt=\"post-img-11\" width=\"432\" height=\"312\" srcset=\"https:\/\/donation.vedicpandits.org\/wp-content\/uploads\/2014\/04\/post-img-11.jpg 432w, https:\/\/donation.vedicpandits.org\/wp-content\/uploads\/2014\/04\/post-img-11-300x216.jpg 300w\" sizes=\"auto, (max-width: 432px) 100vw, 432px\" \/><\/a>\n\n\t\n<\/div><\/div>\n<div class=\"grid grid-desktop-50 grid-mobile-100\"><div class=\"holder\"><h4>FRIEDEN ALS \u201eNEBENEFFEKT\u201c<\/h4>\n<p>Es ist weithin anerkannt, dass die Aus\u00fcbenden des Programms der Transzendentalen Meditation in sich selbst eine gr\u00f6\u00dfere Friedfertigkeit erfahren. Diese Erfahrung wurde wissenschaftlich mit einer geordneteren Funktionsweise des Gehirns in Verbindung gebracht.<\/p>\n<p>Weniger bekannt hingegen ist, dass sich quasi als \u201cNebeneffekt\u201d die friedliche Wirkung auf die Bev\u00f6lkerung in der Umgebung ausweitet, selbst wenn nur ein relativ kleiner Teil der Einwohner einer Stadt oder einer Nation die Transzendentale Meditation praktiziert. Dieses Ph\u00e4nomen wurde in 23 wissenschaftlichen Studien best\u00e4tigt und man hat festgestellt, dass der Effekt besonders verst\u00e4rkt wird, wenn das fortgeschrittene TM-Sidhi-Programm in einer Gruppe ausge\u00fcbt wird.<\/p>\n<p>Diese Technologie zu nutzen, ist das Kernst\u00fcck der Globalen Friedensinitiative.<\/p>\n\t<a href=\"https:\/\/donation.vedicpandits.org\/de\/peace-creating-group\/?image_video=https%3A%2F%2Fwww.youtube.com%2Fwatch%3Fv%3DT3Y4_--9s6g\" class=\"video-link no-pointer\"><em>&gt; Schauen Sie sich an, wie Maharishi selbst das Ph\u00e4nomen erkl\u00e4rt.<\/em><\/a>\n\n\t\n<\/div><\/div>\n<\/div>\n","protected":false},"excerpt":{"rendered":"<p>9000 MAHARISHI VEDISCHE PANDITS F\u00dcR DEN WELTFRIEDEN Maharishi Mahesh Yogi entschied sich daf\u00fcr, Vedische Pandits als Frieden schaffende Gruppe einzusetzen, da sie von alters her die traditionellen H\u00fcter des Vedischen Wissens sind und es somit zu ihren Aufgaben geh\u00f6rt, Harmonie in der Gesellschaft und Gleichgewicht in der Natur zu bewahren. Da Maharishi das vollst\u00e4ndige Verst\u00e4ndnis [&hellip;]<\/p>\n","protected":false},"author":3,"featured_media":102,"parent":0,"menu_order":0,"comment_status":"open","ping_status":"closed","template":"","meta":{"om_disable_all_campaigns":false,"_monsterinsights_skip_tracking":false,"_monsterinsights_sitenote_active":false,"_monsterinsights_sitenote_note":"","_monsterinsights_sitenote_category":0,"footnotes":""},"class_list":["post-1099","page","type-page","status-publish","has-post-thumbnail","hentry"],"_links":{"self":[{"href":"https:\/\/donation.vedicpandits.org\/de\/wp-json\/wp\/v2\/pages\/1099","targetHints":{"allow":["GET"]}}],"collection":[{"href":"https:\/\/donation.vedicpandits.org\/de\/wp-json\/wp\/v2\/pages"}],"about":[{"href":"https:\/\/donation.vedicpandits.org\/de\/wp-json\/wp\/v2\/types\/page"}],"author":[{"embeddable":true,"href":"https:\/\/donation.vedicpandits.org\/de\/wp-json\/wp\/v2\/users\/3"}],"replies":[{"embeddable":true,"href":"https:\/\/donation.vedicpandits.org\/de\/wp-json\/wp\/v2\/comments?post=1099"}],"version-history":[{"count":15,"href":"https:\/\/donation.vedicpandits.org\/de\/wp-json\/wp\/v2\/pages\/1099\/revisions"}],"predecessor-version":[{"id":13147,"href":"https:\/\/donation.vedicpandits.org\/de\/wp-json\/wp\/v2\/pages\/1099\/revisions\/13147"}],"wp:featuredmedia":[{"embeddable":true,"href":"https:\/\/donation.vedicpandits.org\/de\/wp-json\/wp\/v2\/media\/102"}],"wp:attachment":[{"href":"https:\/\/donation.vedicpandits.org\/de\/wp-json\/wp\/v2\/media?parent=1099"}],"curies":[{"name":"wp","href":"https:\/\/api.w.org\/{rel}","templated":true}]}}