{"id":1106,"date":"2014-04-08T07:10:00","date_gmt":"2014-04-08T07:10:00","guid":{"rendered":"https:\/\/vedicpandits.org\/?page_id=1106"},"modified":"2018-02-21T14:35:10","modified_gmt":"2018-02-21T14:35:10","slug":"yagya","status":"publish","type":"page","link":"https:\/\/donation.vedicpandits.org\/de\/yagya\/","title":{"rendered":"Yagyas"},"content":{"rendered":"<h4>MAHARISHI YAGYAS<\/h4>\n<p>Alle\u00a0Spenden an die Gruppe Maharishi Vedischer Pandits in Indien unterst\u00fctzen gleichzeitig die Durchf\u00fchrung von Yagyas, den speziellen Vedischen Handlungen, die von Pandits ausgef\u00fchrt werden. Mit Yagyas wird die Wissenschaft des Klangs\u00a0zur Anwendung gebracht, durch die eine Vielzahl an positiven Auswirkungen f\u00fcr ein bestimmtes Land (Nationale Yagyas) oder eine bestimmte Person (Special Yagyas) erzielt werden kann.<\/p>\n<div class=\"border-line\">&nbsp;<\/div>\n<div class=\"grid-holder\">\n<div class=\"grid grid-desktop-50 grid-mobile-100\">\n<div class=\"holder button\"><a class=\"btn btn-large btn-full\" href=\"https:\/\/donation.vedicpandits.org\/de\/yagya\/national-yagya\/\"> &gt; Nationale Yagyas <\/a><\/div>\n<\/div>\n<div class=\"grid grid-desktop-50 grid-mobile-100\">\n<div class=\"holder button\"><a class=\"btn btn-large btn-full\" href=\" \/?page_id=1219\"> &gt; Special Yagya <\/a><\/div>\n<\/div>\n<\/div>\n<p>&nbsp;<\/p>\n<div class=\"border-line\">&nbsp;<\/div>\n<h4>WAS BEDEUTET\u00a0YAGYA?<\/h4>\n<p>Yagya ist eine altbew\u00e4hrte und wirksame Vedische Technologie, um sowohl Problemen vorzubeugen, als auch Erfolg und Gl\u00fcck auf jeder Ebene zu vermehren. Die Tradition Vedischer Rezitationen wurde von der UNESCO zum immateriellen Erbe der Menschheit erkl\u00e4rt.<\/p>\n<div class=\"border-line\">&nbsp;<\/div>\n<div class=\"grid-holder\">\n<div class=\"grid grid-desktop-50 grid-mobile-100\"><div class=\"holder\"><h4>WAS IST DAS BESONDERE AN MAHARISHI VEDISCHEN YAGYAS?<\/h4>\n<p>Maharishi Mahesh Yogi widmete sich \u00fcber viele Jahre der sorgf\u00e4ltigen, systematischen Wiederbelebung von Yagyas und hat dabei die vollst\u00e4ndige Kraft dieser uralten Technologie wieder hergestellt. Er machte verst\u00e4ndlich, dass Vedische Mantras von jener Ebene des Bewusstseins aus hervorgebracht werden sollten, die auf der transzendentalen Ebene der Sprache gegr\u00fcndet ist, wo eine \u00e4u\u00dferst innige und enorm kraftvolle Verbindung zwischen Klang und Form besteht \u2013 zwischen W\u00fcnschen und der Erf\u00fcllung des Wunsches. Maharishi definierte zwei Aspekte, die f\u00fcr die richtige Praxis von Vedischen Yagyas entscheidend sind:<\/p>\n<p>Erstens erfahren die Maharishi Vedischen Pandits durch ihr t\u00e4gliches Aus\u00fcben des TM- und TM-Sidhi Programms tiefste, ruhevolle Zust\u00e4nde des Bewusstseins. Dadurch wird vor dem Durchf\u00fchren von Rezitationen und Yagyas die transzendentale Quelle der Sprache belebt. Die Pandits f\u00fchren die Yagyas also von dieser sehr ruhigen Bewusstseinsebene her aus und beziehen somit tiefere Ebenen des Naturgesetzes mit ein.<\/p>\n<p>Zweitens erhalten die Maharishi Vedischen Pandits eine einzigartige und umfassende Ausbildung. Maharishi arbeitete mehrere Jahrzehnte eng mit den hochangesehensten Panditmeistern aus ganz Indien zusammen, um die Ausbildung der Vedischen Pandits zu perfektionieren, zu verfeinern und zu etablieren. In dieser Ausbildung lernen sie das richtige Ausf\u00fchren der Handlungen und die richtige Aussprache beim Rezitieren, so dass sie die Yagyas in ihrer vollst\u00e4ndigen\u00a0traditionellen Wirksamkeit durchf\u00fchren k\u00f6nnen.<\/p>\n<p>Aus diesem Grund haben Maharishi Yagyas eine so kraftvolle\u00a0und weitreichende Wirkung.<\/p>\n<\/div><\/div>\n<div class=\"grid grid-desktop-50 grid-mobile-100\"><div class=\"holder\"><p><img loading=\"lazy\" decoding=\"async\" class=\"alignright size-full wp-image-261\" src=\"\/wp-content\/uploads\/2014\/04\/CHANTING-PANDIT-EYES-CLOSED432.jpg\" alt=\"CHANTING PANDIT EYES CLOSED432\" width=\"432\" height=\"516\" srcset=\"https:\/\/donation.vedicpandits.org\/wp-content\/uploads\/2014\/04\/CHANTING-PANDIT-EYES-CLOSED432.jpg 432w, https:\/\/donation.vedicpandits.org\/wp-content\/uploads\/2014\/04\/CHANTING-PANDIT-EYES-CLOSED432-251x300.jpg 251w, https:\/\/donation.vedicpandits.org\/wp-content\/uploads\/2014\/04\/CHANTING-PANDIT-EYES-CLOSED432-300x358.jpg 300w\" sizes=\"auto, (max-width: 432px) 100vw, 432px\" \/><\/p>\n<\/div><\/div>\n<\/div>\n","protected":false},"excerpt":{"rendered":"<p>MAHARISHI YAGYAS Alle\u00a0Spenden an die Gruppe Maharishi Vedischer Pandits in Indien unterst\u00fctzen gleichzeitig die Durchf\u00fchrung von Yagyas, den speziellen Vedischen Handlungen, die von Pandits ausgef\u00fchrt werden. Mit Yagyas wird die Wissenschaft des Klangs\u00a0zur Anwendung gebracht, durch die eine Vielzahl an positiven Auswirkungen f\u00fcr ein bestimmtes Land (Nationale Yagyas) oder eine bestimmte Person (Special Yagyas) erzielt [&hellip;]<\/p>\n","protected":false},"author":3,"featured_media":183,"parent":0,"menu_order":0,"comment_status":"open","ping_status":"closed","template":"","meta":{"om_disable_all_campaigns":false,"_monsterinsights_skip_tracking":false,"_monsterinsights_sitenote_active":false,"_monsterinsights_sitenote_note":"","_monsterinsights_sitenote_category":0,"footnotes":""},"class_list":["post-1106","page","type-page","status-publish","has-post-thumbnail","hentry"],"_links":{"self":[{"href":"https:\/\/donation.vedicpandits.org\/de\/wp-json\/wp\/v2\/pages\/1106","targetHints":{"allow":["GET"]}}],"collection":[{"href":"https:\/\/donation.vedicpandits.org\/de\/wp-json\/wp\/v2\/pages"}],"about":[{"href":"https:\/\/donation.vedicpandits.org\/de\/wp-json\/wp\/v2\/types\/page"}],"author":[{"embeddable":true,"href":"https:\/\/donation.vedicpandits.org\/de\/wp-json\/wp\/v2\/users\/3"}],"replies":[{"embeddable":true,"href":"https:\/\/donation.vedicpandits.org\/de\/wp-json\/wp\/v2\/comments?post=1106"}],"version-history":[{"count":23,"href":"https:\/\/donation.vedicpandits.org\/de\/wp-json\/wp\/v2\/pages\/1106\/revisions"}],"predecessor-version":[{"id":2906,"href":"https:\/\/donation.vedicpandits.org\/de\/wp-json\/wp\/v2\/pages\/1106\/revisions\/2906"}],"wp:featuredmedia":[{"embeddable":true,"href":"https:\/\/donation.vedicpandits.org\/de\/wp-json\/wp\/v2\/media\/183"}],"wp:attachment":[{"href":"https:\/\/donation.vedicpandits.org\/de\/wp-json\/wp\/v2\/media?parent=1106"}],"curies":[{"name":"wp","href":"https:\/\/api.w.org\/{rel}","templated":true}]}}