{"id":1135,"date":"2014-10-18T09:04:02","date_gmt":"2014-10-18T09:04:02","guid":{"rendered":"https:\/\/vedicpandits.org\/?page_id=1135"},"modified":"2018-09-06T14:25:05","modified_gmt":"2018-09-06T14:25:05","slug":"maharishi-vedic-pandits","status":"publish","type":"page","link":"https:\/\/donation.vedicpandits.org\/de\/peace-creating-group\/maharishi-vedic-pandits\/","title":{"rendered":"Maharishi Vedische Pandits"},"content":{"rendered":"<h4>DIE SYSTEMATIScHE AUSBILDUNG DER MAHARISHI VEDISCHEN PANDITS<\/h4>\n<p>Junge M\u00e4nner aus traditionellen Vedischen Familien Indiens durchlaufen von fr\u00fchem Alter an eine systematische Ausbildung, um Friedensexperten zu werden \u2013 Maharishi Vedische Pandits. Im Alter zwischen 10 und 20 Jahren folgen sie einem speziell von Maharishi entworfenen Studienprogramm. Dieses beinhaltet das Erlernen der Transzendentalen Meditation und des TM-Sidhi-Programms, einschlie\u00dflich Yogisches Fliegen, das Studium des Sanskrit und der Fertigkeit, Yagyas durchzuf\u00fchren. Yagyas sind die traditionellen Vedischen Handlungen, die Gl\u00fcck und Frieden f\u00f6rdern. Mit ihrem t\u00e4glichen Studium k\u00f6nnen sie zum Bachelor aufsteigen und sogar einen Master- oder Doktortitel erlangen. Die Abschl\u00fcsse werden von der Maharishi Mahesh Yogi Vedic Vishwavidyalaya erteilt, einer Universit\u00e4t, die 1995 von der Landesregierung von Madhya Pradesh gegr\u00fcndetet wurde.<\/p>\n<div class=\"border-line\">&nbsp;<\/div>\n<div class=\"grid-holder\">\n<div class=\"grid grid-desktop-50 grid-mobile-100\"><div class=\"holder\"><p><img loading=\"lazy\" decoding=\"async\" class=\"alignnone size-full wp-image-105\" src=\"\/wp-content\/uploads\/2014\/04\/post-img-12.jpg\" alt=\"post-img-12\" width=\"432\" height=\"312\" srcset=\"https:\/\/donation.vedicpandits.org\/wp-content\/uploads\/2014\/04\/post-img-12.jpg 432w, https:\/\/donation.vedicpandits.org\/wp-content\/uploads\/2014\/04\/post-img-12-300x216.jpg 300w\" sizes=\"auto, (max-width: 432px) 100vw, 432px\" \/><\/p>\n<\/div><\/div>\n<div class=\"grid grid-desktop-50 grid-mobile-100\"><div class=\"holder\"><h4>EXPERTEN IN YOGA &#8211; TRANSZENDENTALE MEDITATION UND YOGISCHES FLIEGEN<\/h4>\n<p>Die Maharishi Vedischen Pandits am Brahmansthan von Indien praktizieren t\u00e4glich mehrere Stunden die Essenz von Yoga \u2013 die Transzendentale Meditation und das TM-Sidhi-Programm. Das TM-Sidhi-Programm, einschlie\u00dflich Yogisches Fliegen, wurde von Maharishi aus den Yoga Sutras des Patanjali hergeleitet, dem zentralen Text der Yoga Philosophie. Dieses Programm entwickelt die F\u00e4higkeit, von stilleren und koh\u00e4renteren Ebenen des Bewusstseins aus zu handeln. So wie die Pandits in der F\u00e4higkeit wachsen, mehr und mehr von feineren Ebenen des Bewusstseins aus zu agieren, werden sie auch bei der t\u00e4glichen Durchf\u00fchrung ihrer Vedischen Handlungen f\u00fcr den Weltfrieden immer effektiver.<\/p>\n<\/div><\/div>\n<\/div>\n<div class=\"border-line\">&nbsp;<\/div>\n<div class=\"grid-holder\">\n<div class=\"grid grid-desktop-100\"><div class=\"holder\"><p>Der Vedische Haupttext des Yoga \u2013 die Yoga Sutras \u2013 beschreibt, wie die Erfahrung des Transzendierens Frieden in der Umgebung erzeugen kann:<\/p>\n<div class=\"box-info\">\n<h5><em>Tat sannidhau vairatyagah<\/em><\/h5>\n<h4>&#8222;In der Umgebung von Yoga<br \/>\n(der Erfahrung Transzendentalen Bewusstseins, des Einheitlichen Feldes)<br \/>\nwerden alle negativen Tendenzen aufgel\u00f6st.&#8220;<\/h4>\n<h6>\u2013 Yoga sutra 2.35<\/h6>\n<\/div>\n<p>Wenn Transzendentales Bewusstsein durch fortgeschrittene Meditation einer ausreichend gro\u00dfen Gruppe belebt wird, dehnt sich diese \u201cUmgebung von Yoga\u201d auf die gesamte Welt aus. Das ist die Strategie der Globalen Friedensinitiative.<\/p>\n<\/div><\/div>\n<\/div>\n<div class=\"border-line\">&nbsp;<\/div>\n<div class=\"grid-holder\">\n<div class=\"grid grid-desktop-50 grid-mobile-100\"><div class=\"holder\"><h4>EXPERTEN IN YAGYA &#8211; UMFANGREICHE AUSBILDUNG ZUR DURCHF\u00dcHRUNG VEDISCHER HANDLUNGEN<\/h4>\n<p>Maharishi hat in ganz Indien ein Ausbildungsnetzwerk f\u00fcr Maharishi Vedische Pandits geschaffen. In zahlreichen kleinen D\u00f6rfern bilden Lehrer, die als Guru Jis bezeichnet werden, die jungen Pandits ab 10 Jahren aus. Im Alter von 14 Jahren k\u00f6nnen sie sich dann einer der vielen regionalen Einrichtungen anschlie\u00dfen, um bei einem vollendeten Acharya (Lehrer) zu studieren.<br \/>\nMaharishi hat ein systematisches und detailliertes Trainingsprogramm entworfen, bei dem auch moderne Kommunikationsmittel, wie Computer oder Videoaufzeichnungen, eingesetzt werden. Somit wird sichergestellt, dass die Ausbildung auf hohem und standardisiertem Niveau stattfindet. Mit ca. 20 Jahren haben die Maharishi Vedischen Pandits ihr Studium beendet und sind nun bef\u00e4higt Yagyas durchzuf\u00fchren. Yagya ist eine zeitlose Technologie aus der Vedischen Tradition. Yagyas werden durchgef\u00fchrt, um die Naturgesetze, die das Universum lenken, auf spezifische Weise und f\u00fcr spezielle Bed\u00fcrfnisse so zu beleben, dass sie die Erf\u00fcllung eines bestimmten Wunsches unterst\u00fctzen. So wird zum Beispiel am Brahmasthan von Indien jeden Tag das Atirudrabhishek von 1331 Pandits durchgef\u00fchrt \u2013 ein kraftvolles Yagya f\u00fcr den Weltfrieden. Die UNESCO hat Vedische Rezitationen offiziell als immaterielles Erbe der Menschheit anerkannt.<\/p>\n<\/div><\/div>\n<div class=\"grid grid-desktop-50 grid-mobile-100\"><div class=\"holder\"><p><img loading=\"lazy\" decoding=\"async\" class=\"alignnone size-full wp-image-107\" src=\"\/wp-content\/uploads\/2014\/04\/post-img-13.jpg\" alt=\"post-img-13\" width=\"435\" height=\"482\" srcset=\"https:\/\/donation.vedicpandits.org\/wp-content\/uploads\/2014\/04\/post-img-13.jpg 435w, https:\/\/donation.vedicpandits.org\/wp-content\/uploads\/2014\/04\/post-img-13-270x300.jpg 270w, https:\/\/donation.vedicpandits.org\/wp-content\/uploads\/2014\/04\/post-img-13-300x332.jpg 300w\" sizes=\"auto, (max-width: 435px) 100vw, 435px\" \/><\/p>\n<\/div><\/div>\n<\/div>\n<div class=\"border-line\">&nbsp;<\/div>\n<div class=\"grid-holder\">\n<div class=\"grid grid-desktop-50 grid-mobile-100\"><div class=\"holder\">\t<a href=\"https:\/\/donation.vedicpandits.org\/de\/peace-creating-group\/maharishi-vedic-pandits\/?image_video=https%3A%2F%2Fwww.youtube.com%2Fwatch%3Fv%3DZQOxpwHk0fQ\" class=\"video-link \">\n<img loading=\"lazy\" decoding=\"async\" class=\"alignnone size-full wp-image-92\" src=\"\/wp-content\/uploads\/2014\/05\/einzelner_pandit_432bright.png\" alt=\"post-img-14\" width=\"432\" height=\"243\" \/><br \/>\n<\/a>\n\n\t\n<\/div><\/div>\n<div class=\"grid grid-desktop-50 grid-mobile-100\"><div class=\"holder\"><h4 id=\"atirudrabhishek\">BILD UND TON<\/h4>\n<p>Um einen Eindruck von Maharishi Vedischen Pandits in Aktion zu bekommen, k\u00f6nnen Sie sich hier eine Pr\u00e4sentation mit Bildern von Vedischen Pandits bei der Durchf\u00fchrung von Yagyas ansehen.<\/p>\n<\/div><\/div>\n<\/div>\n","protected":false},"excerpt":{"rendered":"<p>DIE SYSTEMATIScHE AUSBILDUNG DER MAHARISHI VEDISCHEN PANDITS Junge M\u00e4nner aus traditionellen Vedischen Familien Indiens durchlaufen von fr\u00fchem Alter an eine systematische Ausbildung, um Friedensexperten zu werden \u2013 Maharishi Vedische Pandits. Im Alter zwischen 10 und 20 Jahren folgen sie einem speziell von Maharishi entworfenen Studienprogramm. Dieses beinhaltet das Erlernen der Transzendentalen Meditation und des TM-Sidhi-Programms, [&hellip;]<\/p>\n","protected":false},"author":3,"featured_media":202,"parent":1099,"menu_order":1,"comment_status":"open","ping_status":"closed","template":"","meta":{"om_disable_all_campaigns":false,"_monsterinsights_skip_tracking":false,"_monsterinsights_sitenote_active":false,"_monsterinsights_sitenote_note":"","_monsterinsights_sitenote_category":0,"footnotes":""},"class_list":["post-1135","page","type-page","status-publish","has-post-thumbnail","hentry"],"_links":{"self":[{"href":"https:\/\/donation.vedicpandits.org\/de\/wp-json\/wp\/v2\/pages\/1135","targetHints":{"allow":["GET"]}}],"collection":[{"href":"https:\/\/donation.vedicpandits.org\/de\/wp-json\/wp\/v2\/pages"}],"about":[{"href":"https:\/\/donation.vedicpandits.org\/de\/wp-json\/wp\/v2\/types\/page"}],"author":[{"embeddable":true,"href":"https:\/\/donation.vedicpandits.org\/de\/wp-json\/wp\/v2\/users\/3"}],"replies":[{"embeddable":true,"href":"https:\/\/donation.vedicpandits.org\/de\/wp-json\/wp\/v2\/comments?post=1135"}],"version-history":[{"count":30,"href":"https:\/\/donation.vedicpandits.org\/de\/wp-json\/wp\/v2\/pages\/1135\/revisions"}],"predecessor-version":[{"id":15796,"href":"https:\/\/donation.vedicpandits.org\/de\/wp-json\/wp\/v2\/pages\/1135\/revisions\/15796"}],"up":[{"embeddable":true,"href":"https:\/\/donation.vedicpandits.org\/de\/wp-json\/wp\/v2\/pages\/1099"}],"wp:featuredmedia":[{"embeddable":true,"href":"https:\/\/donation.vedicpandits.org\/de\/wp-json\/wp\/v2\/media\/202"}],"wp:attachment":[{"href":"https:\/\/donation.vedicpandits.org\/de\/wp-json\/wp\/v2\/media?parent=1135"}],"curies":[{"name":"wp","href":"https:\/\/api.w.org\/{rel}","templated":true}]}}