{"id":1139,"date":"2014-10-08T09:14:28","date_gmt":"2014-10-08T09:14:28","guid":{"rendered":"https:\/\/vedicpandits.org\/?page_id=1139"},"modified":"2018-02-20T18:09:32","modified_gmt":"2018-02-20T18:09:32","slug":"science-2","status":"publish","type":"page","link":"https:\/\/donation.vedicpandits.org\/de\/peace-creating-group\/science-2\/","title":{"rendered":"Wissenschaft"},"content":{"rendered":"<h4>WISSENSCHAFTLICHE FORSCHUNGEN BELEGEN DIE WIRKSAMKEIT DER PANDIT-GRUPPE<\/h4>\n<p>Der eigentliche Zweck f\u00fcr den Aufbau einer gro\u00dfen Gruppe Vedischer Pandits ist es, Koh\u00e4renz und Harmonie im Weltbewusstsein herbeizuf\u00fchren.<\/p>\n<p>Wissenschaftliche Forschungen haben gezeigt, dass negative Tendenzen abnehmen und positive Tendenzen gest\u00e4rkt werden, wenn eine gen\u00fcgend gro\u00dfe Anzahl von Personen die Transzendentale Meditation und das Fortgeschrittenen-Programm der TM-Sidhis aus\u00fcbt.<\/p>\n<p>Diese positiven Wirkungen wurden beobachtet, wenn<\/p>\n<ul>\n<li>1% einer Bev\u00f6lkerung die TM-Technik erlernt hat, oder<\/li>\n<li>die Quadratwurzel aus 1% einer Bev\u00f6lkerung das TM-Sidhi Programm,<br \/>\neinschlie\u00dflich des Yogischen Fliegens, an einem Ort gemeinsam aus\u00fcbt.<\/li>\n<\/ul>\n<p>Dieses Ph\u00e4nomen wird zu Ehren von Maharishi als Maharishi-Effekt bezeichnet. Bereits 1960 hatte er diesen Effekt vorausgesagt, 15 Jahre bevor man damit begann, ihn empirisch durch wissenschaftliche Forschungen zu best\u00e4tigen.<br \/>\n<div class=\"grid-holder\">\n<div class=\"grid grid-desktop-50 grid-mobile-100 zoom-image-holder\"><div class=\"holder\"><h4>DIE WASHINGTON-STUDIE<\/h4>\n<p>Als sich im Sommer 1993 eine Gruppe von 4000 Yogischen Fliegern f\u00fcr mehrere Wochen in Washington, D.C. versammelte, nahmen die Gewaltverbrechen um fast 25% ab (siehe Darstellung unten). Diese Untersuchung wurde 1999 in der von Experten begutachteten Fachzeitschrift <em>Social Indicators Research<\/em> ver\u00f6ffentlicht <em>(1999, 47(2):153-201)<\/em>.<\/p>\n<p><a href=\"\/wp-content\/uploads\/2014\/10\/german_wahington_crime_chart_21.12.14.jpg\"><img loading=\"lazy\" decoding=\"async\" class=\"alignnone size-medium wp-image-1844\" src=\"\/wp-content\/uploads\/2014\/10\/german_wahington_crime_chart_21.12.14-300x202.jpg\" alt=\"german_wahington_crime_chart_21.12.14\" width=\"300\" height=\"202\" srcset=\"https:\/\/donation.vedicpandits.org\/wp-content\/uploads\/2014\/10\/german_wahington_crime_chart_21.12.14-300x202.jpg 300w, https:\/\/donation.vedicpandits.org\/wp-content\/uploads\/2014\/10\/german_wahington_crime_chart_21.12.14-430x291.jpg 430w, https:\/\/donation.vedicpandits.org\/wp-content\/uploads\/2014\/10\/german_wahington_crime_chart_21.12.14.jpg 600w\" sizes=\"auto, (max-width: 300px) 100vw, 300px\" \/><\/a><\/p>\n<\/div><\/div>\n<div class=\"grid grid-desktop-50 grid-mobile-100\"><div class=\"holder\"><p><img loading=\"lazy\" decoding=\"async\" class=\"alignnone size-full wp-image-85\" src=\"\/wp-content\/uploads\/2014\/04\/post-img-1.jpg\" alt=\"post-img-1\" width=\"435\" height=\"400\" srcset=\"https:\/\/donation.vedicpandits.org\/wp-content\/uploads\/2014\/04\/post-img-1.jpg 435w, https:\/\/donation.vedicpandits.org\/wp-content\/uploads\/2014\/04\/post-img-1-300x275.jpg 300w\" sizes=\"auto, (max-width: 435px) 100vw, 435px\" \/><\/p>\n<\/div><\/div>\n<\/div>\n<h4>EINE FRIEDEN SCHAFFENDE GRUPPE F\u00dcR DIE WELT<\/h4>\n<p>Es hat sich gezeigt, dass eine Gruppe von Yogischen Fliegern, die so gro\u00df ist wie die Quadratwurzel aus 1% einer Bev\u00f6lkerung, der ganzen Gesellschaft Frieden bringt. Da die Quadratwurzel der Weltbev\u00f6lkerung von 7 Millarden Menschen 8400 betr\u00e4gt, wurde das Ziel f\u00fcr die Gr\u00f6\u00dfe der Gruppe Vedischer Pandits auf 9000 festgelegt.<\/p>\n<div class=\"border-line\">&nbsp;<\/div>\n<h4>DIE WISSENSCHAFTLICHE THEORIE FRIEDEN SCHAFFENDER GRUPPEN<\/h4>\n<p>Zu\u00a0den theoretischen Erkl\u00e4rungen f\u00fcr die kraftvolle Wirkung der Gruppenmeditationen auf Kriminalit\u00e4t und sozialen Stress, geh\u00f6rt auch das Modell des \u201cFeldeffektes des Bewusstseins\u201d. Es besagt, dass Bewusstsein auf seiner tiefsten Ebene ein Feld ist, das allen Individuen in der gesamten Gesellschaft zugrundeliegt und diese miteinander verbindet. Solch eine Theorie stimmt mit den neuesten Erkenntnissen in der Physik, Physiologie und Neurowissenschaft \u00fcberein.<\/p>\n<div class=\"grid-holder\">\n<div class=\"grid grid-desktop-50 grid-mobile-100\"><div class=\"holder\"><p>So hat z.B. die moderne Physik auf kleineren Ma\u00dfst\u00e4ben von Raum und Zeit vereinheitlichtere Ebenen der Funktionsweise der Natur festgestellt. Dies erreichte seinen H\u00f6hepunkt in der Entdeckung des Einheitlichen Feldes (\u201cSuperstring-Feld\u201c), welches all den verschiedenartigen Kr\u00e4ften und Partikeln im Universum zugrunde liegt und diese miteinander verbindet (siehe Schautafel rechts).<\/p>\n<p>In \u00e4hnlicher Weise vermitteln die Transzendentale Meditation und das TM-Sidhi Programm die direkte Erfahrung ruhigerer, tieferer Ebenen von Gedanken \u2013 was letztlich seinen H\u00f6hepunkt in der Erfahrung des Einheitlichen Feldes an der Basis von Geist und Materie hat. Durch die Praxis in der Gruppe wird dieses universale, einheitliche Feld kollektiven Bewusstseins angeregt, was zu einem Einfluss von Koh\u00e4renz in der gesamten Gesellschaft f\u00fchrt.<\/p>\n<\/div><\/div>\n<div class=\"grid grid-desktop-50 grid-mobile-100 zoom-image-holder\"><div class=\"holder\"><p><a href=\"\/wp-content\/uploads\/2014\/10\/german_4_forces_chart_4_draefte_cone1.jpg\"><img loading=\"lazy\" decoding=\"async\" class=\"alignnone wp-image-2173 size-full\" src=\"\/wp-content\/uploads\/2014\/10\/german_4_forces_chart_4_draefte_cone1.jpg\" alt=\"german_4_forces_chart_4_draefte_cone1\" width=\"581\" height=\"276\" srcset=\"https:\/\/donation.vedicpandits.org\/wp-content\/uploads\/2014\/10\/german_4_forces_chart_4_draefte_cone1.jpg 581w, https:\/\/donation.vedicpandits.org\/wp-content\/uploads\/2014\/10\/german_4_forces_chart_4_draefte_cone1-300x142.jpg 300w\" sizes=\"auto, (max-width: 581px) 100vw, 581px\" \/><\/a><\/p>\n<\/div><\/div>\n<\/div>\n<p>Wissenschaftliche Studien \u00fcber die Auswirkungen der Transzendentalen Meditation auf die Gesellschaft haben best\u00e4tigt, dass der Frieden f\u00f6rdernde Einfluss, den Gruppen von TM-aus\u00fcbenden Personen erzeugen, proportional zum Quadrat der Gr\u00f6\u00dfe dieser Gruppen anw\u00e4chst. Wenn diese Gruppe aus Yogischen Fliegern besteht \u2013 jenen, die das fortgeschrittene TM-Sidhi Programm erlernt haben, dann \u2013 so zeigen die Studien \u2013 reicht bereits die Quadratwurzel von 1% der Bev\u00f6lkerung, um einen signifikanten positiven Einfluss zu erzeugen.<\/p>\n<p>Das bedeutet, dass nur einige hundert oder einige tausend Personen ben\u00f6tigt werden, um einen au\u00dfergew\u00f6hnlich starken und wissenschaftlich nachweisbaren Effekt von Frieden, Harmonie und Wohlstand auf die umliegende Gesellschaft auszu\u00fcben \u2013 und das selbst auf nationaler oder globaler Ebene. F\u00fcr die gesamte Welt ist eine Gruppe von 9000 erforderlich (ungef\u00e4hr die Quadratwurzel aus 1% der Weltbev\u00f6lkerung). Daher ist dies die angestrebte Gr\u00f6\u00dfe f\u00fcr unsere Gruppe Maharishi Vedischer Pandits in Indien.<\/p>\n<div class=\"border-line\">&nbsp;<\/div>\n<h4 id=\"science_hagelin\">EIN FELDEFFEKT DES BEWUSSTSEINS<\/h4>\n<p>Wie ist es m\u00f6glich, dass Personen, die allein zu Hause, in ihren B\u00fcros oder zusammen in einer Gruppe Transzendentale Meditation praktizieren, einen Einfluss auf andere Menschen in ihrer Umgebung, in der ganzen Stadt, im ganzen Land oder \u00fcberall auf der Welt aus\u00fcben, selbst wenn alle restlichen Menschen nicht meditieren?<\/p>\n<div class=\"grid-holder\">\n<div class=\"grid grid-desktop-50 grid-mobile-100\"><div class=\"holder\">\t<a href=\"https:\/\/donation.vedicpandits.org\/de\/peace-creating-group\/science-2\/?image_video=https%3A%2F%2Fwww.youtube.com%2Fwatch%3Fv%3DyVFa6Wtuxu8%3Frel%3D0\" class=\"video-link \">\n<img loading=\"lazy\" decoding=\"async\" class=\"alignnone size-full wp-image-92\" src=\"\/wp-content\/uploads\/2014\/04\/post-img-14.jpg\" alt=\"post-img-14\" width=\"433\" height=\"321\" srcset=\"https:\/\/donation.vedicpandits.org\/wp-content\/uploads\/2014\/04\/post-img-14.jpg 433w, https:\/\/donation.vedicpandits.org\/wp-content\/uploads\/2014\/04\/post-img-14-300x222.jpg 300w\" sizes=\"auto, (max-width: 433px) 100vw, 433px\" \/><br \/>\n<\/a>\n\n\t\n<\/div><\/div>\n<div class=\"grid grid-desktop-50 grid-mobile-100\"><div class=\"holder\"><p>Der Einfluss meditierender Gruppen verbreitet sich durch ein zugrundeliegendes Feld \u2013 ebenso wie Sie eine live Radiosendung von der anderen Seite der Welt h\u00f6ren k\u00f6nnen. In diesem Beispiel verbindet das elektromagnetische Feld die Radiostation und Ihr eigenes Radio. Hinsichtlich der Gruppenmeditation ist es das Bewusstseins-Feld, das die Meditierenden mit der restlichen Bev\u00f6lkerung verbindet. Koh\u00e4renzwellen, die von der Friedensgruppe ausgehen, breiten sich \u00fcber das Bewusstseins-Feld aus und erzeugen einen positiven und messbaren Einfluss in der gesamten Gesellschaft.<\/p>\n\t<a href=\"https:\/\/donation.vedicpandits.org\/de\/peace-creating-group\/science-2\/?image_video=https%3A%2F%2Fwww.youtube.com%2Fwatch%3Fv%3DyVFa6Wtuxu8%3Frel%3D0\" class=\"video-link no-pointer\"> Sehen Sie, wie der Quantenphysiker John Hagelin den Feldeffekt erkl\u00e4rt.<\/a>\n\n\t\n<\/div><\/div>\n<\/div>\n<p>&nbsp;<\/p>\n<h5>KOH\u00c4RENTE SYSTEME SIND WIRKSAMER \u2013 DAS BEISPIEL DES LASERS<\/h5>\n<p>Warum ben\u00f6tigt eine Frieden schaffende Gruppe nur eine relativ kleine Anzahl von Personen, um einen positiven Einfluss f\u00fcr die gesamte Bev\u00f6lkerung zu erzeugen? Die Physik fand heraus, dass ein koh\u00e4rent funktionierendes System mehr Kraft besitzt als ein inkoh\u00e4rentes.<\/p>\n<p>Nehmen wir z.B das Laserlicht, d.h. Lichtwellen, die so angepasst wurden, dass sie koh\u00e4rent funktionieren, so dass die H\u00f6hen und Tiefen jeder Welle mit jeder anderen Welle \u00fcbereinstimmen. Laserlicht ist bei weitem st\u00e4rker als Licht, das von einer normalen Gl\u00fchbirne ausgestrahlt wird. In der Tat ist die Effektivit\u00e4t des Laserlichts proportional zum Quadrat der Anzahl koh\u00e4renter Wellen \u2013 d.h. 100 koh\u00e4rente Wellen erzeugen den Effekt von 10.000 (100 zum Quadrat) normaler Wellen.<\/p>\n<p>Auf dieselbe Weise belebt eine gro\u00dfe Gruppe von Personen, die das TM-Sidhi Programm aus\u00fcben, das Feld des Bewusstseins auf einer stillen und koh\u00e4renten Ebene und erzeugen einen bei weitem st\u00e4rkeren friedvollen Effekt als es dieselben Personen durch individuelle Bem\u00fchungen erreichen k\u00f6nnen.<\/p>\n","protected":false},"excerpt":{"rendered":"<p>WISSENSCHAFTLICHE FORSCHUNGEN BELEGEN DIE WIRKSAMKEIT DER PANDIT-GRUPPE Der eigentliche Zweck f\u00fcr den Aufbau einer gro\u00dfen Gruppe Vedischer Pandits ist es, Koh\u00e4renz und Harmonie im Weltbewusstsein herbeizuf\u00fchren. Wissenschaftliche Forschungen haben gezeigt, dass negative Tendenzen abnehmen und positive Tendenzen gest\u00e4rkt werden, wenn eine gen\u00fcgend gro\u00dfe Anzahl von Personen die Transzendentale Meditation und das Fortgeschrittenen-Programm der TM-Sidhis aus\u00fcbt. [&hellip;]<\/p>\n","protected":false},"author":3,"featured_media":0,"parent":1099,"menu_order":2,"comment_status":"open","ping_status":"closed","template":"template-science.php","meta":{"om_disable_all_campaigns":false,"_monsterinsights_skip_tracking":false,"_monsterinsights_sitenote_active":false,"_monsterinsights_sitenote_note":"","_monsterinsights_sitenote_category":0,"footnotes":""},"class_list":["post-1139","page","type-page","status-publish","hentry"],"_links":{"self":[{"href":"https:\/\/donation.vedicpandits.org\/de\/wp-json\/wp\/v2\/pages\/1139","targetHints":{"allow":["GET"]}}],"collection":[{"href":"https:\/\/donation.vedicpandits.org\/de\/wp-json\/wp\/v2\/pages"}],"about":[{"href":"https:\/\/donation.vedicpandits.org\/de\/wp-json\/wp\/v2\/types\/page"}],"author":[{"embeddable":true,"href":"https:\/\/donation.vedicpandits.org\/de\/wp-json\/wp\/v2\/users\/3"}],"replies":[{"embeddable":true,"href":"https:\/\/donation.vedicpandits.org\/de\/wp-json\/wp\/v2\/comments?post=1139"}],"version-history":[{"count":33,"href":"https:\/\/donation.vedicpandits.org\/de\/wp-json\/wp\/v2\/pages\/1139\/revisions"}],"predecessor-version":[{"id":13162,"href":"https:\/\/donation.vedicpandits.org\/de\/wp-json\/wp\/v2\/pages\/1139\/revisions\/13162"}],"up":[{"embeddable":true,"href":"https:\/\/donation.vedicpandits.org\/de\/wp-json\/wp\/v2\/pages\/1099"}],"wp:attachment":[{"href":"https:\/\/donation.vedicpandits.org\/de\/wp-json\/wp\/v2\/media?parent=1139"}],"curies":[{"name":"wp","href":"https:\/\/api.w.org\/{rel}","templated":true}]}}