{"id":1161,"date":"2014-10-08T07:09:46","date_gmt":"2014-10-08T07:09:46","guid":{"rendered":"https:\/\/vedicpandits.org\/?page_id=1161"},"modified":"2018-02-21T15:07:44","modified_gmt":"2018-02-21T15:07:44","slug":"cost","status":"publish","type":"page","link":"https:\/\/donation.vedicpandits.org\/de\/peace-creating-group\/cost\/","title":{"rendered":"Kosten"},"content":{"rendered":"<h4>DAUERHAFTER FRIEDEN ZU EINEM BRUCHTEIL HEUTIGER MILIT\u00c4RKOSTEN<\/h4>\n<p>Die Globale Friedensinitiative hat das Potenzial zum kosteneffektivsten und erfolgreichsten Frieden schaffenden Programm unserer Zeit. Der Betrag, der ben\u00f6tigt wird, um das gesamte Projekt dauerhaft zu finanzieren, ist geringer als der, den alles Milit\u00e4r der Welt zusammengenommen alle 6 Stunden verbraucht, und sogar geringer als die H\u00e4lfte der Kosten eines B-2 Bombenflugzeugs. Obwohl der Betrag im Vergleich zu Milit\u00e4rkosten minimal ist, erfordert die Finanzierung des Projektes dennoch eine betr\u00e4chtliche Summe. Der j\u00e4hrliche Betrag, der ben\u00f6tigt wird, um die Globale Friedensinitiative vollst\u00e4ndig durchzuf\u00fchren, bel\u00e4uft sich auf US $45,5 Millionen pro Jahr. Dieser Gesamtjahresbetrag setzt sich aus zwei Teilen zusammen:<\/p>\n<p>1. Die Unterst\u00fctzung einer Gruppe von 9000 Maharishi Vedischen Pandits auf dem Campus in Zentralindien.<\/p>\n<p>2. Die Unterst\u00fctzung der Ausbildungsprogramme f\u00fcr neue Maharishi Vedische Pandits.<\/p>\n<p>Da die Aktivit\u00e4ten am zentralen Campus sowie die Ausbildungsprogramme bereits laufen, ist auch bekannt, aus welchen Komponenten sich das Budget zusammensetzt. Diese sind unten aufgelistet.<\/p>\n<div class=\"border-line\">&nbsp;<\/div>\n<div class=\"grid-holder grid-border-50\">\n<div class=\"grid grid-desktop-50 grid-mobile-100\"><div class=\"holder\"><p><img loading=\"lazy\" decoding=\"async\" class=\"alignleft size-full wp-image-577\" src=\"\/wp-content\/uploads\/2014\/04\/2146-432.jpg\" alt=\"2146 - 432\" width=\"432\" height=\"253\" srcset=\"https:\/\/donation.vedicpandits.org\/wp-content\/uploads\/2014\/04\/2146-432.jpg 432w, https:\/\/donation.vedicpandits.org\/wp-content\/uploads\/2014\/04\/2146-432-300x175.jpg 300w, https:\/\/donation.vedicpandits.org\/wp-content\/uploads\/2014\/04\/2146-432-430x253.jpg 430w\" sizes=\"auto, (max-width: 432px) 100vw, 432px\" \/><\/p>\n<h4>1. DIE HAUPRGRUPPE VON 9000 ERHALTEN<\/h4>\n<p>$250 pro Monat reichen aus, um einen Pandit mit Unterbringung und Vollverpflegung, medizinischer Versorgung, Kleidung, weiterer Fortbildungsm\u00f6glichkeiten und entsprechenden Materialien, sowie einem einfachen Gehalt f\u00fcr seine Familie auszustatten. Auch die Instandhaltung, Verwaltung und andere Ausgaben w\u00e4hrend seines Aufenthaltes am Brahmasthan von Indien sind darin enthalten. Wenn 9000 Pandits an dem Projekt auf dem zentralen Campus teilnehmen, betragen die gesamten Kosten $27 Millionen pro Jahr.<\/p>\n<\/div><\/div>\n<div class=\"grid grid-desktop-50 grid-mobile-100\"><div class=\"holder\"><p><a href=\"\/wp-content\/uploads\/2014\/04\/9297-432.jpg\"><img loading=\"lazy\" decoding=\"async\" class=\"alignleft size-full wp-image-579\" src=\"\/wp-content\/uploads\/2014\/04\/9297-432.jpg\" alt=\"9297 - 432\" width=\"432\" height=\"253\" srcset=\"https:\/\/donation.vedicpandits.org\/wp-content\/uploads\/2014\/04\/9297-432.jpg 432w, https:\/\/donation.vedicpandits.org\/wp-content\/uploads\/2014\/04\/9297-432-300x175.jpg 300w, https:\/\/donation.vedicpandits.org\/wp-content\/uploads\/2014\/04\/9297-432-430x253.jpg 430w\" sizes=\"auto, (max-width: 432px) 100vw, 432px\" \/><\/a><\/p>\n<h4>2. DAS AUSBILDUNGSPROGRAMM F\u00dcR DIE PANDITS<\/h4>\n<p>Um eine fortlaufende Verf\u00fcgbarkeit von Maharishi Vedischen Pandits f\u00fcr die Hauptgruppe in Zentralindien sicherzustellen, m\u00fcssen die Ausbildungsprogramme folgendes umfassen:<br \/>\n\u2013 20.000 junge Sch\u00fcler in ihren eigenen D\u00f6rfern (Kosten: pro Sch\u00fcler $12 im Monat)<br \/>\n\u2013 10.000 \u00e4ltere Sch\u00fcler in \u00f6rtlichen Ausbildungszentren (Kosten: pro Sch\u00fcler $130 im Monat)<br \/>\nDies ergibt einen Betrag von $18,5 Millionen f\u00fcr die Ausbildungsprogramme.<\/p>\n<\/div><\/div>\n<\/div>\n<h4 style=\"text-align: center; margin-top: 20px;\">DAS GESAMTE BUDGET<\/h4>\n<p style=\"text-align: center;\">Zusammengenommen bel\u00e4uft sich der gesamte Betrag f\u00fcr die Hauptgruppe und das Ausbildungsprogramm auf $45.5 Millionen pro Jahr.<\/p>\n<div class=\"border-line\">&nbsp;<\/div>\n<p style=\"text-align: center; color: #e07e27;\"><em>Wenn Sie einen Pandit finanzieren oder unser Projekt unterst\u00fctzen m\u00f6chten, klicken Sie bitte hier.<\/em><\/p>\n\t<p style=\"text-align: center\">\n\t\t<a href=\"https:\/\/aro.vedicpandits.org\/de\/donate\"   class=\"btn btn-large \" > > \n\t\t\tTRAGEN SIE ZU UNSEREM PROJEKT BEI\t\t<\/a>\n\t<\/p>\n\n\t\n","protected":false},"excerpt":{"rendered":"<p>DAUERHAFTER FRIEDEN ZU EINEM BRUCHTEIL HEUTIGER MILIT\u00c4RKOSTEN Die Globale Friedensinitiative hat das Potenzial zum kosteneffektivsten und erfolgreichsten Frieden schaffenden Programm unserer Zeit. Der Betrag, der ben\u00f6tigt wird, um das gesamte Projekt dauerhaft zu finanzieren, ist geringer als der, den alles Milit\u00e4r der Welt zusammengenommen alle 6 Stunden verbraucht, und sogar geringer als die H\u00e4lfte der [&hellip;]<\/p>\n","protected":false},"author":3,"featured_media":192,"parent":1099,"menu_order":5,"comment_status":"open","ping_status":"closed","template":"","meta":{"om_disable_all_campaigns":false,"_monsterinsights_skip_tracking":false,"_monsterinsights_sitenote_active":false,"_monsterinsights_sitenote_note":"","_monsterinsights_sitenote_category":0,"footnotes":""},"class_list":["post-1161","page","type-page","status-publish","has-post-thumbnail","hentry"],"_links":{"self":[{"href":"https:\/\/donation.vedicpandits.org\/de\/wp-json\/wp\/v2\/pages\/1161","targetHints":{"allow":["GET"]}}],"collection":[{"href":"https:\/\/donation.vedicpandits.org\/de\/wp-json\/wp\/v2\/pages"}],"about":[{"href":"https:\/\/donation.vedicpandits.org\/de\/wp-json\/wp\/v2\/types\/page"}],"author":[{"embeddable":true,"href":"https:\/\/donation.vedicpandits.org\/de\/wp-json\/wp\/v2\/users\/3"}],"replies":[{"embeddable":true,"href":"https:\/\/donation.vedicpandits.org\/de\/wp-json\/wp\/v2\/comments?post=1161"}],"version-history":[{"count":19,"href":"https:\/\/donation.vedicpandits.org\/de\/wp-json\/wp\/v2\/pages\/1161\/revisions"}],"predecessor-version":[{"id":13174,"href":"https:\/\/donation.vedicpandits.org\/de\/wp-json\/wp\/v2\/pages\/1161\/revisions\/13174"}],"up":[{"embeddable":true,"href":"https:\/\/donation.vedicpandits.org\/de\/wp-json\/wp\/v2\/pages\/1099"}],"wp:featuredmedia":[{"embeddable":true,"href":"https:\/\/donation.vedicpandits.org\/de\/wp-json\/wp\/v2\/media\/192"}],"wp:attachment":[{"href":"https:\/\/donation.vedicpandits.org\/de\/wp-json\/wp\/v2\/media?parent=1161"}],"curies":[{"name":"wp","href":"https:\/\/api.w.org\/{rel}","templated":true}]}}