{"id":1168,"date":"2014-10-08T07:09:41","date_gmt":"2014-10-08T07:09:41","guid":{"rendered":"https:\/\/vedicpandits.org\/?page_id=1168"},"modified":"2015-04-27T13:27:48","modified_gmt":"2015-04-27T13:27:48","slug":"scope","status":"publish","type":"page","link":"https:\/\/donation.vedicpandits.org\/de\/peace-creating-group\/scope\/","title":{"rendered":"Reichweite"},"content":{"rendered":"<p>Unser Projekt umfasst eine Hauptgruppe und ein damit verbundenes Ausbildungsprogramm, das dazu dient, die Gruppe aufzubauen und ihre Gr\u00f6\u00dfe stabil zu halten.<br \/>\n<div class=\"border-line\">&nbsp;<\/div>\n<div class=\"grid-holder\">\n<div class=\"grid grid-desktop-50 grid-mobile-100\"><div class=\"holder\"><h4>DIE HAUPTGRUPPE<\/h4>\n<p>F\u00fcr unsere Projektgruppe Vedische Pandits in Indien einzusetzen, beruht auf einer traditionell gepr\u00e4gten als auch praktischen Entscheidung. Seit uralten Zeiten waren Vedische Pandits traditionell daf\u00fcr verantwortlich, die Harmonie in der Gesellschaft und das Gleichgewicht in der Natur zu bewahren. Zudem ist das heutige Indien aus \u00f6konomischen Gr\u00fcnden ein g\u00fcnstiger Ort f\u00fcr den Aufbau des Projektes.<\/p>\n<p>Das Ziel besteht darin, 9000 Maharishi Vedische Pandits in einer Gruppe zusammenzufassen, um einen friedvollen Effekt f\u00fcr die Welt herbeizuf\u00fchren. Zur\u00a0Unterst\u00fctzung dieser Gruppe ist es erforderlich, Geh\u00e4lter zur Verf\u00fcgung zu stellen und einen\u00a0Campus zu errichten mit Infrastruktur, Unterbringungen, weiterf\u00fchrenden Ausbildungsm\u00f6glichkeiten, Speisehallen,\u00a0einer Anlage zur Herstellung von\u00a0Milchprodukten und Gem\u00fcseanbau. Zur Zeit befinden sich etwa 2000 Pandits auf dem\u00a0Haupt-Campus am Brahmasthan \u2013\u00a0dem geographischen Mittelpunkt \u2013 von Indien, in der N\u00e4he von Jabalpur, Madhya Pradesh.<\/p>\n<\/div><\/div>\n<div class=\"grid grid-desktop-50 grid-mobile-100 zoom-image-holder\"><div class=\"holder\"><p><a href=\"\/wp-content\/uploads\/2014\/04\/map-of-india.jpg\"><img loading=\"lazy\" decoding=\"async\" class=\"alignleft size-full wp-image-595\" src=\"\/wp-content\/uploads\/2014\/04\/map-of-india.jpg\" alt=\"map-of-india\" width=\"550\" height=\"523\" srcset=\"https:\/\/donation.vedicpandits.org\/wp-content\/uploads\/2014\/04\/map-of-india.jpg 550w, https:\/\/donation.vedicpandits.org\/wp-content\/uploads\/2014\/04\/map-of-india-300x285.jpg 300w\" sizes=\"auto, (max-width: 550px) 100vw, 550px\" \/><\/a><\/p>\n<\/div><\/div>\n<\/div>\n<div class=\"border-line\">&nbsp;<\/div>\n<div class=\"grid-holder\">\n<div class=\"grid grid-desktop-50 grid-mobile-100 zoom-image-holder\"><div class=\"holder\"><p><a href=\"\/wp-content\/uploads\/2014\/04\/131207_training_chart_web-Kopie.jpg\"><img loading=\"lazy\" decoding=\"async\" class=\"alignnone size-medium wp-image-250\" src=\"\/wp-content\/uploads\/2014\/04\/131207_training_chart_web-Kopie.jpg\" alt=\"\" width=\"432\" height=\"211\" \/><\/a><\/p>\n<\/div><\/div>\n<div class=\"grid grid-desktop-50 grid-mobile-100\"><div class=\"holder\"><h4>DAS AUSBILDUNGSPROGRAMM DER PANDITS<\/h4>\n<p>Um die Hauptgruppe aufzubauen und den nat\u00fcrlich bedingten Abgang von Pandits auszugleichen, hat Maharishi in ganz Indien ein spezielles Ausbildungsprogramm ins Leben gerufen.<br \/>\nEs gew\u00e4hrleistet die optimale Gr\u00f6\u00dfe der Gruppe und stellt sicher, dass zu jeder Zeit gen\u00fcgend Pandits zur Verf\u00fcgung stehen. Das Programm sollte daher folgendes umfassen:<br \/>\n\u2013 20.000 junge Sch\u00fcler, die in den D\u00f6rfern ausgebildet werden<br \/>\n\u2013 10.000 \u00e4ltere Sch\u00fcler, die in Internatsschulen unterrichtet werden.<br \/>\nMit diesem Programm sollen jedes Jahr 1200 bis 1500 Pandits ihr Studium beenden, damit sichergestellt ist, dass die Hauptgruppe immer ungef\u00e4hr 9000 Pandits umfasst.<\/p>\n<\/div><\/div>\n<\/div>\n","protected":false},"excerpt":{"rendered":"<p>Unser Projekt umfasst eine Hauptgruppe und ein damit verbundenes Ausbildungsprogramm, das dazu dient, die Gruppe aufzubauen und ihre Gr\u00f6\u00dfe stabil zu halten.<\/p>\n","protected":false},"author":3,"featured_media":196,"parent":1099,"menu_order":4,"comment_status":"open","ping_status":"closed","template":"","meta":{"om_disable_all_campaigns":false,"_monsterinsights_skip_tracking":false,"_monsterinsights_sitenote_active":false,"_monsterinsights_sitenote_note":"","_monsterinsights_sitenote_category":0,"footnotes":""},"class_list":["post-1168","page","type-page","status-publish","has-post-thumbnail","hentry"],"_links":{"self":[{"href":"https:\/\/donation.vedicpandits.org\/de\/wp-json\/wp\/v2\/pages\/1168","targetHints":{"allow":["GET"]}}],"collection":[{"href":"https:\/\/donation.vedicpandits.org\/de\/wp-json\/wp\/v2\/pages"}],"about":[{"href":"https:\/\/donation.vedicpandits.org\/de\/wp-json\/wp\/v2\/types\/page"}],"author":[{"embeddable":true,"href":"https:\/\/donation.vedicpandits.org\/de\/wp-json\/wp\/v2\/users\/3"}],"replies":[{"embeddable":true,"href":"https:\/\/donation.vedicpandits.org\/de\/wp-json\/wp\/v2\/comments?post=1168"}],"version-history":[{"count":10,"href":"https:\/\/donation.vedicpandits.org\/de\/wp-json\/wp\/v2\/pages\/1168\/revisions"}],"predecessor-version":[{"id":2900,"href":"https:\/\/donation.vedicpandits.org\/de\/wp-json\/wp\/v2\/pages\/1168\/revisions\/2900"}],"up":[{"embeddable":true,"href":"https:\/\/donation.vedicpandits.org\/de\/wp-json\/wp\/v2\/pages\/1099"}],"wp:featuredmedia":[{"embeddable":true,"href":"https:\/\/donation.vedicpandits.org\/de\/wp-json\/wp\/v2\/media\/196"}],"wp:attachment":[{"href":"https:\/\/donation.vedicpandits.org\/de\/wp-json\/wp\/v2\/media?parent=1168"}],"curies":[{"name":"wp","href":"https:\/\/api.w.org\/{rel}","templated":true}]}}