{"id":1191,"date":"2014-10-08T07:40:21","date_gmt":"2014-10-08T07:40:21","guid":{"rendered":"https:\/\/vedicpandits.org\/?page_id=1191"},"modified":"2015-04-27T13:43:20","modified_gmt":"2015-04-27T13:43:20","slug":"events","status":"publish","type":"page","link":"https:\/\/donation.vedicpandits.org\/de\/contact-2\/events\/","title":{"rendered":"Veranstaltungen"},"content":{"rendered":"<h4>G\u00c4STE AUS ALLER WELT BESUCHTEN UNSERE ZENTREN.<\/h4>\n<p>Tausende von Menschen haben von dieser Gelegenheit bereits Gebrauch gemacht, und in den drei Hauptzentren an Veranstaltungen, Kursen und Besichtigungen teilgenommen.<\/p>\n<p>Wir freuen uns darauf, Sie an einem oder mehreren dieser Zentren begr\u00fc\u00dfen zu d\u00fcrfen, wo Sie in unmittelbarer N\u00e4he einer gro\u00dfen Frieden schaffenden Gruppe grundlegende Erfahrungen tiefer Stille genie\u00dfen und sich an Live-Rezitationen der Maharishi Vedischen Pandits erfreuen k\u00f6nnen.<\/p>\n","protected":false},"excerpt":{"rendered":"<p>G\u00c4STE AUS ALLER WELT BESUCHTEN UNSERE ZENTREN. Tausende von Menschen haben von dieser Gelegenheit bereits Gebrauch gemacht, und in den drei Hauptzentren an Veranstaltungen, Kursen und Besichtigungen teilgenommen. Wir freuen uns darauf, Sie an einem oder mehreren dieser Zentren begr\u00fc\u00dfen zu d\u00fcrfen, wo Sie in unmittelbarer N\u00e4he einer gro\u00dfen Frieden schaffenden Gruppe grundlegende Erfahrungen tiefer [&hellip;]<\/p>\n","protected":false},"author":3,"featured_media":57,"parent":1114,"menu_order":0,"comment_status":"open","ping_status":"closed","template":"template-events.php","meta":{"om_disable_all_campaigns":false,"_monsterinsights_skip_tracking":false,"_monsterinsights_sitenote_active":false,"_monsterinsights_sitenote_note":"","_monsterinsights_sitenote_category":0,"footnotes":""},"class_list":["post-1191","page","type-page","status-publish","has-post-thumbnail","hentry"],"_links":{"self":[{"href":"https:\/\/donation.vedicpandits.org\/de\/wp-json\/wp\/v2\/pages\/1191","targetHints":{"allow":["GET"]}}],"collection":[{"href":"https:\/\/donation.vedicpandits.org\/de\/wp-json\/wp\/v2\/pages"}],"about":[{"href":"https:\/\/donation.vedicpandits.org\/de\/wp-json\/wp\/v2\/types\/page"}],"author":[{"embeddable":true,"href":"https:\/\/donation.vedicpandits.org\/de\/wp-json\/wp\/v2\/users\/3"}],"replies":[{"embeddable":true,"href":"https:\/\/donation.vedicpandits.org\/de\/wp-json\/wp\/v2\/comments?post=1191"}],"version-history":[{"count":6,"href":"https:\/\/donation.vedicpandits.org\/de\/wp-json\/wp\/v2\/pages\/1191\/revisions"}],"predecessor-version":[{"id":3904,"href":"https:\/\/donation.vedicpandits.org\/de\/wp-json\/wp\/v2\/pages\/1191\/revisions\/3904"}],"up":[{"embeddable":true,"href":"https:\/\/donation.vedicpandits.org\/de\/wp-json\/wp\/v2\/pages\/1114"}],"wp:featuredmedia":[{"embeddable":true,"href":"https:\/\/donation.vedicpandits.org\/de\/wp-json\/wp\/v2\/media\/57"}],"wp:attachment":[{"href":"https:\/\/donation.vedicpandits.org\/de\/wp-json\/wp\/v2\/media?parent=1191"}],"curies":[{"name":"wp","href":"https:\/\/api.w.org\/{rel}","templated":true}]}}