{"id":1195,"date":"2014-10-10T12:36:56","date_gmt":"2014-10-10T12:36:56","guid":{"rendered":"https:\/\/vedicpandits.org\/?page_id=1195"},"modified":"2023-03-05T15:49:29","modified_gmt":"2023-03-05T15:49:29","slug":"faq-de","status":"publish","type":"page","link":"https:\/\/donation.vedicpandits.org\/de\/contact-2\/faq-de\/","title":{"rendered":"FAQ"},"content":{"rendered":"<h5>BEZ\u00dcGLICH DER MAHARISHI VEDISCHEN PANDITS<\/h5>\n<div class=\"faqstyle\"><em>WARUM BESTEHT DIESE GRUPPE AUSSCHLIESSLICH AUS MAHARISHI VEDISCHEN PANDITS?<\/em><br \/>\nWissenschaftliche Untersuchungen haben gezeigt, dass Gruppen von Personen aus allen Gesellschaftsschichten, die gemeinsam Yogisches Fliegen praktizieren, einen starken Einfluss von Frieden schaffen k\u00f6nnen. Das Bewahren von Harmonie in der Gesellschaft ist allerdings traditionell die Aufgabe der Maharishi Vedischen Pandits. Dies tun sie nicht nur dadurch, dass sie ein langes Programm der Transzendentalen Meditation und des Yogischen Fliegens aus\u00fcben, sie f\u00fchren auch spezielle Yagyas f\u00fcr den Frieden durch. Das t\u00e4gliche Durch\u00fchren dieser Yagyas bewirkt einen stetigen und kraftvollen Einfluss von Frieden, der f\u00fcr Maharishi Vedische Pandits einzigartig ist.<\/div>\n<div class=\"faqstyle\"><em>WAS IST DER UNTERSCHIED ZWISCHEN VEDISCHEN PANDITS UND MAHARISHI VEDISCHEN PANDITS?<\/em><br \/>\nVor allen Dingen praktizieren die Maharishi Vedischen Pandits die Transzendentale Meditation und das TM-Sidhi Programm einschlie\u00dflich des Yogischen Fliegens. Diese Techniken f\u00fchren zu der direkten Erfahrung transzendentalen reinen Bewusstseins, der Basis allen Vedischen Wissens.<\/p>\n<p>Demzufolge f\u00fchren die Maharishi Vedischen Pandits die Yagyas von einer ruhigeren Ebene des Bewusstseins aus. Sie beziehen so tiefere Ebenen des Naturgesetzes mit ein, was den Yagyas eine st\u00e4rkere Wirkung verleiht.<\/p>\n<p>Zus\u00e4tzlich arbeitete Maharishi jahrzehntelang eng mit den hochangesehensten Pandit-Meistern zusammen, um die Ausbildung der Vedischen Pandits wiederzubeleben. So lernen sie das richtige Ausf\u00fchren der Handlungen sowie die richtige Aussprache beim Rezitieren und k\u00f6nnen die Yagyas dadurch in ihrer vollen traditionellen Wirksamkeit durchf\u00fchren. Besucher stellen oft fest, dass die Maharishi Vedischen Pandits langsam und sanft rezitieren. Dies verleiht den Vedischen Kl\u00e4ngen, die sich in die Umgebung ausbreiten, eine lebendige Ganzheit.<\/p><\/div>\n<div class=\"faqstyle\"><em>WIEVIELE MAHARISHI VEDISCHE PANDITS SIND JETZT AM BRAHMASTHAN?<\/em><br \/>\nAuf dem Campus am Brahmasthan in Indien umfasst die Gruppe ungef\u00e4hr 2000 Maharishi Vedische Pandits. In 26 lokalen Ausbildungszentren in ganz Indien leben \u00fcber 3000 fortgeschrittene Pandit-Studenten. <\/div>\n<div class=\"faqstyle\"><em>WAS IST VEDA?<\/em><br \/>\nVeda bedeutet Wissen. Maharishi hat erkl\u00e4rt, dass der Veda viel mehr ist, als nur B\u00fccher aus alter Zeit. Es ist das Wissen \u00fcber die organisierende Kraft, die der gesamten Sch\u00f6pfung zugrunde liegt und diese verwaltet. Der Veda enth\u00e4lt das Wissen dar\u00fcber, wie das menschliche Leben gef\u00fchrt werden sollte, um seinen h\u00f6chsten und erf\u00fclltesten Zustand zu erreichen \u2013 den Zustand der Erleuchtung.<\/div>\n<div class=\"faqstyle\"><em>WAS IST YOGISCHES FLIEGEN?<\/em><br \/>\nYogisches Fliegen ist Teil des Fortgeschrittenen TM-Sidhi Programms. F\u00fcr den Einzelnen integriert das Yogische Fliegen die stille Koh\u00e4renz im Gehirn, die w\u00e4hrend tiefer Meditation auftritt, mit dynamischer Aktivit\u00e4t, was dabei hilft, h\u00f6here Bewusstseinszust\u00e4nde zu verwirklichen. Bez\u00fcglich der Gesellschaft hat sich gezeigt, dass eine Gruppe Yogischer Flieger, die ihr Meditationsprogramm gemeinsam an einem Ort praktizieret, Koh\u00e4renz und Harmonie auf die umgebende Bev\u00f6lkerung ausstrahlt. Dieser letztgenannte Effekt bildet die Grundlage der Globalen Friedensinitiative.<\/div>\n<div class=\"faqstyle\"><em>WELCHE AKTIVIT\u00c4TEN F\u00dcHREN DIE MAHARISHI VEDISCHEN PANDITS AUS?<\/em><br \/>\nIhr von Maharishi aufgestelltes t\u00e4gliches Programm beinhaltet fr\u00fches Aufstehen, Meditation und Yogisches Fliegen in der Gruppe, die Durchf\u00fchrung von Maharishi Vedischen Yagyas, gemeinsame Mahlzeiten und etwas Freizeit. <\/div>\n<div class=\"faqstyle\"><em>WARUM DER BRAHMASTHAN VON INDIEN?<\/em><br \/>\nBrahmasthan bezieht sich auf den zentralen Punkt eines Hauses oder eines Gebiets, z.B. einer Stadt oder eines Landes. Maharishi hat darauf hingewiesen, dass sich eine Gruppe Yogischer Flieger am Brahmasthan eines Landes aufhalten sollte, um den gr\u00f6\u00dftm\u00f6glichen Effekt f\u00fcr den Frieden zu erzeugen. Aus diesem Grund wurde der Hauptcampus der Maharishi Vedischen Pandits am Brahmasthan von Indien errichtet, in der N\u00e4he von Jabalpur in Madhya Pradesh.<\/div>\n<div class=\"faqstyle\"><em>WAS WIRD GESCHEHEN, WENN DAS ZIEL VON 9.000 PANDITS ERREICHT IST?<\/em><br \/>\nWir werden feiern. Ein neues friedvolleres Zeitalter wird f\u00fcr die Welt angebrochen sein. Da es nat\u00fcrlich st\u00e4ndig mehr Verbesserungspotential gibt, werden der Brahmananda Saraswati Trust und die Brahmananda Saraswati Foundation die Anzahl der Pandits am Brahmasthan von Indien, weiter erh\u00f6hen, so dass ein noch gr\u00f6\u00dferer Einfluss von Frieden und Koh\u00e4renz in der ganzen Welt erzeugt wird.<\/div>\n<div class=\"faqstyle\"><em>WIE KANN ICH \u00dcBER DEN FORTSCHRITT DER PANDITGRUPPE INFORMIERT BLEIBEN?<\/em><br \/>\nAm besten schreiben Sie sich einfach f\u00fcr den kostenlosen Rundbrief ein. Dr. Harris Kaplan, Hauptgesch\u00e4ftsf\u00fchrer von Brahmananda Saraswati Foundation\/Trust, versendet regelm\u00e4\u00dfig an alle Angemeldeten seinen einseitigen Rundbrief per E-Mail. Wenn Sie auf dieser Seite als Spender registriert sind, dann erhalten Sie die Rundbriefe automatisch.<br \/>\nSie k\u00f6nnen auch Ihren nationalen Botschafter der Globalen Friedensinitiative kontaktieren und ihn darum bitten, Sie \u00fcber alle Akivit\u00e4ten in Ihrem Land zu informieren.<\/div>\n<div class=\"faqstyle\"><em>KANN ICH EINEN EINZELNEN MAHARISHI VEDISCHEN PANDIT UNTERST\u00dcTZEN?<\/em><br \/>\nWir ermutigen jeden, die Pandits auf monatlicher Basis zu unterst\u00fctzen. Sie k\u00f6nnen ausw\u00e4hlen, ob Sie die volle Unterst\u00fctzung f\u00fcr einen Pandit \u00fcbernehmen m\u00f6chten oder einen Teilbetrag davon. Die volle Unterst\u00fctzung f\u00fcr einen Maharishi Vedischen Pandit betr\u00e4gt $250 pro Monat. Das beinhaltet Zimmer und Verpflegung, Gehalt, Verwaltungskosten, Zubeh\u00f6r f\u00fcr Yagyas und Nebenkosten. Es ist aber nicht geplant, dass zwischen einem Spender und einem Pandit eine direkte Beziehung hergestellt wird, damit die Aufmerksamkeit der Pandits nicht von ihren t\u00e4glichen Verpflichtungen abgelenkt wird.<\/div>\n<p>&nbsp;<\/p>\n<h5>BEZ\u00dcGLICH SPENDEN UND FINANZEN<\/h5>\n<div class=\"faqstyle\"><em>WIE UNTERSCHEIDET SICH EINE SPENDE F\u00dcR EIN MAHARISHI NATIONALES YAGYA VON EINER SPENDE F\u00dcR DIE MAHARISHI VEDISCHEN PANDITS?<\/em><br \/>\nAlle Spenden zur Unterst\u00fctzung der Maharishi Vedischen Pandits werden automatisch dem Nationalen Yagya Programm zugef\u00fchrt.<\/div>\n<div class=\"faqstyle\"><em>IST MEINE SPENDE VON DER STEUER ABSETZBAR?<\/em><br \/>\nF\u00fcr EU-Spender: Stichting Brahmananda Saraswati Trust (Niederlande) hat den Status eines ANBI (einer gemeinn\u00fctzigen Einrichtung). Daher k\u00f6nnen die Spenden an den Trust f\u00fcr holl\u00e4ndische B\u00fcrger und jetzt auch f\u00fcr B\u00fcrger anderer EU-L\u00e4nder von der Steuer abgesetzt werden. Allerdings ist es nicht in allen EU-L\u00e4ndern m\u00f6glich, Spenden an ausl\u00e4ndische Einrichtungen steuerlich abzusetzen. Bez\u00fcglich der EU-L\u00e4nder fragen Sie bitte Ihren nationalen Botschafter der Globalen Friedensinitiative.<br \/>\nF\u00fcr US-Spender: Brahmananda Saraswati Foundation (US) ist eine 501 (c) (3) Organisation und die Spenden an diese sind f\u00fcr US-Steuerzahler absetzbar.<\/p>\n<p>F\u00fcr andere L\u00e4nder: einige nationale Wohlt\u00e4tigkeitsorganisationen bieten f\u00fcr die Spenden an die Maharishi Vedischen Pandits die Steuerabsatzf\u00e4higkeit an. Das schlie\u00dft solche in Gro\u00dfbritannien, Kanada und Neuseeland mit ein. Kontaktieren Sie bitte die jeweiligen nationalen Botschafter, um herauszufinden, wie man \u00fcber die nationale Organisation spendet. Selbst wenn Ihr Land oben nicht bei denjenigen aufgef\u00fchrt ist, die Steuerverg\u00fcnstigungen anbieten, k\u00f6nnen Sie dennoch die Maharishi Vedischen Pandits von jedem Land der Welt aus unterst\u00fctzen, indem Sie an den Brahmananda Saraswati Trust oder die Brahmananda Saraswati Foundation online spenden.<\/p><\/div>\n<div class=\"faqstyle\"><em>WARUM IST ES SO WICHTIG, AUF REGELM\u00c4SSIGER MONATLICHER BASIS ZU SPENDEN?<\/em><br \/>\nEinmalige Spenden sind herzlich willkommen und immer hilfreich. Da die Maharishi Vedischen Pandits jedoch f\u00fcr eine berufliche Laufbahn auf dem  Campus am Brahmasthan angestellt sind, m\u00f6chten wir, dass, wenn wir sie einmal angenommen haben, sie darauf vertrauen k\u00f6nnen, eine dauerhaft zuverl\u00e4ssige Unterst\u00fctzung zu erhalten. Deshalb ermutigen wir unsere Spender, regelm\u00e4\u00dfig monatlich zu spenden, um eine stabile Spendenbasis zu schaffen, mit der wir eine dauerhafte Gruppe von 9000 erreichen k\u00f6nnen.<\/div>\n<div class=\"faqstyle\"><em>WIEVIEL PROZENT MEINER SPENDE UNTERST\u00dcTZEN DIE PANDITS?<\/em><br \/>\n\u00dcber 90% der regelm\u00e4\u00dfigen Spenden gehen nach Indien, um die Maharishi Vedischen Pandits zu unterst\u00fctzen. Weniger als 10% werden gebraucht um Kreditkarten, Bank\u00fcberweisungen und Verwaltungskosten abzudecken. Weniger als 10% Verwaltungskosten wird von Spendenorganisationen als ein niedriger Prozentsatz angesehen.<\/div>\n<div class=\"faqstyle\"><em>WIE VIELE L\u00c4NDER SPENDEN F\u00dcR DIE MAHARISHI VEDISCHEN PANDITS?<\/em><br \/>\nSpender aus \u00fcber 100 L\u00e4ndern unterst\u00fctzen die Maharishi Vedischen Pandits.<\/div>\n<div class=\"faqstyle\"><em>WIE WIRD DER STIFTUNGSFONDS VERWALTET?<\/em><br \/>\nSpenden an den Stiftungsfonds werden nicht nach Indien transferiert, sondern investiert. Nur die Ertr\u00e4ge aus diesen Investitionen werden f\u00fcr die Unterst\u00fctzung der Pandits verwendet, so dass der Stiftungsfonds nie ersch\u00f6pft ist. Der BSF- und BST-Investitionsausschuss wird von einer Gruppe erfahrener Verwalter aus verschiedenen Unternehmen und Finanzinstituten geleitet. <a href=\"https:\/\/donation.vedicpandits.org\/de\/about-us\/#investment_committee_de\" rel=\"noopener\" target=\"_blank\">Klicken Sie hier<\/a>, um zur \u00dcbersicht des Investitionsausschusses zu gelangen.<\/div>\n<p><a id=\"bequests\" name=\"bequests\"><\/a><\/p>\n<div class=\"faqstyle\"><em>KANN ICH DIE MAHARISHI VEDISCHEN PANDITS IN MEINEM TESTAMENT BEDENKEN?<\/em><br \/>\nIn Ihrem Testament die Brahmananda Saraswati Foundation (BSF) zu bedenken, gibt Ihnen die M\u00f6glichkeit, das gemeinn\u00fctzige Programm der Maharishi Vedischen Pandits zu unterst\u00fctzen, wenn Sie Ihren Besitz selbst nicht mehr nutzen k\u00f6nnen. Gleichzeitig erlaubt Ihnen das Testament, solange Sie leben, die vollst\u00e4ndige Kontrolle \u00fcber Ihr Verm\u00f6gen zu behalten, denn die Bestimmungen in Ihrem Testament sind vertraulich und k\u00f6nnen jederzeit von Ihnen ver\u00e4ndert werden, falls Sie dies w\u00fcnschen.<\/p>\n<p>Indem Sie den BSF in Ihrem Testament bedenken, k\u00f6nnen Sie jenen Teil Ihres Verm\u00f6gens, den Sie nach Ihrem Leben nicht mehr ben\u00f6tigen, weise verteilen und so auch die Maharishi Vedischen Pandits f\u00f6rdern. Ein Nutzen, der von doppelter Natur ist, denn Sie tun gleichzeitig etwas Gutes f\u00fcr sich selbst. Zuwendungen, die einem so guten Zweck dienen, sind \u00e4u\u00dferst gl\u00fcckbringend.\n<\/p><\/div>\n<div class=\"faqstyle\"><em>WAS MUSS ICH BEACHTEN, UM DIE MAHARISHI VEDISCHEN PANDITS IM TESTAMENT ZU BEDENKEN?<\/em><\/p>\n<p>Nur Spenden an die Brahmananda Saraswati Foundation USA, die gem\u00e4\u00df 501(c)(3) in den Vereinigten Staaten als gemeinn\u00fctzige Organisation anerkannt ist, k\u00f6nnen dem Spendenfonds zugef\u00fchrt werden.<\/p>\n<\/div>\n<div class=\"faqstyle\"><em>WIE MUSS ICH DEN BEG\u00dcNSTIGTEN IN MEINEM TESTAMENT GENAU BEZEICHNEN?<\/em><\/p>\n<p>Bitte beachten Sie, dass der Beg\u00fcnstigte in einem Testament genau bezeichnet werden muss. Die Bezeichnung \u201eVedische Pandits\u201c allein ist nicht ausreichend. Sie m\u00fcssen in Ihrem Testament \u201cBrahmananda Saraswati Foundation\u201d mit vollst\u00e4ndigem Namen und Anschrift angeben.<\/p>\n<p>Wir k\u00f6nnen Spendern und deren juristischen oder steuerlichen Beratern bei der Erstellung des Testaments zwar generell behilflich sein, aber um sicher zu gehen, dass das Testament Ihre spezielle pers\u00f6nliche Situation ber\u00fccksichtigt und allen rechtlichen und steuerlichen Anforderungen des jeweiligen Landes entspricht, sollten Sie sich an einen Berater Ihrer Wahl wenden (Rechtsanwalt, Notar oder Steuerberater).<\/p>\n<p>Die untenstehenden Beispiele k\u00f6nnen Ihrem rechtlichen Berater beim Entwurf eines Testaments helfen. Die Formulierung ist einfach. Sie k\u00f6nnen den Vedischen Pandits entweder eine feste Summe vermachen, einen bestimmten Prozentsatz Ihres Verm\u00f6gens oder einen bestimmten Prozentsatz Ihres Restverm\u00f6gens nachdem vorrangige Erben ausbezahlt sind.<\/p>\n<p>Entweder Sie entscheiden sich f\u00fcr eine der drei folgenden Beispielformulierungen oder Sie w\u00e4hlen die Formulierung Ihres juristischen Beraters. Sie k\u00f6nnen auch Armin Ratke kontaktieren &#8211; armin@maharishi.net.\n<\/p><\/div>\n<div class=\"accordion\"><div class=\"accordion-entry\"><em><a href=\"#\">&gt;Beispielformulierungen<\/a><\/em><div class=\"hidden-content\">\n<p>&nbsp;<\/p>\n<h4>BEISPIELFORMULIERUNGEN ZUGUNSTEN DES BSF(USA)<\/h4>\n<p>Spezielles Verm\u00e4chtnis:<\/p>\n<p>\u201eIch vermache der Brahmananda Saraswati Foundation, mit Sitz in Fairfield, Iowa, USA, eine Summe von \u20ac_______ zur allgemeinen Unterst\u00fctzung (oder zur Verwendung an einem bestimmten Ort oder f\u00fcr ein spezielles Programm).\u201d<\/p>\n<p>oder<\/p>\n<p>Zuwendung eines bestimmten Prozentsatzes des Verm\u00f6gens:<\/p>\n<p>\u201eIch vermache _____% meines Verm\u00f6gens der Brahmananda Saraswati Foundation, mit Sitz in Fairfield, Iowa, USA.\u201d <\/p>\n<p>oder<\/p>\n<p>Restverm\u00e4chtnis: Sie k\u00f6nnen zugunsten des BST oder BSF ein Restverm\u00e4chtnis anordnen, sodass der BST oder BSF das noch \u00fcbrige Verm\u00f6gen erh\u00e4lt, nachdem alle vorrangigen Erben bedacht und alle Ausgaben im Zusammenhang mit dem Erbfall bezahlt sind.<\/p>\n<p>\u201eIch vermache der Brahmananda Saraswati Foundation, mit Sitz in Fairfield, Iowa, USA, das gesamte Restverm\u00f6gen (oder einen bestimmten Prozentsatz) meines unbeweglichen und beweglichen Besitzes zur allgemeinen Unterst\u00fctzung (oder zur Verwendung an einem bestimmten Ort oder f\u00fcr ein spezielles Programm).\u201d<\/p>\n<p>Brahmananda Saraswati Foundation<br \/>\n1100 N. 4th Street, Suite 124<br \/>\nFairfield, Iowa<br \/>\nUSA 52556<br \/>\nTel.: 1-641-209-5022\u200b<br \/>\nSteuer-Nr.: 26-2986750<\/p>\n<p>Sie k\u00f6nnen auch Jeannie Rose kontaktieren &#8211; jeannie@bsf-international.org.<\/p>\n<a href=\"#\" class=\"close\">Close Section<\/a><\/div><\/div>\n<\/div>\n","protected":false},"excerpt":{"rendered":"<p>BEZ\u00dcGLICH DER MAHARISHI VEDISCHEN PANDITS WARUM BESTEHT DIESE GRUPPE AUSSCHLIESSLICH AUS MAHARISHI VEDISCHEN PANDITS? Wissenschaftliche Untersuchungen haben gezeigt, dass Gruppen von Personen aus allen Gesellschaftsschichten, die gemeinsam Yogisches Fliegen praktizieren, einen starken Einfluss von Frieden schaffen k\u00f6nnen. Das Bewahren von Harmonie in der Gesellschaft ist allerdings traditionell die Aufgabe der Maharishi Vedischen Pandits. Dies tun [&hellip;]<\/p>\n","protected":false},"author":3,"featured_media":165,"parent":1114,"menu_order":0,"comment_status":"open","ping_status":"closed","template":"","meta":{"om_disable_all_campaigns":false,"_monsterinsights_skip_tracking":false,"_monsterinsights_sitenote_active":false,"_monsterinsights_sitenote_note":"","_monsterinsights_sitenote_category":0,"footnotes":""},"class_list":["post-1195","page","type-page","status-publish","has-post-thumbnail","hentry"],"_links":{"self":[{"href":"https:\/\/donation.vedicpandits.org\/de\/wp-json\/wp\/v2\/pages\/1195","targetHints":{"allow":["GET"]}}],"collection":[{"href":"https:\/\/donation.vedicpandits.org\/de\/wp-json\/wp\/v2\/pages"}],"about":[{"href":"https:\/\/donation.vedicpandits.org\/de\/wp-json\/wp\/v2\/types\/page"}],"author":[{"embeddable":true,"href":"https:\/\/donation.vedicpandits.org\/de\/wp-json\/wp\/v2\/users\/3"}],"replies":[{"embeddable":true,"href":"https:\/\/donation.vedicpandits.org\/de\/wp-json\/wp\/v2\/comments?post=1195"}],"version-history":[{"count":45,"href":"https:\/\/donation.vedicpandits.org\/de\/wp-json\/wp\/v2\/pages\/1195\/revisions"}],"predecessor-version":[{"id":75511,"href":"https:\/\/donation.vedicpandits.org\/de\/wp-json\/wp\/v2\/pages\/1195\/revisions\/75511"}],"up":[{"embeddable":true,"href":"https:\/\/donation.vedicpandits.org\/de\/wp-json\/wp\/v2\/pages\/1114"}],"wp:featuredmedia":[{"embeddable":true,"href":"https:\/\/donation.vedicpandits.org\/de\/wp-json\/wp\/v2\/media\/165"}],"wp:attachment":[{"href":"https:\/\/donation.vedicpandits.org\/de\/wp-json\/wp\/v2\/media?parent=1195"}],"curies":[{"name":"wp","href":"https:\/\/api.w.org\/{rel}","templated":true}]}}