{"id":1204,"date":"2014-10-08T07:09:52","date_gmt":"2014-10-08T07:09:52","guid":{"rendered":"https:\/\/vedicpandits.org\/?page_id=1204"},"modified":"2018-02-21T14:23:57","modified_gmt":"2018-02-21T14:23:57","slug":"progress","status":"publish","type":"page","link":"https:\/\/donation.vedicpandits.org\/de\/peace-creating-group\/progress\/","title":{"rendered":"Fortschritt"},"content":{"rendered":"<h4>MEILENSTEINE AUF DEM WEG ZUM ZIEL<\/h4>\n<ul>\n<li style=\"list-style-type: none\">\n<ul>\n<li>F\u00fcr den Campus von 9000 Maharishi Vedischen Pandits wurden in der N\u00e4he von Jabalpur, in Madhya Pradesh, Indien 1700 Morgen (688 ha) Land erworben (das Bild oben wurde 2013 aufgenommen.)<\/li>\n<li>Die Unterbringungen f\u00fcr 2500 Maharishi Vedische Pandits wurden bereits fertiggestellt, einschlie\u00dflich Infrastruktur, Verwaltungsgeb\u00e4ude, Speises\u00e4le und Hallen zur Durchf\u00fchrung von Yagyas, sowie einer Molkerei. Alles ist nach den Richtlinien des Sthapatya Veda gebaut, der Vedischen Wissenschaft der Architektur.<\/li>\n<li>Etwa 2000 vollst\u00e4ndig ausgebildete Maharishi Vedische Pandits wohnen bereits auf dem Campus\u00a0und gehen ihrem t\u00e4glichen Programm nach, um Frieden herbeizuf\u00fchren.<\/li>\n<li>Der Bau von Unterk\u00fcnften f\u00fcr weitere 5000 Pandits hat bereits begonnen, erfordert aber f\u00fcr die Fertigstellung noch zus\u00e4tzliche Finanzmittel.<\/li>\n<li>Das Guru Ji Programm zur Ausbildung junger Pandit-Sch\u00fcler in den regionalen D\u00f6rfern wurde vor mehr als zehn Jahren ins Leben gerufen und wird weiter fortgesetzt.<\/li>\n<li>Die Ausbildung \u00e4lterer Sch\u00fcler findet in 46 Ausbildungszentren in ganz Indien statt. Zurzeit sind etwa 3000 Sch\u00fcler in den Internatsschulen angemeldet.<\/li>\n<li>Zwei Fundraising-Organisationen sind zur Unterst\u00fctzung der Globalen Friedensinitiative gegr\u00fcndet worden. Die Brahmananda Saraswati Foundation in den USA und der Brahmananda Saraswati Trust in Holland sind beide in den entsprechenden L\u00e4ndern eingetragene Stiftungen.<\/li>\n<li>Ein Netzwerk von ehrenamtlichen Koordinatoren (<a href=\"https:\/\/donation.vedicpandits.org\/de\/contact-2\/\">\u2018Botschafter\u2019<\/a>) unterst\u00fctzt die Initiative auf nationaler Ebene in bereits mehr als 90 L\u00e4ndern.<\/li>\n<li>In nur wenigen Jahren hat sich das Programm zur F\u00f6rderung regelm\u00e4\u00dfiger monatlicher Spenden so entwickelt, dass pro Monat ca.\u00a0$430.000 zur Finanzierung der Pandits zur Verf\u00fcgung stehen.<\/li>\n<li>Au\u00dferdem sammeln viele nationale Organisationen innerhalb der weltweiten Bewegung der Transzendentalen Meditation Spenden zur Unterst\u00fctzung der Maharishi Vedischen Pandits.<\/li>\n<\/ul>\n<\/li>\n<\/ul>\n<p><!--\n \t\n\n<li>In Amerika gibt es in Maharishi Vedic City eine Gruppe von Maharishi Vedischen Pandits, die von US-Spendern finanziert wird.<\/li>\n\n\n--><\/p>\n","protected":false},"excerpt":{"rendered":"<p>MEILENSTEINE AUF DEM WEG ZUM ZIEL F\u00fcr den Campus von 9000 Maharishi Vedischen Pandits wurden in der N\u00e4he von Jabalpur, in Madhya Pradesh, Indien 1700 Morgen (688 ha) Land erworben (das Bild oben wurde 2013 aufgenommen.) Die Unterbringungen f\u00fcr 2500 Maharishi Vedische Pandits wurden bereits fertiggestellt, einschlie\u00dflich Infrastruktur, Verwaltungsgeb\u00e4ude, Speises\u00e4le und Hallen zur Durchf\u00fchrung von [&hellip;]<\/p>\n","protected":false},"author":3,"featured_media":189,"parent":1099,"menu_order":6,"comment_status":"open","ping_status":"closed","template":"","meta":{"om_disable_all_campaigns":false,"_monsterinsights_skip_tracking":false,"_monsterinsights_sitenote_active":false,"_monsterinsights_sitenote_note":"","_monsterinsights_sitenote_category":0,"footnotes":""},"class_list":["post-1204","page","type-page","status-publish","has-post-thumbnail","hentry"],"_links":{"self":[{"href":"https:\/\/donation.vedicpandits.org\/de\/wp-json\/wp\/v2\/pages\/1204","targetHints":{"allow":["GET"]}}],"collection":[{"href":"https:\/\/donation.vedicpandits.org\/de\/wp-json\/wp\/v2\/pages"}],"about":[{"href":"https:\/\/donation.vedicpandits.org\/de\/wp-json\/wp\/v2\/types\/page"}],"author":[{"embeddable":true,"href":"https:\/\/donation.vedicpandits.org\/de\/wp-json\/wp\/v2\/users\/3"}],"replies":[{"embeddable":true,"href":"https:\/\/donation.vedicpandits.org\/de\/wp-json\/wp\/v2\/comments?post=1204"}],"version-history":[{"count":13,"href":"https:\/\/donation.vedicpandits.org\/de\/wp-json\/wp\/v2\/pages\/1204\/revisions"}],"predecessor-version":[{"id":13171,"href":"https:\/\/donation.vedicpandits.org\/de\/wp-json\/wp\/v2\/pages\/1204\/revisions\/13171"}],"up":[{"embeddable":true,"href":"https:\/\/donation.vedicpandits.org\/de\/wp-json\/wp\/v2\/pages\/1099"}],"wp:featuredmedia":[{"embeddable":true,"href":"https:\/\/donation.vedicpandits.org\/de\/wp-json\/wp\/v2\/media\/189"}],"wp:attachment":[{"href":"https:\/\/donation.vedicpandits.org\/de\/wp-json\/wp\/v2\/media?parent=1204"}],"curies":[{"name":"wp","href":"https:\/\/api.w.org\/{rel}","templated":true}]}}