{"id":1212,"date":"2014-10-10T12:56:25","date_gmt":"2014-10-10T12:56:25","guid":{"rendered":"https:\/\/vedicpandits.org\/?page_id=1212"},"modified":"2022-08-22T03:16:22","modified_gmt":"2022-08-22T03:16:22","slug":"national-yagya","status":"publish","type":"page","link":"https:\/\/donation.vedicpandits.org\/de\/yagya\/national-yagya\/","title":{"rendered":"Nationale  Yagyas"},"content":{"rendered":"<h4>WAS SIND NATIONALE YAGYAS?<\/h4>\n<p>Nationale Yagyas sind eine besondere Technologie, durch die das Gl\u00fcck einer ganzen Nation vermehrt und nationalen Problemen vorgebeugt werden kann. Diese Yagyas werden von einer gro\u00dfen Gruppe Maharishi Vedischer Pandits am Brahmasthan (dem geographischen Mittelpunkt) von Indien durchgef\u00fchrt.<\/p>\n<div class=\"border-line\">&nbsp;<\/div>\n<div class=\"grid-holder\">\n<div class=\"grid grid-desktop-50 grid-mobile-100\"><div class=\"holder\"><p><img loading=\"lazy\" decoding=\"async\" class=\"alignleft size-full wp-image-277\" src=\"\/wp-content\/uploads\/2014\/04\/IMG_4957_reverse_web1.jpg\" alt=\"IMG_4957_reverse_web1\" width=\"432\" height=\"288\" srcset=\"https:\/\/donation.vedicpandits.org\/wp-content\/uploads\/2014\/04\/IMG_4957_reverse_web1.jpg 432w, https:\/\/donation.vedicpandits.org\/wp-content\/uploads\/2014\/04\/IMG_4957_reverse_web1-300x200.jpg 300w, https:\/\/donation.vedicpandits.org\/wp-content\/uploads\/2014\/04\/IMG_4957_reverse_web1-430x288.jpg 430w\" sizes=\"auto, (max-width: 432px) 100vw, 432px\" \/><\/p>\n<\/div><\/div>\n<div class=\"grid grid-desktop-50 grid-mobile-100\"><div class=\"holder\"><h4>WIE WERDEN SIE DURCHGEF\u00dcHRT?<\/h4>\n<p>Nationale Yagyas werden \u00fcber mehrer Tage oder Wochen hinweg durchgef\u00fchrt, abh\u00e4ngig von der Gr\u00f6\u00dfe des Yagyas und der vom Land gew\u00e4hlten Absicht\u00a0(Sankalpa genannt). Solche speziellen Absichten\u00a0sind zum Beispiel verbesserter wirtschaftlicher Fortschritt, verbesserte Gesundheit, nationale Harmonie, Abnahme oder Abwendung von Problemen wie Naturkatastrophen, Gewalt oder notleidender Wirtschaft.<\/p>\n\t<a href=\"https:\/\/donation.vedicpandits.org\/de\/yagya\/national-yagya\/?image_video=https%3A%2F%2Fwww.youtube.com%2Fwatch%3Fv%3D1sXsta5ZzFI%3Frel%3D0\" class=\"video-link no-pointer\"><em>&gt; H\u00f6ren Sie ein Beispiel von Pandits, die am Brahmasthan von Indien ein Yagya f\u00fcr Schutz durchf\u00fchren.<\/em><\/a>\n\n\t\n<\/div><\/div>\n<\/div>\n<div class=\"border-line\">&nbsp;<\/div>\n<a id=\"scienceofyagya\" name=\"scienceofyagya\"><\/a><\/p>\n<h4>DIE WISSENSCHAFTLICHE GRUNDLAGE VON YAGYAS<\/h4>\n<p>John Hagelin, Ph.D., weltbekannter Quantenphysiker, Erzieher, Politik-Experte und f\u00fchrender Vertreter des Friedens, erkl\u00e4rt die wissenschaftlichen Grundlagen zur Durchf\u00fchrung von Yagyas.<\/p>\n<div class=\"grid-holder\">\n<div class=\"grid grid-desktop-50 grid-mobile-100\"><div class=\"holder\"><p span style=\"margin-left: 15px;\">\t<a href=\"https:\/\/donation.vedicpandits.org\/de\/yagya\/national-yagya\/?image_video=https%3A%2F%2Fplayer.vimeo.com%2Fvideo%2F741728911%3Fh%3D52eb6fd575\" class=\"video-link \"><img loading=\"lazy\" decoding=\"async\" class=\"alignnone size-full wp-image-285\" src=\"https:\/\/donation.vedicpandits.org\/wp-content\/uploads\/2020\/02\/hagelin_5_videoimage.png\" alt=\"yagya_hagelin_1web1\" width=\"362\" height=\"242\" \/><\/a>\n\n\t\n\t<a href=\"https:\/\/donation.vedicpandits.org\/de\/yagya\/national-yagya\/?image_video=https%3A%2F%2Fplayer.vimeo.com%2Fvideo%2F741728911%3Fh%3D52eb6fd575\" class=\"video-link no-pointer\"><em>&gt; Video 1: Was ist ein Maharishi Yagya?<\/em><\/a>\n\n\t\n<\/div><\/div>\n<div class=\"grid grid-desktop-50 grid-mobile-100\"><div class=\"holder\">\t<a href=\"https:\/\/donation.vedicpandits.org\/de\/yagya\/national-yagya\/?image_video=https%3A%2F%2Fplayer.vimeo.com%2Fvideo%2F741732597%3Fh%3D9ef9765ce6\" class=\"video-link \"><img loading=\"lazy\" decoding=\"async\" class=\"alignnone size-full wp-image-285\" src=\"https:\/\/donation.vedicpandits.org\/wp-content\/uploads\/2020\/02\/hagelin_yagya_charlie2.png\" alt=\"yagya_hagelin_2web2\" width=\"432\" height=\"242\" \/><\/a>\n\n\t\n\t<a href=\"https:\/\/donation.vedicpandits.org\/de\/yagya\/national-yagya\/?image_video=https%3A%2F%2Fplayer.vimeo.com%2Fvideo%2F741732597%3Fh%3D9ef9765ce6\" class=\"video-link no-pointer\"><em>&gt; Video 2: Die wissenschaftliche Grundlage von Yagya.<\/em><\/a>\n\n\t\n<\/div><\/div>\n<\/div>\n<div class=\"border-line\">&nbsp;<\/div>\n<h4 style=\"text-align: center;\">VIER GR\u00dcNDE UM MAHARISHI VEDISCHE PANDITS UND NATIONALE YAGYAS ZU F\u00d6RDERN<\/h4>\n<h4 style=\"text-align: center;\">1. UNTERST\u00dcTZEN SIE IHR LAND<\/h4>\n<p style=\"text-align: center;\">Nationale Yagyas f\u00f6rdern wirkungsvoll Frieden, Erfolg, Wohlstand und nationale Koh\u00e4renz,<br \/>\nund werden gezielt f\u00fcr das Wohl Ihres Landes durchgef\u00fchrt.<\/p>\n<h4 style=\"text-align: center;\">2. SCH\u00dcTZEN SIE IHRE WELT, IHR UMFELD<\/h4>\n<p style=\"text-align: center;\">Der Gesamteffekt vieler Nationaler Yagyas \u00fcbt\u00a0einen kraftvollen und positiven Einfluss auf die Welt aus.<br \/>\nZus\u00e4tzlich tr\u00e4gt\u00a0Ihre Spende dazu bei, die Gr\u00f6\u00dfe der Pandit-Gruppe am Brahmasthan von\u00a0Indien\u00a0auf 9000 zu\u00a0erh\u00f6hen<br \/>\n&#8211; die entscheidende Anzahl, die erforderlich ist, um den Weltfrieden zu sichern.<\/p>\n<h4 style=\"text-align: center;\">3. SCH\u00dcTZEN SIE SICH SELBST UND IHRE FAMILIE<\/h4>\n<p style=\"text-align: center;\">Ihre Nation profitiert von Ihrer Unterst\u00fczung und dieser Nutzen kommt Ihnen als B\u00fcrger wieder zugute.<br \/>\nWir alle kennen das Sprichwort: \u201cWie du s\u00e4st, so wirst du ernten\u201d.<br \/>\nIn der Vedischen Tradition hei\u00dft es, wer ein Yagya unterst\u00fctzt, hat selbst den gr\u00f6\u00dften Gewinn.<\/p>\n<h4 style=\"text-align: center;\">4. BEWAHREN SIE DAS VEDISCHE ERBE<\/h4>\n<p style=\"text-align: center;\">Maharishi hat die Wiederbelebung der Vedischen Tradition stets sehr betont,<br \/>\nda sie uns das Wissen und die Techniken bereitstellt, um\u00a0unser volles Potenzial zu verwirklichen &#8211; individuell und kollektiv.<br \/>\nAlle Spenden f\u00fcr ein Nationales Yagya unterst\u00fctzen gleichzeitig die Pandits<br \/>\nund gew\u00e4hrleisten, dass dieses Wissen auch den kommenden Generationen noch zur Verf\u00fcgung steht.<\/p>\n<div class=\"border-line\">&nbsp;<\/div>\n\t<p style=\"text-align: center\">\n\t\t<a href=\"https:\/\/aro.vedicpandits.org\/de\/donate\"   class=\"btn btn-large \" > > \n\t\t\tTRAGEN SIE ZU EINEM NATIONALEN YAGYA BEI\t\t<\/a>\n\t<\/p>\n\n\t\n<div class=\"border-line\">&nbsp;<\/div>\n<h4>WERDEN SIE IN EINEM YAGYA NAMENTLICH GENANNT<\/h4>\n<p>Sie haben\u00a0die M\u00f6glichkeit, als einzelner Spender\u00a0den gesamten Betrag\u00a0f\u00fcr ein Nationales Yagya zu \u00fcbernehmen (ab $ 1.250 US). In diesem Fall k\u00f6nnen Sie das Sankalpa (die\u00a0Absicht des Yagyas) ausw\u00e4hlen und Ihr Name wird an jedem Tag der Vedischen Zeremonie genannt. Sie k\u00f6nnen aber auch Ihr Unternehmen, eine Gruppe oder eine andere Person bestimmen, die genannt werden soll.<\/p>\n<p>F\u00fcr ein Nationales Yagya zu spenden erzielt nicht nur vielf\u00e4ltige positive Wirkungen f\u00fcr Ihre Nation, auch Sie als individueller Spender werden davon profitieren. <a href=\"https:\/\/donation.vedicpandits.org\/de\/testimonials\/\">Lesen Sie Erfahrungsberichte \u00fcber die Wirkung von Nationalen Yagyas.<\/a><\/p>\n","protected":false},"excerpt":{"rendered":"<p>WAS SIND NATIONALE YAGYAS? Nationale Yagyas sind eine besondere Technologie, durch die das Gl\u00fcck einer ganzen Nation vermehrt und nationalen Problemen vorgebeugt werden kann. Diese Yagyas werden von einer gro\u00dfen Gruppe Maharishi Vedischer Pandits am Brahmasthan (dem geographischen Mittelpunkt) von Indien durchgef\u00fchrt. DIE WISSENSCHAFTLICHE GRUNDLAGE VON YAGYAS John Hagelin, Ph.D., weltbekannter Quantenphysiker, Erzieher, Politik-Experte und [&hellip;]<\/p>\n","protected":false},"author":3,"featured_media":3257,"parent":1106,"menu_order":0,"comment_status":"open","ping_status":"closed","template":"","meta":{"om_disable_all_campaigns":false,"_monsterinsights_skip_tracking":false,"_monsterinsights_sitenote_active":false,"_monsterinsights_sitenote_note":"","_monsterinsights_sitenote_category":0,"footnotes":""},"class_list":["post-1212","page","type-page","status-publish","has-post-thumbnail","hentry"],"_links":{"self":[{"href":"https:\/\/donation.vedicpandits.org\/de\/wp-json\/wp\/v2\/pages\/1212","targetHints":{"allow":["GET"]}}],"collection":[{"href":"https:\/\/donation.vedicpandits.org\/de\/wp-json\/wp\/v2\/pages"}],"about":[{"href":"https:\/\/donation.vedicpandits.org\/de\/wp-json\/wp\/v2\/types\/page"}],"author":[{"embeddable":true,"href":"https:\/\/donation.vedicpandits.org\/de\/wp-json\/wp\/v2\/users\/3"}],"replies":[{"embeddable":true,"href":"https:\/\/donation.vedicpandits.org\/de\/wp-json\/wp\/v2\/comments?post=1212"}],"version-history":[{"count":58,"href":"https:\/\/donation.vedicpandits.org\/de\/wp-json\/wp\/v2\/pages\/1212\/revisions"}],"predecessor-version":[{"id":69239,"href":"https:\/\/donation.vedicpandits.org\/de\/wp-json\/wp\/v2\/pages\/1212\/revisions\/69239"}],"up":[{"embeddable":true,"href":"https:\/\/donation.vedicpandits.org\/de\/wp-json\/wp\/v2\/pages\/1106"}],"wp:featuredmedia":[{"embeddable":true,"href":"https:\/\/donation.vedicpandits.org\/de\/wp-json\/wp\/v2\/media\/3257"}],"wp:attachment":[{"href":"https:\/\/donation.vedicpandits.org\/de\/wp-json\/wp\/v2\/media?parent=1212"}],"curies":[{"name":"wp","href":"https:\/\/api.w.org\/{rel}","templated":true}]}}