{"id":1219,"date":"2014-04-10T12:57:22","date_gmt":"2014-04-10T12:57:22","guid":{"rendered":"https:\/\/vedicpandits.org\/?page_id=1219"},"modified":"2023-08-23T23:40:41","modified_gmt":"2023-08-23T23:40:41","slug":"special-yagya","status":"publish","type":"page","link":"https:\/\/donation.vedicpandits.org\/de\/yagya\/special-yagya\/","title":{"rendered":"Special Yagya"},"content":{"rendered":"<h4>Maharishi Special Yagyas<\/h4>\n<p>Special Yagyas sind in erster Linie dazu da, weltweiten Frieden und Wohlstand zu schaffen. Dar\u00fcber hinaus sind sie sehr wohltuend f\u00fcr die Psyche und Physiologie derjenigen, f\u00fcr die sie durchgef\u00fchrt werden; und auch der Spender profitiert von der Wirkung. Yagyas f\u00fcr Geburtstage, Hochzeiten, Hochzeitstage und Geburten werden zu besonderen \u00dcbergangszeiten durchgef\u00fchrt \u2013 wenn spezifische, unterst\u00fctzende Naturgesetze besonders lebendig und zug\u00e4nglich sind.<\/p>\n<p>Vor kurzem haben wir in unser Angebot ein neues Special Yagya aufgenommen: das Yagya f\u00fcr Wohlbefinden. Es kann an so gut wie an jedem Tag Ihrer Wahl durchgef\u00fchrt werden. Es kann das ganze Jahr \u00fcber wiederholt werden \u2013 so oft, wie Sie es w\u00fcnschen, selbst monatlich. Wenn Sie das Yagya f\u00fcr Wohlbefinden bestellen, geben Sie Ihren Wunschtermin an.<\/p>\n<p>Sie k\u00f6nnen alle Special Yagyas f\u00fcr sich selbst bestellen, f\u00fcr Familienmitglieder oder f\u00fcr Freunde. Jedes einzelne dieser bedeutenden Yagyas belebt die tiefste Ebene des Lebens \u2013 von der fundamentalen Ebene des Einheitlichen Feldes aus. Auf diese Weise verbessern Sie nicht nur die Lebensumst\u00e4nde des Einzelnen, sondern helfen auch gesellschafts\u00fcbergreifend, Disharmonie aufzul\u00f6sen und Frieden und Fortschritt zu f\u00f6rdern. Und gleichzeitig unterst\u00fctzen Sie die Maharishi Vedischen Pandits in Indien.<\/p>\n<div style=\"padding:10px; background-color:white;\">\n<div style=\"border-size:2px;border-style:solid;border-color:#e4bb4b;\">\n<div style=\"text-align: center; padding-top:10px; padding-right:5px; padding-bottom:0px; padding-left:5px;\">\n&nbsp;<\/p>\n<h4>EINE BESONDERE ANK\u00dcNDIGUNG VON RAJA HARRIS \u2013 VERL\u00c4NGERTE SPECIAL YAGYAS<\/h4>\n<\/div>\n<div style=\"text-align: left; padding-top:20px; padding-right:20px; padding-bottom:40px; padding-left:20px;\">Aufgrund der vielen positiven Erfahrungen mit Special Yagyas kamen zahlreiche Nachfragen, ob diese Yagyas auf mehr als einen Tag ausgedehnt werden k\u00f6nnten. Nach R\u00fccksprache mit den leitenden Pandits werden wir zuk\u00fcnftig die Optionen f\u00fcr einen zweiten und dritten Tag der Special Yagyas anbieten. Um dies f\u00fcr viele zu erm\u00f6glichen, wurden die Kosten pro Tag f\u00fcr diese Yagyas gesenkt.  <\/p>\n<\/div>\n<\/div>\n<\/div>\n<p>&nbsp;<\/p>\n<div class=\"border-line\">&nbsp;<\/div>\n<div class=\"grid-holder\">\n<div class=\"grid grid-desktop-50 grid-mobile-100\"><div class=\"holder\"><p><strong>W\u00e4hlen Sie die Art des Yagyas:<\/strong><br \/>\nMit jeder h\u00f6heren Yagya-Kategorie, sind noch mehr Pandits beteiligt und machen das Yagya erheblich kraftvoller.<br \/>\n<a href=\"https:\/\/sponsor.specialyagyas.org\/bwb.php?site=vp&amp;bwb=birthday\" rel=\"noopener\" target=\"_blank\">Geburtstag \u2013 f\u00fcr eine Person an ihrem Geburtstag<\/a><br \/>\nEint\u00e4giges Yagya: Spendenkategorien: $1,000 | $2,500<br \/>\nZweit\u00e4giges Yagya: Spendenkategorien: $1,500 | $3,000<br \/>\nDreit\u00e4giges Yagya: Spendenkategorien: $2,000 | $3,500<\/p>\n<p><a href=\"https:\/\/sponsor.specialyagyas.org\/bwb.php?site=vp&amp;bwb=well-being\" rel=\"noopener\" target=\"_blank\">Wohlbefinden \u2013 an einem Tag Ihrer Wahl <\/a><br \/>\nOne-day Yagya: Spendenkategorien: $1,000 | $2,500<br \/>\nZweit\u00e4giges Yagya: Spendenkategorien: $1,500 | $3,000<br \/>\nDreit\u00e4giges Yagya: Spendenkategorien: $2,000 | $3,500<\/p>\n<p><a href=\"https:\/\/sponsor.specialyagyas.org\/wedding.php?site=vp&amp;waw=w\" rel=\"noopener\" target=\"_blank\">Hochzeit \u2013 f\u00fcr zwei Personen am Tag ihrer Hochzeit<\/a><br \/>\nEint\u00e4giges Yagya: Spendenkategorien: $1,500 | $3,000<br \/>\nZweit\u00e4giges Yagya: Spendenkategorien: $2,000 | $3,500<br \/>\nDreit\u00e4giges Yagya: Spendenkategorien: $2,500 | $4,000<\/p>\n<p> <a href=\"https:\/\/sponsor.specialyagyas.org\/wedding.php?site=vp&amp;waw=wa\" rel=\"noopener\" target=\"_blank\">Wedding Anniversary &#8211; Performed on the wedding anniversary<\/a><br \/>\nEint\u00e4giges Yagya: Spendenkategorien: $1,500 | $3,000<br \/>\nZweit\u00e4giges Yagya: Spendenkategorien: $2,000 | $3,500<br \/>\nDreit\u00e4giges Yagya: Spendenkategorien: $2,500 | $4,000<\/p>\n<p><a href=\"https:\/\/sponsor.specialyagyas.org\/newborn.php?site=vp\" rel=\"noopener\" target=\"_blank\">Newborn Child &#8211; Performed 40 days after the birth<\/a><br \/>\nEint\u00e4giges Yagya: Spendenkategorien: $1,000 | $2,500<br \/>\nZweit\u00e4giges Yagya: Spendenkategorien: $1,500 | $3,000<br \/>\nDreit\u00e4giges Yagya: Spendenkategorien: $2,000 | $3,500<\/p>\n<\/div><\/div>\n<div class=\"grid grid-desktop-50 grid-mobile-100\"><div class=\"holder\"><p><img loading=\"lazy\" decoding=\"async\" class=\"alignleft size-full wp-image-423\" src=\"\/wp-content\/uploads\/2014\/04\/pandits_5320.jpg\" alt=\"pandits_5320\" width=\"432\" height=\"326\" srcset=\"https:\/\/donation.vedicpandits.org\/wp-content\/uploads\/2014\/04\/pandits_5320.jpg 432w, https:\/\/donation.vedicpandits.org\/wp-content\/uploads\/2014\/04\/pandits_5320-300x226.jpg 300w\" sizes=\"auto, (max-width: 432px) 100vw, 432px\" \/><\/p>\n<\/div><\/div>\n<\/div>\n<p>Die Spendengelder f\u00fcr Special Yagyas gehen an die Brahmananda Saraswati Yagya Foundation (BSYF), eine U.S.-amerikanische gemeinn\u00fctzige Organisation.<\/p>\n<div class=\"border-line\">&nbsp;<\/div>\n<h4>WIE KANN ICH F\u00dcR EIN SPECIAL YAGYA SPENDEN<\/h4>\n<p>Es ist leicht, ein Special Yagya zu beantragen. Die Anmeldung kann online ausgef\u00fcllt werden und die Spende erfolgt direkt im Anschluss per Kreditkarte oder \u00fcber PayPal. Klicken Sie unten auf &#8218;Ein Special Yagya beantragen&#8216;.<\/p>\n<p><strong>Bitte melden Sie sich mindestens eine Woche vor dem Datum an, zu dem das Yagya durchgef\u00fchrt werden soll.<\/strong> F\u00fcr die Anmeldung brauchen Sie genaue Angaben zu Geburtszeit und Geburtsort der Person(en), f\u00fcr die das Yagya durchgef\u00fchrt werden soll.<\/p>\n<p>Weitere Informationen finden Sie im Abschnitt &#8222;H\u00e4ufig gestellte Fragen&#8220; am Ende dieser Seite. Sollten Sie die Antwort auf Ihre Frage dort nicht finden, k\u00f6nnen Sie uns gerne kontaktieren: <a href=\"mailto:specialyagyas@vedicpandits.org\">specialyagyas@vedicpandits.org<\/a><\/p>\n<p>Wir akzeptieren Visa, MasterCard, American Express und PayPal.<\/p>\n<div class=\"border-line\">&nbsp;<\/div>\n\t<p style=\"text-align: center\">\n\t\t<a href=\"https:\/\/sponsor.specialyagyas.org\/apply.php?site=vp\"   class=\"btn btn-large tooltipster\" title=\"Special Yagyas werden von der Brahmananda Saraswati Yagya Foundation verwaltet, einer in den USA eingetragenen Wohlt\u00e4tigkeitsorganisation. Indem Sie auf diesen Link klicken, werden Sie auf deren englischsprachige Internetseite weitergeleitet.\"> > \n\t\t\tEin Special Yagya beantragen\t\t<\/a>\n\t<\/p>\n\n\t\n<div class=\"border-line\">&nbsp;<\/div>\n<p style=\"text-align: left;\"><strong> Es war eine wundervolle Erfahrung<\/strong>\u00a0\u00a0 \u201cEs war mein erstes Maharishi Yagya und es war eine wundervolle Erfahrung. Ich plane, jedes Jahr eines zu bekommen. In der Nacht vor meinem Geburtstag f\u00fchlte ich intensive Wellen von Gl\u00fcckseligkeit. Seitdem haben sich viele Themen aufgel\u00f6st, mit denen ich schon eine lange Zeit zu tun hatte (was wirklich eine Befreiung war) und ich f\u00fchle mich gl\u00fccklicher und zufriedener. Wenn Hindernisse im t\u00e4glichen Leben auftauchen, scheinen sie sich einfacher aufzul\u00f6sen und meine Handlungen scheinen wirkungsvoller. Danke, dass Sie uns diese Yagyas verf\u00fcgbar gemacht haben.\u201d \u00a0Kanada<\/p>\n<div class=\"accordion\"><div class=\"accordion-entry\"><em><a href=\"#\">&gt; Lesen Sie mehr \u00fcber Erfahrungen nach einem Special Yagya<\/a><\/em><div class=\"hidden-content\">\n<p style=\"text-align: left;\"><strong>Alles ging m\u00fchelos\u00a0<\/strong> \u201cIch war zutiefst \u00fcberrascht, dass an meinem Geburtstag alles um mich herum so m\u00fchelos, friedvoll und sanft ablief. Es war sp\u00fcrbar anders als an anderen Geburtstagen. Vielen Dank an diejenigen, die das organisiert haben.\u201d\u00a0\u00a0 Kanada<\/p>\n<p style=\"text-align: left;\"><strong>Der gl\u00fccklichste Geburtstag, den ich jeh hatte<\/strong>\u00a0 &#8222;Einige Situationen, die in letzter Zeit stagnierten, begannen nun, sich in die richtige Richtung zu bewegen. Wie mein Geburtstag, der seit vielen Jahren der gl\u00fccklichste war, an den ich mich erinnere. Es war eine ganze Woche des Feierns, etwas, das ich wahrscheinlich noch nie erlebt habe, selbst in meinen besten Jahren als Teenager nicht. Ich bin sehr gl\u00fccklich mit dem Ergebnis des Yagyas. Ich hoffe, mein n\u00e4chster Geburtstag kommt bald.&#8220; \u00a0 Italien<\/p>\n<p style=\"text-align: left;\"><strong>Ich f\u00fchle mich gesegnet\u00a0\u00a0 <\/strong>\u201cDas Yagya bewirkte definitiv eine Ver\u00e4nderung des Bewusstseins. Ich f\u00fchle mich wirklich gesegnet. Ich freue mich auf jeden Fall darauf, jedes Jahr ein Geburtstags-Yagya zu bekommen.\u201d \u00a0Gro\u00dfbritannien<\/p>\n<p style=\"text-align: left;\"><strong>Das kosmische L\u00e4cheln<\/strong>\u00a0\u00a0 \u201cDie Erfahrung ist wirklich kosmisch und vereint alle Ebenen menschlicher Existenz in einem kosmischen L\u00e4cheln. Man f\u00fchlt sich, als sei man mit Goldstaub \u00fcbersch\u00fcttet. Danke an alle Vedischen Pandits, die Yagyas durchf\u00fchren und die gesamte Vedische Tradition, die uns dieses reine Wissen gebracht hat.\u201d\u00a0 Serbien<\/p>\n<p style=\"text-align: left;\"><strong> Es war eine wundervolle Erfahrung<\/strong>\u00a0\u00a0 \u201cEs war mein erstes Maharishi Yagya und es war eine wundervolle Erfahrung. Ich plane, jedes Jahr eines zu bekommen. In der Nacht vor meinem Geburtstag f\u00fchlte ich intensive Wellen von Gl\u00fcckseligkeit. Seitdem haben sich viele Themen aufgel\u00f6st, mit denen ich schon eine lange Zeit zu tun hatte (was wirklich eine Befreiung war) und ich f\u00fchle mich gl\u00fccklicher und zufriedener. Wenn Hindernisse im t\u00e4glichen Leben auftauchen, scheinen sie sich einfacher aufzul\u00f6sen und meine Handlungen scheinen wirkungsvoller. Danke, dass Sie uns diese Yagyas verf\u00fcgbar gemacht haben.\u201d \u00a0Kanada<\/p>\n<p style=\"text-align: left;\"><strong>Die Wirkung war offensichtlich<\/strong>\u00a0\u00a0 \u201cWir haben nicht erwartet, dass sich das Yagya so direkt auswirken w\u00fcrde, aber die Wirkung war offensichtlich. Es erinnerte mich an die Erfahrung eines langen Rundenkurses. Schwer zu beschreiben, aber nicht zu \u00fcbersehen.\u201d \u00a0USA<\/p>\n<p style=\"text-align: left;\"><strong>Etwas ganz Besonderes ist geschehen<\/strong>\u00a0\u00a0 \u201cSobald ich f\u00fcr das Yagya zum Hochzeitstag bezahlt hatte, passierte etwas ganz Besonders in unserer Beziehung. Jetzt ist es, als sei alles so rein, so durchsichtig. Es ist ein Wunder, dass ein Yagya schon wirkt, wenn man nur daf\u00fcr bezahlt hat.\u201d\u00a0 Niederlande<\/p>\n<p style=\"text-align: left;\"><strong>Verankert im Absoluten\u00a0<\/strong>\u00a0 \u201cWir f\u00fchlten uns beide die ganze Zeit im Absoluten verankert: ein Gef\u00fchl als seien wir unersch\u00fctterlich \u2013 wirklich. \u00dcberfl\u00fcssig zu sagen, dass wir uns auf das n\u00e4chste freuen.\u201d\u00a0 USA<\/p>\n<p style=\"text-align: left;\"><strong>Das Yagya blies M\u00fcdigkeit und Furcht hinfort \u00a0\u00a0<\/strong>&#8222;Es war eine gute Entscheidung, mir selbst ein Yagya zum sechzigsten Geburtstag zu g\u00f6nnen. Ich hatte sch\u00f6ne Erfahrungen an diesem Tag. Ich f\u00fchlte mich sehr gl\u00fccklich, sanft, und alle meine Aktivit\u00e4ten verliefen ruhiger und entspannter als \u00fcblich. Ich f\u00fchle mich immer noch hoffnungsvoll und scheine im t\u00e4glichen Leben mehr Unterst\u00fctzung zu haben. Aber das Beste ist, dass sich mein Herz ge\u00f6ffnet hat und meine Meditationen nun tiefer sind als vorher. Das Yagya scheint auch die M\u00fcdigkeit und Furcht aus der Vergangenheit hinfort geblasen zu haben. Sie sind fort und ich empfehle wirklich jedem, f\u00fcr ein Geburtstags-Yagya zu sparen.&#8220;\u00a0 Deutschland<\/p>\n<p style=\"text-align: left;\"><strong>Das Leben flie\u00dft sanfter<\/strong>\u00a0\u00a0 \u201cDer Effekt des Yagyas ist erstaunlich \u2013 viele, mit denen ich gesprochen habe, bemerkten die gleiche Qualit\u00e4t der Erfahrung wie ich. Das Leben flie\u00dft so viel sanfter, die Naturunterst\u00fctzung ist auf kleine oder gro\u00dfe Weise konstant vorhanden, Hindernisse verschwinden. Ich kann mich mit allem im Frieden f\u00fchlen.\u201d\u00a0 USA<\/p>\n<a href=\"#\" class=\"close\">Close Section<\/a><\/div><\/div>\n<\/div>\n<div class=\"border-line\">&nbsp;<\/div>\n<a id=\"jhagelin\"><\/a><br \/>\n<div class=\"grid-holder\">\n<div class=\"grid grid-desktop-50 grid-mobile-100\"><div class=\"holder\">\t<a href=\"https:\/\/donation.vedicpandits.org\/de\/yagya\/special-yagya\/?image_video=https%3A%2F%2Fplayer.vimeo.com%2Fvideo%2F741728911%3Fh%3D52eb6fd575\" class=\"video-link \"><img loading=\"lazy\" decoding=\"async\" class=\"alignnone size-full wp-image-285\" src=\"https:\/\/donation.vedicpandits.org\/wp-content\/uploads\/2023\/02\/J_Hagelin_what-is-Yagya_video-600x321-1.png\" alt=\"yagya_hagelin_1web1\" width=\"432\" height=\"242\" \/><\/a>\n\n\t\n\t<a href=\"https:\/\/donation.vedicpandits.org\/de\/yagya\/special-yagya\/?image_video=https%3A%2F%2Fplayer.vimeo.com%2Fvideo%2F741728911%3Fh%3D52eb6fd575\" class=\"video-link no-pointer\"><em>&gt; Video 1: Was ist ein Maharishi Yagya?<\/em><\/a>\n\n\t\n<\/div><\/div>\n<div class=\"grid grid-desktop-50 grid-mobile-100\"><div class=\"holder\"><h4>Was ist ein Maharishi Yagya?<\/h4>\n<p>Maharishi hat uns zu verstehen gegeben, dass die korrekte Durchf\u00fchrung der Yagyas entscheidend ist f\u00fcr deren Wirksamkeit. Die Vedischen Mantras sollten auf der Para-Ebene (der transzendentalen Ebene) der Sprache rezitiert werden, wo Klang und Form &#8211; der Wunsch und die Erf\u00fcllung des Wunsches &#8211; eng miteinander verbunden sind und dadurch enorm kraftvoll werden.<br \/>\nUm diese F\u00e4higkeit zu entwickeln, ist die Praxis der Transzendentalen Meditation und des TM-Sidhi Programms einschlie\u00dflich Yogischem Fliegen unerl\u00e4sslich, weil dadurch die transzendentale Quelle der Sprache vor der Rezitation und der Durchf\u00fchrung des Yagyas belebt wird. Nur Maharishi Vedische Pandits werden in dieser \u00e4u\u00dferst wichtigen Bewusstseinstechnologie ausgebildet. Eine ausf\u00fchrlichere Erkl\u00e4rung gibt Ihnen John Hagelin, Ph.D., ein weltbekannter Quantenphysiker, P\u00e4dagoge, Politik-Experte und f\u00fchrender Vertreter des Friedens.<\/p>\n<\/div><\/div>\n<\/div>\n<div class=\"border-line\">&nbsp;<\/div>\n<div class=\"accordion\"><div class=\"accordion-entry\"><em><a href=\"#\">&gt; H\u00c4UFIG GESTELLTE FRAGEN<\/a><\/em><div class=\"hidden-content\">\n<p>Vor kurzem haben wir in unser Angebot ein neues Special Yagya aufgenommen: das Yagya f\u00fcr Wohlergehen. Es kann an so gut wie jedem Tag Ihrer Wahl durchgef\u00fchrt werden. Es kann das ganze Jahr \u00fcber wiederholt werden \u2013 so oft, wie Sie es w\u00fcnschen, selbst monatlich. Wenn Sie das Yagya f\u00fcr Wohlergehen bestellen, geben Sie Ihren Wunschtermin an.<\/p>\n<p>WIE WERDEN MAHARISHI VEDISCHE PANDITS AUSGEBILDET?<br \/>\nDie Ausbildung beginnt damit, dass die Kinder in einem fr\u00fchen Alter von ihren Eltern lernen. F\u00fcr das formale Ausbildunngsprogramm gehen die kleinen Jungen aus Pandit-Familien ab einem Alter von 10 Jahren in eines von vielen \u201cGuru Ji\u201d Ausbildungszentren in ihren Heimatorten. Wenn sie etwa 14 Jahre alt sind, ziehen sie um in eine der Internatsschulen in verschiedenen Teilen des Landes. Danach kommen sie an einen der Haupt-Campuse f\u00fcr Maharishi Vedische Pandits. Alle Pandits sind in Maharishi Mahesh Yogi Vedic Vishwavidyalaya immatrikuliert, einer staatlich anerkannten Universit\u00e4t. Ihre systematische Ausbildung setzt sich fort und sie k\u00f6nnen sogar einen Doktortitel erlangen. Unsere Pandits praktizieren alle das Programm der Transzendentalen Meditation\u00ae und das TM-Sidhi\u00ae Programm.<\/p>\n<p>WAS, WENN ICH DIE GENAUE GEBURTSZEIT NICHT KENNE?<br \/>\nBitte versuchen Sie, die Geburtszeit so genau wie m\u00f6glich zu ermitteln. Wenn Sie die genaue Zeit nicht kennen, ist eine Ann\u00e4herung an die ungef\u00e4hre Zeit akzeptabel.<\/p>\n<p>IST ES BESSER, EIN SPECIAL YAGYA ZU UNTERST\u00dcTZEN ODER LIEBER ZU EINEM NATIONALEN YAGYA BEIZUTRAGEN?<br \/>\nBeides sind wundervolle M\u00f6glichkeiten und beide unterst\u00fctzen die gro\u00dfe Gruppe der Maharishi Vedischen Pandits. Es h\u00e4ngt von der Intention des Spenders ab. Im Falle der Nationalen Yagyas unterst\u00fctzt der Spender sein Land, und durch diese Absicht sich selbst nat\u00fcrlich ebenfalls. Bei einem Special Yagya liegt der Hauptzweck beim Nutzen f\u00fcr die Personen, f\u00fcr die es durchgef\u00fchrt wird. Idealerweise k\u00f6nnte der Spender in Betracht ziehen, ein- oder zweimal im Jahr ein Special Yagya durchf\u00fchren zu lassen, aber ebenfalls zu den monatlichen Nationalen Yagyas beizutragen, je nach seinen individuellen M\u00f6glichkeiten.<\/p>\n<p>WOHIN GEHEN DIE SPENDEN?<br \/>\nSie gehen an die Brahmananda Saraswati Yagya Foundation (BSYF), eine U.S.-amerikanische gemeinn\u00fctzige Organisation gegr\u00fcndet wurde, um gro\u00dfe Gruppen von Maharishi Vedischen Pandits aufzubauen und dauerhaft aufrecht zu erhalten. Die Spendengelder f\u00fcr Special Yagyas werden vorrangig f\u00fcr folgende Zwecke verwendet:<br \/>\n\u2013 zur Unterst\u00fctzung Gruppe Maharishi Vedischer Pandits<br \/>\n\u2013 zur Ausbildung von neuen Maharishi Vedischen Pandits f\u00fcr die Expansion und langfristige Erhaltung des Programms<br \/>\nBSYF arbeitet in Zusammenarbeit mit Brahmananda Saraswati Yaga Foundation. BSYF eine U.S.-amerikanische gemeinn\u00fctzige Organisation<\/p>\n<p>SIND DIE SPENDEN STEUERLICH ABSETZBAR?<br \/>\nSpenden f\u00fcr das Special Yagya Programm gehen an die Brahmananda Saraswati Yagya Foundation (BSYF), eine in den USA anerkannte gemeinn\u00fctzige Ausbildungs-Organisation. F\u00fcr U.S.-B\u00fcrger sind die Spenden somit steuerlich absetzbar. In anderen L\u00e4ndern ist dies unterschiedlich. Weitere Ausk\u00fcnfte hierzu erhalten Sie von Ihrem Nationalen Botschafter der Globalen Friedensinitiative. Die entsprechenden Kontaktinformationen finden Sie unter &gt; Kontakt.<\/p>\n<a href=\"#\" class=\"close\">Close Section<\/a><\/div><\/div>\n<\/div>\n","protected":false},"excerpt":{"rendered":"<p>Maharishi Special Yagyas Special Yagyas sind in erster Linie dazu da, weltweiten Frieden und Wohlstand zu schaffen. Dar\u00fcber hinaus sind sie sehr wohltuend f\u00fcr die Psyche und Physiologie derjenigen, f\u00fcr die sie durchgef\u00fchrt werden; und auch der Spender profitiert von der Wirkung. Yagyas f\u00fcr Geburtstage, Hochzeiten, Hochzeitstage und Geburten werden zu besonderen \u00dcbergangszeiten durchgef\u00fchrt \u2013 [&hellip;]<\/p>\n","protected":false},"author":3,"featured_media":75956,"parent":1106,"menu_order":2,"comment_status":"open","ping_status":"closed","template":"","meta":{"om_disable_all_campaigns":false,"_monsterinsights_skip_tracking":false,"_monsterinsights_sitenote_active":false,"_monsterinsights_sitenote_note":"","_monsterinsights_sitenote_category":0,"footnotes":""},"class_list":["post-1219","page","type-page","status-publish","has-post-thumbnail","hentry"],"_links":{"self":[{"href":"https:\/\/donation.vedicpandits.org\/de\/wp-json\/wp\/v2\/pages\/1219","targetHints":{"allow":["GET"]}}],"collection":[{"href":"https:\/\/donation.vedicpandits.org\/de\/wp-json\/wp\/v2\/pages"}],"about":[{"href":"https:\/\/donation.vedicpandits.org\/de\/wp-json\/wp\/v2\/types\/page"}],"author":[{"embeddable":true,"href":"https:\/\/donation.vedicpandits.org\/de\/wp-json\/wp\/v2\/users\/3"}],"replies":[{"embeddable":true,"href":"https:\/\/donation.vedicpandits.org\/de\/wp-json\/wp\/v2\/comments?post=1219"}],"version-history":[{"count":100,"href":"https:\/\/donation.vedicpandits.org\/de\/wp-json\/wp\/v2\/pages\/1219\/revisions"}],"predecessor-version":[{"id":79697,"href":"https:\/\/donation.vedicpandits.org\/de\/wp-json\/wp\/v2\/pages\/1219\/revisions\/79697"}],"up":[{"embeddable":true,"href":"https:\/\/donation.vedicpandits.org\/de\/wp-json\/wp\/v2\/pages\/1106"}],"wp:featuredmedia":[{"embeddable":true,"href":"https:\/\/donation.vedicpandits.org\/de\/wp-json\/wp\/v2\/media\/75956"}],"wp:attachment":[{"href":"https:\/\/donation.vedicpandits.org\/de\/wp-json\/wp\/v2\/media?parent=1219"}],"curies":[{"name":"wp","href":"https:\/\/api.w.org\/{rel}","templated":true}]}}