{"id":140,"date":"2014-04-08T07:10:05","date_gmt":"2014-04-08T07:10:05","guid":{"rendered":"https:\/\/vedicpandits.org\/?page_id=140"},"modified":"2024-06-07T11:25:58","modified_gmt":"2024-06-07T11:25:58","slug":"about-us","status":"publish","type":"page","link":"https:\/\/donation.vedicpandits.org\/de\/about-us\/","title":{"rendered":"\u00dcber uns"},"content":{"rendered":"<h4>TRUST UND FOUNDATION<\/h4>\n<p>Die Finanzierung der Gruppe Maharishi Vedischer Pandits wird vom Brahmananda Saraswati Trust in den Niederlanden und der Brahmananda Saraswati Foundation in den USA organisiert und verwaltet.<\/p>\n<p>Die Aufgabe dieser beiden Stiftungen besteht in der Leitung eines weltweiten Spendenprogramms, das die entgegengenommenen Spenden und die Investitionen des Stiftungsverm\u00f6gens verwaltet. Gemeinsam \u00fcberwachen sie alle Auszahlungen an die gesch\u00e4ftsf\u00fchrenden Partner in Indien, um zu gew\u00e4hrleisten, dass die Ziele des Projektes erreicht werden. Beide Organisationen werden von einem internationalen Vorstand aus Wissenschaftlern, Bildungsexperten und F\u00fchrungskr\u00e4ften der Wirtschaft geleitet.<\/p>\n<p>Sowohl der Brahmananda Saraswati Trust als auch die Brahmananda Saraswati Foundation wurden von Maharishi Mahesh Yogi gegr\u00fcndet und erhielten ihren Namen zu Ehren von Maharishis Meister, Guru Dev, Brahmananda Saraswati. Er war ein hochverehrter spiritueller F\u00fchrer, der die Stellung des Shankaracharya von Jyotir Math, Indien, innehatte \u2013 des h\u00f6chsten Repr\u00e4sentanten der Vedischen Tradition des Wissens.<\/p>\n<div class=\"border-line\">&nbsp;<\/div>\n<div class=\"grid-holder grid-border-50\">\n<div class=\"grid grid-desktop-50 grid-mobile-100\"><div class=\"holder\"><h4>Brahmananda Saraswati Trust<\/h4>\n<p>Der Brahmananda Saraswati Trust (BST) wurde 2008 in den Niederlanden als gemeinn\u00fctzige Organisation (Stichting) gegr\u00fcndet. \u00dcber ihn laufen haupts\u00e4chlich alle Spenden aus Europa und teilweise auch aus dem mittleren Osten, sowie aus afrikanischen und asiatischen L\u00e4ndern. In etlichen Europ\u00e4ischen L\u00e4ndern sind die Spenden an den BST von der Steuer absetzbar. Bitte fragen Sie Ihren Steuerberater.<\/p>\n<\/div><\/div>\n<div class=\"grid grid-desktop-50 grid-mobile-100\"><div class=\"holder\"><h4>Brahmananda Saraswati Foundation<\/h4>\n<p>Die Brahmananda Saraswati Foundation (BSF) wurde 2008 in den USA gegr\u00fcndet und ist dort eine 501(c)(3) gemeinn\u00fctzige Organisation. F\u00fcr US-Steuerzahler sind die Spenden von der Steuer absetzbar.<\/p>\n<\/div><\/div>\n<\/div>\n<div class=\"border-line\">&nbsp;<\/div>\n<strong>Pr\u00e4sident der Brahmananda Saraswati Foundation<\/strong><\/p>\n<p><img loading=\"lazy\" decoding=\"async\" src=\"https:\/\/globalpeaceproject.net\/wp-content\/uploads\/2020\/08\/Dr._Tony_Nader4.png\" alt=\"\" width=\"125\" height=\"164\" class=\"alignleft size-full wp-image-359\" \/><\/p>\n<p><strong>Tony Nader, MD PhD MARR <\/strong><\/p>\n<p style=\"margin-bottom:20px;\">Dr. Nader ist ein am Massachusetts Institute of Technology (Ph.D. in Neurowissenschaften) und an der Harvard-Universit\u00e4t ausgebildeter Mediziner, sowie ein weltweit anerkannter Vedischer Gelehrter. Als Nachfolger von Maharishi Mahesh Yogi leitet Dr. Nader die internationalen Organisationen f\u00fcr Transzendentale Meditation\u00ae in \u00fcber 100 L\u00e4ndern. Dr. Nader leitet das Transzendentale Meditations-Programm und seine fortgeschrittenen Praktiken, um die h\u00f6chsten Bestrebungen der Gesellschaft in allen Bereichen des nationalen Lebens zu erf\u00fcllen.<\/p>\n<div class=\"border-line\">&nbsp;<\/div>\n<p><strong> Vorsitzender des Vorstands der Brahmananda Saraswati Foundation<\/strong><\/p>\n<p><img loading=\"lazy\" decoding=\"async\" src=\"https:\/\/donation.vedicpandits.org\/wp-content\/uploads\/2020\/10\/DrMorris.jpg\" alt=\"\" width=\"125\" height=\"164\" class=\"alignleft size-full wp-image-359\" \/><\/p>\n<p><strong>Dr. Bevan Morris, D.S.C.I<\/strong><\/p>\n<p style=\"margin-bottom:0px;\">\n<p>Dr. Morris schloss sein Studium an der Cambridge Universit\u00e4t, in Cambridge, England, ab. Er war die erste Person weltweit, die von Maharishi den Doktortitel in der Wissenschaft der Kreativen Intelligenz erhielt. 36 Jahre lang war er Pr\u00e4sident der Maharishi University of Management in Fairfield, Iowa, USA, und ist jetzt Pr\u00e4sident Emeritus und Internationaler Pr\u00e4sident der Maharishi Universities of Management. Dr. Morris ist der weltweit gr\u00f6\u00dfte Experte f\u00fcr Maharishis Bewusstseinsbezogene Bildung und hat Maharishis Programme in \u00fcber 120 L\u00e4ndern der \u00d6ffentlichkeit sowie F\u00fchrungskr\u00e4ften aus Regierung, Bildung und Wirtschaft vorgestellt.\n<\/p>\n<div class=\"border-line\">&nbsp;<\/div>\n<strong> Vorsitzender des Vorstands des Brahmananda Saraswati Trust und CEO der BSF und BST  <\/strong><\/p>\n<p><img loading=\"lazy\" decoding=\"async\" src=\"https:\/\/donation.vedicpandits.org\/wp-content\/uploads\/2020\/10\/harris_kaplan_4.jpg\" alt=\"\" width=\"125\" height=\"164\" class=\"alignleft size-full wp-image-359\" \/><\/p>\n<p><strong>Dr. Harris Kaplan, D.S.C.I <\/strong><\/p>\n<p style=\"margin-bottom:0px;\">Nachdem er sich 1999 von einer erfolgreichen Karriere als Investmentfondsmanager zur\u00fcckgezogen hatte, widmete Dr. Kaplan seine Zeit der Unterst\u00fctzung von Programmen, die von Organisationen f\u00fcr Transzendentale Meditation auf der ganzen Welt geleitet werden. Seit 2006 ist er der Hauptverwalter der Projekte von Organisationen f\u00fcr Transzendentale Meditation in Indien, einschlie\u00dflich der Ausbildung und Unterst\u00fctzung von Tausenden von Maharishi Vedischen Pandits. Er ist der Gesch\u00e4ftsf\u00fchrer des BSF bereits seit seiner Gr\u00fcndung und ist ebenso im Finanzausschuss des BSF t\u00e4tig, wo er zur Beaufsichtigung der Stiftung beitr\u00e4gt.<\/p>\n<div class=\"border-line\">&nbsp;<\/div>\n<p><strong>BSF &#038; BST Exekutivausschuss<\/strong><\/p>\n<ul>\n<li>Dr. Bevan Morris &#8211; P\u00e4dagoge<br \/>\n    Maharishi Vedic City, Iowa<\/p>\n<li>Harris Kaplan DSCI &#8211; Investmentfonds-Manager im Ruhestand<br \/>\n    Vlodrop, Niederlande<\/p>\n<li>John Hagelin. Ph.D. \u2013 Quantenphysiker: Pr\u00e4sident der Global Union of Scientists for Peace; Pr\u00e4sident der Maharishi International University, Fairfield, IA, USA\n<li> Robert LoPinto &#8211; Gesch\u00e4ftsmann und Verwalter<br \/>\n     Rockville, MD, USA<\/p>\n<li>Steve Rubin \u2013 Gesch\u00e4ftsmann und Verwalter<br \/>\n    Sebastian, FL, USA\n<\/ul>\n<div class=\"border-line\">&nbsp;<\/div>\n<p><strong>BSF\u2014Vorstandsmitglieder<\/strong><\/p>\n<div class=\"grid-holder\">\n<div class=\"grid grid-desktop-50 grid-mobile-100\"><div class=\"holder\"><ul>\n<li>Jose Luis Alvares \u2013 Verwalter<br \/>\nBarcelona, Spanien<\/p>\n<li>Antonio Bartolom\u00e9 \u2013 Gesch\u00e4ftsmann<br \/>\n Banast\u00e1s, Huesca, Spanien<\/p>\n<li>Dr. Leslie Brooks, M.A. \u2013 Verwaltungsr\u00e4tin<br \/>\n Lincoln, MA, USA<\/p>\n<li>Howard Martin Chandler, Ph.D. \u2013 P\u00e4dagoge<br \/>\n    Boston, MA , USA<\/p>\n<li>Rafael David &#8211; Unternehmer<br \/>\nVero Beach, FL, USA<\/p>\n<\/div><\/div>\n<div class=\"grid grid-desktop-50 grid-mobile-100\"><div class=\"holder\"><li>Dr. Arlene Kaplan \u2013 Verwaltungsr\u00e4tin<br \/>\n    Vlodrop, Niederlande<\/p>\n<li>Dr. Neil Paterson  &#8211; Verwaltungsr\u00e4tin<br \/>\n    Salt Spring Island, Kanada<\/p>\n<li>Rainer Picha, M.D. \u2013 Kardiologe und Forschungswissenschaftler<br \/>\n    Wien, \u00d6sterreich<\/p>\n<li>Dr. Susie Swan  &#8211; Administratorin und Grafikerin<br \/>\n  Niederlande und Kapstadt, S\u00fcdafrika<\/p>\n<li>Maureen Wynne, J.D. \u2013 Rechtsanw\u00e4ltin<br \/>\n    Maharishi Vedic City, IA, USA\n<\/ul>\n<\/div><\/div>\n<\/div>\n<h4 ID=\"investment_committee_de\"><\/h4>\n<div class=\"border-line\">&nbsp;<\/div>\n<strong>BSF &#038; BST Finanzausschuss<\/strong><\/p>\n<div class=\"grid-holder\">\n<div class=\"grid grid-desktop-50 grid-mobile-100\"><div class=\"holder\"><ul>\n<li>Harris Kaplan, D.S.C.I<br \/>\nInvestmentfonds-Manager im Ruhestand<br \/>\n    Gr\u00fcnder und ehemaliger CEO von Eastgate Financial Services Ltd., USA<\/p>\n<li>Robert LoPinto<br \/>\nGesch\u00e4ftsmann im Ruhestand<br \/>\nRockville, MD, USA<\/p>\n<li>Jeffrey S. Abramson<br \/>\nImmobilienentwickler<br \/>\nPartner, Tower Companies, USA<\/p>\n<li>Steve Rubin<br \/>\nGesch\u00e4ftsf\u00fchrer im Ruhestand<br \/>\n    Ehemaliger Vorsitzender und CEO, United Fuels International Inc., USA<\/p>\n<\/div><\/div>\n<div class=\"grid grid-desktop-50 grid-mobile-100\"><div class=\"holder\"><li>Eric Schwartz<br \/>\nInvestment Advisor<br \/>\nFounder and CEO, Cambridge Investment Research, USA<\/p>\n<li>Ted Hirsch<br \/>\nEconomist and portfolio manager<br \/>\nVanderbilt Financial Group, New York, USA<\/p>\n<li>Michael Dreben<br \/>\nCorporate Finance and Business Development Executive<br \/>\nCEO, Grenadier Management, LLC\n<\/ul>\n<\/div><\/div>\n<\/div>\n","protected":false},"excerpt":{"rendered":"<p>TRUST UND FOUNDATION Die Finanzierung der Gruppe Maharishi Vedischer Pandits wird vom Brahmananda Saraswati Trust in den Niederlanden und der Brahmananda Saraswati Foundation in den USA organisiert und verwaltet. Die Aufgabe dieser beiden Stiftungen besteht in der Leitung eines weltweiten Spendenprogramms, das die entgegengenommenen Spenden und die Investitionen des Stiftungsverm\u00f6gens verwaltet. Gemeinsam \u00fcberwachen sie alle [&hellip;]<\/p>\n","protected":false},"author":3,"featured_media":52821,"parent":0,"menu_order":0,"comment_status":"open","ping_status":"closed","template":"template-about.php","meta":{"om_disable_all_campaigns":false,"_monsterinsights_skip_tracking":false,"_monsterinsights_sitenote_active":false,"_monsterinsights_sitenote_note":"","_monsterinsights_sitenote_category":0,"footnotes":""},"class_list":["post-140","page","type-page","status-publish","has-post-thumbnail","hentry"],"_links":{"self":[{"href":"https:\/\/donation.vedicpandits.org\/de\/wp-json\/wp\/v2\/pages\/140","targetHints":{"allow":["GET"]}}],"collection":[{"href":"https:\/\/donation.vedicpandits.org\/de\/wp-json\/wp\/v2\/pages"}],"about":[{"href":"https:\/\/donation.vedicpandits.org\/de\/wp-json\/wp\/v2\/types\/page"}],"author":[{"embeddable":true,"href":"https:\/\/donation.vedicpandits.org\/de\/wp-json\/wp\/v2\/users\/3"}],"replies":[{"embeddable":true,"href":"https:\/\/donation.vedicpandits.org\/de\/wp-json\/wp\/v2\/comments?post=140"}],"version-history":[{"count":17,"href":"https:\/\/donation.vedicpandits.org\/de\/wp-json\/wp\/v2\/pages\/140\/revisions"}],"predecessor-version":[{"id":75510,"href":"https:\/\/donation.vedicpandits.org\/de\/wp-json\/wp\/v2\/pages\/140\/revisions\/75510"}],"wp:featuredmedia":[{"embeddable":true,"href":"https:\/\/donation.vedicpandits.org\/de\/wp-json\/wp\/v2\/media\/52821"}],"wp:attachment":[{"href":"https:\/\/donation.vedicpandits.org\/de\/wp-json\/wp\/v2\/media?parent=140"}],"curies":[{"name":"wp","href":"https:\/\/api.w.org\/{rel}","templated":true}]}}