{"id":20378,"date":"2017-10-30T18:04:03","date_gmt":"2017-10-30T18:04:03","guid":{"rendered":"https:\/\/vedicpandits.org\/letters-for-newcomers\/"},"modified":"2020-03-09T16:05:37","modified_gmt":"2020-03-09T16:05:37","slug":"letters-for-newcomers","status":"publish","type":"page","link":"https:\/\/donation.vedicpandits.org\/de\/letters-for-newcomers\/","title":{"rendered":"Letters for Newcomers"},"content":{"rendered":"<h1 style=\"text-align: center;\">Briefe<\/h1>\n<div class=\"grid-holder\">\n<div class=\"grid grid-desktop-50 grid-mobile-100\"><div class=\"holder\"><p>Willkommen bei der Globalen Friedensinitiative. Unsere Newcomer-Briefserie umfasst 8 aufeinanderfolgende Briefe. Lassen Sie uns mit dem Einf\u00fchrungsbrief beginnen, der die Basis bildet f\u00fcr das 14-min\u00fctige GPI Einf\u00fchrungs Video. Wir laden Sie ein, sich den Brief und das Video anzusehen \u2013 klicken Sie dazu einfach auf die Links in der rechten Spalte.<\/p>\n<p>Das 14-min\u00fctige Video beginnt mit der individuellen Erfahrung, dass w\u00e4hrend der Transzendentalen Meditation die Koh\u00e4renz der Gehirnfunktionen zunimmt. Danach wird der Gruppeneffekt erkl\u00e4rt als Basis der Globalen Friedensinitiative. Da diese Technologien wissenschaftlich fundiert sind, ist das Video ideal f\u00fcr jeden, der Transzendentale Meditation praktiziert, von Neulingen bis zu Langzeitmeditierenden. <\/p>\n<\/div><\/div>\n<div class=\"grid grid-desktop-50 grid-mobile-100\"><div class=\"holder\">\t<a href=\"https:\/\/donation.vedicpandits.org\/de\/letters-for-newcomers\/?image_video=https%3A%2F%2Fvimeo.com%2F269170050\" class=\"video-link \"><img loading=\"lazy\" decoding=\"async\" class=\"alignnone size-full wp-image-285\" src=\"\/wp-content\/uploads\/2019\/01\/header-german-01.png\" alt=\"yagya_hagelin_1web1\" width=\"912\" height=\"363\" \/><\/a>\n\n\t\n<p>Das GPI Einf\u00fchrungs Video ist eine kurze Zusammenfassung der verschiedenen Aspekte des Friedensprojektes.<\/p>\n<p><a href=\"https:\/\/us7.campaign-archive.com\/?e=&#038;u=0cc687d83ddcd228ddb1e46aa&#038;id=b7a6202d43\" rel=\"noopener noreferrer\" target=\"_blank\">Hier sehen Sie den Einf\u00fchrungs Brief<\/a><br \/>\n\t<a href=\"https:\/\/donation.vedicpandits.org\/de\/letters-for-newcomers\/?image_video=https%3A%2F%2Fwww.youtube.com%2Fwatch%3Fv%3DVwDdWnrT0NY%3Frel%3D0\" class=\"video-link no-pointer\"><em> Hier sehen Sie das Video<\/em><\/a>\n\n\t\n<\/div><\/div>\n<\/div>\n<div class=\"border-line\">&nbsp;<\/div>\n<div class=\"grid-holder\">\n<div class=\"grid grid-desktop-50 grid-mobile-100\"><div class=\"holder\"><p><img loading=\"lazy\" decoding=\"async\" src=\"https:\/\/donation.vedicpandits.org\/wp-content\/uploads\/2017\/11\/group_meditation.png\" width=\"290\" height=\"290\"\/><\/p>\n<p><img loading=\"lazy\" decoding=\"async\" src=\"https:\/\/donation.vedicpandits.org\/wp-content\/uploads\/2017\/10\/individuals_creating_world_peace.png\" width=\"290\" height=\"290\"\/><\/p>\n<p><img loading=\"lazy\" decoding=\"async\" src=\"https:\/\/donation.vedicpandits.org\/wp-content\/uploads\/2017\/11\/8_pandits.png\" width=\"290\" height=\"290\"\/><\/p>\n<p><img loading=\"lazy\" decoding=\"async\" src=\"https:\/\/donation.vedicpandits.org\/wp-content\/uploads\/2017\/11\/brahmasthan_india.png\" width=\"290\" height=\"290\"\/><\/p>\n<p><img loading=\"lazy\" decoding=\"async\" src=\"https:\/\/donation.vedicpandits.org\/wp-content\/uploads\/2017\/11\/pandit_group_with_embedded_world_map.png\" width=\"290\"  height=\"290\"\/><\/p>\n<\/div><\/div>\n<div class=\"grid grid-desktop-50 grid-mobile-100\"><div class=\"holder\"><h4>WISSENSCHAFT UND WELTFRIEDEN<\/h4>\n<p>Diese Serie von aufeinander aufbauenden Einf\u00fchrungsbriefen zeigt eine effektive und wissenschaftlich bewiesene Methode auf, mit der harmonische Tendenzen in der Welt gesteigert werden k\u00f6nnen, um Frieden zu bringen. Erfahren Sie, wie ein Einzelner, der das Programm der Transzendentalen Meditation aus\u00fcbt, eine Wirkung auf die Gesellschaft hat und wie das TM-Fortgeschrittenen-Programm, ausge\u00fcbt in gro\u00dfen Gruppen von Maharishi Vedischen Pandits, dauerhaften Frieden schaffen kann.<\/p>\n<\/p>\n<h4>NEWCOMER-BRIEFE<\/h4>\n<ol>\n<li>Ein effektives Programm f\u00fcr inneren und \u00e4u\u00dferen Frieden <br \/><a href=\"https:\/\/us7.campaign-archive.com\/?e=&#038;u=0cc687d83ddcd228ddb1e46aa&#038;id=731d3aa8ef\" rel=\"noopener noreferrer\" target=\"_blank\">Hier sehen Sie den 1. Brief<\/a><\/li>\n<li>Eine Gruppe von 9.000 kann Weltfrieden schaffen<br \/> <a href=\"https:\/\/us7.campaign-archive.com\/?e=&#038;u=0cc687d83ddcd228ddb1e46aa&#038;id=9f642eac15\" rel=\"noopener noreferrer\" target=\"_blank\">Hier sehen Sie den 2. Brief<\/a><\/li>\n<li>Ausgebildete Experten nutzen eine uralte Wissenschaft und Bewusstseins-Technologie, um Frieden zu schaffen <br \/><a href=\"https:\/\/us7.campaign-archive.com\/?e=&#038;u=0cc687d83ddcd228ddb1e46aa&#038;id=7daa6a8bf2\" rel=\"noopener noreferrer\" target=\"_blank\">Hier sehen Sie den 3. Brief<\/a><\/li>\n<li>Der Wind des Kalten Krieges hat sich zum Wind der Hoffnung gewandelt <br \/><a href=\"https:\/\/us7.campaign-archive.com\/?e=&#038;u=0cc687d83ddcd228ddb1e46aa&#038;id=cb9ebaaa70\" rel=\"noopener noreferrer\" target=\"_blank\">Hier sehen Sie den 4. Brief<\/a><\/li>\n<li>Die Wissenschaft des Klangs<br \/><a href=\"https:\/\/us7.campaign-archive.com\/?e=&#038;u=0cc687d83ddcd228ddb1e46aa&#038;id=ef0170116f\" rel=\"noopener noreferrer\" target=\"_blank\">Hier sehen Sie den 5. Brief<\/a><\/li>\n<li>9.000 Friedensexperten schaffen Frieden an einem besonderen Ort <br \/><a href=\"https:\/\/us7.campaign-archive.com\/?e=&#038;u=0cc687d83ddcd228ddb1e46aa&#038;id=c4ec3de49a\" rel=\"noopener noreferrer\" target=\"_blank\">Hier sehen Sie den 6. Brief<\/a><\/li>\n<li>Wie wir die f\u00fcr den Weltfrieden notwendige Anzahl von Friedensexperten erreichen <br \/><a href=\"https:\/\/us7.campaign-archive.com\/?e=&#038;u=0cc687d83ddcd228ddb1e46aa&#038;id=8aa13e4389\" rel=\"noopener noreferrer\" target=\"_blank\">Hier sehen Sie den 7. Brief<\/a><\/li\n\n\n<\/ol>\n<\/div><\/div>\n<\/div>\n","protected":false},"excerpt":{"rendered":"<p>Briefe<\/p>\n","protected":false},"author":3,"featured_media":0,"parent":0,"menu_order":0,"comment_status":"closed","ping_status":"closed","template":"","meta":{"om_disable_all_campaigns":false,"_monsterinsights_skip_tracking":false,"_monsterinsights_sitenote_active":false,"_monsterinsights_sitenote_note":"","_monsterinsights_sitenote_category":0,"footnotes":""},"class_list":["post-20378","page","type-page","status-publish","hentry"],"_links":{"self":[{"href":"https:\/\/donation.vedicpandits.org\/de\/wp-json\/wp\/v2\/pages\/20378","targetHints":{"allow":["GET"]}}],"collection":[{"href":"https:\/\/donation.vedicpandits.org\/de\/wp-json\/wp\/v2\/pages"}],"about":[{"href":"https:\/\/donation.vedicpandits.org\/de\/wp-json\/wp\/v2\/types\/page"}],"author":[{"embeddable":true,"href":"https:\/\/donation.vedicpandits.org\/de\/wp-json\/wp\/v2\/users\/3"}],"replies":[{"embeddable":true,"href":"https:\/\/donation.vedicpandits.org\/de\/wp-json\/wp\/v2\/comments?post=20378"}],"version-history":[{"count":8,"href":"https:\/\/donation.vedicpandits.org\/de\/wp-json\/wp\/v2\/pages\/20378\/revisions"}],"predecessor-version":[{"id":40227,"href":"https:\/\/donation.vedicpandits.org\/de\/wp-json\/wp\/v2\/pages\/20378\/revisions\/40227"}],"wp:attachment":[{"href":"https:\/\/donation.vedicpandits.org\/de\/wp-json\/wp\/v2\/media?parent=20378"}],"curies":[{"name":"wp","href":"https:\/\/api.w.org\/{rel}","templated":true}]}}