{"id":2671,"date":"2015-01-15T14:34:07","date_gmt":"2015-01-15T14:34:07","guid":{"rendered":"https:\/\/vedicpandits.org\/?page_id=2671"},"modified":"2019-03-22T02:54:52","modified_gmt":"2019-03-22T02:54:52","slug":"testimonials","status":"publish","type":"page","link":"https:\/\/donation.vedicpandits.org\/de\/testimonials\/","title":{"rendered":"Erfahrungsberichte"},"content":{"rendered":"<h4 id=\"testimonials\">ERFAHRUNGSBERICHTE \u00dcBER DIE WIRKUNG VON NATIONALEN YAGYAS<\/h4>\n<p style=\"text-align: left;\">W\u00e4hrend eines Nationalen Yagyas profitiert zwar Ihr Land von Ihrer Unterst\u00fctzung, entsprechend dem Gesetz der Wechselwirkung (Wie Du s\u00e4st, so wirst Du ernten), werden jedoch auch Sie pers\u00f6nlich etwas bemerken. Schon in der uralten Vedischen Tradition hei\u00dft es, dass diejenigen, die ein Yagya unterst\u00fctzen, die Beg\u00fcnstigten sind. Hier finden Sie Erfahrungsberichte von Personen, die Nationale Yagyas unterst\u00fctzt haben.<\/p>\n<div class=\"box-quote\">\n<p><strong>Alles bleibt sanft\u00a0<\/strong><br \/> \u201cBesonders w\u00e4hrend meines Meditations-Programms im Dom wird mir klar, dass seit dem Beginn der Nationalen Maharishi Yagyas alles sanft bleibt, ohne allzu gro\u00dfe Umw\u00e4lzungen, sogar wenn dramatische Ereignisse in unserem Leben stattfinden. Die Wirkung ist viel grundlegender als wir wirklich erfassen k\u00f6nnen und dieses Verst\u00e4ndnis macht mich sehr dankbar und gl\u00fccklich!\u201d <em>\u2014 Niederlande<\/em><\/p>\n<p><strong>Das Leben ist so freundlich zu mir gewesen \u00a0<\/strong> <br \/>\u201cVielen, vielen Dank an die Nationalen Yagyas. Es war der friedlichste August in Taiwan seit 1947, denn im August 2014 gab es keine Taifune. Es ist f\u00fcr die Meteorologen einfach unglaublich! Das Leben ist zu mir so freundlich gewesen und ich erfreue mich einfach an allem, was ich tue. Und ich glaube, der Dank geb\u00fchrt den Nationalen Yagyas, die wir f\u00fcr Taiwan ausgef\u00fchrt haben. Alles ist f\u00fcr mich so m\u00fchelos geworden. Ich flie\u00dfe einfach mit meinem Dharma und erreiche alles, was ich erreichen m\u00f6chte, eins nach dem anderen in vollkommener Reihenfolge. Neue M\u00f6glichkeiten er\u00f6ffnen sich und ich habe ein immer besseres Einkommen.\u201d <em>\u2014 Taiwan<\/em><\/p>\n<p><strong>Das Wissen, mit dem man Weltfrieden schaffen kann \u00a0<\/strong> <br \/>\u201cWenn man erst einmal wei\u00df, dass es dieses Wissen gibt, mit dem man Weltfrieden und den Himmel auf Erden erschaffen kann, denkt man: oh, ich habe eine Verantwortung. Aber gleichzeitig kommt ein Gl\u00fccksgef\u00fchl und Freude auf und man bekommt mehr zur\u00fcck, als man gibt.  \u2026F\u00fcr mich ist es also eine Investition\u2026 und ich meine das w\u00f6rtlich.\u201d <em>\u2014 Belgien<\/em><\/p>\n<\/div>\n<p><!--[accordion]\n[accordion_entry title=\"&gt; Lesen Sie mehr Erfahrungsberichte \u00fcber die Wirkung von Nationalen Yagyas.\"]\n\n\n<div class=\"box-quote\">\n\n\n<p><strong>Ich f\u00fchle mehr Unterst\u00fctzung \u00a0<\/strong> <br \/>\u201cJedes Mal, wenn ich die Vedischen Pandits mit den Spenden aus meiner Familie f\u00f6rdern kann, habe ich in den unterschiedlichen Bereichen meines Lebens mehr Unterst\u00fctzung und es ist wie beim Schneeball-Effekt. Diese Unterst\u00fctzung flie\u00dft ebenfalls zu den Menschen, die ich sch\u00e4tze, und so sind wir mehr und mehr ein kleiner, gl\u00fccklicher Fluss, der zu mehr Gl\u00fcckseligkeit um uns herum beitr\u00e4gt. Nochmals vielen Dank daf\u00fcr, dass wir an dieser gro\u00dfartigen Errungenschaft teilhaben d\u00fcrfen.\u201d <em>\u2014 Frankreich<\/em><\/p>\n\n\n\n\n\n<p><strong>Die Polizei deckte <\/strong> <br \/>\"W\u00e4hrend ich mit Freunden zusammen sa\u00df und ihnen von der gro\u00dfen Unterst\u00fctzung erz\u00e4hlte, die ich w\u00e4hrend des Nationalen Yagyas erfuhr, das ich gesponsert hatte, bemerkte ich, wie mein Fahrrad gestohlen wurde (ein sehr teures von 2009 aus Amerika!) Gl\u00fccklicherweise sah der Kellner den Dieb und wir konnten der Polizei eine genaue Beschreibung geben. Dadurch fand die Polizei ein paar Tage sp\u00e4ter mein Fahrrad zusammen mit sieben anderen und deckte eine ganze Serie von organisierter Kriminalit\u00e4t auf. Ich war total froh, dass ich mein Fahrrad wieder hatte, sogar in einem besseren Zustand als vorher. Es sah fast aus wie neu. Seitdem ist in meiner Stadt kein einziges Fahrrad mehr gestohlen worden. Mir wurde klar, wieviel Koh\u00e4renz das Nationale Yagya in unserem Land, in meiner Stadt und sogar f\u00fcr einzelne Menschen erzeugt hat.\" <em>\u2014 Kroatien <\/em><\/p>\n\n\n\n\n\n<p><strong> Ich f\u00fchlte mich die ganze Zeit v\u00f6llig zufrieden \u00a0<\/strong> <br \/>\u201c'Obwohl ich nur einen bescheidenen, minimalen Beitrag geleistet habe, ging es mir w\u00e4hrend des Nationalen Yagyas so derma\u00dfen gut, dass ich die ganze Zeit \u00fcber v\u00f6llig zufrieden war, egal was ich getan oder nicht getan habe. Durch dieses Wohlbefinden war es, als ob ich mit anderen Menschen auf einer Wellenl\u00e4nge eingestimmt w\u00e4re. Jegliche Kommunikation war auf Vertrauen gegr\u00fcndet, so dass es die Barrieren, die man normalerweise aufrecht erh\u00e4lt, nicht mehr gab.\u201d <em>\u2014 Italien<\/em><\/p>\n\n\n\n\n\n<p><strong>Mir sind Aufgaben in meinem Beruf zugeteilt worden, die ich wirklich mag \u00a0<\/strong> <br \/>\u201cNur eine Woche, nachdem ich meinen Beitrag zum Nationalen Yagya gegeben habe, sind mir Aufgaben in meinem Beruf zugeteilt worden, die ich wirklich mag und die Beziehung zu meinen Vorgesetzten ist auf magische Weise ruhig, was noch nie zuvor geschehen ist. Ich f\u00fchle mich gut, wenn ich an der Arbeit bin. Das Sprichwort ist wahr: Hilf dir selbst, dann hilft dir der Himmel. Jetzt werde ich sicher dauerhaft monatlich f\u00fcr die Maharishi Pandits spenden.\u201d <em>\u2014 Italien\n<\/em><\/p>\n\n\n\n\n\n<p><strong>Wir sind der Kosmischen Intelligenz zutiefst dankbar, dass sie uns bei den schweren Pr\u00fcfungen im Leben unterst\u00fctzt hat. <\/strong>\n\u201cVielen Dank f\u00fcr das Nationale Yagya, das im Namen meines Schwiegersohnes durchgef\u00fchrt wurde. Ich wei\u00df, dass das Yagya die Ver\u00e4nderung und die Gnade herbei gef\u00fchrt hat, die unsere Familie jeden Tag erfahren durfte: finanzielle Unterst\u00fctzung, medizinische Versorgung, den f\u00fcrsorglichen Arzt, der sich weit \u00fcber seine Pflicht eingesetzt hat, meine Tochter, die alles gemanaged hat und die Unterst\u00fctzung von Freunden, Verwandten und so vielen Menschen und Gruppen.\n\n\nWir sind der Kosmischen Intelligenz  so sehr dankbar, dass sie uns bei den schweren Pr\u00fcfungen im Leben unterst\u00fctzt hat. Unserem Schwiegersohn geht es gut und er kehrt zu einem so normalen Leben wie m\u00f6glich zur\u00fcck. Unsere Herzen sind voll grenzenloser Dankbarkeit f\u00fcr die unendliche Gnade, die wir erfahren haben.\u201d <em>\u2014 Trinidad und Tobago<\/em><\/p>\n\n\n\n\n\n<p><strong>Seit diesem Yagya geht es unserem Gesch\u00e4ft viel besser \u00a0<\/strong> <br \/>\u201cIch bestellte ein Nationales Yagya f\u00fcr Neuseeland und hatte meine Nation, meine Familie und die Belange unseres Gesch\u00e4fts im Bewusstsein. Die Rezession hier, besonders im Jahre 2011, war f\u00fcr jeden sehr hart, auch f\u00fcr unser eigenes Gesch\u00e4ft. Seit diesem Yagya geht es\u00a0unserem Gesch\u00e4ft viel besser! Mein Mann arbeitet unglaublich hart und wir arbeiten auch viel h\u00e4rter an dem, was verbessert werden muss. Aber es ist klar, dass der Erfolg nicht nur daher r\u00fchrte, dass wir bestehende Kunden angerufen haben, sondern eher von neuen Kunden, die uns anrufen. Wir machen \u00fcberhaupt kein Marketing oder Werbung, au\u00dfer auf unseren Firmenfahrzeugen und unserer Webseite. Wir m\u00fcssen sogar Arbeit abgeben \u2013 das ist noch NIEMALS vorher passiert.\u201d <em>\u2014\u00a0Neuseeland<\/em><\/p>\n\n\n\n\n\n<p><strong>Ein wesentlicher Teil unseres Gesch\u00e4fts \u00a0<\/strong> <br \/>\u201cWir hatten mehr\u00a0Erfolg und f\u00fchlten uns wirklich mit dem Naturgesetz verbunden. Dies ist ein weiteres gro\u00dfes Geschenk von Maharishi, das wir nun als einen wesentlichen Bestandteil unseres Gesch\u00e4fts betrachten.\u201d <em>\u2014 USA<\/em><\/p>\n\n\n\n\n\n<p><strong>Das Leben ist so freundlich<\/strong> <br \/>\u201cVielen, vielen Dank an die Nationalen Yagyas. Es war der friedlichste August in Taiwan seit 1947, denn im August 2014 gab es keine Taifune. Es ist f\u00fcr die Meteorologen einfach unglaublich! Das Leben ist zu mir so freundlich gewesen und ich erfreue mich einfach an allem, was ich tue. Und ich glaube, der Dank geb\u00fchrt den Nationalen Yagyas, die wir f\u00fcr Taiwan ausgef\u00fchrt haben. Alles ist f\u00fcr mich so m\u00fchelos geworden. Ich flie\u00dfe einfach mit meinem Dharma und erreiche alles, was ich erreichen m\u00f6chte, eins nach dem anderen in vollkommener Reihenfolge. Neue M\u00f6glichkeiten er\u00f6ffnen sich und ich habe ein immer besseres Einkommen.\u201d <em>\u2014 Taiwan<\/em><\/p>\n\n\n\n\n\n<p><strong>Leben, wie es sein sollte \u00a0<\/strong> <br \/>\u201cMein K\u00f6rper, meine Gef\u00fchle und t\u00e4glichen Aktivit\u00e4ten scheinen w\u00e4hrend der Yagyas flie\u00dfender und leichter zu sein. Sogar die herausforderndsten Situationen, egal\u00a0ob im pers\u00f6nlichen, beruflichen oder famili\u00e4ren Bereich ordneten sich m\u00fchelos. So\u00a0ist das Leben, wie es sein sollte.\u201d <em>\u2014 USA<\/em><\/p>\n\n\n\n\n\n<p><strong>Alles bleibt sanft\u00a0<\/strong><br \/> \u201cBesonders w\u00e4hrend meines Meditations-Programms im Dom wird mir klar, dass seit dem Beginn der Nationalen Maharishi Yagyas alles sanft bleibt, ohne allzu gro\u00dfe Umw\u00e4lzungen, sogar wenn dramatische Ereignisse in unserem Leben stattfinden. Die Wirkung ist viel grundlegender als wir wirklich erfassen k\u00f6nnen und dieses Verst\u00e4ndnis macht mich sehr dankbar und gl\u00fccklich!\u201d <em>\u2014 Niederlande<\/em><\/p>\n\n\n<\/div>\n\n\n[\/accordion_entry]\n[\/accordion]--><br \/>\n<div class=\"border-line\">&nbsp;<\/div>\n<div class=\"grid-holder\">\n<div class=\"grid grid-desktop-50 grid-mobile-100\"><div class=\"holder\"><h4 id=\"testimonials\">VER\u00c4NDERUNGEN\u00a0AUF NATIONALER EBENE<\/h4>\n<p>Hier finden\u00a0Sie Beispiele von Ver\u00e4nderungen, die w\u00e4hrend oder nach einem Nationalen Yagya auf wirtschaftlicher und politischer Ebene eines Landes aufgetreten sind. <a href=\"https:\/\/donation.vedicpandits.org\/de\/yagya\/national-yagya\/\">Nationale Yagyas<\/a> werden mit einer bestimmten Absicht\u00a0durchgef\u00fchrt, die im Vorfeld festgelegt wird, zum Beispiel wirtschaftlicher Fortschritt, verbesserte Gesundheit, nationale Harmonie, Verringerung von Naturkatastrophen oder Gewalt etc. Einzelne Spender k\u00f6nnen auch den\u00a0gesamten Betrag f\u00fcr ein Nationales Yagya geben. In diesem Fall werden Sie, Ihr Unternehmen, oder eine von Ihnen bestimmte Gruppe oder andere Person in dem Yagya namentlich genannt und Sie k\u00f6nnen die Absicht\u00a0des Yagyas w\u00e4hlen.<\/p>\n<\/div><\/div>\n<div class=\"grid grid-desktop-50 grid-mobile-100\"><div class=\"holder\"><p><img loading=\"lazy\" decoding=\"async\" class=\"alignright wp-image-2189\" src=\"\/wp-content\/uploads\/2015\/01\/testimonial_sized_small-300x226.jpg\" alt=\"testimonial_sized_small\" width=\"376\" height=\"284\" srcset=\"https:\/\/donation.vedicpandits.org\/wp-content\/uploads\/2015\/01\/testimonial_sized_small-300x226.jpg 300w, https:\/\/donation.vedicpandits.org\/wp-content\/uploads\/2015\/01\/testimonial_sized_small.jpg 408w\" sizes=\"auto, (max-width: 376px) 100vw, 376px\" \/><\/p>\n<\/div><\/div>\n<\/div>\n<div class=\"box-quote\">\n<p>TAIWAN 2015<br \/>\n&#8222;Das aktuelle Nationale Yagya hat ebenfalls eine sehr machtvolle Wirkung gezeigt! Zwei Taifune (CNN bezeichete den zweiten als &#8222;Monster-Taifun&#8220;) sind vorbeigezogen und nicht in Taiwan gelandet! Wir hatten lediglich ein paar windige Tage und gerade soviel Regen, dass die Stauseen aufgef\u00fcllt wurden, die schon knapp an Wasser waren. Dank des Nationalen Yagyas waren alle in Taiwan sicher.&#8220;  Chin-Fen Lee &#8211; Ambassador f\u00fcr Taiwan<\/p>\n<p>NEUSEELAND 2015<br \/>\n\u201cNach mehreren Yagyas f\u00fcr die Reinheit unserer Nahrung hat sich ein Nahrungsmittelproduzent in einem unserer gro\u00dfen Districts f\u00fcr eine GMO-freie Produktion entschieden (jetzt verkauft er nur noch Nahrungsmittel, die keine genetisch ver\u00e4nderten Bestandteile enthalten). Ebenso hat das Hastings District Council einen 10-Jahresplan best\u00e4tigt \u2013 obwohl wir es mit sehr machtvollen GMO-Lobby-Gruppen zu tun hatten \u2013 das jegliche Freisetzung von GMOs in der Landwirtschaft oder auf Testfeldern verbietet.<br \/>\nF\u00fcr alle GMO-frei-Engagierten \u2013 wie mich \u2013 sind das gro\u00dfartige Neuigkeiten.<\/p>\n<p>ARGENTINIEN 2015<br \/>\n&#8222;Im Oktober und November lie\u00dfen wir zwei sehr gro\u00dfe Nationale Yagyas durchf\u00fchren mit dem Zweck, dass sich unser Land harmonisch entwickelt. Ende 2015 beobachteten wir bedeutsame Ereignisse in Argentinien: die politischen und sozialen Ver\u00e4nderungen w\u00e4hrend der Wahlen im Oktober und November fanden auf geordnete und sanfte Weise statt. <\/p>\n<\/div>\n<div class=\"accordion\"><div class=\"accordion-entry\"><em><a href=\"#\">&gt; Lesen Sie mehr Erfahrungsberichte von L\u00e4ndern, f\u00fcr die Nationale Yagyas durchgef\u00fchrt wurden.<\/a><\/em><div class=\"hidden-content\">\n<div class=\"box-quote\">\nLIBANON 2014<br \/>\n\u201cIch denke, jeder hat von den Terroristen in Syrien und im Irak geh\u00f6rt. Sie k\u00fcndigten an, dass sie einige St\u00e4dte im Libanon angreifen w\u00fcrden. In den letzten 10 Tagen wurden drei Angriffe vorbereitet, aber sie schlugen alle fehl, weil sie rechtzeitig von der Armee und der Polizei entdeckt wurden. In den Nachrichten hie\u00df es: Libanon wurde vor einem dritten gescheiterten Angriff gerettet: das ist unerkl\u00e4rlich, das ist eine g\u00f6ttliche F\u00fcgung. Wir haben schon vorher viele \u00e4hnliche Situationen gehabt. Es ist nicht das erste Mal. Dieser Schutz im Libanon ist ganz klar auf die Wirkung der Maharishi Nationalen Yagyas der letzten 3 Jahre zur\u00fcck zu f\u00fchren. Wir haben Nationale Yagyas in jedem Yagya Zyklus \u2013 zweimal im Monat. Das werden wir fortsetzen, um den Libanon immer besch\u00fctzt zu halten. Wir sind sehr dankbar\u00a0f\u00fcr Maharishis Programme und die Maharishi Vedischen Pandits im Brahmasthan von Indien.\u201d <em>Salim Haddad &#8211; Botschafter der Globalen Friedensinitiative\u00a0f\u00fcr den Libanon<\/em><\/p>\n<p>KOLUMBIEN 2013<br \/>\n&#8222;Maharishi Nationale Yagyas sind f\u00fcr unser Land der gr\u00f6\u00dfte Segen, den wir erhalten k\u00f6nnen. Wir sind verbl\u00fcfft dar\u00fcber, wie au\u00dfergew\u00f6hnlich die Erfahrungen unserer Meditierenden und Sidhas w\u00e4hrend und nach unseren Nationalen Yagyas sind, insbesondere die unserer Spender. Gleichzeitig wird die Koh\u00e4renz im ganzen Land angehoben und verschiedenste Bereiche des nationalen Lebens werden unterst\u00fctzt. Wir sehen in den Nachrichten, wie sich die Absicht der Nationalen Yagyas in den Handlungen der Regierenden unseres Landes widerspiegelt. Wir f\u00fchlen, dass das Maharishi Nationale Yagya Programm eine machtvolle Technik ist, die unendliche organisierende Kraft des Naturgesetzes zu nutzen. Wir sind Maharishi und Guru Dev h\u00f6chst dankbar, dass sie uns diese machtvolle Technologie zug\u00e4nglich gemacht haben, um die Trends der Zeit positiv zu beeinflussen.&#8220; <em>Paul Fabre &#8211; Botschafter der Globalen Friedensinitiative\u00a0fur Kolumbien<\/em><\/p>\n<p><!--PORTUGAL, 2012\nEs gab einen Volksaufstand gegen eine neue und harte \u2018einheitliche Sozialsteuer\u2019. Nach dem\u00a0Nationalen Yagya hat sich diese Situation\u00a0auf bemerkenswerte, gewaltfreie und friedliche Weise aufgel\u00f6st.\n\nUKRAINE 2014\n\"VIELEN DANK an alle aus Maharishis weltweiter Familie und an die L\u00e4nder, die die Ukraine mit Nationalen Yagyas unterst\u00fctzen! Wir sehen jedes Mal deutlich ihre Wirkung \u2013 weniger Gewalt und weniger Sterben, mehr Friedensverhandlungen. Ihr rettet Leben, im wahrsten Sinne des Wortes.\" <em>Natalia Lukyanenko - Botschafterin der Globalen Friedensinitiative\u00a0und Mitarbeiterin des Nationalen Kursb\u00fcros in der Ukraine<\/em>\n\n\nLIBANON, 2012\nSeit Januar 2011 wurden regelm\u00e4\u00dfig\u00a0Nationale Yagyas f\u00fcr den Libanon durchgef\u00fchrt. Spannungen und interne Konflikte haben sich deutlich verringert, viele politische Attentatsversuche scheiterten, die Pl\u00e4ne von Terroristen wurden aufgedeckt und abgewendet und bewaffnete Konflikte verhindert. Spender f\u00fcr Yagyas berichteten von wundervollen pers\u00f6nlichen Erfahrungen. Selbst der libanesische Pr\u00e4sident verk\u00fcndete: \u201cSeit Januar 2011 bis heute herrscht im Libanon ein Zustand von unerwarteter Stabilit\u00e4t.\u201d--><\/p>\n<p>USA, 2012<br \/>\nNationale Yagyas, die durchgef\u00fchrt wurden, um Regen zu bringen, f\u00fchrten tats\u00e4chlich dazu, dass es\u00a0in den vormals landesweit verdorrten Gebieten regnete. Dar\u00fcber hinaus kann man eine st\u00e4ndige Verbesserung im Wirtschaftswachstum auf jetzt 3,1% feststellen, eine geringere Arbeitslosigkeit, gestiegene industrielle Produktivit\u00e4t, ein gest\u00e4rktes Vertrauen der Verbraucher, eine sanfte und koh\u00e4rente Wahl, und sogar der gef\u00fcrchtete 21. Dezember 2012 verlief enorm positiv.<\/p>\n<p>SERBIEN 2014<br \/>\n&#8222;Serbien erlitt vor ein paar Monaten verheerende \u00dcberschwemmungen. G\u00fctige Spender und unerwartete Unterst\u00fctzung f\u00fcr Nationale Yagyas kamen genau vor den n\u00e4chsten vorhergesagten Fluten. W\u00e4hrend dieser Zeit \u00e4u\u00dferten die Politiker mit Staunen, wie viel Gl\u00fcck wir gehabt h\u00e4tten, weil die zweite Flutwelle nicht gekommen war. Wir sind die einzigen, die wissen, dass dieses Gl\u00fcck durch die Maharishi Nationalen Yagyas unterst\u00fctzt wurde.&#8220; <em>Voja Trajkovic &#8211; Botschafter der Globalen Friedensinitiative f\u00fcr Serbien<\/em><\/p>\n<p>GHANA 2012<br \/>\n\u201cUnsere Wahl in Ghana fand k\u00fcrzlich nach einem Nationalen Yagya statt. Sie wurde als die beste und friedlichste\u00a0Wahl in der ganzen Geschichte der Nation beschrieben. Dass das aus Afrika kommt, spricht B\u00e4nde. Wir sind unserem Maharishi Ji, der uns dieses Wissen hinterlassen hat, sehr dankbar. Wir hoffen, dass wir auf unsere eigene bescheidene Art zum Frieden beitragen k\u00f6nnen.\u201d <em>&#8211; der Nationale Direktor des Programms der Transzendentalen Meditation in Ghana<\/em>\n<\/div>\n<a href=\"#\" class=\"close\">Close Section<\/a><\/div><\/div>\n<\/div>\n<div class=\"border-line\">&nbsp;<\/div>\n<div class=\"grid-holder\">\n<div class=\"grid grid-desktop-50 grid-mobile-100\"><div class=\"holder\"><h4 id=\"testimonials\">ERFAHRUNGEN MIT\u00a0SPECIAL YAGYAS<\/h4>\n<p>Special Yagyas unterscheiden sich von Nationalen Yagyas. Maharishi entwickelte eine Serie von speziellen Yagyas, f\u00fcr\u00a0wichtige Ereignisse\u00a0im Leben einer Person.<\/p>\n<p><a title=\"Special Yagya page\" href=\"https:\/\/donation.vedicpandits.org\/de\/yagya\/special-yagya\/\">Special Yagyas<\/a>\u00a0gibt es\u00a0f\u00fcr:<\/p>\n<ul>\n<li>GEBURTSTAGE: durchgef\u00fchrt am Geburtstag<\/li>\n<li>WOHLERGEHEN: zu jeder Zeit<\/li>\n<li>HOCHZEITEN: durchgef\u00fchrt am Tag der Hochzeit<\/li>\n<li>HOCHZEITSTAGE: durchgef\u00fchrt am Hochzeitstag<\/li>\n<li>GEBURTEN: durchgef\u00fchrt 40 Tage nach der Geburt<\/li>\n<\/ul>\n<p>Hier\u00a0k\u00f6nnen Sie \u00fcber Erfahrungen von Personen lesen, f\u00fcr die ein Geburtstags- oder Hochzeitstags-Yagya durchgef\u00fchrt wurde.<\/p>\n<\/div><\/div>\n<div class=\"grid grid-desktop-50 grid-mobile-100\"><div class=\"holder\"><p><img loading=\"lazy\" decoding=\"async\" class=\"alignright size-full wp-image-2345\" src=\"\/wp-content\/uploads\/2015\/01\/testimonials_specialyagya.jpg\" alt=\"testimonials_specialyagya\" width=\"408\" height=\"308\" srcset=\"https:\/\/donation.vedicpandits.org\/wp-content\/uploads\/2015\/01\/testimonials_specialyagya.jpg 408w, https:\/\/donation.vedicpandits.org\/wp-content\/uploads\/2015\/01\/testimonials_specialyagya-300x226.jpg 300w\" sizes=\"auto, (max-width: 408px) 100vw, 408px\" \/><\/p>\n<\/div><\/div>\n<\/div>\n<div class=\"box-quote\">\n<p><strong>Alles ging m\u00fchelos<\/strong>\u00a0<br \/> \u201cIch\u00a0war zutiefst \u00fcberrascht, dass an meinem Geburtstag alles um mich herum so m\u00fchelos, friedvoll und sanft ablief. Es war sp\u00fcrbar anders als an anderen Geburtstagen. Vielen Dank an diejenigen, die das organisiert haben.\u201d\u00a0<em>&#8211; Kanada<\/em><\/p>\n<p><strong>Der gl\u00fccklichste Geburtstag, den ich jeh hatte \u00a0<\/strong> <br \/>&#8222;Einige Situationen, die in letzter Zeit stagnierten, begannen nun, sich in die richtige Richtung zu bewegen. Wie mein Geburtstag, der seit vielen Jahren der gl\u00fccklichste war, an den ich mich erinnere. Es war eine ganze Woche des Feierns, etwas, das ich wahrscheinlich noch nie erlebt habe, selbst in meinen besten Jahren als Teenager nicht. Ich bin sehr gl\u00fccklich mit dem Ergebnis des Yagyas. Ich hoffe, mein n\u00e4chster Geburtstag kommt bald.&#8220; <em>&#8211; Italien<\/em><\/p>\n<p><strong>Ich f\u00fchle mich gesegnet \u00a0<\/strong> <br \/>\u201cDas Yagya bewirkte definitiv eine Ver\u00e4nderung des Bewusstseins. Ich f\u00fchle mich wirklich gesegnet. Ich freue mich auf jeden Fall darauf, jedes Jahr ein Geburtstags-Yagya zu bekommen.\u201d <em>&#8211;\u00a0Gro\u00dfbritannien<\/em><\/p>\n<p><strong>Das kosmische L\u00e4cheln<\/strong>\u00a0<br \/> \u201cDie Erfahrung ist wirklich kosmisch und vereint alle Ebenen menschlicher Existenz in einem kosmischen L\u00e4cheln. Man f\u00fchlt sich, als sei man mit Goldstaub \u00fcbersch\u00fcttet. Danke an alle Vedischen Pandits, die Yagyas durchf\u00fchren und die gesamte Vedische Tradition, die uns dieses reine Wissen gebracht hat.\u201d <em>&#8211; Serbien<\/em><\/p>\n<\/div>\n<div class=\"accordion\"><div class=\"accordion-entry\"><em><a href=\"#\">&gt; Lesen Sie mehr \u00fcber Erfahrungen nach einem Special Yagya.<\/a><\/em><div class=\"hidden-content\">\n<div class=\"box-quote\">\n<p><strong>Es war eine wundervolle Erfahrung \u00a0<\/strong> <br \/>\u201cEs war mein erstes Maharishi Yagya und es war eine wundervolle Erfahrung. Ich plane, jedes Jahr eines zu bekommen. In der Nacht vor meinem Geburtstag f\u00fchlte ich intensive Wellen von Gl\u00fcckseligkeit. Seitdem haben sich viele Themen aufgel\u00f6st, mit denen ich schon eine lange Zeit zu tun hatte (was wirklich eine Befreiung war) und ich f\u00fchle\u00a0mich gl\u00fccklicher und zufriedener. Wenn Hindernisse im t\u00e4glichen Leben auftauchen, scheinen sie sich einfacher aufzul\u00f6sen und meine Handlungen scheinen wirkungsvoller. Danke, dass Sie uns diese Yagyas verf\u00fcgbar gemacht haben.\u201d <em>&#8211; Kanada<\/em><\/p>\n<p><strong>Die Wirkung war offensichtlich \u00a0<\/strong> <br \/>\u201cWir haben nicht erwartet, dass sich das Yagya so direkt auswirken w\u00fcrde, aber die Wirkung war offensichtlich. Es erinnerte mich an die Erfahrung eines langen Rundenkurses. Schwer zu beschreiben, aber nicht zu \u00fcbersehen.\u201d <em>&#8211; USA<\/em><\/p>\n<p><strong>Etwas ganz Besonderes ist geschehen \u00a0<\/strong> <br \/>\u201cSobald ich f\u00fcr das Yagya zum Hochzeitstag bezahlt hatte, passierte etwas ganz Besonders in unserer Beziehung. Jetzt ist es, als sei alles so rein, so durchsichtig. Es ist ein Wunder, dass ein Yagya schon wirkt, wenn man nur daf\u00fcr bezahlt hat.\u201d <em>&#8211; Niederlande<\/em><\/p>\n<p><strong>Verankert im Absoluten<\/strong>\u00a0<br \/> \u201cWir f\u00fchlten uns beide die ganze Zeit im Absoluten verankert: ein Gef\u00fchl als seien wir unersch\u00fctterlich \u2013 wirklich. \u00dcberfl\u00fcssig zu sagen, dass wir uns auf das n\u00e4chste freuen.\u201d<em> &#8211; USA<\/em><\/p>\n<p><strong>Das Yagya blies M\u00fcdigkeit und Furcht hinfort \u00a0<\/strong> <br \/>\u201cEs war eine gute Entscheidung, mir selbst ein Yagya zum sechzigsten Geburtstag zu g\u00f6nnen. Ich hatte sch\u00f6ne\u00a0Erfahrungen an diesem Tag. Ich f\u00fchlte mich sehr gl\u00fccklich, sanft, und alle meine Aktivit\u00e4ten verliefen ruhiger und entspannter als \u00fcblich. Ich f\u00fchle mich immer noch hoffnungsvoll und scheine im t\u00e4glichen Leben mehr Unterst\u00fctzung zu haben. Aber das Beste ist, dass sich mein Herz ge\u00f6ffnet hat und meine Meditationen nun tiefer sind als vorher. Das Yagya scheint auch die M\u00fcdigkeit und Furcht aus der Vergangenheit hinfort geblasen zu haben. Sie sind fort und ich empfehle wirklich jedem, f\u00fcr ein Geburtstags-Yagya zu sparen.\u201d <em>&#8211;\u00a0Deutschland<\/em><\/p>\n<p><strong>Das Leben flie\u00dft sanfter \u00a0<\/strong> <br \/>\u201cDer Effekt des Yagyas ist erstaunlich \u2013 viele, mit denen ich gesprochen habe, bemerkten die gleiche Qualit\u00e4t der Erfahrung wie ich. Das Leben flie\u00dft so viel sanfter, die Naturunterst\u00fctzung ist auf kleine oder gro\u00dfe Weise konstant vorhanden, Hindernisse verschwinden. Ich kann mich mit allem im Frieden f\u00fchlen.\u201d <em>&#8211; USA<\/em><\/p>\n<\/div>\n<a href=\"#\" class=\"close\">Close Section<\/a><\/div><\/div>\n<\/div>\n","protected":false},"excerpt":{"rendered":"<p>ERFAHRUNGSBERICHTE \u00dcBER DIE WIRKUNG VON NATIONALEN YAGYAS W\u00e4hrend eines Nationalen Yagyas profitiert zwar Ihr Land von Ihrer Unterst\u00fctzung, entsprechend dem Gesetz der Wechselwirkung (Wie Du s\u00e4st, so wirst Du ernten), werden jedoch auch Sie pers\u00f6nlich etwas bemerken. Schon in der uralten Vedischen Tradition hei\u00dft es, dass diejenigen, die ein Yagya unterst\u00fctzen, die Beg\u00fcnstigten sind. Hier [&hellip;]<\/p>\n","protected":false},"author":3,"featured_media":2394,"parent":0,"menu_order":0,"comment_status":"closed","ping_status":"closed","template":"","meta":{"om_disable_all_campaigns":false,"_monsterinsights_skip_tracking":false,"_monsterinsights_sitenote_active":false,"_monsterinsights_sitenote_note":"","_monsterinsights_sitenote_category":0,"footnotes":""},"class_list":["post-2671","page","type-page","status-publish","has-post-thumbnail","hentry"],"_links":{"self":[{"href":"https:\/\/donation.vedicpandits.org\/de\/wp-json\/wp\/v2\/pages\/2671","targetHints":{"allow":["GET"]}}],"collection":[{"href":"https:\/\/donation.vedicpandits.org\/de\/wp-json\/wp\/v2\/pages"}],"about":[{"href":"https:\/\/donation.vedicpandits.org\/de\/wp-json\/wp\/v2\/types\/page"}],"author":[{"embeddable":true,"href":"https:\/\/donation.vedicpandits.org\/de\/wp-json\/wp\/v2\/users\/3"}],"replies":[{"embeddable":true,"href":"https:\/\/donation.vedicpandits.org\/de\/wp-json\/wp\/v2\/comments?post=2671"}],"version-history":[{"count":54,"href":"https:\/\/donation.vedicpandits.org\/de\/wp-json\/wp\/v2\/pages\/2671\/revisions"}],"predecessor-version":[{"id":20943,"href":"https:\/\/donation.vedicpandits.org\/de\/wp-json\/wp\/v2\/pages\/2671\/revisions\/20943"}],"wp:featuredmedia":[{"embeddable":true,"href":"https:\/\/donation.vedicpandits.org\/de\/wp-json\/wp\/v2\/media\/2394"}],"wp:attachment":[{"href":"https:\/\/donation.vedicpandits.org\/de\/wp-json\/wp\/v2\/media?parent=2671"}],"curies":[{"name":"wp","href":"https:\/\/api.w.org\/{rel}","templated":true}]}}