{"id":980,"date":"2014-04-08T07:02:34","date_gmt":"2014-04-08T07:02:34","guid":{"rendered":"https:\/\/vedicpandits.org\/home-2\/"},"modified":"2025-05-03T16:23:03","modified_gmt":"2025-05-03T16:23:03","slug":"home","status":"publish","type":"page","link":"https:\/\/donation.vedicpandits.org\/de\/","title":{"rendered":"Home"},"content":{"rendered":"<h4>VEDISCHE BEWUSSTSEINS-TECHNOLOGIEN F\u00dcR DEN WELTFRIEDEN<\/h4>\n<p>In Indien wird gerade eine gro\u00dfe Gruppe von Maharishi Vedischen Pandits aufgebaut, um einen Einfluss von Harmonie f\u00fcr die ganze Welt zu erzeugen.<\/p>\n<p>Vierzig Jahre wissenschaftlicher Forschung haben eindeutig belegt, dass eine Gruppe von 9000 Personen, die zusammen an einem Ort Transzendentale Meditation und das TM-Sidhi Programm einschlie\u00dflich Yogisches Fliegen aus\u00fcbt, einen sehr machtvollen Effekt hat, um die Qualit\u00e4t des Lebens in allen Teilen der Welt stark zu verbessern.<\/p>\n<p>Dank der Unterst\u00fctzung von gro\u00dfz\u00fcgigen Spendern aus \u00fcber 90 L\u00e4ndern ist die Gruppe der Pandits am Brahmasthan (dem geographischen Mittelpunkt) von Indien in den letzten Jahren auf ca. 2000 angewachsen. Es ist unser Ziel, die j\u00e4hrlichen Spenden f\u00fcr das dauerhafte Bestehen der vollst\u00e4ndigen Gruppe von 9000 Pandits zu steigern und dann einen Stiftungsfond zur permanenten Erhaltung dieser Gruppe einzurichten, die den Frieden in der Welt f\u00fcr alle Zeiten sichern wird.<\/p>\n<div style=\"width:200px; margin-top:50px; margin-left:10px;\"  class=\"align right\">\n\t<a href=\"https:\/\/donation.vedicpandits.org\/de\/?image_video=https%3A%2F%2Fvimeo.com%2F269170050\" class=\"video-link \"><img decoding=\"async\" class=\"alignnone size-full wp-image-285\" src=\"https:\/\/donation.vedicpandits.org\/wp-content\/uploads\/2018\/03\/Tall-blue-globe-copy.jpeg\" alt=\"landscape format of blue globe with pandits\" width=\"200\" \/><\/a>\n\n\t<\/div>\n<h4 style=\"margin-top:25px;\">Ein 14-min\u00fctiges Einf\u00fchrungsvideo<\/h4>\n<p>In nur 14 Minuten k\u00f6nnen Sie erfahren, wie die Transzendentale Meditation und Maharishis weiterf\u00fchrende Bewusstseins-Techniken h\u00f6chst effektiv Frieden schaffen k\u00f6nnen. Ein kurzes und interessantes Video erkl\u00e4rt einfach und klar, in welchen Schritten Weltfrieden erreicht werden kann &#8211; mit Animationen, Beispielen und anhand wissenschaftlicher Forschung. Klicken Sie auf das Bild, um das Einf\u00fchrungsvideo anzusehen.<\/p>\n<p><!--\n\n\n<h4>Wir w\u00fcnschen Ihnen Viel Freude mit den NEUEN! kostenlosen E-Cards<\/h4>\n\n\nAlle E-Cards sind mit Bildern der Maharishi Vedischen Pandits gestaltet und beinhalten Tonaufnahmen, Videos oder Diashows mit Rezitationen. Wir hoffen, dass Ihnen diese <a href=\"https:\/\/donation.vedicpandits.org\/ecard\/\">KOSTENLOSEN neuen E-Cards<\/a> der Maharishi Vedischen Pandits gefallen. Gerne k\u00f6nnen Sie sie auch mit Ihren Freunden teilen.--><\/p>\n","protected":false},"excerpt":{"rendered":"<p>VEDISCHE BEWUSSTSEINS-TECHNOLOGIEN F\u00dcR DEN WELTFRIEDEN In Indien wird gerade eine gro\u00dfe Gruppe von Maharishi Vedischen Pandits aufgebaut, um einen Einfluss von Harmonie f\u00fcr die ganze Welt zu erzeugen. Vierzig Jahre wissenschaftlicher Forschung haben eindeutig belegt, dass eine Gruppe von 9000 Personen, die zusammen an einem Ort Transzendentale Meditation und das TM-Sidhi Programm einschlie\u00dflich Yogisches Fliegen [&hellip;]<\/p>\n","protected":false},"author":3,"featured_media":0,"parent":0,"menu_order":0,"comment_status":"open","ping_status":"closed","template":"template-home.php","meta":{"om_disable_all_campaigns":false,"_monsterinsights_skip_tracking":false,"_monsterinsights_sitenote_active":false,"_monsterinsights_sitenote_note":"","_monsterinsights_sitenote_category":0,"footnotes":""},"class_list":["post-980","page","type-page","status-publish","hentry"],"_links":{"self":[{"href":"https:\/\/donation.vedicpandits.org\/de\/wp-json\/wp\/v2\/pages\/980","targetHints":{"allow":["GET"]}}],"collection":[{"href":"https:\/\/donation.vedicpandits.org\/de\/wp-json\/wp\/v2\/pages"}],"about":[{"href":"https:\/\/donation.vedicpandits.org\/de\/wp-json\/wp\/v2\/types\/page"}],"author":[{"embeddable":true,"href":"https:\/\/donation.vedicpandits.org\/de\/wp-json\/wp\/v2\/users\/3"}],"replies":[{"embeddable":true,"href":"https:\/\/donation.vedicpandits.org\/de\/wp-json\/wp\/v2\/comments?post=980"}],"version-history":[{"count":69,"href":"https:\/\/donation.vedicpandits.org\/de\/wp-json\/wp\/v2\/pages\/980\/revisions"}],"predecessor-version":[{"id":100350,"href":"https:\/\/donation.vedicpandits.org\/de\/wp-json\/wp\/v2\/pages\/980\/revisions\/100350"}],"wp:attachment":[{"href":"https:\/\/donation.vedicpandits.org\/de\/wp-json\/wp\/v2\/media?parent=980"}],"curies":[{"name":"wp","href":"https:\/\/api.w.org\/{rel}","templated":true}]}}