{"id":12647,"date":"2017-10-30T18:04:03","date_gmt":"2017-10-30T18:04:03","guid":{"rendered":"https:\/\/vedicpandits.org\/letters-for-newcomers\/"},"modified":"2020-06-10T13:48:20","modified_gmt":"2020-06-10T13:48:20","slug":"letters-for-newcomers","status":"publish","type":"page","link":"https:\/\/donation.vedicpandits.org\/es\/letters-for-newcomers\/","title":{"rendered":"Letters for Newcomers"},"content":{"rendered":"<div class=\"grid-holder\">\n<div class=\"grid grid-desktop-50 grid-mobile-100\"><div class=\"holder\"><h4>Carta de presentaci\u00f3n al video de la IPG <\/h4>\n<p>Bienvenidos a la Iniciativa de Paz Global. Nuestra serie de cartas para reci\u00e9n llegados es una secuencia de cartas del 1 al 8. Empezamos con la carta inicial que sienta las bases para el video introductorio de 14 minutos de la IPG. Por favor, vea la carta y el video usando los enlaces que aparecen a la derecha.<\/p>\n<p>Este video comienza con la experiencia del funcionamiento coherente del cerebro de un individuo durante la Meditaci\u00f3n Trascendental, c\u00f3mo se extiende el  efecto a un grupo, y luego explica c\u00f3mo esto es la base de la Iniciativa de Paz Global. Al estar basado en la ciencia, el v\u00eddeo es ideal para cualquiera que practique la Meditaci\u00f3n Trascendental, ya sea un principiante o un veterano.<\/p>\n<\/div><\/div>\n<div class=\"grid grid-desktop-50 grid-mobile-100\"><div class=\"holder\">\t<a href=\"https:\/\/donation.vedicpandits.org\/es\/letters-for-newcomers\/?image_video=https%3A%2F%2Fwww.youtube.com%2Fwatch%3Fv%3DHxvyBMMf3pk%3Frel%3D0\" class=\"video-link \"><img loading=\"lazy\" decoding=\"async\" class=\"alignnone size-full wp-image-285\" src=\"\/wp-content\/uploads\/2017\/07\/header-spanish-01.jpg\" alt=\"yagya_hagelin_1web1\" width=\"912\" height=\"363\" \/><\/a>\n\n\t\n<p>El video introductorio de la IPG fue creado para ofrecer un resumen sencillo o vistazo del proyecto.<\/p>\n<p><a href=\"https:\/\/us7.campaign-archive.com\/?u=0cc687d83ddcd228ddb1e46aa&#038;id=54da5ac55c\" rel=\"noopener noreferrer\" target=\"_blank\">Vea la carta aqu\u00ed.<\/a><br \/>\n\t<a href=\"https:\/\/donation.vedicpandits.org\/es\/letters-for-newcomers\/?image_video=https%3A%2F%2Fwww.youtube.com%2Fwatch%3Fv%3DHxvyBMMf3pk%3Frel%3D0\" class=\"video-link no-pointer\"><em> Vea el video aqu\u00ed.<\/em><\/a>\n\n\t\n<\/div><\/div>\n<\/div>\n<div class=\"border-line\">&nbsp;<\/div>\n<div class=\"grid-holder\">\n<div class=\"grid grid-desktop-50 grid-mobile-100\"><div class=\"holder\"><p><img loading=\"lazy\" decoding=\"async\" src=\"https:\/\/donation.vedicpandits.org\/wp-content\/uploads\/2017\/11\/group_meditation.png\" width=\"290\" height=\"290\"\/><\/p>\n<p><img loading=\"lazy\" decoding=\"async\" src=\"https:\/\/donation.vedicpandits.org\/wp-content\/uploads\/2017\/10\/individuals_creating_world_peace.png\" width=\"290\" height=\"290\"\/><\/p>\n<p><img loading=\"lazy\" decoding=\"async\" src=\"https:\/\/donation.vedicpandits.org\/wp-content\/uploads\/2017\/11\/8_pandits.png\" width=\"290\" height=\"290\"\/><\/p>\n<p><img loading=\"lazy\" decoding=\"async\" src=\"https:\/\/donation.vedicpandits.org\/wp-content\/uploads\/2017\/11\/brahmasthan_india.png\" width=\"290\" height=\"290\"\/><\/p>\n<p><img loading=\"lazy\" decoding=\"async\" src=\"https:\/\/donation.vedicpandits.org\/wp-content\/uploads\/2017\/11\/pandit_group_with_embedded_world_map.png\" width=\"290\"  height=\"290\"\/><\/p>\n<\/div><\/div>\n<div class=\"grid grid-desktop-50 grid-mobile-100\"><div class=\"holder\"><h4>Ciencia y paz mundial<\/h4>\n<p>Esta serie de cartas introductorias que se desarrollan secuencialmente esbozan un m\u00e9todo efectivo y cient\u00edficamente probado para aumentar la armon\u00eda en el mundo y traer la paz. Aprenda como un individuo que practica la Meditaci\u00f3n Trascendental puede afectar a la sociedad y como la MT, practicada por grandes grupos de Pandits V\u00e9dicos Maharishi, puede crear una paz duradera.<\/p>\n<\/p>\n<h4>Cartas para reci\u00e9n llegados<\/h4>\n<ol>\n<li>UN PROGRAMA EFICAZ PARA CREAR PAZ INTERIOR Y EXTERIOR <br \/><a href=\"https:\/\/us7.campaign-archive.com\/?u=0cc687d83ddcd228ddb1e46aa&#038;id=20c14c17ba\" rel=\"noopener noreferrer\" target=\"_blank\">Vea la carta aqu\u00ed.<\/a><\/li>\n<li>9,000 JUNTOS PUEDEN LOGRAR LA PAZ MUNDIAL\n<p> <a href=\"https:\/\/us7.campaign-archive.com\/?u=0cc687d83ddcd228ddb1e46aa&#038;id=e9e4ec557b\" rel=\"noopener noreferrer\" target=\"_blank\">Vea la carta aqu\u00ed.<\/a><\/li>\n<li>EXPERTOS ALTAMENTE ENTRENADOS UTILIZAN LA CIENCIA Y TECNOLOG\u00cdA ANCESTRALES DE LA CONCIENCIA PARA CREAR PAZ<br \/><a href=\"https:\/\/us7.campaign-archive.com\/?u=0cc687d83ddcd228ddb1e46aa&#038;id=3c7ad66494\" rel=\"noopener noreferrer\" target=\"_blank\">Vea la carta aqu\u00ed.<\/a><\/li>\n<li>LOS VIENTOS DE LA GUERRA FRIA SE HAN CONVERTIDO EN VIENTOS DE ESPERANZA <br \/><a href=\"https:\/\/us7.campaign-archive.com\/?u=0cc687d83ddcd228ddb1e46aa&#038;id=8484344c73\" rel=\"noopener noreferrer\" target=\"_blank\">Vea la carta aqu\u00ed.<\/a><\/li>\n<li>LA TECNOLOG\u00cdA DEL SONIDO <br \/><a href=\"https:\/\/us7.campaign-archive.com\/?u=0cc687d83ddcd228ddb1e46aa&#038;id=e6bfe32408\" rel=\"noopener noreferrer\" target=\"_blank\">Vea la carta aqu\u00ed.<\/a><\/li>\n<li>9.000 EXPERTOS EN LA CREACI\u00d3N DE LA PAZ RESIDIR\u00c1N EN ESTA CAPITAL MUNDIAL<br \/><a href=\"https:\/\/us7.campaign-archive.com\/?u=0cc687d83ddcd228ddb1e46aa&#038;id=f80a18f773\" rel=\"noopener noreferrer\" target=\"_blank\">Vea la carta aqu\u00ed.<\/a><\/li>\n<li>C\u00d3MO LOGRAR EL NUMERO DE PANDITS SUFICIENTE PARA DESARROLLAR INVENCIBILIDAD PARA LA PAZ MUNDIAL <br \/><a href=\"https:\/\/us7.campaign-archive.com\/?u=0cc687d83ddcd228ddb1e46aa&#038;id=e9fd30bb01\" rel=\"noopener noreferrer\" target=\"_blank\">Vea la carta aqu\u00ed.<\/a><\/li\n\n<\/ol>\n<\/div><\/div>\n<\/div>\n","protected":false},"excerpt":{"rendered":"","protected":false},"author":3,"featured_media":0,"parent":0,"menu_order":0,"comment_status":"closed","ping_status":"closed","template":"","meta":{"om_disable_all_campaigns":false,"_monsterinsights_skip_tracking":false,"_monsterinsights_sitenote_active":false,"_monsterinsights_sitenote_note":"","_monsterinsights_sitenote_category":0,"footnotes":""},"class_list":["post-12647","page","type-page","status-publish","hentry"],"_links":{"self":[{"href":"https:\/\/donation.vedicpandits.org\/es\/wp-json\/wp\/v2\/pages\/12647","targetHints":{"allow":["GET"]}}],"collection":[{"href":"https:\/\/donation.vedicpandits.org\/es\/wp-json\/wp\/v2\/pages"}],"about":[{"href":"https:\/\/donation.vedicpandits.org\/es\/wp-json\/wp\/v2\/types\/page"}],"author":[{"embeddable":true,"href":"https:\/\/donation.vedicpandits.org\/es\/wp-json\/wp\/v2\/users\/3"}],"replies":[{"embeddable":true,"href":"https:\/\/donation.vedicpandits.org\/es\/wp-json\/wp\/v2\/comments?post=12647"}],"version-history":[{"count":14,"href":"https:\/\/donation.vedicpandits.org\/es\/wp-json\/wp\/v2\/pages\/12647\/revisions"}],"predecessor-version":[{"id":42834,"href":"https:\/\/donation.vedicpandits.org\/es\/wp-json\/wp\/v2\/pages\/12647\/revisions\/42834"}],"wp:attachment":[{"href":"https:\/\/donation.vedicpandits.org\/es\/wp-json\/wp\/v2\/media?parent=12647"}],"curies":[{"name":"wp","href":"https:\/\/api.w.org\/{rel}","templated":true}]}}